{"id":8455,"date":"2024-06-04T16:51:17","date_gmt":"2024-06-04T14:51:17","guid":{"rendered":"https:\/\/palataumetnostimadlena.rs\/?page_id=8455"},"modified":"2024-12-12T12:25:12","modified_gmt":"2024-12-12T10:25:12","slug":"madlena-art-palace","status":"publish","type":"page","link":"https:\/\/palataumetnostimadlena.rs\/en\/madlena-art-palace\/","title":{"rendered":"MADLENA ART PALACE"},"content":{"rendered":"<section class=\"wpb-content-wrapper\"><p>[vc_row css=&#8221;.vc_custom_1686695677541{padding-top: -100px !important;}&#8221;][vc_column width=&#8221;1\/2&#8243; css=&#8221;.vc_custom_1686695532200{padding-top: -50px !important;}&#8221;][vc_column_text]In the elite and exclusive part of the capital, the Belgrade area of Dedinje, at the address Bulevar kneza Aleksandra Kara\u0111or\u0111evi\u0107a no. 53, a gorgeous Palace was erected covering the total area of 7,000 square meters, with personal funds of the Zepter spouses and within their estate, located in the garden which is an arts and museum area by itself.<\/p>\n<p>The Palace is not a mere mausoleum, monument, a house dominated by cold, dignified silence, but all of that and much more: it emits the pulse of life, ambitions, circulation of authors and their feats, frequently in the focus of interest of the public in culture.<\/p>\n<p>The creation of the Madlena Art Palace lasted for five years, while its ceremonial opening, thus its birth, took place on 19 September 2022, attended by a large number of guests from cultural and public life.<\/p>\n<p>The Madlena Art Palace was opened with the thematic exhibition entitled \u201cChairs\u201d, the sub-title of which posed a philosophical question: Would you like to sit on a work of art? The author of the exhibition is a world-renowned Italian artist Karla Tolomeo who presented a sculptural form of furniture with unusual armchairs and chairs.[\/vc_column_text][\/vc_column][vc_column width=&#8221;1\/2&#8243;][vc_gallery type=&#8221;flexslider_slide&#8221; interval=&#8221;3&#8243; images=&#8221;1037,912,913,911,872,866,865&#8243; img_size=&#8221;large&#8221;][\/vc_column][\/vc_row][vc_row css=&#8221;.vc_custom_1686696305180{padding-top: -100px !important;background-color: #ffffff !important;}&#8221;][vc_column css=&#8221;.vc_custom_1686696279416{padding-top: -50px !important;background-color: #ffffff !important;}&#8221;][vc_column_text css=&#8221;.vc_custom_1726618369517{background-color: #ffffff !important;}&#8221;]<\/p>\n<blockquote>\n<h2 style=\"text-align: left;\"><strong><img loading=\"lazy\" decoding=\"async\" class=\"size-full wp-image-3396 alignleft\" src=\"https:\/\/palataumetnostimadlena.rs\/wp-content\/uploads\/2024\/05\/Palata-Umetnosti-Madlena-.jpg\" alt=\"\" width=\"600\" height=\"400\" srcset=\"https:\/\/palataumetnostimadlena.rs\/wp-content\/uploads\/2024\/05\/Palata-Umetnosti-Madlena-.jpg 600w, https:\/\/palataumetnostimadlena.rs\/wp-content\/uploads\/2024\/05\/Palata-Umetnosti-Madlena--300x200.jpg 300w\" sizes=\"auto, (max-width: 600px) 100vw, 600px\" \/><\/strong><\/h2>\n<h2><strong>The Palace is not a mere mausoleum, monument, a house dominated by cold, dignified silence, but all of that and much more: it emits the pulse of life, ambitions, circulation of authors and their feats. This is why it is in the focus of interest of public in culture.<\/strong><\/h2>\n<h3><\/h3>\n<\/blockquote>\n<p>&nbsp;<\/p>\n<p>&nbsp;<\/p>\n<p>After the Madlenianum Opera and Theatre and Zepter Museum, the Madlena Art Palace was conceived as a lavish multi-cultural house, the salons of which are open for all artistic area of top esthetics, original concepts, and sophisticated expression, where skill and perfection are imperative.<\/p>\n<p>The contents of the programme of the Madlena Art Palace are conceived as a counter-weight and contrast to everything vulgar, shallow, in bad taste, commercial, phony, and worthless that contaminates the spiritual space and the public discourse in the world today. In principle, with their strict approach and particular attitude to all that is offered, the creators of the programme do not aim at quantity and just passing time but deliver as much content as possible in the given month or year, with the content truly worthy of the goals of the Madlena Arts Palace.<\/p>\n<p>Cultural events at the Madlena Art Palace need to have the spirit of the Avant-guard, but the attractive as well. They support creative potential of, primarily, young people and act as a bridge between us in Serbia and leading trends in the international world of today. Madlena Art Palace is superior, modern, but also respectful of classic and tradition. It stands for more than a mere institution of culture, being always in the focus of the public eye, applying strict criteria to ensure the reputation of an exclusive place so that those who participate in realization of the programme feel honoured and privileged.<\/p>\n<p>&nbsp;<\/p>\n<p>&nbsp;<\/p>\n<blockquote>\n<h2><img loading=\"lazy\" decoding=\"async\" class=\"size-full wp-image-3394 alignright\" src=\"https:\/\/palataumetnostimadlena.rs\/wp-content\/uploads\/2024\/05\/Madlena-Zepter-.jpg\" alt=\"\" width=\"600\" height=\"400\" srcset=\"https:\/\/palataumetnostimadlena.rs\/wp-content\/uploads\/2024\/05\/Madlena-Zepter-.jpg 600w, https:\/\/palataumetnostimadlena.rs\/wp-content\/uploads\/2024\/05\/Madlena-Zepter--300x200.jpg 300w\" sizes=\"auto, (max-width: 600px) 100vw, 600px\" \/><\/h2>\n<h2><strong>The content of events within this space will be a synthesis of the original, meaningful, provocative, exciting, and esthetically bewildering on the one hand, and personal traits, taste, and general cultural mission and life-long devotion to arts on part of MRS Madlena Zepter.<\/strong><\/h2>\n<\/blockquote>\n<h4><\/h4>\n<h4><\/h4>\n<h4><\/h4>\n<h4><\/h4>\n<h4><strong>What is it that is so exclusive and new for Belgrade, yet so justified and valuable?<\/strong><\/h4>\n<p>Firstly, these are the events, artistic feats, and creative personalities we have not encountered so far, who are well-recognized and approved world-wide. There is a significant number of newly-discovered vocal soloists in all music categories, new pianists, celloists, chamber music orchestras, new ballet dancers who cultivate modern dancing forms \u2026 The door of the Madlena Art Palace is wide open for original and valuable achievements in fiction, small daring theatrical forms, guest performances of foreign performers of top rank in esthetic and speculative terms, public speakers, lecturers, and enthusiastic young talents.<\/p>\n<p>A part of the Madlena Art Palace is enriched with the permanent setting of the Antiques Museum, which presents an exceptionally valuable collection of period furniture, lavish sets, and other works of art. The unique artifacts from different periods and areas are set in perfect harmony enriching the whole area, which gives authenticity to overall interior. Each individual artifact reveals its individual story, while each story is interlaced with magical thread of the historic period and style, which in museum spaces leave an imprint of eternity. All esthetic categories and notions find their shelter in rooms and drawing-rooms equipped in different styles; therefore, we will simultaneously be agleam with the baroque splendor of the Sun King Louis XVI or encouraged by the victorious spirit of Napoleon I Bonaparte revealing the bold Style Empire. We might also be attracted by the aristocratic manners of the Georgian-Victorian era, or enlightened by the philosophy and wisdom of the Far East, where the Oriental collection comprises an imposing collection of Japanese and Chinese applied art.<\/p>\n<p>Madlena Art Palace also comprises a chamber-music scene and a cinema, envisaged for theatrical and music performances, film screenings, book promotions, and philosophic and artistic debates. In the beautiful area under the dome at the second floor of the Palace there is a library with more than 6000 carefully selected books in the area of art and design, architecture, music, theatre, contemporary literature, classical literature, etc.<\/p>\n<p>By the quantity and quality of its artifacts, the Madlena Art Palace and the museum collection of antiques is unique not only at the territory of Serbia, but also in the region and South-East Europe as a whole. It is doubtless that the Museum is the symbol of artistic heritage of MRS Zepter for the future of Serbian culture and permanent testimony of victory of beauty and spirituality.<\/p>\n<p>[\/vc_column_text][\/vc_column][\/vc_row]<\/p>\n<\/section>","protected":false},"excerpt":{"rendered":"<p>[vc_row css=&#8221;.vc_custom_1686695677541{padding-top: -100px !important;}&#8221;][vc_column width=&#8221;1\/2&#8243; css=&#8221;.vc_custom_1686695532200{padding-top: -50px !important;}&#8221;][vc_column_text]In the elite and exclusive part of the capital, the Belgrade area of Dedinje, at the address Bulevar kneza Aleksandra Kara\u0111or\u0111evi\u0107a no. 53, a gorgeous Palace was erected covering the total area of 7,000 square meters, with personal funds of the Zepter spouses and within their estate, located<\/p>\n","protected":false},"author":1,"featured_media":0,"parent":0,"menu_order":0,"comment_status":"closed","ping_status":"closed","template":"","meta":{"footnotes":""},"class_list":["post-8455","page","type-page","status-publish","hentry"],"yoast_head":"<!-- This site is optimized with the Yoast SEO plugin v23.7 - https:\/\/yoast.com\/wordpress\/plugins\/seo\/ -->\n<title>MADLENA ART PALACE<\/title>\n<meta name=\"robots\" content=\"index, follow, max-snippet:-1, max-image-preview:large, max-video-preview:-1\" \/>\n<link rel=\"canonical\" href=\"https:\/\/palataumetnostimadlena.rs\/en\/madlena-art-palace\/\" \/>\n<meta property=\"og:locale\" content=\"en_US\" \/>\n<meta property=\"og:type\" content=\"article\" \/>\n<meta property=\"og:title\" content=\"MADLENA ART PALACE\" \/>\n<meta property=\"og:description\" content=\"[vc_row css=&#8221;.vc_custom_1686695677541{padding-top: -100px !important;}&#8221;][vc_column width=&#8221;1\/2&#8243; css=&#8221;.vc_custom_1686695532200{padding-top: -50px !important;}&#8221;][vc_column_text]In the elite and exclusive part of the capital, the Belgrade area of Dedinje, at the address Bulevar kneza Aleksandra Kara\u0111or\u0111evi\u0107a no. 53, a gorgeous Palace was erected covering the total area of 7,000 square meters, with personal funds of the Zepter spouses and within their estate, located\" \/>\n<meta property=\"og:url\" content=\"https:\/\/palataumetnostimadlena.rs\/en\/madlena-art-palace\/\" \/>\n<meta property=\"og:site_name\" content=\"Palata Umetnosti Madlena\" \/>\n<meta property=\"article:publisher\" content=\"https:\/\/www.facebook.com\/palataumetnosti\" \/>\n<meta property=\"article:modified_time\" content=\"2024-12-12T10:25:12+00:00\" \/>\n<meta property=\"og:image\" content=\"https:\/\/palataumetnostimadlena.rs\/wp-content\/uploads\/2024\/05\/Palata-Umetnosti-Madlena-.jpg\" \/>\n<meta name=\"twitter:card\" content=\"summary_large_image\" \/>\n<meta name=\"twitter:label1\" content=\"Est. reading time\" \/>\n\t<meta name=\"twitter:data1\" content=\"5 minutes\" \/>\n<script type=\"application\/ld+json\" class=\"yoast-schema-graph\">{\"@context\":\"https:\/\/schema.org\",\"@graph\":[{\"@type\":\"WebPage\",\"@id\":\"https:\/\/palataumetnostimadlena.rs\/en\/madlena-art-palace\/\",\"url\":\"https:\/\/palataumetnostimadlena.rs\/en\/madlena-art-palace\/\",\"name\":\"MADLENA ART PALACE\",\"isPartOf\":{\"@id\":\"https:\/\/palataumetnostimadlena.rs\/#website\"},\"primaryImageOfPage\":{\"@id\":\"https:\/\/palataumetnostimadlena.rs\/en\/madlena-art-palace\/#primaryimage\"},\"image\":{\"@id\":\"https:\/\/palataumetnostimadlena.rs\/en\/madlena-art-palace\/#primaryimage\"},\"thumbnailUrl\":\"https:\/\/palataumetnostimadlena.rs\/wp-content\/uploads\/2024\/05\/Palata-Umetnosti-Madlena-.jpg\",\"datePublished\":\"2024-06-04T14:51:17+00:00\",\"dateModified\":\"2024-12-12T10:25:12+00:00\",\"breadcrumb\":{\"@id\":\"https:\/\/palataumetnostimadlena.rs\/en\/madlena-art-palace\/#breadcrumb\"},\"inLanguage\":\"en-US\",\"potentialAction\":[{\"@type\":\"ReadAction\",\"target\":[\"https:\/\/palataumetnostimadlena.rs\/en\/madlena-art-palace\/\"]}]},{\"@type\":\"ImageObject\",\"inLanguage\":\"en-US\",\"@id\":\"https:\/\/palataumetnostimadlena.rs\/en\/madlena-art-palace\/#primaryimage\",\"url\":\"https:\/\/palataumetnostimadlena.rs\/wp-content\/uploads\/2024\/05\/Palata-Umetnosti-Madlena-.jpg\",\"contentUrl\":\"https:\/\/palataumetnostimadlena.rs\/wp-content\/uploads\/2024\/05\/Palata-Umetnosti-Madlena-.jpg\"},{\"@type\":\"BreadcrumbList\",\"@id\":\"https:\/\/palataumetnostimadlena.rs\/en\/madlena-art-palace\/#breadcrumb\",\"itemListElement\":[{\"@type\":\"ListItem\",\"position\":1,\"name\":\"\u041f\u043e\u0447\u0435\u0442\u043d\u0430\",\"item\":\"https:\/\/palataumetnostimadlena.rs\/en\/\"},{\"@type\":\"ListItem\",\"position\":2,\"name\":\"MADLENA ART PALACE\"}]},{\"@type\":\"WebSite\",\"@id\":\"https:\/\/palataumetnostimadlena.rs\/#website\",\"url\":\"https:\/\/palataumetnostimadlena.rs\/\",\"name\":\"Palata umetnosti Madlena\",\"description\":\"\",\"potentialAction\":[{\"@type\":\"SearchAction\",\"target\":{\"@type\":\"EntryPoint\",\"urlTemplate\":\"https:\/\/palataumetnostimadlena.rs\/?s={search_term_string}\"},\"query-input\":{\"@type\":\"PropertyValueSpecification\",\"valueRequired\":true,\"valueName\":\"search_term_string\"}}],\"inLanguage\":\"en-US\"}]}<\/script>\n<!-- \/ Yoast SEO plugin. -->","yoast_head_json":{"title":"MADLENA ART PALACE","robots":{"index":"index","follow":"follow","max-snippet":"max-snippet:-1","max-image-preview":"max-image-preview:large","max-video-preview":"max-video-preview:-1"},"canonical":"https:\/\/palataumetnostimadlena.rs\/en\/madlena-art-palace\/","og_locale":"en_US","og_type":"article","og_title":"MADLENA ART PALACE","og_description":"[vc_row css=&#8221;.vc_custom_1686695677541{padding-top: -100px !important;}&#8221;][vc_column width=&#8221;1\/2&#8243; css=&#8221;.vc_custom_1686695532200{padding-top: -50px !important;}&#8221;][vc_column_text]In the elite and exclusive part of the capital, the Belgrade area of Dedinje, at the address Bulevar kneza Aleksandra Kara\u0111or\u0111evi\u0107a no. 53, a gorgeous Palace was erected covering the total area of 7,000 square meters, with personal funds of the Zepter spouses and within their estate, located","og_url":"https:\/\/palataumetnostimadlena.rs\/en\/madlena-art-palace\/","og_site_name":"Palata Umetnosti Madlena","article_publisher":"https:\/\/www.facebook.com\/palataumetnosti","article_modified_time":"2024-12-12T10:25:12+00:00","og_image":[{"url":"https:\/\/palataumetnostimadlena.rs\/wp-content\/uploads\/2024\/05\/Palata-Umetnosti-Madlena-.jpg"}],"twitter_card":"summary_large_image","twitter_misc":{"Est. reading time":"5 minutes"},"schema":{"@context":"https:\/\/schema.org","@graph":[{"@type":"WebPage","@id":"https:\/\/palataumetnostimadlena.rs\/en\/madlena-art-palace\/","url":"https:\/\/palataumetnostimadlena.rs\/en\/madlena-art-palace\/","name":"MADLENA ART PALACE","isPartOf":{"@id":"https:\/\/palataumetnostimadlena.rs\/#website"},"primaryImageOfPage":{"@id":"https:\/\/palataumetnostimadlena.rs\/en\/madlena-art-palace\/#primaryimage"},"image":{"@id":"https:\/\/palataumetnostimadlena.rs\/en\/madlena-art-palace\/#primaryimage"},"thumbnailUrl":"https:\/\/palataumetnostimadlena.rs\/wp-content\/uploads\/2024\/05\/Palata-Umetnosti-Madlena-.jpg","datePublished":"2024-06-04T14:51:17+00:00","dateModified":"2024-12-12T10:25:12+00:00","breadcrumb":{"@id":"https:\/\/palataumetnostimadlena.rs\/en\/madlena-art-palace\/#breadcrumb"},"inLanguage":"en-US","potentialAction":[{"@type":"ReadAction","target":["https:\/\/palataumetnostimadlena.rs\/en\/madlena-art-palace\/"]}]},{"@type":"ImageObject","inLanguage":"en-US","@id":"https:\/\/palataumetnostimadlena.rs\/en\/madlena-art-palace\/#primaryimage","url":"https:\/\/palataumetnostimadlena.rs\/wp-content\/uploads\/2024\/05\/Palata-Umetnosti-Madlena-.jpg","contentUrl":"https:\/\/palataumetnostimadlena.rs\/wp-content\/uploads\/2024\/05\/Palata-Umetnosti-Madlena-.jpg"},{"@type":"BreadcrumbList","@id":"https:\/\/palataumetnostimadlena.rs\/en\/madlena-art-palace\/#breadcrumb","itemListElement":[{"@type":"ListItem","position":1,"name":"\u041f\u043e\u0447\u0435\u0442\u043d\u0430","item":"https:\/\/palataumetnostimadlena.rs\/en\/"},{"@type":"ListItem","position":2,"name":"MADLENA ART PALACE"}]},{"@type":"WebSite","@id":"https:\/\/palataumetnostimadlena.rs\/#website","url":"https:\/\/palataumetnostimadlena.rs\/","name":"Palata umetnosti Madlena","description":"","potentialAction":[{"@type":"SearchAction","target":{"@type":"EntryPoint","urlTemplate":"https:\/\/palataumetnostimadlena.rs\/?s={search_term_string}"},"query-input":{"@type":"PropertyValueSpecification","valueRequired":true,"valueName":"search_term_string"}}],"inLanguage":"en-US"}]}},"_links":{"self":[{"href":"https:\/\/palataumetnostimadlena.rs\/en\/wp-json\/wp\/v2\/pages\/8455","targetHints":{"allow":["GET"]}}],"collection":[{"href":"https:\/\/palataumetnostimadlena.rs\/en\/wp-json\/wp\/v2\/pages"}],"about":[{"href":"https:\/\/palataumetnostimadlena.rs\/en\/wp-json\/wp\/v2\/types\/page"}],"author":[{"embeddable":true,"href":"https:\/\/palataumetnostimadlena.rs\/en\/wp-json\/wp\/v2\/users\/1"}],"replies":[{"embeddable":true,"href":"https:\/\/palataumetnostimadlena.rs\/en\/wp-json\/wp\/v2\/comments?post=8455"}],"version-history":[{"count":1,"href":"https:\/\/palataumetnostimadlena.rs\/en\/wp-json\/wp\/v2\/pages\/8455\/revisions"}],"predecessor-version":[{"id":8456,"href":"https:\/\/palataumetnostimadlena.rs\/en\/wp-json\/wp\/v2\/pages\/8455\/revisions\/8456"}],"wp:attachment":[{"href":"https:\/\/palataumetnostimadlena.rs\/en\/wp-json\/wp\/v2\/media?parent=8455"}],"curies":[{"name":"wp","href":"https:\/\/api.w.org\/{rel}","templated":true}]}}