{"id":8579,"date":"2024-06-25T06:51:53","date_gmt":"2024-06-25T04:51:53","guid":{"rendered":"https:\/\/palataumetnostimadlena.rs\/?page_id=8579"},"modified":"2024-10-23T02:28:49","modified_gmt":"2024-10-23T00:28:49","slug":"serbia","status":"publish","type":"page","link":"https:\/\/palataumetnostimadlena.rs\/en\/serbia\/","title":{"rendered":"SERBIA"},"content":{"rendered":"<section class=\"wpb-content-wrapper\"><p>[vc_row css=&#8221;.vc_custom_1719268835394{margin-top: -50px !important;padding-top: -100px !important;}&#8221;][vc_column css=&#8221;.vc_custom_1686695532200{padding-top: -50px !important;}&#8221;][vc_column_text]<\/p>\n<blockquote>\n<h3><strong>20 and 21 century<\/strong><\/h3>\n<\/blockquote>\n<p>[\/vc_column_text][vc_empty_space][vc_column_text]<\/p>\n<p style=\"text-align: left;\" data-wp-editing=\"1\"><strong><a href=\"https:\/\/palataumetnostimadlena.rs\/wp-content\/uploads\/2024\/06\/srbija1.png\"><img loading=\"lazy\" decoding=\"async\" class=\"alignleft wp-image-4200\" src=\"https:\/\/palataumetnostimadlena.rs\/wp-content\/uploads\/2024\/06\/srbija1.png\" alt=\"\" width=\"500\" height=\"334\" srcset=\"https:\/\/palataumetnostimadlena.rs\/wp-content\/uploads\/2024\/06\/srbija1.png 1000w, https:\/\/palataumetnostimadlena.rs\/wp-content\/uploads\/2024\/06\/srbija1-300x200.png 300w, https:\/\/palataumetnostimadlena.rs\/wp-content\/uploads\/2024\/06\/srbija1-768x512.png 768w\" sizes=\"auto, (max-width: 500px) 100vw, 500px\" \/><\/a><\/strong>On the horizon of Serbian modern art, it is possible to make out several important individuals who stood for and represented different, frequently even opposed trends, and who, through their activity, acquired the importance of exponents of character features of the period in artistic circles, while permanently enriching Serbian culture. Placed one by another, they illuminate concepts of modernization of Serbian art. A large number of painters resided in France, as Paris was the main artistic stronghold of 20 century.<\/p>\n<p>In the Antique Museum, Serbian art is presented through an imposing number of 20 century paintings, primarily by Mladen Josi\u0107, but other great painters whose works complete the collection of Serbian modern painting as well, including: Beta Vukanovi\u0107, Milo Milunovi\u0107, Petar Lubarda, Marko \u010celebonovi\u0107, etc. Beside paintings, artistic work is also expressed through the art of contemporary design of tables made of wrought iron by artist Jelena Milo\u0161evi\u0107, and sculptures of dragons made in maiolica by sculptress Jelena Mileti\u0107.[\/vc_column_text][vc_empty_space][vc_single_image image=&#8221;4203&#8243; img_size=&#8221;full&#8221; alignment=&#8221;center&#8221;][\/vc_column][\/vc_row][vc_row][vc_column][vc_empty_space][vc_single_image image=&#8221;3458&#8243; img_size=&#8221;full&#8221; alignment=&#8221;center&#8221;][vc_empty_space][\/vc_column][\/vc_row][vc_row css_animation=&#8221;fadeInUp&#8221; css=&#8221;.vc_custom_1715951004743{background-color: #ffffff !important;}&#8221;][vc_column width=&#8221;1\/4&#8243; css=&#8221;.vc_custom_1686696279416{padding-top: -50px !important;background-color: #ffffff !important;}&#8221;][vc_custom_heading text=&#8221;CHINA&#8221; font_container=&#8221;tag:div|font_size:24px|text_align:center|color:%23ffffff|line_height:270px&#8221; google_fonts=&#8221;font_family:Playfair%20Display%3Aregular%2Citalic%2C700%2C700italic%2C900%2C900italic|font_style:700%20bold%20regular%3A700%3Anormal&#8221; css_animation=&#8221;zoomIn&#8221; link=&#8221;url:https%3A%2F%2Fpalataumetnostimadlena.rs%2Fen%2Fchina%2F|title:CHINA&#8221; el_class=&#8221;antikviteti&#8221; css=&#8221;.vc_custom_1729643327389{background-image: url(https:\/\/palataumetnostimadlena.rs\/wp-content\/uploads\/2024\/06\/kina-2.jpg?id=3836) !important;}&#8221;][\/vc_column][vc_column width=&#8221;1\/4&#8243;][vc_custom_heading text=&#8221;JAPAN&#8221; font_container=&#8221;tag:div|font_size:24px|text_align:center|color:%23ffffff|line_height:270px&#8221; google_fonts=&#8221;font_family:Playfair%20Display%3Aregular%2Citalic%2C700%2C700italic%2C900%2C900italic|font_style:700%20bold%20regular%3A700%3Anormal&#8221; css_animation=&#8221;zoomIn&#8221; link=&#8221;url:https%3A%2F%2Fpalataumetnostimadlena.rs%2Fen%2Fjapan%2F|title:JAPAN&#8221; el_class=&#8221;antikviteti&#8221; css=&#8221;.vc_custom_1729641199659{background-image: url(https:\/\/palataumetnostimadlena.rs\/wp-content\/uploads\/2024\/06\/japan.jpg?id=3835) !important;}&#8221;][\/vc_column][vc_column width=&#8221;1\/4&#8243;][vc_custom_heading text=&#8221;FRANCE&#8221; font_container=&#8221;tag:div|font_size:24px|text_align:center|color:%23ffffff|line_height:270px&#8221; google_fonts=&#8221;font_family:Playfair%20Display%3Aregular%2Citalic%2C700%2C700italic%2C900%2C900italic|font_style:700%20bold%20regular%3A700%3Anormal&#8221; css_animation=&#8221;zoomIn&#8221; link=&#8221;url:https%3A%2F%2Fpalataumetnostimadlena.rs%2Fen%2Ffrance%2F|title:FRANCE&#8221; el_class=&#8221;antikviteti&#8221; css=&#8221;.vc_custom_1729641693301{background-image: url(https:\/\/palataumetnostimadlena.rs\/wp-content\/uploads\/2024\/06\/francuska.jpg?id=3834) !important;}&#8221;][\/vc_column][vc_column width=&#8221;1\/4&#8243;][vc_custom_heading text=&#8221;ENGLAND&#8221; font_container=&#8221;tag:div|font_size:24px|text_align:center|color:%23ffffff|line_height:270px&#8221; google_fonts=&#8221;font_family:Playfair%20Display%3Aregular%2Citalic%2C700%2C700italic%2C900%2C900italic|font_style:700%20bold%20regular%3A700%3Anormal&#8221; css_animation=&#8221;zoomIn&#8221; link=&#8221;url:https%3A%2F%2Fpalataumetnostimadlena.rs%2Fen%2Fengland%2F|title:ENGLAND&#8221; el_class=&#8221;antikviteti&#8221; css=&#8221;.vc_custom_1729641444790{background-image: url(https:\/\/palataumetnostimadlena.rs\/wp-content\/uploads\/2024\/06\/engleska-1.jpg?id=3870) !important;}&#8221;][\/vc_column][\/vc_row][vc_row css_animation=&#8221;fadeInUp&#8221; css=&#8221;.vc_custom_1715951015811{padding-top: -100px !important;background-color: #ffffff !important;}&#8221;][vc_column width=&#8221;1\/4&#8243; css=&#8221;.vc_custom_1686696279416{padding-top: -50px !important;background-color: #ffffff !important;}&#8221;][vc_custom_heading text=&#8221;ITALY&#8221; font_container=&#8221;tag:div|font_size:24px|text_align:center|color:%23ffffff|line_height:270px&#8221; google_fonts=&#8221;font_family:Playfair%20Display%3Aregular%2Citalic%2C700%2C700italic%2C900%2C900italic|font_style:700%20bold%20regular%3A700%3Anormal&#8221; css_animation=&#8221;zoomIn&#8221; link=&#8221;url:https%3A%2F%2Fpalataumetnostimadlena.rs%2Fen%2Fitaly%2F|title:ITALY&#8221; el_class=&#8221;antikviteti&#8221; css=&#8221;.vc_custom_1729641411660{background-image: url(https:\/\/palataumetnostimadlena.rs\/wp-content\/uploads\/2024\/06\/italija2-1.jpg?id=4216) !important;}&#8221;][\/vc_column][vc_column width=&#8221;1\/4&#8243;][vc_custom_heading text=&#8221;AUSTRIA&#8221; font_container=&#8221;tag:div|font_size:24px|text_align:center|color:%23ffffff|line_height:270px&#8221; google_fonts=&#8221;font_family:Playfair%20Display%3Aregular%2Citalic%2C700%2C700italic%2C900%2C900italic|font_style:700%20bold%20regular%3A700%3Anormal&#8221; css_animation=&#8221;zoomIn&#8221; link=&#8221;url:https%3A%2F%2Fpalataumetnostimadlena.rs%2Fen%2Faustria%2F|title:AUSTRIA&#8221; el_class=&#8221;antikviteti&#8221; css=&#8221;.vc_custom_1729641374776{background-image: url(https:\/\/palataumetnostimadlena.rs\/wp-content\/uploads\/2024\/06\/austrija-1.jpg?id=3831) !important;}&#8221;][\/vc_column][vc_column width=&#8221;1\/4&#8243;][vc_custom_heading text=&#8221;GERMANY&#8221; font_container=&#8221;tag:div|font_size:24px|text_align:center|color:%23ffffff|line_height:270px&#8221; google_fonts=&#8221;font_family:Playfair%20Display%3Aregular%2Citalic%2C700%2C700italic%2C900%2C900italic|font_style:700%20bold%20regular%3A700%3Anormal&#8221; css_animation=&#8221;zoomIn&#8221; link=&#8221;url:https%3A%2F%2Fpalataumetnostimadlena.rs%2Fen%2Fgermany%2F|title:GERMANY&#8221; el_class=&#8221;antikviteti&#8221; css=&#8221;.vc_custom_1729641364985{background-image: url(https:\/\/palataumetnostimadlena.rs\/wp-content\/uploads\/2024\/06\/nemacka.jpg?id=3843) !important;}&#8221;][\/vc_column][vc_column width=&#8221;1\/4&#8243;][vc_custom_heading text=&#8221;SPAIN&#8221; font_container=&#8221;tag:div|font_size:24px|text_align:center|color:%23ffffff|line_height:270px&#8221; google_fonts=&#8221;font_family:Playfair%20Display%3Aregular%2Citalic%2C700%2C700italic%2C900%2C900italic|font_style:700%20bold%20regular%3A700%3Anormal&#8221; css_animation=&#8221;zoomIn&#8221; link=&#8221;url:https%3A%2F%2Fpalataumetnostimadlena.rs%2Fen%2Fspain%2F|title:SPAIN&#8221; el_class=&#8221;antikviteti&#8221; css=&#8221;.vc_custom_1729641356550{background-image: url(https:\/\/palataumetnostimadlena.rs\/wp-content\/uploads\/2024\/06\/spanija.jpg?id=3842) !important;}&#8221;][\/vc_column][\/vc_row][vc_row css_animation=&#8221;fadeInUp&#8221; css=&#8221;.vc_custom_1715951030726{padding-top: -100px !important;background-color: #ffffff !important;}&#8221;][vc_column width=&#8221;1\/4&#8243; css=&#8221;.vc_custom_1686696279416{padding-top: -50px !important;background-color: #ffffff !important;}&#8221;][vc_custom_heading text=&#8221;PORTUGAL&#8221; font_container=&#8221;tag:div|font_size:24px|text_align:center|color:%23ffffff|line_height:270px&#8221; google_fonts=&#8221;font_family:Playfair%20Display%3Aregular%2Citalic%2C700%2C700italic%2C900%2C900italic|font_style:700%20bold%20regular%3A700%3Anormal&#8221; css_animation=&#8221;zoomIn&#8221; link=&#8221;url:https%3A%2F%2Fpalataumetnostimadlena.rs%2Fen%2Fportugal%2F|title:POTUGAL&#8221; el_class=&#8221;antikviteti&#8221; css=&#8221;.vc_custom_1729641347088{background-image: url(https:\/\/palataumetnostimadlena.rs\/wp-content\/uploads\/2024\/06\/potyugalija.jpg?id=3841) !important;}&#8221;][\/vc_column][vc_column width=&#8221;1\/4&#8243;][vc_custom_heading text=&#8221;HOLLAND&#8221; font_container=&#8221;tag:div|font_size:24px|text_align:center|color:%23ffffff|line_height:270px&#8221; google_fonts=&#8221;font_family:Playfair%20Display%3Aregular%2Citalic%2C700%2C700italic%2C900%2C900italic|font_style:700%20bold%20regular%3A700%3Anormal&#8221; css_animation=&#8221;zoomIn&#8221; link=&#8221;url:https%3A%2F%2Fpalataumetnostimadlena.rs%2Fen%2Fholland%2F%20|title:HOLLAND&#8221; el_class=&#8221;antikviteti&#8221; css=&#8221;.vc_custom_1729641563063{background-image: url(https:\/\/palataumetnostimadlena.rs\/wp-content\/uploads\/2024\/06\/holandija2.jpg?id=4213) !important;}&#8221;][\/vc_column][vc_column width=&#8221;1\/4&#8243;][vc_custom_heading text=&#8221;SWEDEN&#8221; font_container=&#8221;tag:div|font_size:24px|text_align:center|color:%23ffffff|line_height:270px&#8221; google_fonts=&#8221;font_family:Playfair%20Display%3Aregular%2Citalic%2C700%2C700italic%2C900%2C900italic|font_style:700%20bold%20regular%3A700%3Anormal&#8221; css_animation=&#8221;zoomIn&#8221; link=&#8221;url:https%3A%2F%2Fpalataumetnostimadlena.rs%2Fen%2Fsweden%2F%20|title:SWEDEN&#8221; el_class=&#8221;antikviteti&#8221; css=&#8221;.vc_custom_1729641550623{background-image: url(https:\/\/palataumetnostimadlena.rs\/wp-content\/uploads\/2024\/06\/svedska3-1.jpg?id=3926) !important;}&#8221;][\/vc_column][vc_column width=&#8221;1\/4&#8243;][vc_custom_heading text=&#8221;RUSSIA&#8221; font_container=&#8221;tag:div|font_size:24px|text_align:center|color:%23ffffff|line_height:270px&#8221; google_fonts=&#8221;font_family:Playfair%20Display%3Aregular%2Citalic%2C700%2C700italic%2C900%2C900italic|font_style:700%20bold%20regular%3A700%3Anormal&#8221; css_animation=&#8221;zoomIn&#8221; link=&#8221;url:https%3A%2F%2Fpalataumetnostimadlena.rs%2Fen%2Frussia%2F%20|title:RUSSIA&#8221; el_class=&#8221;antikviteti&#8221; css=&#8221;.vc_custom_1729641580621{background-image: url(https:\/\/palataumetnostimadlena.rs\/wp-content\/uploads\/2024\/06\/rusija3-1.jpg?id=3927) !important;}&#8221;][\/vc_column][\/vc_row][vc_row css_animation=&#8221;fadeInUp&#8221; css=&#8221;.vc_custom_1715951040779{padding-top: -100px !important;background-color: #ffffff !important;}&#8221;][vc_column width=&#8221;1\/4&#8243; css=&#8221;.vc_custom_1686696279416{padding-top: -50px !important;background-color: #ffffff !important;}&#8221;][\/vc_column][vc_column width=&#8221;1\/4&#8243;][vc_custom_heading text=&#8221;SERBIA&#8221; font_container=&#8221;tag:div|font_size:24px|text_align:center|color:%23ffffff|line_height:270px&#8221; google_fonts=&#8221;font_family:Playfair%20Display%3Aregular%2Citalic%2C700%2C700italic%2C900%2C900italic|font_style:700%20bold%20regular%3A700%3Anormal&#8221; css_animation=&#8221;zoomIn&#8221; link=&#8221;url:https%3A%2F%2Fpalataumetnostimadlena.rs%2Fen%2Fserbia%2F|title:SERBIA&#8221; el_class=&#8221;antikviteti&#8221; css=&#8221;.vc_custom_1729641630495{background-image: url(https:\/\/palataumetnostimadlena.rs\/wp-content\/uploads\/2024\/06\/srbija-1.jpg?id=3871) !important;}&#8221;][\/vc_column][vc_column width=&#8221;1\/4&#8243;][vc_custom_heading text=&#8221;AMERICA&#8221; font_container=&#8221;tag:div|font_size:24px|text_align:center|color:%23ffffff|line_height:270px&#8221; google_fonts=&#8221;font_family:Playfair%20Display%3Aregular%2Citalic%2C700%2C700italic%2C900%2C900italic|font_style:700%20bold%20regular%3A700%3Anormal&#8221; css_animation=&#8221;zoomIn&#8221; link=&#8221;url:https%3A%2F%2Fpalataumetnostimadlena.rs%2Fen%2Famerica%2F%20|title:AMERICA&#8221; el_class=&#8221;antikviteti&#8221; css=&#8221;.vc_custom_1729641614719{background-image: url(https:\/\/palataumetnostimadlena.rs\/wp-content\/uploads\/2024\/06\/amerika-3.jpg?id=3874) !important;}&#8221;][\/vc_column][vc_column width=&#8221;1\/4&#8243;][\/vc_column][\/vc_row][vc_row][vc_column][\/vc_column][\/vc_row]<\/p>\n<\/section>","protected":false},"excerpt":{"rendered":"<p>[vc_row css=&#8221;.vc_custom_1719268835394{margin-top: -50px !important;padding-top: -100px !important;}&#8221;][vc_column css=&#8221;.vc_custom_1686695532200{padding-top: -50px !important;}&#8221;][vc_column_text] 20 and 21 century [\/vc_column_text][vc_empty_space][vc_column_text] On the horizon of Serbian modern art, it is possible to make out several important individuals who stood for and represented different, frequently even opposed trends, and who, through their activity, acquired the importance of exponents of character features of the<\/p>\n","protected":false},"author":1,"featured_media":0,"parent":0,"menu_order":0,"comment_status":"closed","ping_status":"closed","template":"","meta":{"footnotes":""},"class_list":["post-8579","page","type-page","status-publish","hentry"],"yoast_head":"<!-- This site is optimized with the Yoast SEO plugin v23.7 - https:\/\/yoast.com\/wordpress\/plugins\/seo\/ -->\n<title>SERBIA<\/title>\n<meta name=\"robots\" content=\"index, follow, max-snippet:-1, max-image-preview:large, max-video-preview:-1\" \/>\n<link rel=\"canonical\" href=\"https:\/\/palataumetnostimadlena.rs\/en\/serbia\/\" \/>\n<meta property=\"og:locale\" content=\"en_US\" \/>\n<meta property=\"og:type\" content=\"article\" \/>\n<meta property=\"og:title\" content=\"SERBIA\" \/>\n<meta property=\"og:description\" content=\"[vc_row css=&#8221;.vc_custom_1719268835394{margin-top: -50px !important;padding-top: -100px !important;}&#8221;][vc_column css=&#8221;.vc_custom_1686695532200{padding-top: -50px !important;}&#8221;][vc_column_text] 20 and 21 century [\/vc_column_text][vc_empty_space][vc_column_text] On the horizon of Serbian modern art, it is possible to make out several important individuals who stood for and represented different, frequently even opposed trends, and who, through their activity, acquired the importance of exponents of character features of the\" \/>\n<meta property=\"og:url\" content=\"https:\/\/palataumetnostimadlena.rs\/en\/serbia\/\" \/>\n<meta property=\"og:site_name\" content=\"Palata Umetnosti Madlena\" \/>\n<meta property=\"article:publisher\" content=\"https:\/\/www.facebook.com\/palataumetnosti\" \/>\n<meta property=\"article:modified_time\" content=\"2024-10-23T00:28:49+00:00\" \/>\n<meta property=\"og:image\" content=\"https:\/\/palataumetnostimadlena.rs\/wp-content\/uploads\/2024\/06\/srbija1.png\" \/>\n\t<meta property=\"og:image:width\" content=\"1000\" \/>\n\t<meta property=\"og:image:height\" content=\"667\" \/>\n\t<meta property=\"og:image:type\" content=\"image\/png\" \/>\n<meta name=\"twitter:card\" content=\"summary_large_image\" \/>\n<meta name=\"twitter:label1\" content=\"Est. reading time\" \/>\n\t<meta name=\"twitter:data1\" content=\"7 minutes\" \/>\n<script type=\"application\/ld+json\" class=\"yoast-schema-graph\">{\"@context\":\"https:\/\/schema.org\",\"@graph\":[{\"@type\":\"WebPage\",\"@id\":\"https:\/\/palataumetnostimadlena.rs\/en\/serbia\/\",\"url\":\"https:\/\/palataumetnostimadlena.rs\/en\/serbia\/\",\"name\":\"SERBIA\",\"isPartOf\":{\"@id\":\"https:\/\/palataumetnostimadlena.rs\/#website\"},\"primaryImageOfPage\":{\"@id\":\"https:\/\/palataumetnostimadlena.rs\/en\/serbia\/#primaryimage\"},\"image\":{\"@id\":\"https:\/\/palataumetnostimadlena.rs\/en\/serbia\/#primaryimage\"},\"thumbnailUrl\":\"https:\/\/palataumetnostimadlena.rs\/wp-content\/uploads\/2024\/06\/srbija1.png\",\"datePublished\":\"2024-06-25T04:51:53+00:00\",\"dateModified\":\"2024-10-23T00:28:49+00:00\",\"breadcrumb\":{\"@id\":\"https:\/\/palataumetnostimadlena.rs\/en\/serbia\/#breadcrumb\"},\"inLanguage\":\"en-US\",\"potentialAction\":[{\"@type\":\"ReadAction\",\"target\":[\"https:\/\/palataumetnostimadlena.rs\/en\/serbia\/\"]}]},{\"@type\":\"ImageObject\",\"inLanguage\":\"en-US\",\"@id\":\"https:\/\/palataumetnostimadlena.rs\/en\/serbia\/#primaryimage\",\"url\":\"https:\/\/palataumetnostimadlena.rs\/wp-content\/uploads\/2024\/06\/srbija1.png\",\"contentUrl\":\"https:\/\/palataumetnostimadlena.rs\/wp-content\/uploads\/2024\/06\/srbija1.png\"},{\"@type\":\"BreadcrumbList\",\"@id\":\"https:\/\/palataumetnostimadlena.rs\/en\/serbia\/#breadcrumb\",\"itemListElement\":[{\"@type\":\"ListItem\",\"position\":1,\"name\":\"\u041f\u043e\u0447\u0435\u0442\u043d\u0430\",\"item\":\"https:\/\/palataumetnostimadlena.rs\/en\/\"},{\"@type\":\"ListItem\",\"position\":2,\"name\":\"SERBIA\"}]},{\"@type\":\"WebSite\",\"@id\":\"https:\/\/palataumetnostimadlena.rs\/#website\",\"url\":\"https:\/\/palataumetnostimadlena.rs\/\",\"name\":\"Palata umetnosti Madlena\",\"description\":\"\",\"potentialAction\":[{\"@type\":\"SearchAction\",\"target\":{\"@type\":\"EntryPoint\",\"urlTemplate\":\"https:\/\/palataumetnostimadlena.rs\/?s={search_term_string}\"},\"query-input\":{\"@type\":\"PropertyValueSpecification\",\"valueRequired\":true,\"valueName\":\"search_term_string\"}}],\"inLanguage\":\"en-US\"}]}<\/script>\n<!-- \/ Yoast SEO plugin. -->","yoast_head_json":{"title":"SERBIA","robots":{"index":"index","follow":"follow","max-snippet":"max-snippet:-1","max-image-preview":"max-image-preview:large","max-video-preview":"max-video-preview:-1"},"canonical":"https:\/\/palataumetnostimadlena.rs\/en\/serbia\/","og_locale":"en_US","og_type":"article","og_title":"SERBIA","og_description":"[vc_row css=&#8221;.vc_custom_1719268835394{margin-top: -50px !important;padding-top: -100px !important;}&#8221;][vc_column css=&#8221;.vc_custom_1686695532200{padding-top: -50px !important;}&#8221;][vc_column_text] 20 and 21 century [\/vc_column_text][vc_empty_space][vc_column_text] On the horizon of Serbian modern art, it is possible to make out several important individuals who stood for and represented different, frequently even opposed trends, and who, through their activity, acquired the importance of exponents of character features of the","og_url":"https:\/\/palataumetnostimadlena.rs\/en\/serbia\/","og_site_name":"Palata Umetnosti Madlena","article_publisher":"https:\/\/www.facebook.com\/palataumetnosti","article_modified_time":"2024-10-23T00:28:49+00:00","og_image":[{"width":1000,"height":667,"url":"https:\/\/palataumetnostimadlena.rs\/wp-content\/uploads\/2024\/06\/srbija1.png","type":"image\/png"}],"twitter_card":"summary_large_image","twitter_misc":{"Est. reading time":"7 minutes"},"schema":{"@context":"https:\/\/schema.org","@graph":[{"@type":"WebPage","@id":"https:\/\/palataumetnostimadlena.rs\/en\/serbia\/","url":"https:\/\/palataumetnostimadlena.rs\/en\/serbia\/","name":"SERBIA","isPartOf":{"@id":"https:\/\/palataumetnostimadlena.rs\/#website"},"primaryImageOfPage":{"@id":"https:\/\/palataumetnostimadlena.rs\/en\/serbia\/#primaryimage"},"image":{"@id":"https:\/\/palataumetnostimadlena.rs\/en\/serbia\/#primaryimage"},"thumbnailUrl":"https:\/\/palataumetnostimadlena.rs\/wp-content\/uploads\/2024\/06\/srbija1.png","datePublished":"2024-06-25T04:51:53+00:00","dateModified":"2024-10-23T00:28:49+00:00","breadcrumb":{"@id":"https:\/\/palataumetnostimadlena.rs\/en\/serbia\/#breadcrumb"},"inLanguage":"en-US","potentialAction":[{"@type":"ReadAction","target":["https:\/\/palataumetnostimadlena.rs\/en\/serbia\/"]}]},{"@type":"ImageObject","inLanguage":"en-US","@id":"https:\/\/palataumetnostimadlena.rs\/en\/serbia\/#primaryimage","url":"https:\/\/palataumetnostimadlena.rs\/wp-content\/uploads\/2024\/06\/srbija1.png","contentUrl":"https:\/\/palataumetnostimadlena.rs\/wp-content\/uploads\/2024\/06\/srbija1.png"},{"@type":"BreadcrumbList","@id":"https:\/\/palataumetnostimadlena.rs\/en\/serbia\/#breadcrumb","itemListElement":[{"@type":"ListItem","position":1,"name":"\u041f\u043e\u0447\u0435\u0442\u043d\u0430","item":"https:\/\/palataumetnostimadlena.rs\/en\/"},{"@type":"ListItem","position":2,"name":"SERBIA"}]},{"@type":"WebSite","@id":"https:\/\/palataumetnostimadlena.rs\/#website","url":"https:\/\/palataumetnostimadlena.rs\/","name":"Palata umetnosti Madlena","description":"","potentialAction":[{"@type":"SearchAction","target":{"@type":"EntryPoint","urlTemplate":"https:\/\/palataumetnostimadlena.rs\/?s={search_term_string}"},"query-input":{"@type":"PropertyValueSpecification","valueRequired":true,"valueName":"search_term_string"}}],"inLanguage":"en-US"}]}},"_links":{"self":[{"href":"https:\/\/palataumetnostimadlena.rs\/en\/wp-json\/wp\/v2\/pages\/8579","targetHints":{"allow":["GET"]}}],"collection":[{"href":"https:\/\/palataumetnostimadlena.rs\/en\/wp-json\/wp\/v2\/pages"}],"about":[{"href":"https:\/\/palataumetnostimadlena.rs\/en\/wp-json\/wp\/v2\/types\/page"}],"author":[{"embeddable":true,"href":"https:\/\/palataumetnostimadlena.rs\/en\/wp-json\/wp\/v2\/users\/1"}],"replies":[{"embeddable":true,"href":"https:\/\/palataumetnostimadlena.rs\/en\/wp-json\/wp\/v2\/comments?post=8579"}],"version-history":[{"count":7,"href":"https:\/\/palataumetnostimadlena.rs\/en\/wp-json\/wp\/v2\/pages\/8579\/revisions"}],"predecessor-version":[{"id":8687,"href":"https:\/\/palataumetnostimadlena.rs\/en\/wp-json\/wp\/v2\/pages\/8579\/revisions\/8687"}],"wp:attachment":[{"href":"https:\/\/palataumetnostimadlena.rs\/en\/wp-json\/wp\/v2\/media?parent=8579"}],"curies":[{"name":"wp","href":"https:\/\/api.w.org\/{rel}","templated":true}]}}