{"id":8623,"date":"2017-05-05T08:28:11","date_gmt":"2017-05-05T06:28:11","guid":{"rendered":"https:\/\/palataumetnostimadlena.rs\/?page_id=8623"},"modified":"2025-03-19T17:43:46","modified_gmt":"2025-03-19T15:43:46","slug":"home","status":"publish","type":"page","link":"https:\/\/palataumetnostimadlena.rs\/en\/","title":{"rendered":"HOME"},"content":{"rendered":"<section class=\"wpb-content-wrapper\"><p>[vc_row][vc_column el_class=&#8221;tc&#8221;][rev_slider_vc alias=&#8221;slider-1-1-1-1&#8243; el_class=&#8221;main-slider tc&#8221;][\/vc_column][\/vc_row][vc_row container=&#8221;1&#8243; css=&#8221;.vc_custom_1680802470618{padding-top: 40px !important;}&#8221;][vc_column el_class=&#8221;home&#8221; css=&#8221;.vc_custom_1719307538960{padding-bottom: 40px !important;}&#8221;] <!--Museum Section-->\r\n    <section class=\"museum-section\">\r\n    \t<div class=\"auto-container\">\r\n        \t<div class=\"row clearfix\">\r\n            \t<!--Content Column-->\r\n                <div class=\"content-column pull-right col-md-6 col-sm-12 col-xs-12\">\r\n\t\t\t\t\t<div class=\"inner\">\r\n\t\t\t\t\t\t<!--Sec Title-->\r\n\t\t\t\t\t\t<div class=\"sec-title\">\r\n\t\t\t\t\t\t\t<h3><\/h3>\r\n\t\t\t\t\t\t\t<h2>MADLENA ART PALACE<\/h2>\r\n\t\t\t\t\t\t\t<div class=\"separator\"><\/div>\r\n\t\t\t\t\t\t<\/div>\r\n\t\t\t\t\t\t<div class=\"text\">The Palace is not a mere mausoleum, monument, a house dominated by cold, dignified silence, but all of that and much more: it emits the pulse of life, ambitions, circulation of authors and their feats. This is why it is in the focus of interest of public in culture.<\/div>\r\n\t\t\t\t\t\t<a href=\"\" class=\"more-info\"> <span class=\"icon flaticon-right-arrow\"><\/span><\/a>\r\n\t\t\t\t\t<\/div>\r\n                <\/div>\r\n                <!--Image Column-->\r\n            \t<div class=\"image-column pull-left col-md-6 col-sm-12 col-xs-12\">\r\n                \t<div class=\"image wow slideInLeft\" data-wow-delay=\"0ms\" data-wow-duration=\"1500ms\">\r\n                    \t<img decoding=\"async\" src=\"https:\/\/palataumetnostimadlena.rs\/wp-content\/uploads\/2024\/05\/palata.jpg\" alt=\"Image\" \/>\r\n                    <\/div>\r\n                <\/div>\r\n            <\/div>\r\n        <\/div>\r\n    <\/section>\r\n[\/vc_column][\/vc_row][vc_row][vc_column]  <div class=\"museum-section\">\r\n  <div class=\"auto-container\">\r\n  <div class=\"info-section\">\r\n\t<div class=\"row clearfix\">\r\n\t\t<!--Column-->\r\n\t\t   \t \r\n\t\t<!--Column-->\r\n\t\t<div class=\"info-column col-md-12 col-xs-12\">\r\n\t\t\t<div class=\"inner\">\r\n\t\t\t\t<h4>WORKING HOURS OF THE PALACE:<\/h4>\r\n\t\t\t\t<h3>Monday \u2013 Sunday\/ 10:00 \u2013 20:00<br>\n <br>Guided tours of the Museum are organized every day at 12 noon, 3 p.m., and 6 p.m.<br>\nDue to the limited number of visitors, we kindly ask you to announce your visit by phone, +381 11 266 1460, or by email: office@palataumetnostimadlena.rs<br>\n\n\n<br>\nWelcome!<\/h3>\r\n\t\t\t<\/div>\r\n\t\t<\/div>\r\n\t  \r\n\t<\/div>\r\n<\/div>\r\n<\/div>\r\n<\/div>\r\n\t\r\n\t\r\n[\/vc_column][\/vc_row][vc_row el_id=&#8221;virtulatour&#8221;][vc_column][vc_row_inner][vc_column_inner el_class=&#8221;home&#8221;] <!--About Museum-->\r\n    <section class=\"about-museum\" style=\"background-image:url(https:\/\/palataumetnostimadlena.rs\/wp-content\/uploads\/2023\/06\/O-Palati-foto-6.jpg);\">\r\n    \t<div class=\"auto-container\">\r\n        \t<!--Sec Title-->\r\n            <div class=\"sec-title\">\r\n                <h3><\/h3>\r\n                <h2>HAVE A WALK THROUGH MADLENA ART PALACE<\/h2>\r\n                <div class=\"separator\"><\/div>\r\n                <div class=\"text\">The Madlena Art Palace, an elegant edifice the architecture of which exudes grandeur and excellence, is a real shelter for all lovers of arts. With its imposing settings, sophisticated details, and beautiful gardens, this edifice is a symbol of culture and creativity. Passing through its doors, the visitors set out to an unforgettable journey through arts, where they encounter masterpieces. The Madlena Art Palace is a lighthouse of inspiration, a place which offers not only visual satisfaction, but a deeper insight into human creativity and expression as well. Welcome to the oasis of arts, where imagination turns into reality and where the soul is nourished with beauty.<\/div>\r\n            <\/div>\r\n            \r\n           <div class=\"row clearfix\">\r\n           \t<!--video column-->\r\n           \t<div class=\"video-column col-md-6 col-sm-12 col-xs-12\">\r\n                <div class=\"video-box\">\r\n                    <figure class=\"image\">\r\n                <img decoding=\"async\" src=\"https:\/\/palataumetnostimadlena.rs\/wp-content\/uploads\/2024\/06\/celokupan.jpg\" alt=\"Image\">\r\n                    <\/figure>\r\n                    <a href=\"\" class=\"lightbox-image overlay-box\"><span class=\"flaticon-arrow\"><\/span><\/a>\r\n                <\/div>\r\n            <\/div>\r\n            <!--Content Column-->\r\n            <div class=\"content-column col-md-6 col-sm-12 col-xs-12\">\r\n                <div class=\"inner\">\r\n                \t<h3>COMPLETE EXPERIENCE OF ART<\/h3>\r\n                    <div class=\"text\">The event categories in the Madlena Art Palace are as follows:<\/div>\r\n                    <div class=\"row clearfix\">\r\n                        <div class=\"column col-md-4 col-sm-6 col-xs-12\">\r\n                        \t<!--List Style One-->\r\n                            <ul class=\"list-style-one\">\r\n                            \t\t\r\n\t\t\t\t\t\t\t\t<li><a href=\"#\">Exhibitions<\/a><\/li>\r\n                       \t\t\r\n\t\t\t\t\t\t\t\t<li><a href=\"#\">Concerts<\/a><\/li>\r\n                       \t\t\r\n\t\t\t\t\t\t\t\t<li><a href=\"#\">Literary evenings<\/a><\/li>\r\n                       \t\t\r\n\t\t\t\t\t\t\t\t<li><a href=\"#\">Theatrical performances<\/a><\/li>\r\n                               \r\n                            <\/ul>\r\n                        <\/div>\r\n                        <div class=\"column col-md-4 col-sm-6 col-xs-12\">\r\n                            <!--List Style One-->\r\n                            <ul class=\"list-style-one\">\r\n            \t\t\r\n\t\t\t<li><a href=\"#\"><\/a><\/li>\r\n                               \r\n                            <\/ul>\r\n                        <\/div>\r\n                        <div class=\"column col-md-4 col-sm-6 col-xs-12\">\r\n                            <!--List Style One-->\r\n                            <ul class=\"list-style-one\">\r\n           \t\t\r\n\t\t\t\t\t\t\t\t<li><a href=\"#\"><\/a><\/li>\r\n                               \r\n                            <\/ul>\r\n                        <\/div>\r\n                    <\/div>\r\n                    <a href=\"\" class=\"read-more\"> &ensp;<span class=\"icon fa fa-long-arrow-right\"><\/span><\/a>\r\n                <\/div>\r\n            <\/div>\r\n           <\/div>     \r\n        <\/div>\r\n    <\/section>\r\n    <!--About Museum-->\r\n[\/vc_column_inner][\/vc_row_inner][\/vc_column][\/vc_row][vc_row css=&#8221;.vc_custom_1718874213056{padding-top: -100px !important;padding-bottom: -100px !important;}&#8221;][vc_column] \r\n\r\n   \r\n\r\n    <section class=\"testimonial-section\" style=\"background-image:url(https:\/\/palataumetnostimadlena.rs\/wp-content\/uploads\/2023\/06\/O-Palati-foto-2-1.jpg);\">\r\n    \t<div class=\"auto-container\">\r\n        \t\r\n            <!--Client Testimonial Carousel-->\r\n            <div class=\"client-testimonial-carousel owl-carousel owl-theme\">\r\n                            <!--Testimonial Block Two-->\r\n                <div class=\"testimonial-block-two\">\r\n                    <div class=\"inner-box\">\r\n                    \t<div class=\"quote-icon\"><span class=\"icon flaticon-left-quote\"><\/span><\/div>\r\n                        <div class=\"text\">The originality of Mrs. Zepter and the greatness of their personality is mostly reflected in their cultural and social investments. \u00a0<\/div>\r\n                    <\/div>\r\n                <\/div>\r\n\t\t\t                <!--Testimonial Block Two-->\r\n                <div class=\"testimonial-block-two\">\r\n                    <div class=\"inner-box\">\r\n                    \t<div class=\"quote-icon\"><span class=\"icon flaticon-left-quote\"><\/span><\/div>\r\n                        <div class=\"text\">There is a woman, they say, behind every great man, but it can also be the other way around. Behind the woman with a big heart, dedicated to beauty, humanity, and goodness, that is, arts, there is a great business magician, a creative mind of a businessman, a gold-hearted gentleman. Filip. From this symbiosis numerous offerings sprouted, to mark the period of the end of 10 and beginning of 21 century, that is, cultural life of Belgrade and Serbia, for eternity. Madlena and Filip Zepter. This symbiosis also resulted in the miracle of harmony, use value, dazzling exterior and interior, space populated by beauty. Yet another of their architectural paragons enriched with substance, a new gift of the Zepters to the people, the edifice of the legacy of Madlena Zepter \u2013 the Art Palace.<\/div>\r\n                    <\/div>\r\n                <\/div>\r\n\t\t\t                <!--Testimonial Block Two-->\r\n                <div class=\"testimonial-block-two\">\r\n                    <div class=\"inner-box\">\r\n                    \t<div class=\"quote-icon\"><span class=\"icon flaticon-left-quote\"><\/span><\/div>\r\n                        <div class=\"text\">I like that south-Slav elegance that you must never show you are interested in something you are actually terribly interested in, moved by something that worries or excites us, or tired of what exhausts us.<\/div>\r\n                    <\/div>\r\n                <\/div>\r\n\t\t\t                <!--Testimonial Block Two-->\r\n                <div class=\"testimonial-block-two\">\r\n                    <div class=\"inner-box\">\r\n                    \t<div class=\"quote-icon\"><span class=\"icon flaticon-left-quote\"><\/span><\/div>\r\n                        <div class=\"text\">MRS Madlena Zepter believes in her mission: she wants to preserve and continue tradition, present it to others, open before the eyes of contemporaries the door behind which the poetics of the past, valuable, and beautiful prevails. The selected artifacts within her collection are bits and pieces of the old world which is no longer; thus it seems that, preserving their rarity, delicacy of craftsmanship, and beauty, the collector deliberately flies from ephemerality,\u00a0 mediocrity, and lack of imagination which we are so plentifully showered with in the modern time in which we live.<\/div>\r\n                    <\/div>\r\n                <\/div>\r\n\t\t\t\t\t\r\n\t\t\t\t\r\n            <\/div>\r\n            \r\n            <!--Client Thumbs Carousel-->\r\n            <div class=\"client-thumb-outer\">\r\n                <div class=\"client-thumbs-carousel owl-carousel owl-theme\">\r\n                    \r\n\t\t\t\t\t\r\n                    <div class=\"thumb-item\">\r\n                    \t<figure class=\"thumb-box\"> <img loading=\"lazy\" decoding=\"async\" width=\"80\" height=\"80\" src=\"https:\/\/palataumetnostimadlena.rs\/wp-content\/uploads\/2023\/07\/patrik.png\" class=\"attachment-post-thumbnail size-post-thumbnail wp-post-image\" alt=\"\" srcset=\"https:\/\/palataumetnostimadlena.rs\/wp-content\/uploads\/2023\/07\/patrik.png 80w, https:\/\/palataumetnostimadlena.rs\/wp-content\/uploads\/2023\/07\/patrik-55x55.png 55w, https:\/\/palataumetnostimadlena.rs\/wp-content\/uploads\/2023\/07\/patrik-70x70.png 70w\" sizes=\"auto, (max-width: 80px) 100vw, 80px\" \/><\/figure>\r\n                        <div class=\"thumb-content\">\r\n                        \t<h3>Patrick Besson<\/h3>\r\n\t                        <div class=\"designation\">knji\u017eevnik, laureat Francuske akademije<\/div>\r\n                        <\/div>\r\n                    <\/div>\r\n\t\t\t\t\t\r\n                    <div class=\"thumb-item\">\r\n                    \t<figure class=\"thumb-box\"> <img loading=\"lazy\" decoding=\"async\" width=\"80\" height=\"80\" src=\"https:\/\/palataumetnostimadlena.rs\/wp-content\/uploads\/2017\/05\/neda.png\" class=\"attachment-post-thumbnail size-post-thumbnail wp-post-image\" alt=\"\" srcset=\"https:\/\/palataumetnostimadlena.rs\/wp-content\/uploads\/2017\/05\/neda.png 80w, https:\/\/palataumetnostimadlena.rs\/wp-content\/uploads\/2017\/05\/neda-55x55.png 55w, https:\/\/palataumetnostimadlena.rs\/wp-content\/uploads\/2017\/05\/neda-70x70.png 70w\" sizes=\"auto, (max-width: 80px) 100vw, 80px\" \/><\/figure>\r\n                        <div class=\"thumb-content\">\r\n                        \t<h3>Neda Todorovi\u0107 PhD<\/h3>\r\n\t                        <div class=\"designation\">profesor FPN<\/div>\r\n                        <\/div>\r\n                    <\/div>\r\n\t\t\t\t\t\r\n                    <div class=\"thumb-item\">\r\n                    \t<figure class=\"thumb-box\"> <img loading=\"lazy\" decoding=\"async\" width=\"80\" height=\"80\" src=\"https:\/\/palataumetnostimadlena.rs\/wp-content\/uploads\/2017\/05\/author-1.jpg\" class=\"attachment-post-thumbnail size-post-thumbnail wp-post-image\" alt=\"\" srcset=\"https:\/\/palataumetnostimadlena.rs\/wp-content\/uploads\/2017\/05\/author-1.jpg 80w, https:\/\/palataumetnostimadlena.rs\/wp-content\/uploads\/2017\/05\/author-1-55x55.jpg 55w, https:\/\/palataumetnostimadlena.rs\/wp-content\/uploads\/2017\/05\/author-1-70x70.jpg 70w\" sizes=\"auto, (max-width: 80px) 100vw, 80px\" \/><\/figure>\r\n                        <div class=\"thumb-content\">\r\n                        \t<h3>Serenela Granjani<\/h3>\r\n\t                        <div class=\"designation\">psiholog, re\u017eiser i terapeut<\/div>\r\n                        <\/div>\r\n                    <\/div>\r\n\t\t\t\t\t\r\n                    <div class=\"thumb-item\">\r\n                    \t<figure class=\"thumb-box\"> <img loading=\"lazy\" decoding=\"async\" width=\"80\" height=\"80\" src=\"https:\/\/palataumetnostimadlena.rs\/wp-content\/uploads\/2017\/05\/miodragilic.png\" class=\"attachment-post-thumbnail size-post-thumbnail wp-post-image\" alt=\"\" srcset=\"https:\/\/palataumetnostimadlena.rs\/wp-content\/uploads\/2017\/05\/miodragilic.png 80w, https:\/\/palataumetnostimadlena.rs\/wp-content\/uploads\/2017\/05\/miodragilic-55x55.png 55w, https:\/\/palataumetnostimadlena.rs\/wp-content\/uploads\/2017\/05\/miodragilic-70x70.png 70w\" sizes=\"auto, (max-width: 80px) 100vw, 80px\" \/><\/figure>\r\n                        <div class=\"thumb-content\">\r\n                        \t<h3>Miodrag Ili\u0107<\/h3>\r\n\t                        <div class=\"designation\">Dramski pisac<\/div>\r\n                        <\/div>\r\n                    <\/div>\r\n\t\t\t\t\t\r\n\t\t\t\t\t\r\n                <\/div>\r\n            <\/div>\r\n            \r\n        <\/div>\r\n    <\/section>\r\n\r\n\t\r\n\r\n[\/vc_column][\/vc_row][vc_row][vc_column][vc_column_text css_animation=&#8221;fadeInUp&#8221; css=&#8221;.vc_custom_1742399023350{padding-top: 30px !important;padding-bottom: 30px !important;background-color: #cd9b36 !important;}&#8221;]<\/p>\n<h4 style=\"text-align: center;\"><strong><br \/>\nInstitution of culture<br \/>\n<\/strong><strong>Madlena Art Palace<br \/>\n<\/strong><strong>Antiques Museum<br \/>\n<\/strong>Boulevard kneza Aleksandra Kara\u0111or\u0111evi\u0107a 53<\/h4>\n<h4 style=\"text-align: center;\">11040 Belgrade<br \/>\n<strong>telefon: +381 11 2661 460<\/strong><\/h4>\n<h4 style=\"text-align: center;\"><a style=\"color: white;\" href=\"mailto:office@palataumetnostimadlena.rs\"><strong>office@palataumetnostimadlena.r<\/strong>s<\/a><\/h4>\n<p>[\/vc_column_text]   \n[\/vc_column][\/vc_row][vc_row][vc_column][vc_column_text]<\/p>\n<p>[\/vc_column_text][\/vc_column][\/vc_row]<\/p>\n<\/section>","protected":false},"excerpt":{"rendered":"<p>[vc_row][vc_column el_class=&#8221;tc&#8221;][rev_slider_vc alias=&#8221;slider-1-1-1-1&#8243; el_class=&#8221;main-slider tc&#8221;][\/vc_column][\/vc_row][vc_row container=&#8221;1&#8243; css=&#8221;.vc_custom_1680802470618{padding-top: 40px !important;}&#8221;][vc_column el_class=&#8221;home&#8221; css=&#8221;.vc_custom_1719307538960{padding-bottom: 40px !important;}&#8221;][\/vc_column][\/vc_row][vc_row][vc_column][\/vc_column][\/vc_row][vc_row el_id=&#8221;virtulatour&#8221;][vc_column][vc_row_inner][vc_column_inner el_class=&#8221;home&#8221;][\/vc_column_inner][\/vc_row_inner][\/vc_column][\/vc_row][vc_row css=&#8221;.vc_custom_1718874213056{padding-top: -100px !important;padding-bottom: -100px !important;}&#8221;][vc_column][\/vc_column][\/vc_row][vc_row][vc_column][vc_column_text css_animation=&#8221;fadeInUp&#8221; css=&#8221;.vc_custom_1742399023350{padding-top: 30px !important;padding-bottom: 30px !important;background-color: #cd9b36 !important;}&#8221;] Institution of culture Madlena Art Palace Antiques Museum Boulevard kneza Aleksandra Kara\u0111or\u0111evi\u0107a 53 11040 Belgrade telefon: +381 11 2661 460 office@palataumetnostimadlena.rs [\/vc_column_text][\/vc_column][\/vc_row][vc_row][vc_column][vc_column_text] [\/vc_column_text][\/vc_column][\/vc_row]<\/p>\n","protected":false},"author":1,"featured_media":0,"parent":0,"menu_order":0,"comment_status":"closed","ping_status":"closed","template":"tpl-visual_composer.php","meta":{"footnotes":""},"class_list":["post-8623","page","type-page","status-publish","hentry"],"yoast_head":"<!-- This site is optimized with the Yoast SEO plugin v23.7 - https:\/\/yoast.com\/wordpress\/plugins\/seo\/ -->\n<title>HOME<\/title>\n<meta name=\"robots\" content=\"index, follow, max-snippet:-1, max-image-preview:large, max-video-preview:-1\" \/>\n<link rel=\"canonical\" href=\"https:\/\/palataumetnostimadlena.rs\/en\/\" \/>\n<meta property=\"og:locale\" content=\"en_US\" \/>\n<meta property=\"og:type\" content=\"article\" \/>\n<meta property=\"og:title\" content=\"HOME\" \/>\n<meta property=\"og:description\" content=\"[vc_row][vc_column el_class=&#8221;tc&#8221;][rev_slider_vc alias=&#8221;slider-1-1-1-1&#8243; el_class=&#8221;main-slider tc&#8221;][\/vc_column][\/vc_row][vc_row container=&#8221;1&#8243; css=&#8221;.vc_custom_1680802470618{padding-top: 40px !important;}&#8221;][vc_column el_class=&#8221;home&#8221; css=&#8221;.vc_custom_1719307538960{padding-bottom: 40px !important;}&#8221;][\/vc_column][\/vc_row][vc_row][vc_column][\/vc_column][\/vc_row][vc_row el_id=&#8221;virtulatour&#8221;][vc_column][vc_row_inner][vc_column_inner el_class=&#8221;home&#8221;][\/vc_column_inner][\/vc_row_inner][\/vc_column][\/vc_row][vc_row css=&#8221;.vc_custom_1718874213056{padding-top: -100px !important;padding-bottom: -100px !important;}&#8221;][vc_column][\/vc_column][\/vc_row][vc_row][vc_column][vc_column_text css_animation=&#8221;fadeInUp&#8221; css=&#8221;.vc_custom_1742399023350{padding-top: 30px !important;padding-bottom: 30px !important;background-color: #cd9b36 !important;}&#8221;] Institution of culture Madlena Art Palace Antiques Museum Boulevard kneza Aleksandra Kara\u0111or\u0111evi\u0107a 53 11040 Belgrade telefon: +381 11 2661 460 office@palataumetnostimadlena.rs [\/vc_column_text][\/vc_column][\/vc_row][vc_row][vc_column][vc_column_text] [\/vc_column_text][\/vc_column][\/vc_row]\" \/>\n<meta property=\"og:url\" content=\"https:\/\/palataumetnostimadlena.rs\/en\/\" \/>\n<meta property=\"og:site_name\" content=\"Palata Umetnosti Madlena\" \/>\n<meta property=\"article:publisher\" content=\"https:\/\/www.facebook.com\/palataumetnosti\" \/>\n<meta property=\"article:modified_time\" content=\"2025-03-19T15:43:46+00:00\" \/>\n<meta name=\"twitter:card\" content=\"summary_large_image\" \/>\n<meta name=\"twitter:label1\" content=\"Est. reading time\" \/>\n\t<meta name=\"twitter:data1\" content=\"3 minutes\" \/>\n<script type=\"application\/ld+json\" class=\"yoast-schema-graph\">{\"@context\":\"https:\/\/schema.org\",\"@graph\":[{\"@type\":\"WebPage\",\"@id\":\"https:\/\/palataumetnostimadlena.rs\/en\/\",\"url\":\"https:\/\/palataumetnostimadlena.rs\/en\/\",\"name\":\"HOME\",\"isPartOf\":{\"@id\":\"https:\/\/palataumetnostimadlena.rs\/#website\"},\"datePublished\":\"2017-05-05T06:28:11+00:00\",\"dateModified\":\"2025-03-19T15:43:46+00:00\",\"breadcrumb\":{\"@id\":\"https:\/\/palataumetnostimadlena.rs\/en\/#breadcrumb\"},\"inLanguage\":\"en-US\",\"potentialAction\":[{\"@type\":\"ReadAction\",\"target\":[\"https:\/\/palataumetnostimadlena.rs\/en\/\"]}]},{\"@type\":\"BreadcrumbList\",\"@id\":\"https:\/\/palataumetnostimadlena.rs\/en\/#breadcrumb\",\"itemListElement\":[{\"@type\":\"ListItem\",\"position\":1,\"name\":\"\u041f\u043e\u0447\u0435\u0442\u043d\u0430\",\"item\":\"https:\/\/palataumetnostimadlena.rs\/en\/\"},{\"@type\":\"ListItem\",\"position\":2,\"name\":\"HOME\"}]},{\"@type\":\"WebSite\",\"@id\":\"https:\/\/palataumetnostimadlena.rs\/#website\",\"url\":\"https:\/\/palataumetnostimadlena.rs\/\",\"name\":\"Palata umetnosti Madlena\",\"description\":\"\",\"potentialAction\":[{\"@type\":\"SearchAction\",\"target\":{\"@type\":\"EntryPoint\",\"urlTemplate\":\"https:\/\/palataumetnostimadlena.rs\/?s={search_term_string}\"},\"query-input\":{\"@type\":\"PropertyValueSpecification\",\"valueRequired\":true,\"valueName\":\"search_term_string\"}}],\"inLanguage\":\"en-US\"}]}<\/script>\n<!-- \/ Yoast SEO plugin. -->","yoast_head_json":{"title":"HOME","robots":{"index":"index","follow":"follow","max-snippet":"max-snippet:-1","max-image-preview":"max-image-preview:large","max-video-preview":"max-video-preview:-1"},"canonical":"https:\/\/palataumetnostimadlena.rs\/en\/","og_locale":"en_US","og_type":"article","og_title":"HOME","og_description":"[vc_row][vc_column el_class=&#8221;tc&#8221;][rev_slider_vc alias=&#8221;slider-1-1-1-1&#8243; el_class=&#8221;main-slider tc&#8221;][\/vc_column][\/vc_row][vc_row container=&#8221;1&#8243; css=&#8221;.vc_custom_1680802470618{padding-top: 40px !important;}&#8221;][vc_column el_class=&#8221;home&#8221; css=&#8221;.vc_custom_1719307538960{padding-bottom: 40px !important;}&#8221;][\/vc_column][\/vc_row][vc_row][vc_column][\/vc_column][\/vc_row][vc_row el_id=&#8221;virtulatour&#8221;][vc_column][vc_row_inner][vc_column_inner el_class=&#8221;home&#8221;][\/vc_column_inner][\/vc_row_inner][\/vc_column][\/vc_row][vc_row css=&#8221;.vc_custom_1718874213056{padding-top: -100px !important;padding-bottom: -100px !important;}&#8221;][vc_column][\/vc_column][\/vc_row][vc_row][vc_column][vc_column_text css_animation=&#8221;fadeInUp&#8221; css=&#8221;.vc_custom_1742399023350{padding-top: 30px !important;padding-bottom: 30px !important;background-color: #cd9b36 !important;}&#8221;] Institution of culture Madlena Art Palace Antiques Museum Boulevard kneza Aleksandra Kara\u0111or\u0111evi\u0107a 53 11040 Belgrade telefon: +381 11 2661 460 office@palataumetnostimadlena.rs [\/vc_column_text][\/vc_column][\/vc_row][vc_row][vc_column][vc_column_text] [\/vc_column_text][\/vc_column][\/vc_row]","og_url":"https:\/\/palataumetnostimadlena.rs\/en\/","og_site_name":"Palata Umetnosti Madlena","article_publisher":"https:\/\/www.facebook.com\/palataumetnosti","article_modified_time":"2025-03-19T15:43:46+00:00","twitter_card":"summary_large_image","twitter_misc":{"Est. reading time":"3 minutes"},"schema":{"@context":"https:\/\/schema.org","@graph":[{"@type":"WebPage","@id":"https:\/\/palataumetnostimadlena.rs\/en\/","url":"https:\/\/palataumetnostimadlena.rs\/en\/","name":"HOME","isPartOf":{"@id":"https:\/\/palataumetnostimadlena.rs\/#website"},"datePublished":"2017-05-05T06:28:11+00:00","dateModified":"2025-03-19T15:43:46+00:00","breadcrumb":{"@id":"https:\/\/palataumetnostimadlena.rs\/en\/#breadcrumb"},"inLanguage":"en-US","potentialAction":[{"@type":"ReadAction","target":["https:\/\/palataumetnostimadlena.rs\/en\/"]}]},{"@type":"BreadcrumbList","@id":"https:\/\/palataumetnostimadlena.rs\/en\/#breadcrumb","itemListElement":[{"@type":"ListItem","position":1,"name":"\u041f\u043e\u0447\u0435\u0442\u043d\u0430","item":"https:\/\/palataumetnostimadlena.rs\/en\/"},{"@type":"ListItem","position":2,"name":"HOME"}]},{"@type":"WebSite","@id":"https:\/\/palataumetnostimadlena.rs\/#website","url":"https:\/\/palataumetnostimadlena.rs\/","name":"Palata umetnosti Madlena","description":"","potentialAction":[{"@type":"SearchAction","target":{"@type":"EntryPoint","urlTemplate":"https:\/\/palataumetnostimadlena.rs\/?s={search_term_string}"},"query-input":{"@type":"PropertyValueSpecification","valueRequired":true,"valueName":"search_term_string"}}],"inLanguage":"en-US"}]}},"_links":{"self":[{"href":"https:\/\/palataumetnostimadlena.rs\/en\/wp-json\/wp\/v2\/pages\/8623","targetHints":{"allow":["GET"]}}],"collection":[{"href":"https:\/\/palataumetnostimadlena.rs\/en\/wp-json\/wp\/v2\/pages"}],"about":[{"href":"https:\/\/palataumetnostimadlena.rs\/en\/wp-json\/wp\/v2\/types\/page"}],"author":[{"embeddable":true,"href":"https:\/\/palataumetnostimadlena.rs\/en\/wp-json\/wp\/v2\/users\/1"}],"replies":[{"embeddable":true,"href":"https:\/\/palataumetnostimadlena.rs\/en\/wp-json\/wp\/v2\/comments?post=8623"}],"version-history":[{"count":9,"href":"https:\/\/palataumetnostimadlena.rs\/en\/wp-json\/wp\/v2\/pages\/8623\/revisions"}],"predecessor-version":[{"id":9645,"href":"https:\/\/palataumetnostimadlena.rs\/en\/wp-json\/wp\/v2\/pages\/8623\/revisions\/9645"}],"wp:attachment":[{"href":"https:\/\/palataumetnostimadlena.rs\/en\/wp-json\/wp\/v2\/media?parent=8623"}],"curies":[{"name":"wp","href":"https:\/\/api.w.org\/{rel}","templated":true}]}}