{"id":8923,"date":"2024-11-30T02:13:35","date_gmt":"2024-11-30T00:13:35","guid":{"rendered":"https:\/\/palataumetnostimadlena.rs\/?page_id=8923"},"modified":"2024-11-30T02:13:35","modified_gmt":"2024-11-30T00:13:35","slug":"alegorija-umetnosti-ulje-na-platnu-4","status":"publish","type":"page","link":"https:\/\/palataumetnostimadlena.rs\/en\/alegorija-umetnosti-ulje-na-platnu-4\/","title":{"rendered":"\u201eAlegorija umetnosti\u201c, ulje na platnu"},"content":{"rendered":"<section class=\"wpb-content-wrapper\"><p>[vc_row][vc_column css=&#8221;.vc_custom_1707215897980{padding-top: 50px !important;}&#8221;][vc_single_image image=&#8221;889&#8243; img_size=&#8221;full&#8221; alignment=&#8221;center&#8221; onclick=&#8221;custom_link&#8221; link=&#8221;https:\/\/palataumetnostimadlena.rs\/en\/&#8221;][\/vc_column][\/vc_row][vc_row][vc_column width=&#8221;1\/4&#8243; css=&#8221;.vc_custom_1707215897980{padding-top: 50px !important;}&#8221;][\/vc_column][vc_column width=&#8221;1\/2&#8243;][vc_single_image image=&#8221;8917&#8243; img_size=&#8221;full&#8221; alignment=&#8221;center&#8221; style=&#8221;vc_box_shadow_3d&#8221;][vc_empty_space][vc_column_text]<strong><img loading=\"lazy\" decoding=\"async\" class=\"size-full wp-image-1349 aligncenter\" src=\"https:\/\/palataumetnostimadlena.rs\/wp-content\/uploads\/2024\/02\/serbia-icon.jpg\" alt=\"\" width=\"38\" height=\"25\" \/><\/strong><\/p>\n<p style=\"text-align: center;\"><strong>Luster od pozla\u0107ene bronze<\/strong><\/p>\n<p style=\"text-align: center;\"><strong>Oko 1850, stil Luj XV<\/strong><\/p>\n<p style=\"text-align: center;\"><strong>Iz centralnog dela lustera, prolazi razgranata kro\u0161nja od osam uvijenih stabljika, ukra\u0161enih listovima akantusa. Na vrhu svake stabljike je \u010da\u0161ica sa svetiljkama.<\/strong><\/p>\n<p>&nbsp;<\/p>\n<p>&nbsp;<\/p>\n<p style=\"text-align: center;\"><strong><img loading=\"lazy\" decoding=\"async\" class=\"size-full wp-image-1348 aligncenter\" src=\"https:\/\/palataumetnostimadlena.rs\/wp-content\/uploads\/2024\/02\/english-icon.jpg\" alt=\"\" width=\"38\" height=\"25\" \/><\/strong><\/p>\n<p style=\"text-align: center;\"><strong>Lighting fixture made of gilt bronze<\/strong><\/p>\n<p style=\"text-align: center;\"><strong>About 1850, in the style of Louis XV<\/strong><\/p>\n<p style=\"text-align: center;\"><strong>The branchy tree top comprising eight twisted stalks, decorated with acanthus leaves, grows out of the central part of the lighting fixture. A Each stalk top ends in a small cup holding a lantern.<\/strong><\/p>\n<p>&nbsp;<\/p>\n<p style=\"text-align: center;\"><strong><img loading=\"lazy\" decoding=\"async\" class=\"size-full wp-image-1346\" src=\"https:\/\/palataumetnostimadlena.rs\/wp-content\/uploads\/2024\/02\/france-icon.jpg\" alt=\"\" width=\"38\" height=\"25\" \/><\/strong><\/p>\n<p style=\"text-align: center;\"><strong>Lustre en bronze dor\u00e9<\/strong><\/p>\n<p style=\"text-align: center;\"><strong>Vers 1850, style Luis XV<\/strong><\/p>\n<p style=\"text-align: center;\"><strong>La partie centrale du lustre se prolonge en une couronne ramifi\u00e9e de huit tiges torsad\u00e9es orn\u00e9es de feuilles d\u2019acanthe. Au sommet de chaque tige se trouve une coupe avec des lumi\u00e8res.<\/strong><\/p>\n<p>&nbsp;<\/p>\n<p>&nbsp;<\/p>\n<p style=\"text-align: center;\"><strong><img loading=\"lazy\" decoding=\"async\" class=\"size-full wp-image-1347 aligncenter\" src=\"https:\/\/palataumetnostimadlena.rs\/wp-content\/uploads\/2024\/02\/russia-icon.jpg\" alt=\"\" width=\"38\" height=\"25\" \/><\/strong><\/p>\n<p style=\"text-align: center;\"><strong>\u041b\u044e\u0441\u0442\u0440\u0430 \u0438\u0437 \u043f\u043e\u0437\u043e\u043b\u043e\u0447\u0435\u043d\u043d\u043e\u0439 \u0431\u0440\u043e\u043d\u0437\u044b<\/strong><\/p>\n<p style=\"text-align: center;\"><strong>\u041e\u043a\u043e\u043b\u043e 1850 \u0433\u043e\u0434\u0430, \u0441\u0442\u0438\u043b\u044c \u041b\u044e\u0434\u043e\u0432\u0438\u043a\u0430 XV<\/strong><\/p>\n<p style=\"text-align: center;\"><strong>\u041e\u0442 \u0446\u0435\u043d\u0442\u0440\u0430\u043b\u044c\u043d\u043e\u0439 \u0447\u0430\u0441\u0442\u0438 \u043b\u044e\u0441\u0442\u0440\u044b \u0440\u0430\u0437\u0432\u0435\u0442\u0432\u043b\u044f\u0435\u0442\u0441\u044f \u0440\u043e\u0441\u043a\u043e\u0448\u043d\u0430\u044f \u043a\u0440\u043e\u043d\u0430 \u0438\u0437 \u0432\u043e\u0441\u044c\u043c\u0438 \u0432\u0438\u0442\u044b\u0445 \u0441\u0442\u0435\u0431\u043b\u0435\u0439, \u0443\u043a\u0440\u0430\u0448\u0435\u043d\u043d\u044b\u0445 \u043b\u0438\u0441\u0442\u044c\u044f\u043c\u0438 \u0430\u043a\u0430\u043d\u0442\u0430. \u041d\u0430 \u043a\u043e\u043d\u0447\u0438\u043a\u0435 \u043a\u0430\u0436\u0434\u043e\u0433\u043e \u0441\u0442\u0435\u0431\u043b\u044f \u043d\u0430\u0445\u043e\u0434\u0438\u0442\u0441\u044f \u0447\u0430\u0448\u0435\u0447\u043a\u0430 \u0441 \u043b\u0430\u043c\u043f\u0430\u043c\u0438.<\/strong><\/p>\n<p>&nbsp;<\/p>\n<p>[\/vc_column_text][\/vc_column][vc_column width=&#8221;1\/4&#8243;][\/vc_column][\/vc_row][vc_row][vc_column][vc_empty_space][\/vc_column][\/vc_row]<\/p>\n<\/section>","protected":false},"excerpt":{"rendered":"<p>[vc_row][vc_column css=&#8221;.vc_custom_1707215897980{padding-top: 50px !important;}&#8221;][vc_single_image image=&#8221;889&#8243; img_size=&#8221;full&#8221; alignment=&#8221;center&#8221; onclick=&#8221;custom_link&#8221; link=&#8221;https:\/\/palataumetnostimadlena.rs\/en\/&#8221;][\/vc_column][\/vc_row][vc_row][vc_column width=&#8221;1\/4&#8243; css=&#8221;.vc_custom_1707215897980{padding-top: 50px !important;}&#8221;][\/vc_column][vc_column width=&#8221;1\/2&#8243;][vc_single_image image=&#8221;8917&#8243; img_size=&#8221;full&#8221; alignment=&#8221;center&#8221; style=&#8221;vc_box_shadow_3d&#8221;][vc_empty_space][vc_column_text] Luster od pozla\u0107ene bronze Oko 1850, stil Luj XV Iz centralnog dela lustera, prolazi razgranata kro\u0161nja od osam uvijenih stabljika, ukra\u0161enih listovima akantusa. Na vrhu svake stabljike je \u010da\u0161ica sa svetiljkama. &nbsp; &nbsp; Lighting fixture made of<\/p>\n","protected":false},"author":1,"featured_media":0,"parent":0,"menu_order":0,"comment_status":"closed","ping_status":"closed","template":"tpl-visual_composer.php","meta":{"footnotes":""},"class_list":["post-8923","page","type-page","status-publish","hentry"],"yoast_head":"<!-- This site is optimized with the Yoast SEO plugin v23.7 - https:\/\/yoast.com\/wordpress\/plugins\/seo\/ -->\n<title>\u201eAlegorija umetnosti\u201c, ulje na platnu<\/title>\n<meta name=\"robots\" content=\"index, follow, max-snippet:-1, max-image-preview:large, max-video-preview:-1\" \/>\n<link rel=\"canonical\" href=\"https:\/\/palataumetnostimadlena.rs\/en\/alegorija-umetnosti-ulje-na-platnu-4\/\" \/>\n<meta property=\"og:locale\" content=\"en_US\" \/>\n<meta property=\"og:type\" content=\"article\" \/>\n<meta property=\"og:title\" content=\"\u201eAlegorija umetnosti\u201c, ulje na platnu\" \/>\n<meta property=\"og:description\" content=\"[vc_row][vc_column css=&#8221;.vc_custom_1707215897980{padding-top: 50px !important;}&#8221;][vc_single_image image=&#8221;889&#8243; img_size=&#8221;full&#8221; alignment=&#8221;center&#8221; onclick=&#8221;custom_link&#8221; link=&#8221;https:\/\/palataumetnostimadlena.rs\/en\/&#8221;][\/vc_column][\/vc_row][vc_row][vc_column width=&#8221;1\/4&#8243; css=&#8221;.vc_custom_1707215897980{padding-top: 50px !important;}&#8221;][\/vc_column][vc_column width=&#8221;1\/2&#8243;][vc_single_image image=&#8221;8917&#8243; img_size=&#8221;full&#8221; alignment=&#8221;center&#8221; style=&#8221;vc_box_shadow_3d&#8221;][vc_empty_space][vc_column_text] Luster od pozla\u0107ene bronze Oko 1850, stil Luj XV Iz centralnog dela lustera, prolazi razgranata kro\u0161nja od osam uvijenih stabljika, ukra\u0161enih listovima akantusa. Na vrhu svake stabljike je \u010da\u0161ica sa svetiljkama. &nbsp; &nbsp; Lighting fixture made of\" \/>\n<meta property=\"og:url\" content=\"https:\/\/palataumetnostimadlena.rs\/en\/alegorija-umetnosti-ulje-na-platnu-4\/\" \/>\n<meta property=\"og:site_name\" content=\"Palata Umetnosti Madlena\" \/>\n<meta property=\"article:publisher\" content=\"https:\/\/www.facebook.com\/palataumetnosti\" \/>\n<meta property=\"og:image\" content=\"https:\/\/palataumetnostimadlena.rs\/wp-content\/uploads\/2024\/02\/serbia-icon.jpg\" \/>\n<meta name=\"twitter:card\" content=\"summary_large_image\" \/>\n<meta name=\"twitter:label1\" content=\"Est. reading time\" \/>\n\t<meta name=\"twitter:data1\" content=\"1 minute\" \/>\n<script type=\"application\/ld+json\" class=\"yoast-schema-graph\">{\"@context\":\"https:\/\/schema.org\",\"@graph\":[{\"@type\":\"WebPage\",\"@id\":\"https:\/\/palataumetnostimadlena.rs\/en\/alegorija-umetnosti-ulje-na-platnu-4\/\",\"url\":\"https:\/\/palataumetnostimadlena.rs\/en\/alegorija-umetnosti-ulje-na-platnu-4\/\",\"name\":\"\u201eAlegorija umetnosti\u201c, ulje na platnu\",\"isPartOf\":{\"@id\":\"https:\/\/palataumetnostimadlena.rs\/#website\"},\"primaryImageOfPage\":{\"@id\":\"https:\/\/palataumetnostimadlena.rs\/en\/alegorija-umetnosti-ulje-na-platnu-4\/#primaryimage\"},\"image\":{\"@id\":\"https:\/\/palataumetnostimadlena.rs\/en\/alegorija-umetnosti-ulje-na-platnu-4\/#primaryimage\"},\"thumbnailUrl\":\"https:\/\/palataumetnostimadlena.rs\/wp-content\/uploads\/2024\/02\/serbia-icon.jpg\",\"datePublished\":\"2024-11-30T00:13:35+00:00\",\"dateModified\":\"2024-11-30T00:13:35+00:00\",\"breadcrumb\":{\"@id\":\"https:\/\/palataumetnostimadlena.rs\/en\/alegorija-umetnosti-ulje-na-platnu-4\/#breadcrumb\"},\"inLanguage\":\"en-US\",\"potentialAction\":[{\"@type\":\"ReadAction\",\"target\":[\"https:\/\/palataumetnostimadlena.rs\/en\/alegorija-umetnosti-ulje-na-platnu-4\/\"]}]},{\"@type\":\"ImageObject\",\"inLanguage\":\"en-US\",\"@id\":\"https:\/\/palataumetnostimadlena.rs\/en\/alegorija-umetnosti-ulje-na-platnu-4\/#primaryimage\",\"url\":\"https:\/\/palataumetnostimadlena.rs\/wp-content\/uploads\/2024\/02\/serbia-icon.jpg\",\"contentUrl\":\"https:\/\/palataumetnostimadlena.rs\/wp-content\/uploads\/2024\/02\/serbia-icon.jpg\"},{\"@type\":\"BreadcrumbList\",\"@id\":\"https:\/\/palataumetnostimadlena.rs\/en\/alegorija-umetnosti-ulje-na-platnu-4\/#breadcrumb\",\"itemListElement\":[{\"@type\":\"ListItem\",\"position\":1,\"name\":\"\u041f\u043e\u0447\u0435\u0442\u043d\u0430\",\"item\":\"https:\/\/palataumetnostimadlena.rs\/en\/\"},{\"@type\":\"ListItem\",\"position\":2,\"name\":\"\u201eAlegorija umetnosti\u201c, ulje na platnu\"}]},{\"@type\":\"WebSite\",\"@id\":\"https:\/\/palataumetnostimadlena.rs\/#website\",\"url\":\"https:\/\/palataumetnostimadlena.rs\/\",\"name\":\"Palata umetnosti Madlena\",\"description\":\"\",\"potentialAction\":[{\"@type\":\"SearchAction\",\"target\":{\"@type\":\"EntryPoint\",\"urlTemplate\":\"https:\/\/palataumetnostimadlena.rs\/?s={search_term_string}\"},\"query-input\":{\"@type\":\"PropertyValueSpecification\",\"valueRequired\":true,\"valueName\":\"search_term_string\"}}],\"inLanguage\":\"en-US\"}]}<\/script>\n<!-- \/ Yoast SEO plugin. -->","yoast_head_json":{"title":"\u201eAlegorija umetnosti\u201c, ulje na platnu","robots":{"index":"index","follow":"follow","max-snippet":"max-snippet:-1","max-image-preview":"max-image-preview:large","max-video-preview":"max-video-preview:-1"},"canonical":"https:\/\/palataumetnostimadlena.rs\/en\/alegorija-umetnosti-ulje-na-platnu-4\/","og_locale":"en_US","og_type":"article","og_title":"\u201eAlegorija umetnosti\u201c, ulje na platnu","og_description":"[vc_row][vc_column css=&#8221;.vc_custom_1707215897980{padding-top: 50px !important;}&#8221;][vc_single_image image=&#8221;889&#8243; img_size=&#8221;full&#8221; alignment=&#8221;center&#8221; onclick=&#8221;custom_link&#8221; link=&#8221;https:\/\/palataumetnostimadlena.rs\/en\/&#8221;][\/vc_column][\/vc_row][vc_row][vc_column width=&#8221;1\/4&#8243; css=&#8221;.vc_custom_1707215897980{padding-top: 50px !important;}&#8221;][\/vc_column][vc_column width=&#8221;1\/2&#8243;][vc_single_image image=&#8221;8917&#8243; img_size=&#8221;full&#8221; alignment=&#8221;center&#8221; style=&#8221;vc_box_shadow_3d&#8221;][vc_empty_space][vc_column_text] Luster od pozla\u0107ene bronze Oko 1850, stil Luj XV Iz centralnog dela lustera, prolazi razgranata kro\u0161nja od osam uvijenih stabljika, ukra\u0161enih listovima akantusa. Na vrhu svake stabljike je \u010da\u0161ica sa svetiljkama. &nbsp; &nbsp; Lighting fixture made of","og_url":"https:\/\/palataumetnostimadlena.rs\/en\/alegorija-umetnosti-ulje-na-platnu-4\/","og_site_name":"Palata Umetnosti Madlena","article_publisher":"https:\/\/www.facebook.com\/palataumetnosti","og_image":[{"url":"https:\/\/palataumetnostimadlena.rs\/wp-content\/uploads\/2024\/02\/serbia-icon.jpg"}],"twitter_card":"summary_large_image","twitter_misc":{"Est. reading time":"1 minute"},"schema":{"@context":"https:\/\/schema.org","@graph":[{"@type":"WebPage","@id":"https:\/\/palataumetnostimadlena.rs\/en\/alegorija-umetnosti-ulje-na-platnu-4\/","url":"https:\/\/palataumetnostimadlena.rs\/en\/alegorija-umetnosti-ulje-na-platnu-4\/","name":"\u201eAlegorija umetnosti\u201c, ulje na platnu","isPartOf":{"@id":"https:\/\/palataumetnostimadlena.rs\/#website"},"primaryImageOfPage":{"@id":"https:\/\/palataumetnostimadlena.rs\/en\/alegorija-umetnosti-ulje-na-platnu-4\/#primaryimage"},"image":{"@id":"https:\/\/palataumetnostimadlena.rs\/en\/alegorija-umetnosti-ulje-na-platnu-4\/#primaryimage"},"thumbnailUrl":"https:\/\/palataumetnostimadlena.rs\/wp-content\/uploads\/2024\/02\/serbia-icon.jpg","datePublished":"2024-11-30T00:13:35+00:00","dateModified":"2024-11-30T00:13:35+00:00","breadcrumb":{"@id":"https:\/\/palataumetnostimadlena.rs\/en\/alegorija-umetnosti-ulje-na-platnu-4\/#breadcrumb"},"inLanguage":"en-US","potentialAction":[{"@type":"ReadAction","target":["https:\/\/palataumetnostimadlena.rs\/en\/alegorija-umetnosti-ulje-na-platnu-4\/"]}]},{"@type":"ImageObject","inLanguage":"en-US","@id":"https:\/\/palataumetnostimadlena.rs\/en\/alegorija-umetnosti-ulje-na-platnu-4\/#primaryimage","url":"https:\/\/palataumetnostimadlena.rs\/wp-content\/uploads\/2024\/02\/serbia-icon.jpg","contentUrl":"https:\/\/palataumetnostimadlena.rs\/wp-content\/uploads\/2024\/02\/serbia-icon.jpg"},{"@type":"BreadcrumbList","@id":"https:\/\/palataumetnostimadlena.rs\/en\/alegorija-umetnosti-ulje-na-platnu-4\/#breadcrumb","itemListElement":[{"@type":"ListItem","position":1,"name":"\u041f\u043e\u0447\u0435\u0442\u043d\u0430","item":"https:\/\/palataumetnostimadlena.rs\/en\/"},{"@type":"ListItem","position":2,"name":"\u201eAlegorija umetnosti\u201c, ulje na platnu"}]},{"@type":"WebSite","@id":"https:\/\/palataumetnostimadlena.rs\/#website","url":"https:\/\/palataumetnostimadlena.rs\/","name":"Palata umetnosti Madlena","description":"","potentialAction":[{"@type":"SearchAction","target":{"@type":"EntryPoint","urlTemplate":"https:\/\/palataumetnostimadlena.rs\/?s={search_term_string}"},"query-input":{"@type":"PropertyValueSpecification","valueRequired":true,"valueName":"search_term_string"}}],"inLanguage":"en-US"}]}},"_links":{"self":[{"href":"https:\/\/palataumetnostimadlena.rs\/en\/wp-json\/wp\/v2\/pages\/8923","targetHints":{"allow":["GET"]}}],"collection":[{"href":"https:\/\/palataumetnostimadlena.rs\/en\/wp-json\/wp\/v2\/pages"}],"about":[{"href":"https:\/\/palataumetnostimadlena.rs\/en\/wp-json\/wp\/v2\/types\/page"}],"author":[{"embeddable":true,"href":"https:\/\/palataumetnostimadlena.rs\/en\/wp-json\/wp\/v2\/users\/1"}],"replies":[{"embeddable":true,"href":"https:\/\/palataumetnostimadlena.rs\/en\/wp-json\/wp\/v2\/comments?post=8923"}],"version-history":[{"count":2,"href":"https:\/\/palataumetnostimadlena.rs\/en\/wp-json\/wp\/v2\/pages\/8923\/revisions"}],"predecessor-version":[{"id":8925,"href":"https:\/\/palataumetnostimadlena.rs\/en\/wp-json\/wp\/v2\/pages\/8923\/revisions\/8925"}],"wp:attachment":[{"href":"https:\/\/palataumetnostimadlena.rs\/en\/wp-json\/wp\/v2\/media?parent=8923"}],"curies":[{"name":"wp","href":"https:\/\/api.w.org\/{rel}","templated":true}]}}