{"id":8933,"date":"2024-11-30T02:17:52","date_gmt":"2024-11-30T00:17:52","guid":{"rendered":"https:\/\/palataumetnostimadlena.rs\/?page_id=8933"},"modified":"2024-11-30T02:17:52","modified_gmt":"2024-11-30T00:17:52","slug":"alegorija-umetnosti-ulje-na-platnu-5","status":"publish","type":"page","link":"https:\/\/palataumetnostimadlena.rs\/en\/alegorija-umetnosti-ulje-na-platnu-5\/","title":{"rendered":"\u201eAlegorija umetnosti\u201c, ulje na platnu"},"content":{"rendered":"<section class=\"wpb-content-wrapper\"><p>[vc_row][vc_column css=&#8221;.vc_custom_1707215897980{padding-top: 50px !important;}&#8221;][vc_single_image image=&#8221;889&#8243; img_size=&#8221;full&#8221; alignment=&#8221;center&#8221; onclick=&#8221;custom_link&#8221; link=&#8221;https:\/\/palataumetnostimadlena.rs\/en\/&#8221;][\/vc_column][\/vc_row][vc_row][vc_column width=&#8221;1\/4&#8243; css=&#8221;.vc_custom_1707215897980{padding-top: 50px !important;}&#8221;][\/vc_column][vc_column width=&#8221;1\/2&#8243;][vc_single_image image=&#8221;8926&#8243; img_size=&#8221;full&#8221; alignment=&#8221;center&#8221; style=&#8221;vc_box_shadow_3d&#8221;][vc_empty_space][vc_column_text]<strong><img loading=\"lazy\" decoding=\"async\" class=\"size-full wp-image-1349 aligncenter\" src=\"https:\/\/palataumetnostimadlena.rs\/wp-content\/uploads\/2024\/02\/serbia-icon.jpg\" alt=\"\" width=\"38\" height=\"25\" \/><\/strong><\/p>\n<p style=\"text-align: center;\"><strong>Komoda, art d\u00e9co<\/strong><\/p>\n<p style=\"text-align: center;\"><strong>Drouet Ren\u00e9, Francuska<\/strong><\/p>\n<p style=\"text-align: center;\"><strong>Dimenzije: 150 x 200 x 50 cm<\/strong><\/p>\n<p style=\"text-align: center;\"><strong>Komoda je lakirana u boji \u0161ljive. Satoji se iz tri dela (kutije) i vratima ukra\u0161enih biljo-floralnim motivima, zlatne boje. U donjem delu komode su tri fioke, sa ru\u010dkama u obliku karika, od pozla\u0107ene bronze. Komoda je postavljena na \u010detiri nogara, koje se o oslanjaju na jednu podlogu &#8211; malo izvu\u010denu napolje. Stope su tako\u0111e \u00a0ukra\u0161ene \u010detvrtastim elementima od bronze.<\/strong><\/p>\n<p>&nbsp;<\/p>\n<p>&nbsp;<\/p>\n<p>&nbsp;<\/p>\n<p style=\"text-align: center;\"><strong><img loading=\"lazy\" decoding=\"async\" class=\"size-full wp-image-1348 aligncenter\" src=\"https:\/\/palataumetnostimadlena.rs\/wp-content\/uploads\/2024\/02\/english-icon.jpg\" alt=\"\" width=\"38\" height=\"25\" \/><\/strong><\/p>\n<p style=\"text-align: center;\"><strong>Commode, art d\u00e9co<\/strong><\/p>\n<p style=\"text-align: center;\"><strong>Drouet Ren\u00e9, France<\/strong><\/p>\n<p style=\"text-align: center;\"><strong>Dimensions: 150 x 200 x 50 cm<\/strong><\/p>\n<p style=\"text-align: center;\"><strong>The commode is varnished in plum colour. It comprises three parts (boxes) and a door decorated with herbal and floral motifs in golden colour. The bottom part of the commode comprises three drawers, with loop-shaped handles made of gilt bronze. The commode stands on four legs which lean again the single, slightly protruded base. The feet are also decorated with square elements made of bronze.<\/strong><\/p>\n<p>&nbsp;<\/p>\n<p>&nbsp;<\/p>\n<p style=\"text-align: center;\"><strong><img loading=\"lazy\" decoding=\"async\" class=\"size-full wp-image-1346\" src=\"https:\/\/palataumetnostimadlena.rs\/wp-content\/uploads\/2024\/02\/france-icon.jpg\" alt=\"\" width=\"38\" height=\"25\" \/><\/strong><\/p>\n<p style=\"text-align: center;\"><strong>Commode, art d\u00e9co<\/strong><\/p>\n<p style=\"text-align: center;\"><strong>Drouet Ren\u00e9, France<\/strong><\/p>\n<p style=\"text-align: center;\"><strong>dimensions\u00a0: 150 x 200 x 50 cm<\/strong><\/p>\n<p style=\"text-align: center;\"><strong>La commode est laqu\u00e9e de couleur prune. Elle est compos\u00e9e de trois parties (coffrets) dont chacune a une porte d\u00e9cor\u00e9e de motifs v\u00e9g\u00e9taux-floraux de couleur dor\u00e9e. La partie inf\u00e9rieure de la commode poss\u00e8de trois tiroirs aux poign\u00e9es en forme d\u2019anneaux en bronze dor\u00e9. La commode est pos\u00e9e sur quatre pieds soutenus par une plaque l\u00e9g\u00e8rement pro\u00e9minente. Les pieds sont aussi orn\u00e9s d\u2019\u00e9l\u00e9ments carr\u00e9s en bronze.\u00a0<\/strong><\/p>\n<p>&nbsp;<\/p>\n<p style=\"text-align: center;\"><strong><img loading=\"lazy\" decoding=\"async\" class=\"size-full wp-image-1347 aligncenter\" src=\"https:\/\/palataumetnostimadlena.rs\/wp-content\/uploads\/2024\/02\/russia-icon.jpg\" alt=\"\" width=\"38\" height=\"25\" \/><\/strong><\/p>\n<p style=\"text-align: center;\"><strong>\u041a\u043e\u043c\u043e\u0434<\/strong><strong>, art d\u00e9co<\/strong><\/p>\n<p style=\"text-align: center;\"><strong>Drouet Ren\u00e9, \u0424\u0440\u0430\u043d\u0446\u0438\u044f<\/strong><\/p>\n<p style=\"text-align: center;\"><strong>\u0420\u0430\u0437\u043c\u0435\u0440\u044b: 150 x 200 x 50 \u0441\u043c<\/strong><\/p>\n<p style=\"text-align: center;\"><strong>\u041a\u043e\u043c\u043e\u0434 \u043f\u043e\u043a\u0440\u044b\u0442 \u043b\u0430\u043a\u043e\u043c \u0441\u043b\u0438\u0432\u043e\u0433\u043e \u0446\u0432\u0435\u0442\u0430. \u0421\u043e\u0441\u0442\u043e\u0438\u0442 \u0438\u0437 \u0442\u0440\u0435\u0445 \u0447\u0430\u0441\u0442\u0435\u0439 (\u043a\u043e\u0440\u043e\u0431\u043e\u043a) \u0438 \u0434\u0432\u0435\u0440\u0435\u0439,\u0443\u043a\u0440\u0430\u0448\u0435\u043d\u043d\u044b\u0445 \u0440\u0430\u0441\u0442\u0438\u0442\u0435\u043b\u044c\u043d\u043e-\u0446\u0432\u0435\u0442\u043e\u0447\u043d\u044b\u043c\u0438 \u043c\u043e\u0442\u0438\u0432\u0430\u043c\u0438 \u0437\u043e\u043b\u043e\u0442\u0438\u0441\u0442\u043e\u0433\u043e \u0446\u0432\u0435\u0442\u0430. \u0412 \u043d\u0438\u0436\u043d\u0435\u0439 \u0447\u0430\u0441\u0442\u0438 \u043a\u043e\u043c\u043e\u0434\u0430 \u0440\u0430\u0441\u043f\u043e\u043b\u043e\u0436\u0435\u043d\u044b \u0442\u0440\u0438 \u044f\u0449\u0438\u043a\u0430 \u0441 \u0440\u0443\u0447\u043a\u0430\u043c\u0438 \u0432 \u0432\u0438\u0434\u0435 \u0437\u0432\u0435\u043d\u044c\u0435\u0432 \u0438\u0437 \u043f\u043e\u0437\u043e\u043b\u043e\u0447\u0435\u043d\u043d\u043e\u0439 \u0431\u0440\u043e\u043d\u0437\u044b. \u00a0\u041a\u043e\u043c\u043e\u0434 \u0443\u0441\u0442\u0430\u043d\u043e\u0432\u043b\u0435\u043d \u043d\u0430 \u0447\u0435\u0442\u044b\u0440\u0435\u0445 \u043d\u043e\u0436\u043a\u0430\u0445, \u043a\u043e\u0442\u043e\u0440\u044b\u0435 \u043e\u043f\u0438\u0440\u0430\u044e\u0442\u0441\u044f \u043d\u0430 \u043e\u0434\u043d\u043e \u043e\u0441\u043d\u043e\u0432\u0430\u043d\u0438\u0435, \u0441\u043b\u0435\u0433\u043a\u0430 \u0432\u044b\u0434\u0432\u0438\u043d\u0443\u0442\u043e\u0435 \u043d\u0430\u0440\u0443\u0436\u0443. \u041d\u043e\u0436\u043a\u0438 \u0443\u043a\u0440\u0430\u0448\u0435\u043d\u044b \u044d\u043b\u0435\u043c\u0435\u043d\u0442\u0430\u043c\u0438 \u043a\u0432\u0430\u0434\u0440\u0430\u0442\u043d\u043e\u0439 \u0444\u043e\u0440\u043c\u044b, \u0432\u044b\u043f\u043e\u043b\u043d\u0435\u043d\u043d\u044b\u043c\u0438 \u0438\u0437 \u0431\u0440\u043e\u043d\u0437\u044b.\u00a0<\/strong><\/p>\n<p>[\/vc_column_text][\/vc_column][vc_column width=&#8221;1\/4&#8243;][\/vc_column][\/vc_row][vc_row][vc_column][vc_empty_space][\/vc_column][\/vc_row]<\/p>\n<\/section>","protected":false},"excerpt":{"rendered":"<p>[vc_row][vc_column css=&#8221;.vc_custom_1707215897980{padding-top: 50px !important;}&#8221;][vc_single_image image=&#8221;889&#8243; img_size=&#8221;full&#8221; alignment=&#8221;center&#8221; onclick=&#8221;custom_link&#8221; link=&#8221;https:\/\/palataumetnostimadlena.rs\/en\/&#8221;][\/vc_column][\/vc_row][vc_row][vc_column width=&#8221;1\/4&#8243; css=&#8221;.vc_custom_1707215897980{padding-top: 50px !important;}&#8221;][\/vc_column][vc_column width=&#8221;1\/2&#8243;][vc_single_image image=&#8221;8926&#8243; img_size=&#8221;full&#8221; alignment=&#8221;center&#8221; style=&#8221;vc_box_shadow_3d&#8221;][vc_empty_space][vc_column_text] Komoda, art d\u00e9co Drouet Ren\u00e9, Francuska Dimenzije: 150 x 200 x 50 cm Komoda je lakirana u boji \u0161ljive. Satoji se iz tri dela (kutije) i vratima ukra\u0161enih biljo-floralnim motivima, zlatne boje. U donjem delu komode su<\/p>\n","protected":false},"author":1,"featured_media":0,"parent":0,"menu_order":0,"comment_status":"closed","ping_status":"closed","template":"tpl-visual_composer.php","meta":{"footnotes":""},"class_list":["post-8933","page","type-page","status-publish","hentry"],"yoast_head":"<!-- This site is optimized with the Yoast SEO plugin v23.7 - https:\/\/yoast.com\/wordpress\/plugins\/seo\/ -->\n<title>\u201eAlegorija umetnosti\u201c, ulje na platnu<\/title>\n<meta name=\"robots\" content=\"index, follow, max-snippet:-1, max-image-preview:large, max-video-preview:-1\" \/>\n<link rel=\"canonical\" href=\"https:\/\/palataumetnostimadlena.rs\/en\/alegorija-umetnosti-ulje-na-platnu-5\/\" \/>\n<meta property=\"og:locale\" content=\"en_US\" \/>\n<meta property=\"og:type\" content=\"article\" \/>\n<meta property=\"og:title\" content=\"\u201eAlegorija umetnosti\u201c, ulje na platnu\" \/>\n<meta property=\"og:description\" content=\"[vc_row][vc_column css=&#8221;.vc_custom_1707215897980{padding-top: 50px !important;}&#8221;][vc_single_image image=&#8221;889&#8243; img_size=&#8221;full&#8221; alignment=&#8221;center&#8221; onclick=&#8221;custom_link&#8221; link=&#8221;https:\/\/palataumetnostimadlena.rs\/en\/&#8221;][\/vc_column][\/vc_row][vc_row][vc_column width=&#8221;1\/4&#8243; css=&#8221;.vc_custom_1707215897980{padding-top: 50px !important;}&#8221;][\/vc_column][vc_column width=&#8221;1\/2&#8243;][vc_single_image image=&#8221;8926&#8243; img_size=&#8221;full&#8221; alignment=&#8221;center&#8221; style=&#8221;vc_box_shadow_3d&#8221;][vc_empty_space][vc_column_text] Komoda, art d\u00e9co Drouet Ren\u00e9, Francuska Dimenzije: 150 x 200 x 50 cm Komoda je lakirana u boji \u0161ljive. Satoji se iz tri dela (kutije) i vratima ukra\u0161enih biljo-floralnim motivima, zlatne boje. U donjem delu komode su\" \/>\n<meta property=\"og:url\" content=\"https:\/\/palataumetnostimadlena.rs\/en\/alegorija-umetnosti-ulje-na-platnu-5\/\" \/>\n<meta property=\"og:site_name\" content=\"Palata Umetnosti Madlena\" \/>\n<meta property=\"article:publisher\" content=\"https:\/\/www.facebook.com\/palataumetnosti\" \/>\n<meta property=\"og:image\" content=\"https:\/\/palataumetnostimadlena.rs\/wp-content\/uploads\/2024\/02\/serbia-icon.jpg\" \/>\n<meta name=\"twitter:card\" content=\"summary_large_image\" \/>\n<meta name=\"twitter:label1\" content=\"Est. reading time\" \/>\n\t<meta name=\"twitter:data1\" content=\"2 minutes\" \/>\n<script type=\"application\/ld+json\" class=\"yoast-schema-graph\">{\"@context\":\"https:\/\/schema.org\",\"@graph\":[{\"@type\":\"WebPage\",\"@id\":\"https:\/\/palataumetnostimadlena.rs\/en\/alegorija-umetnosti-ulje-na-platnu-5\/\",\"url\":\"https:\/\/palataumetnostimadlena.rs\/en\/alegorija-umetnosti-ulje-na-platnu-5\/\",\"name\":\"\u201eAlegorija umetnosti\u201c, ulje na platnu\",\"isPartOf\":{\"@id\":\"https:\/\/palataumetnostimadlena.rs\/#website\"},\"primaryImageOfPage\":{\"@id\":\"https:\/\/palataumetnostimadlena.rs\/en\/alegorija-umetnosti-ulje-na-platnu-5\/#primaryimage\"},\"image\":{\"@id\":\"https:\/\/palataumetnostimadlena.rs\/en\/alegorija-umetnosti-ulje-na-platnu-5\/#primaryimage\"},\"thumbnailUrl\":\"https:\/\/palataumetnostimadlena.rs\/wp-content\/uploads\/2024\/02\/serbia-icon.jpg\",\"datePublished\":\"2024-11-30T00:17:52+00:00\",\"dateModified\":\"2024-11-30T00:17:52+00:00\",\"breadcrumb\":{\"@id\":\"https:\/\/palataumetnostimadlena.rs\/en\/alegorija-umetnosti-ulje-na-platnu-5\/#breadcrumb\"},\"inLanguage\":\"en-US\",\"potentialAction\":[{\"@type\":\"ReadAction\",\"target\":[\"https:\/\/palataumetnostimadlena.rs\/en\/alegorija-umetnosti-ulje-na-platnu-5\/\"]}]},{\"@type\":\"ImageObject\",\"inLanguage\":\"en-US\",\"@id\":\"https:\/\/palataumetnostimadlena.rs\/en\/alegorija-umetnosti-ulje-na-platnu-5\/#primaryimage\",\"url\":\"https:\/\/palataumetnostimadlena.rs\/wp-content\/uploads\/2024\/02\/serbia-icon.jpg\",\"contentUrl\":\"https:\/\/palataumetnostimadlena.rs\/wp-content\/uploads\/2024\/02\/serbia-icon.jpg\"},{\"@type\":\"BreadcrumbList\",\"@id\":\"https:\/\/palataumetnostimadlena.rs\/en\/alegorija-umetnosti-ulje-na-platnu-5\/#breadcrumb\",\"itemListElement\":[{\"@type\":\"ListItem\",\"position\":1,\"name\":\"\u041f\u043e\u0447\u0435\u0442\u043d\u0430\",\"item\":\"https:\/\/palataumetnostimadlena.rs\/en\/\"},{\"@type\":\"ListItem\",\"position\":2,\"name\":\"\u201eAlegorija umetnosti\u201c, ulje na platnu\"}]},{\"@type\":\"WebSite\",\"@id\":\"https:\/\/palataumetnostimadlena.rs\/#website\",\"url\":\"https:\/\/palataumetnostimadlena.rs\/\",\"name\":\"Palata umetnosti Madlena\",\"description\":\"\",\"potentialAction\":[{\"@type\":\"SearchAction\",\"target\":{\"@type\":\"EntryPoint\",\"urlTemplate\":\"https:\/\/palataumetnostimadlena.rs\/?s={search_term_string}\"},\"query-input\":{\"@type\":\"PropertyValueSpecification\",\"valueRequired\":true,\"valueName\":\"search_term_string\"}}],\"inLanguage\":\"en-US\"}]}<\/script>\n<!-- \/ Yoast SEO plugin. -->","yoast_head_json":{"title":"\u201eAlegorija umetnosti\u201c, ulje na platnu","robots":{"index":"index","follow":"follow","max-snippet":"max-snippet:-1","max-image-preview":"max-image-preview:large","max-video-preview":"max-video-preview:-1"},"canonical":"https:\/\/palataumetnostimadlena.rs\/en\/alegorija-umetnosti-ulje-na-platnu-5\/","og_locale":"en_US","og_type":"article","og_title":"\u201eAlegorija umetnosti\u201c, ulje na platnu","og_description":"[vc_row][vc_column css=&#8221;.vc_custom_1707215897980{padding-top: 50px !important;}&#8221;][vc_single_image image=&#8221;889&#8243; img_size=&#8221;full&#8221; alignment=&#8221;center&#8221; onclick=&#8221;custom_link&#8221; link=&#8221;https:\/\/palataumetnostimadlena.rs\/en\/&#8221;][\/vc_column][\/vc_row][vc_row][vc_column width=&#8221;1\/4&#8243; css=&#8221;.vc_custom_1707215897980{padding-top: 50px !important;}&#8221;][\/vc_column][vc_column width=&#8221;1\/2&#8243;][vc_single_image image=&#8221;8926&#8243; img_size=&#8221;full&#8221; alignment=&#8221;center&#8221; style=&#8221;vc_box_shadow_3d&#8221;][vc_empty_space][vc_column_text] Komoda, art d\u00e9co Drouet Ren\u00e9, Francuska Dimenzije: 150 x 200 x 50 cm Komoda je lakirana u boji \u0161ljive. Satoji se iz tri dela (kutije) i vratima ukra\u0161enih biljo-floralnim motivima, zlatne boje. U donjem delu komode su","og_url":"https:\/\/palataumetnostimadlena.rs\/en\/alegorija-umetnosti-ulje-na-platnu-5\/","og_site_name":"Palata Umetnosti Madlena","article_publisher":"https:\/\/www.facebook.com\/palataumetnosti","og_image":[{"url":"https:\/\/palataumetnostimadlena.rs\/wp-content\/uploads\/2024\/02\/serbia-icon.jpg"}],"twitter_card":"summary_large_image","twitter_misc":{"Est. reading time":"2 minutes"},"schema":{"@context":"https:\/\/schema.org","@graph":[{"@type":"WebPage","@id":"https:\/\/palataumetnostimadlena.rs\/en\/alegorija-umetnosti-ulje-na-platnu-5\/","url":"https:\/\/palataumetnostimadlena.rs\/en\/alegorija-umetnosti-ulje-na-platnu-5\/","name":"\u201eAlegorija umetnosti\u201c, ulje na platnu","isPartOf":{"@id":"https:\/\/palataumetnostimadlena.rs\/#website"},"primaryImageOfPage":{"@id":"https:\/\/palataumetnostimadlena.rs\/en\/alegorija-umetnosti-ulje-na-platnu-5\/#primaryimage"},"image":{"@id":"https:\/\/palataumetnostimadlena.rs\/en\/alegorija-umetnosti-ulje-na-platnu-5\/#primaryimage"},"thumbnailUrl":"https:\/\/palataumetnostimadlena.rs\/wp-content\/uploads\/2024\/02\/serbia-icon.jpg","datePublished":"2024-11-30T00:17:52+00:00","dateModified":"2024-11-30T00:17:52+00:00","breadcrumb":{"@id":"https:\/\/palataumetnostimadlena.rs\/en\/alegorija-umetnosti-ulje-na-platnu-5\/#breadcrumb"},"inLanguage":"en-US","potentialAction":[{"@type":"ReadAction","target":["https:\/\/palataumetnostimadlena.rs\/en\/alegorija-umetnosti-ulje-na-platnu-5\/"]}]},{"@type":"ImageObject","inLanguage":"en-US","@id":"https:\/\/palataumetnostimadlena.rs\/en\/alegorija-umetnosti-ulje-na-platnu-5\/#primaryimage","url":"https:\/\/palataumetnostimadlena.rs\/wp-content\/uploads\/2024\/02\/serbia-icon.jpg","contentUrl":"https:\/\/palataumetnostimadlena.rs\/wp-content\/uploads\/2024\/02\/serbia-icon.jpg"},{"@type":"BreadcrumbList","@id":"https:\/\/palataumetnostimadlena.rs\/en\/alegorija-umetnosti-ulje-na-platnu-5\/#breadcrumb","itemListElement":[{"@type":"ListItem","position":1,"name":"\u041f\u043e\u0447\u0435\u0442\u043d\u0430","item":"https:\/\/palataumetnostimadlena.rs\/en\/"},{"@type":"ListItem","position":2,"name":"\u201eAlegorija umetnosti\u201c, ulje na platnu"}]},{"@type":"WebSite","@id":"https:\/\/palataumetnostimadlena.rs\/#website","url":"https:\/\/palataumetnostimadlena.rs\/","name":"Palata umetnosti Madlena","description":"","potentialAction":[{"@type":"SearchAction","target":{"@type":"EntryPoint","urlTemplate":"https:\/\/palataumetnostimadlena.rs\/?s={search_term_string}"},"query-input":{"@type":"PropertyValueSpecification","valueRequired":true,"valueName":"search_term_string"}}],"inLanguage":"en-US"}]}},"_links":{"self":[{"href":"https:\/\/palataumetnostimadlena.rs\/en\/wp-json\/wp\/v2\/pages\/8933","targetHints":{"allow":["GET"]}}],"collection":[{"href":"https:\/\/palataumetnostimadlena.rs\/en\/wp-json\/wp\/v2\/pages"}],"about":[{"href":"https:\/\/palataumetnostimadlena.rs\/en\/wp-json\/wp\/v2\/types\/page"}],"author":[{"embeddable":true,"href":"https:\/\/palataumetnostimadlena.rs\/en\/wp-json\/wp\/v2\/users\/1"}],"replies":[{"embeddable":true,"href":"https:\/\/palataumetnostimadlena.rs\/en\/wp-json\/wp\/v2\/comments?post=8933"}],"version-history":[{"count":2,"href":"https:\/\/palataumetnostimadlena.rs\/en\/wp-json\/wp\/v2\/pages\/8933\/revisions"}],"predecessor-version":[{"id":8935,"href":"https:\/\/palataumetnostimadlena.rs\/en\/wp-json\/wp\/v2\/pages\/8933\/revisions\/8935"}],"wp:attachment":[{"href":"https:\/\/palataumetnostimadlena.rs\/en\/wp-json\/wp\/v2\/media?parent=8933"}],"curies":[{"name":"wp","href":"https:\/\/api.w.org\/{rel}","templated":true}]}}