{"id":8695,"date":"2017-05-05T08:28:11","date_gmt":"2017-05-05T06:28:11","guid":{"rendered":"https:\/\/palataumetnostimadlena.rs\/?page_id=8695"},"modified":"2025-03-19T17:47:34","modified_gmt":"2025-03-19T15:47:34","slug":"pocetna","status":"publish","type":"page","link":"https:\/\/palataumetnostimadlena.rs\/fr\/","title":{"rendered":"HOME"},"content":{"rendered":"<section class=\"wpb-content-wrapper\"><p>[vc_row][vc_column el_class=\u00a0\u00bbtc\u00a0\u00bb][rev_slider_vc alias=\u00a0\u00bbslider-1-1-1-eng-1&Prime; el_class=\u00a0\u00bbmain-slider tc\u00a0\u00bb][\/vc_column][\/vc_row][vc_row container=\u00a0\u00bb1&Prime; css=\u00a0\u00bb.vc_custom_1680802470618{padding-top: 40px !important;}\u00a0\u00bb][vc_column el_class=\u00a0\u00bbhome\u00a0\u00bb css=\u00a0\u00bb.vc_custom_1719307538960{padding-bottom: 40px !important;}\u00a0\u00bb] <!--Museum Section-->\r\n    <section class=\"museum-section\">\r\n    \t<div class=\"auto-container\">\r\n        \t<div class=\"row clearfix\">\r\n            \t<!--Content Column-->\r\n                <div class=\"content-column pull-right col-md-6 col-sm-12 col-xs-12\">\r\n\t\t\t\t\t<div class=\"inner\">\r\n\t\t\t\t\t\t<!--Sec Title-->\r\n\t\t\t\t\t\t<div class=\"sec-title\">\r\n\t\t\t\t\t\t\t<h3><\/h3>\r\n\t\t\t\t\t\t\t<h2>PALAIS DES ARTS MADLENA<\/h2>\r\n\t\t\t\t\t\t\t<div class=\"separator\"><\/div>\r\n\t\t\t\t\t\t<\/div>\r\n\t\t\t\t\t\t<div class=\"text\">Le Palais n\u2019est pas qu\u2019un simple mausol\u00e9e, un monument, une maison o\u00f9 r\u00e8gne un silence froid et majestueux : tous cela, il l\u2019est, mais aussi bien plus encore. Il vibre d\u00e9j\u00e0 de vie, d\u2019id\u00e9es, d\u2019ambitions ; les cr\u00e9ateurs et leurs exploits s\u2019y succ\u00e8dent. Du coup, il est d\u00e9j\u00e0 devenu le centre-m\u00eame de l\u2019int\u00e9r\u00eat du public culturel.<\/div>\r\n\t\t\t\t\t\t<a href=\"\" class=\"more-info\"> <span class=\"icon flaticon-right-arrow\"><\/span><\/a>\r\n\t\t\t\t\t<\/div>\r\n                <\/div>\r\n                <!--Image Column-->\r\n            \t<div class=\"image-column pull-left col-md-6 col-sm-12 col-xs-12\">\r\n                \t<div class=\"image wow slideInLeft\" data-wow-delay=\"0ms\" data-wow-duration=\"1500ms\">\r\n                    \t<img decoding=\"async\" src=\"https:\/\/palataumetnostimadlena.rs\/wp-content\/uploads\/2024\/05\/palata.jpg\" alt=\"Image\" \/>\r\n                    <\/div>\r\n                <\/div>\r\n            <\/div>\r\n        <\/div>\r\n    <\/section>\r\n[\/vc_column][\/vc_row][vc_row][vc_column]  <div class=\"museum-section\">\r\n  <div class=\"auto-container\">\r\n  <div class=\"info-section\">\r\n\t<div class=\"row clearfix\">\r\n\t\t<!--Column-->\r\n\t\t   \t \r\n\t\t<!--Column-->\r\n\t\t<div class=\"info-column col-md-12 col-xs-12\">\r\n\t\t\t<div class=\"inner\">\r\n\t\t\t\t<h4>PALAIS \u2013 HORAIRES DE TRAVAIL<\/h4>\r\n\t\t\t\t<h3>Lundi \u2013 dimanche \/ 10h00 \u2013 20h00 <br>\n <br>Les visites guid\u00e9es du mus\u00e9e sont organis\u00e9es tous les jours \u00e0 12h00, 15h00 et 18h00. <br>\nEn raison du nombre limit\u00e9 de visiteurs, veuillez annoncer votre arriv\u00e9e par t\u00e9l\u00e9phone :\n+381 11 266 1460  ou par m\u00e9l :\noffice@palataumetnostimadlena.rs\n <br>\n\n\n<br>\nSoyez bienvenus !<\/h3>\r\n\t\t\t<\/div>\r\n\t\t<\/div>\r\n\t  \r\n\t<\/div>\r\n<\/div>\r\n<\/div>\r\n<\/div>\r\n\t\r\n\t\r\n[\/vc_column][\/vc_row][vc_row el_id=\u00a0\u00bbvirtulatour\u00a0\u00bb][vc_column][vc_row_inner][vc_column_inner el_class=\u00a0\u00bbhome\u00a0\u00bb] <!--About Museum-->\r\n    <section class=\"about-museum\" style=\"background-image:url(https:\/\/palataumetnostimadlena.rs\/wp-content\/uploads\/2023\/06\/O-Palati-foto-6.jpg);\">\r\n    \t<div class=\"auto-container\">\r\n        \t<!--Sec Title-->\r\n            <div class=\"sec-title\">\r\n                <h3><\/h3>\r\n                <h2>PROMENEZ-VOUS DANS LE PALAIS DES ARTS MADLENA<\/h2>\r\n                <div class=\"separator\"><\/div>\r\n                <div class=\"text\">Le Palais des Arts Madlena est un b\u00e2timent \u00e9l\u00e9gant, dont l\u2019architecture \u00e9mane la grandeur, brille de formes exceptionnelles, est un v\u00e9ritable refuge de paix pour tous les amateurs d\u2019art. Avec son arrangement imposant, ses d\u00e9tails raffin\u00e9s et ses jardins magnifiques, ce b\u00e2timent est un symbole de la culture et de l\u2019esprit cr\u00e9ateur. D\u00e8s la porte d\u2019entr\u00e9e les visiteurs sont emport\u00e9s dans un voyage inoubliable \u00e0 travers l\u2019art, o\u00f9 ils n\u2019ont \u00e0 d\u00e9couvrir que des chefs-d\u2019\u0153uvre. Le Palais des Arts Madlena repr\u00e9sente un phare d\u2019inspiration, un lieu qui offre non seulement un plaisir visuel, mais aussi un aspect plus profond de la cr\u00e9ativit\u00e9 humaine et la diversit\u00e9 de l\u2019expression artistique. Soyez les bienvenus dans cet oasis de l\u2019art, o\u00f9 l\u2019imagination devient r\u00e9alit\u00e9, o\u00f9 l\u2019\u00e2me se nourrit de beaut\u00e9.<\/div>\r\n            <\/div>\r\n            \r\n           <div class=\"row clearfix\">\r\n           \t<!--video column-->\r\n           \t<div class=\"video-column col-md-6 col-sm-12 col-xs-12\">\r\n                <div class=\"video-box\">\r\n                    <figure class=\"image\">\r\n                <img decoding=\"async\" src=\"https:\/\/palataumetnostimadlena.rs\/wp-content\/uploads\/2024\/06\/celokupan.jpg\" alt=\"Image\">\r\n                    <\/figure>\r\n                    <a href=\"\" class=\"lightbox-image overlay-box\"><span class=\"flaticon-arrow\"><\/span><\/a>\r\n                <\/div>\r\n            <\/div>\r\n            <!--Content Column-->\r\n            <div class=\"content-column col-md-6 col-sm-12 col-xs-12\">\r\n                <div class=\"inner\">\r\n                \t<h3>UN V\u00c9CU TOTAL DE L\u2019ART<\/h3>\r\n                    <div class=\"text\">Les cat\u00e9gories d\u2019\u00e9v\u00e8nement au Palais des Arts Madlena sont diverses \u00e0 savoir :<\/div>\r\n                    <div class=\"row clearfix\">\r\n                        <div class=\"column col-md-4 col-sm-6 col-xs-12\">\r\n                        \t<!--List Style One-->\r\n                            <ul class=\"list-style-one\">\r\n                            \t\t\r\n\t\t\t\t\t\t\t\t<li><a href=\"#\">Expositions<\/a><\/li>\r\n                       \t\t\r\n\t\t\t\t\t\t\t\t<li><a href=\"#\">Concerts<\/a><\/li>\r\n                       \t\t\r\n\t\t\t\t\t\t\t\t<li><a href=\"#\">Soir\u00e9es litt\u00e9raires<\/a><\/li>\r\n                       \t\t\r\n\t\t\t\t\t\t\t\t<li><a href=\"#\">Formes th\u00e9\u00e2trales<\/a><\/li>\r\n                               \r\n                            <\/ul>\r\n                        <\/div>\r\n                        <div class=\"column col-md-4 col-sm-6 col-xs-12\">\r\n                            <!--List Style One-->\r\n                            <ul class=\"list-style-one\">\r\n            \t\t\r\n\t\t\t<li><a href=\"#\"><\/a><\/li>\r\n                               \r\n                            <\/ul>\r\n                        <\/div>\r\n                        <div class=\"column col-md-4 col-sm-6 col-xs-12\">\r\n                            <!--List Style One-->\r\n                            <ul class=\"list-style-one\">\r\n           \t\t\r\n\t\t\t\t\t\t\t\t<li><a href=\"#\"><\/a><\/li>\r\n                               \r\n                            <\/ul>\r\n                        <\/div>\r\n                    <\/div>\r\n                    <a href=\"\" class=\"read-more\"> &ensp;<span class=\"icon fa fa-long-arrow-right\"><\/span><\/a>\r\n                <\/div>\r\n            <\/div>\r\n           <\/div>     \r\n        <\/div>\r\n    <\/section>\r\n    <!--About Museum-->\r\n[\/vc_column_inner][\/vc_row_inner][\/vc_column][\/vc_row][vc_row css=\u00a0\u00bb.vc_custom_1718874213056{padding-top: -100px !important;padding-bottom: -100px !important;}\u00a0\u00bb][vc_column] \r\n\r\n   \r\n\r\n    <section class=\"testimonial-section\" style=\"background-image:url(https:\/\/palataumetnostimadlena.rs\/wp-content\/uploads\/2023\/06\/O-Palati-foto-2-1.jpg);\">\r\n    \t<div class=\"auto-container\">\r\n        \t\r\n            <!--Client Testimonial Carousel-->\r\n            <div class=\"client-testimonial-carousel owl-carousel owl-theme\">\r\n                            <!--Testimonial Block Two-->\r\n                <div class=\"testimonial-block-two\">\r\n                    <div class=\"inner-box\">\r\n                    \t<div class=\"quote-icon\"><span class=\"icon flaticon-left-quote\"><\/span><\/div>\r\n                        <div class=\"text\">L\u2019originalit\u00e9 de Mme et M. Zepter et la dimension de leurs personnalit\u00e9s se refl\u00e8tent, surtout, dans leurs investissement culturels et sociaux.<\/div>\r\n                    <\/div>\r\n                <\/div>\r\n\t\t\t                <!--Testimonial Block Two-->\r\n                <div class=\"testimonial-block-two\">\r\n                    <div class=\"inner-box\">\r\n                    \t<div class=\"quote-icon\"><span class=\"icon flaticon-left-quote\"><\/span><\/div>\r\n                        <div class=\"text\">\u00abJ\u2019aime cette \u00e9l\u00e9gance sud-slave qui consiste \u00e0 ne jamais s\u2019int\u00e9resser \u00e0 ce qui nous int\u00e9resse vraiment, \u00e9mus par ce qui nous inqui\u00e8te ou nous passionne, fatigu\u00e9s de ce qui nous \u00e9puise.<\/div>\r\n                    <\/div>\r\n                <\/div>\r\n\t\t\t                <!--Testimonial Block Two-->\r\n                <div class=\"testimonial-block-two\">\r\n                    <div class=\"inner-box\">\r\n                    \t<div class=\"quote-icon\"><span class=\"icon flaticon-left-quote\"><\/span><\/div>\r\n                        <div class=\"text\">L&rsquo;originalit\u00e9 de Mme Zepter et la grandeur de leur personnalit\u00e9 se refl\u00e8tent surtout dans leurs investissements culturels et sociaux.<\/div>\r\n                    <\/div>\r\n                <\/div>\r\n\t\t\t                <!--Testimonial Block Two-->\r\n                <div class=\"testimonial-block-two\">\r\n                    <div class=\"inner-box\">\r\n                    \t<div class=\"quote-icon\"><span class=\"icon flaticon-left-quote\"><\/span><\/div>\r\n                        <div class=\"text\">Derri\u00e8re chaque grand homme, dit-on, se cache une grande femme, mais cela peut aussi \u00eatre l\u2019inverse. Derri\u00e8re une femme au grand c\u0153ur, vou\u00e9e \u00e0 la beaut\u00e9, \u00e0 l\u2019humanit\u00e9, \u00e0 la bont\u00e9, autrement dit \u00e0 l\u2019art, se cache un grand mage de business, l\u2019esprit cr\u00e9atif d\u2019un homme d\u2019affaires, un gentleman \u00e0 l\u2019\u00e2me large, Philip. Cette symbiose a fait na\u00eetre de nombreux grands cadeaux qui marqueront de fa\u00e7on permanente la fin du 20 e\u00a0 et le d\u00e9but du 21e\u00a0 si\u00e8cle, surtout la vie culturelle de Belgrade et de la Serbie. Madlena et Philip Zepter. Leurs symbiose a fait na\u00eetre le miracle de l\u2019harmonie, de l\u2019utilit\u00e9 d\u2019un ext\u00e9rieur et d\u2019un int\u00e9rieur enrichi de sens, encore un nouveau cadeau fait \u00e0 la nation de la part des Zepter, cet \u00e9difice l\u00e9gu\u00e9 de Madlena Zepter \u00e0 la post\u00e9rit\u00e9 nomm\u00e9\u00a0: Palais des Arts Madlena.<\/div>\r\n                    <\/div>\r\n                <\/div>\r\n\t\t\t\t\t\r\n\t\t\t\t\r\n            <\/div>\r\n            \r\n            <!--Client Thumbs Carousel-->\r\n            <div class=\"client-thumb-outer\">\r\n                <div class=\"client-thumbs-carousel owl-carousel owl-theme\">\r\n                    \r\n\t\t\t\t\t\r\n                    <div class=\"thumb-item\">\r\n                    \t<figure class=\"thumb-box\"> <img loading=\"lazy\" decoding=\"async\" width=\"80\" height=\"80\" src=\"https:\/\/palataumetnostimadlena.rs\/wp-content\/uploads\/2023\/07\/patrik.png\" class=\"attachment-post-thumbnail size-post-thumbnail wp-post-image\" alt=\"\" srcset=\"https:\/\/palataumetnostimadlena.rs\/wp-content\/uploads\/2023\/07\/patrik.png 80w, https:\/\/palataumetnostimadlena.rs\/wp-content\/uploads\/2023\/07\/patrik-55x55.png 55w, https:\/\/palataumetnostimadlena.rs\/wp-content\/uploads\/2023\/07\/patrik-70x70.png 70w\" sizes=\"auto, (max-width: 80px) 100vw, 80px\" \/><\/figure>\r\n                        <div class=\"thumb-content\">\r\n                        \t<h3>Patrick Besson<\/h3>\r\n\t                        <div class=\"designation\">knji\u017eevnik, laureat Francuske akademije<\/div>\r\n                        <\/div>\r\n                    <\/div>\r\n\t\t\t\t\t\r\n                    <div class=\"thumb-item\">\r\n                    \t<figure class=\"thumb-box\"> <img loading=\"lazy\" decoding=\"async\" width=\"80\" height=\"80\" src=\"https:\/\/palataumetnostimadlena.rs\/wp-content\/uploads\/2017\/05\/neda.png\" class=\"attachment-post-thumbnail size-post-thumbnail wp-post-image\" alt=\"\" srcset=\"https:\/\/palataumetnostimadlena.rs\/wp-content\/uploads\/2017\/05\/neda.png 80w, https:\/\/palataumetnostimadlena.rs\/wp-content\/uploads\/2017\/05\/neda-55x55.png 55w, https:\/\/palataumetnostimadlena.rs\/wp-content\/uploads\/2017\/05\/neda-70x70.png 70w\" sizes=\"auto, (max-width: 80px) 100vw, 80px\" \/><\/figure>\r\n                        <div class=\"thumb-content\">\r\n                        \t<h3>Dr Neda Todorovi\u0107<\/h3>\r\n\t                        <div class=\"designation\">profesor FPN<\/div>\r\n                        <\/div>\r\n                    <\/div>\r\n\t\t\t\t\t\r\n                    <div class=\"thumb-item\">\r\n                    \t<figure class=\"thumb-box\"> <img loading=\"lazy\" decoding=\"async\" width=\"80\" height=\"80\" src=\"https:\/\/palataumetnostimadlena.rs\/wp-content\/uploads\/2017\/05\/author-1.jpg\" class=\"attachment-post-thumbnail size-post-thumbnail wp-post-image\" alt=\"\" srcset=\"https:\/\/palataumetnostimadlena.rs\/wp-content\/uploads\/2017\/05\/author-1.jpg 80w, https:\/\/palataumetnostimadlena.rs\/wp-content\/uploads\/2017\/05\/author-1-55x55.jpg 55w, https:\/\/palataumetnostimadlena.rs\/wp-content\/uploads\/2017\/05\/author-1-70x70.jpg 70w\" sizes=\"auto, (max-width: 80px) 100vw, 80px\" \/><\/figure>\r\n                        <div class=\"thumb-content\">\r\n                        \t<h3>Serenela Granjani<\/h3>\r\n\t                        <div class=\"designation\">psiholog, re\u017eiser i terapeut<\/div>\r\n                        <\/div>\r\n                    <\/div>\r\n\t\t\t\t\t\r\n                    <div class=\"thumb-item\">\r\n                    \t<figure class=\"thumb-box\"> <img loading=\"lazy\" decoding=\"async\" width=\"80\" height=\"80\" src=\"https:\/\/palataumetnostimadlena.rs\/wp-content\/uploads\/2017\/05\/miodragilic.png\" class=\"attachment-post-thumbnail size-post-thumbnail wp-post-image\" alt=\"\" srcset=\"https:\/\/palataumetnostimadlena.rs\/wp-content\/uploads\/2017\/05\/miodragilic.png 80w, https:\/\/palataumetnostimadlena.rs\/wp-content\/uploads\/2017\/05\/miodragilic-55x55.png 55w, https:\/\/palataumetnostimadlena.rs\/wp-content\/uploads\/2017\/05\/miodragilic-70x70.png 70w\" sizes=\"auto, (max-width: 80px) 100vw, 80px\" \/><\/figure>\r\n                        <div class=\"thumb-content\">\r\n                        \t<h3>Miodrag Ili\u0107<\/h3>\r\n\t                        <div class=\"designation\">Dramski pisac<\/div>\r\n                        <\/div>\r\n                    <\/div>\r\n\t\t\t\t\t\r\n\t\t\t\t\t\r\n                <\/div>\r\n            <\/div>\r\n            \r\n        <\/div>\r\n    <\/section>\r\n\r\n\t\r\n\r\n[\/vc_column][\/vc_row][vc_row][vc_column][vc_column_text css_animation=\u00a0\u00bbfadeInUp\u00a0\u00bb css=\u00a0\u00bb.vc_custom_1742399251805{padding-top: 30px !important;padding-bottom: 30px !important;background-color: #cd9b36 !important;}\u00a0\u00bb]<\/p>\n<h4 style=\"text-align: center;\"><strong>\u00a0<\/strong><\/h4>\n<h4 style=\"text-align: center;\"><strong>Bienvenus au Palais des Arts <em>Madlena<br \/>\n<\/em><\/strong><\/h4>\n<h4 id=\"tw-target-text\" class=\"tw-data-text tw-text-large tw-ta\" dir=\"ltr\" style=\"text-align: center;\" data-placeholder=\"Translation\" data-ved=\"2ahUKEwjS2faj5LSJAxUJ9rsIHSC7CQIQ3ewLegQIBxAT\" aria-label=\"Translated text: Mus\u00e9e des Antiquit\u00e9s\"><strong><span class=\"Y2IQFc\" lang=\"fr\">Mus\u00e9e des Antiquit\u00e9s<br \/>\n<\/span><\/strong>Bulevar kneza Aleksandra Kara\u0111or\u0111evi\u0107a 53<\/h4>\n<h4 style=\"text-align: center;\">11040 Beograd<\/h4>\n<h4 class=\"tw-data-text tw-text-large tw-ta\" dir=\"ltr\" style=\"text-align: center;\" data-placeholder=\"Translation\" data-ved=\"2ahUKEwjS2faj5LSJAxUJ9rsIHSC7CQIQ3ewLegQIBxAT\" aria-label=\"Translated text: t\u00e9l\u00e9phone:\"><span class=\"Y2IQFc\" lang=\"fr\">t\u00e9l\u00e9phone : <\/span>+381 11 2661 460<\/h4>\n<h4 style=\"text-align: center;\"><a style=\"color: white;\" href=\"mailto:office@palataumetnostimadlena.rs\"><strong>office@palataumetnostimadlena.r<\/strong>s<\/a><\/h4>\n<p>[\/vc_column_text]   \n[\/vc_column][\/vc_row][vc_row][vc_column][vc_column_text]<\/p>\n<p>[\/vc_column_text][\/vc_column][\/vc_row]<\/p>\n<\/section>","protected":false},"excerpt":{"rendered":"<p>[vc_row][vc_column el_class=\u00a0\u00bbtc\u00a0\u00bb][rev_slider_vc alias=\u00a0\u00bbslider-1-1-1-eng-1&Prime; el_class=\u00a0\u00bbmain-slider tc\u00a0\u00bb][\/vc_column][\/vc_row][vc_row container=\u00a0\u00bb1&Prime; css=\u00a0\u00bb.vc_custom_1680802470618{padding-top: 40px !important;}\u00a0\u00bb][vc_column el_class=\u00a0\u00bbhome\u00a0\u00bb css=\u00a0\u00bb.vc_custom_1719307538960{padding-bottom: 40px !important;}\u00a0\u00bb][\/vc_column][\/vc_row][vc_row][vc_column][\/vc_column][\/vc_row][vc_row el_id=\u00a0\u00bbvirtulatour\u00a0\u00bb][vc_column][vc_row_inner][vc_column_inner el_class=\u00a0\u00bbhome\u00a0\u00bb][\/vc_column_inner][\/vc_row_inner][\/vc_column][\/vc_row][vc_row css=\u00a0\u00bb.vc_custom_1718874213056{padding-top: -100px !important;padding-bottom: -100px !important;}\u00a0\u00bb][vc_column][\/vc_column][\/vc_row][vc_row][vc_column][vc_column_text css_animation=\u00a0\u00bbfadeInUp\u00a0\u00bb css=\u00a0\u00bb.vc_custom_1742399251805{padding-top: 30px !important;padding-bottom: 30px !important;background-color: #cd9b36 !important;}\u00a0\u00bb] \u00a0 Bienvenus au Palais des Arts Madlena Mus\u00e9e des Antiquit\u00e9s Bulevar kneza Aleksandra Kara\u0111or\u0111evi\u0107a 53 11040 Beograd t\u00e9l\u00e9phone : +381 11 2661 460 office@palataumetnostimadlena.rs [\/vc_column_text][\/vc_column][\/vc_row][vc_row][vc_column][vc_column_text] [\/vc_column_text][\/vc_column][\/vc_row]<\/p>\n","protected":false},"author":1,"featured_media":0,"parent":0,"menu_order":0,"comment_status":"closed","ping_status":"closed","template":"tpl-visual_composer.php","meta":{"footnotes":""},"class_list":["post-8695","page","type-page","status-publish","hentry"],"yoast_head":"<!-- This site is optimized with the Yoast SEO plugin v23.7 - https:\/\/yoast.com\/wordpress\/plugins\/seo\/ -->\n<title>HOME<\/title>\n<meta name=\"robots\" content=\"index, follow, max-snippet:-1, max-image-preview:large, max-video-preview:-1\" \/>\n<link rel=\"canonical\" href=\"https:\/\/palataumetnostimadlena.rs\/fr\/\" \/>\n<meta property=\"og:locale\" content=\"fr_FR\" \/>\n<meta property=\"og:type\" content=\"article\" \/>\n<meta property=\"og:title\" content=\"HOME\" \/>\n<meta property=\"og:description\" content=\"[vc_row][vc_column el_class=\u00a0\u00bbtc\u00a0\u00bb][rev_slider_vc alias=\u00a0\u00bbslider-1-1-1-eng-1&Prime; el_class=\u00a0\u00bbmain-slider tc\u00a0\u00bb][\/vc_column][\/vc_row][vc_row container=\u00a0\u00bb1&Prime; css=\u00a0\u00bb.vc_custom_1680802470618{padding-top: 40px !important;}\u00a0\u00bb][vc_column el_class=\u00a0\u00bbhome\u00a0\u00bb css=\u00a0\u00bb.vc_custom_1719307538960{padding-bottom: 40px !important;}\u00a0\u00bb][\/vc_column][\/vc_row][vc_row][vc_column][\/vc_column][\/vc_row][vc_row el_id=\u00a0\u00bbvirtulatour\u00a0\u00bb][vc_column][vc_row_inner][vc_column_inner el_class=\u00a0\u00bbhome\u00a0\u00bb][\/vc_column_inner][\/vc_row_inner][\/vc_column][\/vc_row][vc_row css=\u00a0\u00bb.vc_custom_1718874213056{padding-top: -100px !important;padding-bottom: -100px !important;}\u00a0\u00bb][vc_column][\/vc_column][\/vc_row][vc_row][vc_column][vc_column_text css_animation=\u00a0\u00bbfadeInUp\u00a0\u00bb css=\u00a0\u00bb.vc_custom_1742399251805{padding-top: 30px !important;padding-bottom: 30px !important;background-color: #cd9b36 !important;}\u00a0\u00bb] \u00a0 Bienvenus au Palais des Arts Madlena Mus\u00e9e des Antiquit\u00e9s Bulevar kneza Aleksandra Kara\u0111or\u0111evi\u0107a 53 11040 Beograd t\u00e9l\u00e9phone : +381 11 2661 460 office@palataumetnostimadlena.rs [\/vc_column_text][\/vc_column][\/vc_row][vc_row][vc_column][vc_column_text] [\/vc_column_text][\/vc_column][\/vc_row]\" \/>\n<meta property=\"og:url\" content=\"https:\/\/palataumetnostimadlena.rs\/fr\/\" \/>\n<meta property=\"og:site_name\" content=\"Palata umetnosti Madlena\" \/>\n<meta property=\"article:publisher\" content=\"https:\/\/www.facebook.com\/palataumetnosti\" \/>\n<meta property=\"article:modified_time\" content=\"2025-03-19T15:47:34+00:00\" \/>\n<meta name=\"twitter:card\" content=\"summary_large_image\" \/>\n<meta name=\"twitter:label1\" content=\"Dur\u00e9e de lecture estim\u00e9e\" \/>\n\t<meta name=\"twitter:data1\" content=\"3 minutes\" \/>\n<script type=\"application\/ld+json\" class=\"yoast-schema-graph\">{\"@context\":\"https:\/\/schema.org\",\"@graph\":[{\"@type\":\"WebPage\",\"@id\":\"https:\/\/palataumetnostimadlena.rs\/fr\/\",\"url\":\"https:\/\/palataumetnostimadlena.rs\/fr\/\",\"name\":\"HOME\",\"isPartOf\":{\"@id\":\"https:\/\/palataumetnostimadlena.rs\/#website\"},\"datePublished\":\"2017-05-05T06:28:11+00:00\",\"dateModified\":\"2025-03-19T15:47:34+00:00\",\"breadcrumb\":{\"@id\":\"https:\/\/palataumetnostimadlena.rs\/fr\/#breadcrumb\"},\"inLanguage\":\"fr-FR\",\"potentialAction\":[{\"@type\":\"ReadAction\",\"target\":[\"https:\/\/palataumetnostimadlena.rs\/fr\/\"]}]},{\"@type\":\"BreadcrumbList\",\"@id\":\"https:\/\/palataumetnostimadlena.rs\/fr\/#breadcrumb\",\"itemListElement\":[{\"@type\":\"ListItem\",\"position\":1,\"name\":\"\u041f\u043e\u0447\u0435\u0442\u043d\u0430\",\"item\":\"https:\/\/palataumetnostimadlena.rs\/fr\/\"},{\"@type\":\"ListItem\",\"position\":2,\"name\":\"HOME\"}]},{\"@type\":\"WebSite\",\"@id\":\"https:\/\/palataumetnostimadlena.rs\/#website\",\"url\":\"https:\/\/palataumetnostimadlena.rs\/\",\"name\":\"Palata umetnosti Madlena\",\"description\":\"\",\"potentialAction\":[{\"@type\":\"SearchAction\",\"target\":{\"@type\":\"EntryPoint\",\"urlTemplate\":\"https:\/\/palataumetnostimadlena.rs\/?s={search_term_string}\"},\"query-input\":{\"@type\":\"PropertyValueSpecification\",\"valueRequired\":true,\"valueName\":\"search_term_string\"}}],\"inLanguage\":\"fr-FR\"}]}<\/script>\n<!-- \/ Yoast SEO plugin. -->","yoast_head_json":{"title":"HOME","robots":{"index":"index","follow":"follow","max-snippet":"max-snippet:-1","max-image-preview":"max-image-preview:large","max-video-preview":"max-video-preview:-1"},"canonical":"https:\/\/palataumetnostimadlena.rs\/fr\/","og_locale":"fr_FR","og_type":"article","og_title":"HOME","og_description":"[vc_row][vc_column el_class=\u00a0\u00bbtc\u00a0\u00bb][rev_slider_vc alias=\u00a0\u00bbslider-1-1-1-eng-1&Prime; el_class=\u00a0\u00bbmain-slider tc\u00a0\u00bb][\/vc_column][\/vc_row][vc_row container=\u00a0\u00bb1&Prime; css=\u00a0\u00bb.vc_custom_1680802470618{padding-top: 40px !important;}\u00a0\u00bb][vc_column el_class=\u00a0\u00bbhome\u00a0\u00bb css=\u00a0\u00bb.vc_custom_1719307538960{padding-bottom: 40px !important;}\u00a0\u00bb][\/vc_column][\/vc_row][vc_row][vc_column][\/vc_column][\/vc_row][vc_row el_id=\u00a0\u00bbvirtulatour\u00a0\u00bb][vc_column][vc_row_inner][vc_column_inner el_class=\u00a0\u00bbhome\u00a0\u00bb][\/vc_column_inner][\/vc_row_inner][\/vc_column][\/vc_row][vc_row css=\u00a0\u00bb.vc_custom_1718874213056{padding-top: -100px !important;padding-bottom: -100px !important;}\u00a0\u00bb][vc_column][\/vc_column][\/vc_row][vc_row][vc_column][vc_column_text css_animation=\u00a0\u00bbfadeInUp\u00a0\u00bb css=\u00a0\u00bb.vc_custom_1742399251805{padding-top: 30px !important;padding-bottom: 30px !important;background-color: #cd9b36 !important;}\u00a0\u00bb] \u00a0 Bienvenus au Palais des Arts Madlena Mus\u00e9e des Antiquit\u00e9s Bulevar kneza Aleksandra Kara\u0111or\u0111evi\u0107a 53 11040 Beograd t\u00e9l\u00e9phone : +381 11 2661 460 office@palataumetnostimadlena.rs [\/vc_column_text][\/vc_column][\/vc_row][vc_row][vc_column][vc_column_text] [\/vc_column_text][\/vc_column][\/vc_row]","og_url":"https:\/\/palataumetnostimadlena.rs\/fr\/","og_site_name":"Palata umetnosti Madlena","article_publisher":"https:\/\/www.facebook.com\/palataumetnosti","article_modified_time":"2025-03-19T15:47:34+00:00","twitter_card":"summary_large_image","twitter_misc":{"Dur\u00e9e de lecture estim\u00e9e":"3 minutes"},"schema":{"@context":"https:\/\/schema.org","@graph":[{"@type":"WebPage","@id":"https:\/\/palataumetnostimadlena.rs\/fr\/","url":"https:\/\/palataumetnostimadlena.rs\/fr\/","name":"HOME","isPartOf":{"@id":"https:\/\/palataumetnostimadlena.rs\/#website"},"datePublished":"2017-05-05T06:28:11+00:00","dateModified":"2025-03-19T15:47:34+00:00","breadcrumb":{"@id":"https:\/\/palataumetnostimadlena.rs\/fr\/#breadcrumb"},"inLanguage":"fr-FR","potentialAction":[{"@type":"ReadAction","target":["https:\/\/palataumetnostimadlena.rs\/fr\/"]}]},{"@type":"BreadcrumbList","@id":"https:\/\/palataumetnostimadlena.rs\/fr\/#breadcrumb","itemListElement":[{"@type":"ListItem","position":1,"name":"\u041f\u043e\u0447\u0435\u0442\u043d\u0430","item":"https:\/\/palataumetnostimadlena.rs\/fr\/"},{"@type":"ListItem","position":2,"name":"HOME"}]},{"@type":"WebSite","@id":"https:\/\/palataumetnostimadlena.rs\/#website","url":"https:\/\/palataumetnostimadlena.rs\/","name":"Palata umetnosti Madlena","description":"","potentialAction":[{"@type":"SearchAction","target":{"@type":"EntryPoint","urlTemplate":"https:\/\/palataumetnostimadlena.rs\/?s={search_term_string}"},"query-input":{"@type":"PropertyValueSpecification","valueRequired":true,"valueName":"search_term_string"}}],"inLanguage":"fr-FR"}]}},"_links":{"self":[{"href":"https:\/\/palataumetnostimadlena.rs\/fr\/wp-json\/wp\/v2\/pages\/8695","targetHints":{"allow":["GET"]}}],"collection":[{"href":"https:\/\/palataumetnostimadlena.rs\/fr\/wp-json\/wp\/v2\/pages"}],"about":[{"href":"https:\/\/palataumetnostimadlena.rs\/fr\/wp-json\/wp\/v2\/types\/page"}],"author":[{"embeddable":true,"href":"https:\/\/palataumetnostimadlena.rs\/fr\/wp-json\/wp\/v2\/users\/1"}],"replies":[{"embeddable":true,"href":"https:\/\/palataumetnostimadlena.rs\/fr\/wp-json\/wp\/v2\/comments?post=8695"}],"version-history":[{"count":9,"href":"https:\/\/palataumetnostimadlena.rs\/fr\/wp-json\/wp\/v2\/pages\/8695\/revisions"}],"predecessor-version":[{"id":9648,"href":"https:\/\/palataumetnostimadlena.rs\/fr\/wp-json\/wp\/v2\/pages\/8695\/revisions\/9648"}],"wp:attachment":[{"href":"https:\/\/palataumetnostimadlena.rs\/fr\/wp-json\/wp\/v2\/media?parent=8695"}],"curies":[{"name":"wp","href":"https:\/\/api.w.org\/{rel}","templated":true}]}}