{"id":8707,"date":"2023-06-13T11:01:30","date_gmt":"2023-06-13T09:01:30","guid":{"rendered":"https:\/\/palataumetnostimadlena.rs\/?page_id=8707"},"modified":"2024-10-30T02:24:03","modified_gmt":"2024-10-30T00:24:03","slug":"osnivac","status":"publish","type":"page","link":"https:\/\/palataumetnostimadlena.rs\/fr\/osnivac\/","title":{"rendered":"FONDATEUR"},"content":{"rendered":"<section class=\"wpb-content-wrapper\"><p>[vc_row container=\u00a0\u00bb1&Prime; css=\u00a0\u00bb.vc_custom_1494218396670{padding-top: 40px !important;}\u00a0\u00bb][vc_column el_class=\u00a0\u00bbosnivac\u00a0\u00bb]    <section class=\"museum-history no-padding-bottom\">\r\n    \t<div class=\"auto-container\">\r\n        \t<div class=\"row clearfix\">\r\n            \t<!--Content Column-->\r\n            \t<div class=\"content-column col-md-6 col-sm-12 col-xs-12\">\r\n                    <div class=\"inner\">\r\n                    \t<div class=\"title\">\r\n                        \t<h3>Madlena Zepter<\/h3>\r\n\t\t\t\t\t\t\t<h2>DISCOURS DE LA FONDATRICE<\/h2>\r\n                        <\/div>\r\n                        <div class=\"content\">\r\n                        \t<div class=\"dark-text\">Deux moments de notre vie se sont produits \u00e0 la m\u00eame date, au m\u00eame endroit, fin septembre 2022, dans notre Belgrade : nous avons c\u00e9l\u00e9br\u00e9 nos 50 ans de mariage et l\u2019ach\u00e8vement d\u2019un concept ambitieux li\u00e9 au programme de la nouvelle institution, dans laquelle nous avons investi cinq ans de cr\u00e9ativit\u00e9, de d\u00e9vouement et d\u2019amour.<br \/>\nDeux \u00e9tudiants s\u2019\u00e9taient rencontr\u00e9s il y a longtemps, un mois d\u2019ao\u00fbt, \u00e0 la biblioth\u00e8que universitaire de Belgrade.<br \/>\nLes deux amants se sont mari\u00e9s le m\u00eame automne dans leur propre ville.<br \/>\nEn construisant notre vie, gr\u00e2ce au succ\u00e8s de la soci\u00e9t\u00e9 Zepter International nous avons construit et offert \u00e0 notre peuple, au cours de longues ann\u00e9es, de nombreuses entreprises bien connues, marqu\u00e9es de succ\u00e8s. Nous avons investi de mani\u00e8re d\u00e9sint\u00e9ress\u00e9e des ressources financi\u00e8res \u00e0 la culture, au patrimoine artistique, \u00e0 l\u2019\u00e9ducation, \u00e0 la m\u00e9decine, \u00e0 l\u2019\u00e9cologie, au sport, \u00e0 la solidarit\u00e9 internationale. La philanthropie est notre force motrice, notre principe fondamental. <\/div>\r\n                            <a href=\"\" class=\"more-info\"><span class=\"icon fa fa-long-arrow-right\"><\/span><\/a>\r\n                        <\/div>\r\n                    <\/div>\r\n                <\/div>\r\n                <!--Image Column-->\r\n                <div class=\"image-column col-md-6 col-sm-12 col-xs-12\">\r\n                \t<div class=\"inner\">\r\n                    \t<div class=\"image wow fadeInRight\" data-wow-delay=\"0ms\" data-wow-duration=\"1500ms\">\r\n                        \t<img decoding=\"async\" src=\"https:\/\/palataumetnostimadlena.rs\/wp-content\/uploads\/2024\/05\/Gdja-Madlena-Zepter-Osnivac-Palate-umetnosti.jpg\" alt=\"Image\" \/>\r\n                            <div class=\"more-photo\">\r\n                           \r\n\t\t\t\t\t\t\t\t<a href=\"\"><\/a>\r\n                            <\/div>\r\n                        <\/div>\r\n                    <\/div>\r\n                <\/div>\r\n            <\/div>\r\n        <\/div>\r\n    <\/section>\r\n[\/vc_column][\/vc_row][vc_row container=\u00a0\u00bb1&Prime; css=\u00a0\u00bb.vc_custom_1494218396670{padding-top: 40px !important;}\u00a0\u00bb][vc_column width=\u00a0\u00bb5\/6&Prime;][vc_column_text]Cette b\u00e9n\u00e9diction qui nous suit, nous avons d\u00e9cid\u00e9 de la partager avec les \u00a0autres sans le moindre int\u00e9r\u00eat, pour le bien commun. Le Palais des Arts <em>Madlena<\/em> est la somme des efforts de ma vie, un h\u00e9ritage pour l\u2019avenir avec lequel mon mari et\u00a0 moi couronnons une s\u00e9rie de r\u00e9alisations \u00e0 savoir: la Fondation des Projets Scientifiques, Techniques et Culturels, la Galerie, et plus tard le Mus\u00e9e <em>Zepter<\/em>, la Maison des ventes aux ench\u00e8res Madl\u2019Art (qui f\u00eate ses 20 ans d\u2019activit\u00e9), la Maison d\u2019\u00e9dition <em>Zepter Book World<\/em>, l\u2019Op\u00e9ra et le Th\u00e9\u00e2tre <em>Madlenianum<\/em>, le Studio de cr\u00e9ation <em>Zepter<\/em> (production cin\u00e9matographique et t\u00e9l\u00e9visuelle), le Prix litt\u00e9raire <em>Plume des Femmes<\/em>, d\u00e9cern\u00e9 par la revue f\u00e9minine \u201e<em>Politika Bazar<\/em>\u201c, sponsoring du Prix <em>Dobri\u010din prsten<\/em>, attribu\u00e9 aux acteurs par l\u2019Association d\u2019 artistes dramatiques de Serbie pour l\u2019\u0153uvre de toute la vie, Les Fonds de bourses d\u2019\u00e9tudes pour \u00e9tudiants et athl\u00e8tes dou\u00e9s, ainsi que deux prix prestigieux de renomm\u00e9e mondiale \u2013 le Prix Litt\u00e9raire Europ\u00e9en Madlena Zepter (pour la litt\u00e9rature) et le <em>Zepter International<\/em> <em>Award ArtZept<\/em> pour la grande port\u00e9e en mati\u00e8re de design et d\u2019art appliqu\u00e9, attribu\u00e9 depuis 18 ans.<\/p>\n<p>Il est logique qu\u2019au moment d\u2019un anniversaire aussi important on fasse des bilans et que, sans faire des auto-\u00e9loges inutiles, on r\u00e9fl\u00e9chisse en toute honn\u00eatet\u00e9 au chemin parcouru jusqu\u2019\u00e0 pr\u00e9sent. Et ce chemin, parcouru par la Famille Zepter est bouleversant, pas seulement en raison des r\u00e9ussites commerciales des derni\u00e8res 45 ann\u00e9es, mais surtout gr\u00e2ce aux \u00e9motions v\u00e9cues sur le plan humain, culturel et social. L\u2019histoire de la Soci\u00e9t\u00e9 s\u2019enchev\u00eatre de fa\u00e7on multiple \u00e0 la vie et aux passions de ses fondateurs, Madlena et Philip : donc, c\u2019est l\u2019histoire de leurs sentiments et leurs rencontres.\u00a0\u00a0 On en trouve le t\u00e9moignage dans les dizaines de r\u00e9compenses que j\u2019ai re\u00e7ues personnellement pour mon travail en tant que Femme de l\u2019ann\u00e9e dans de nombreux pays. Soulignons-en une seule, <em>Eliff Island-Medal of honor<\/em>, que j\u2019ai re\u00e7ue, comme l\u2019une de rares laur\u00e9ates dont l\u2019origine n\u2019est pas am\u00e9ricaine, pour la contribution globale dans le domaine de la philanthropie dans le monde. Et pour en finir, permettez-moi de mettre en relief avec fiert\u00e9 la derni\u00e8re : la L\u00e9gion d\u2019honneur qui m\u2019a \u00e9t\u00e9 d\u00e9cern\u00e9e par l\u2019\u00c9tat fran\u00e7ais.<\/p>\n<p>La devise qui nous a men\u00e9s sur ce chemin, c\u2019est : compl\u00e9ter la vie quotidienne de qualit\u00e9s et de valeurs, contribuer \u00e0 la sant\u00e9 et au bien-\u00eatre des personnes, lancer des produits qui ne mettent pas en danger l\u2019environnement, rendre des services en respectant des utilisateurs et d\u00e9velopper une profonde conscience \u00e9cologique. La marque <em>Zepter<\/em> est, d\u2019une part, une incarnation de la qualit\u00e9 sup\u00e9rieure et, d\u2019autre part, une v\u00e9ritable passion pour un style de vie sain et exclusif. Tout cela est communiqu\u00e9 par notre slogan : Vivre mieux \u2013 vivre plus longtemps.<\/p>\n<p>La mission de la soci\u00e9t\u00e9 <em>Zepter International<\/em> \u2013 la recherche globale d\u2019une meilleure qualit\u00e9 de vie \u2013 a une large envergure qui s\u2019\u00e9tend sur les cinq continents. D\u2019une ann\u00e9e \u00e0 l\u2019autre elle influence des millions de personnes. Le <em>Groupe Zepter<\/em> a re\u00e7u des prix dans le monde entier, tant que pour l\u2019originalit\u00e9 du design et l\u2019excellente qualit\u00e9 de ses produits que pour l\u2019utilisation des technologies de production les plus avanc\u00e9es.<\/p>\n<p>Tout a commenc\u00e9 par une grande id\u00e9e commerciale tr\u00e8s ambitieuse \u2013 l\u2019amour de l\u2019humanit\u00e9 et la passion du succ\u00e8s, comme l\u2019a d\u00e9clar\u00e9 Philip Zepter, pr\u00e9sident de <em>Zepter International<\/em>, \u00e0 l\u2019occasion de son 45 \u0364 anniversaire. Notre soci\u00e9t\u00e9 est cr\u00e9\u00e9e sur ces fondements et travaille depuis cinq d\u00e9cennies avec la m\u00eame passion sur la r\u00e9alisation de notre mission.<\/p>\n<p>Madlena Zepter[\/vc_column_text][vc_empty_space height=\u00a0\u00bb44px\u00a0\u00bb][\/vc_column][vc_column width=\u00a0\u00bb1\/6&Prime;][\/vc_column][\/vc_row]<\/p>\n<\/section>","protected":false},"excerpt":{"rendered":"<p>[vc_row container=\u00a0\u00bb1&Prime; css=\u00a0\u00bb.vc_custom_1494218396670{padding-top: 40px !important;}\u00a0\u00bb][vc_column el_class=\u00a0\u00bbosnivac\u00a0\u00bb][\/vc_column][\/vc_row][vc_row container=\u00a0\u00bb1&Prime; css=\u00a0\u00bb.vc_custom_1494218396670{padding-top: 40px !important;}\u00a0\u00bb][vc_column width=\u00a0\u00bb5\/6&Prime;][vc_column_text]Cette b\u00e9n\u00e9diction qui nous suit, nous avons d\u00e9cid\u00e9 de la partager avec les \u00a0autres sans le moindre int\u00e9r\u00eat, pour le bien commun. Le Palais des Arts Madlena est la somme des efforts de ma vie, un h\u00e9ritage pour l\u2019avenir avec lequel mon mari et\u00a0 moi<\/p>\n","protected":false},"author":1,"featured_media":0,"parent":0,"menu_order":0,"comment_status":"closed","ping_status":"closed","template":"tpl-visual_composer.php","meta":{"footnotes":""},"class_list":["post-8707","page","type-page","status-publish","hentry"],"yoast_head":"<!-- This site is optimized with the Yoast SEO plugin v23.7 - https:\/\/yoast.com\/wordpress\/plugins\/seo\/ -->\n<title>FONDATEUR<\/title>\n<meta name=\"robots\" content=\"index, follow, max-snippet:-1, max-image-preview:large, max-video-preview:-1\" \/>\n<link rel=\"canonical\" href=\"https:\/\/palataumetnostimadlena.rs\/osnnnn\/\" \/>\n<meta property=\"og:locale\" content=\"fr_FR\" \/>\n<meta property=\"og:type\" content=\"article\" \/>\n<meta property=\"og:title\" content=\"FONDATEUR\" \/>\n<meta property=\"og:description\" content=\"[vc_row container=\u00a0\u00bb1&Prime; css=\u00a0\u00bb.vc_custom_1494218396670{padding-top: 40px !important;}\u00a0\u00bb][vc_column el_class=\u00a0\u00bbosnivac\u00a0\u00bb][\/vc_column][\/vc_row][vc_row container=\u00a0\u00bb1&Prime; css=\u00a0\u00bb.vc_custom_1494218396670{padding-top: 40px !important;}\u00a0\u00bb][vc_column width=\u00a0\u00bb5\/6&Prime;][vc_column_text]Cette b\u00e9n\u00e9diction qui nous suit, nous avons d\u00e9cid\u00e9 de la partager avec les \u00a0autres sans le moindre int\u00e9r\u00eat, pour le bien commun. Le Palais des Arts Madlena est la somme des efforts de ma vie, un h\u00e9ritage pour l\u2019avenir avec lequel mon mari et\u00a0 moi\" \/>\n<meta property=\"og:url\" content=\"https:\/\/palataumetnostimadlena.rs\/osnnnn\/\" \/>\n<meta property=\"og:site_name\" content=\"Palata umetnosti Madlena\" \/>\n<meta property=\"article:publisher\" content=\"https:\/\/www.facebook.com\/palataumetnosti\" \/>\n<meta property=\"article:modified_time\" content=\"2024-10-30T00:24:03+00:00\" \/>\n<meta name=\"twitter:card\" content=\"summary_large_image\" \/>\n<meta name=\"twitter:label1\" content=\"Dur\u00e9e de lecture estim\u00e9e\" \/>\n\t<meta name=\"twitter:data1\" content=\"5 minutes\" \/>\n<script type=\"application\/ld+json\" class=\"yoast-schema-graph\">{\"@context\":\"https:\/\/schema.org\",\"@graph\":[{\"@type\":\"WebPage\",\"@id\":\"https:\/\/palataumetnostimadlena.rs\/osnnnn\/\",\"url\":\"https:\/\/palataumetnostimadlena.rs\/osnnnn\/\",\"name\":\"FONDATEUR\",\"isPartOf\":{\"@id\":\"https:\/\/palataumetnostimadlena.rs\/#website\"},\"datePublished\":\"2023-06-13T09:01:30+00:00\",\"dateModified\":\"2024-10-30T00:24:03+00:00\",\"breadcrumb\":{\"@id\":\"https:\/\/palataumetnostimadlena.rs\/osnnnn\/#breadcrumb\"},\"inLanguage\":\"fr-FR\",\"potentialAction\":[{\"@type\":\"ReadAction\",\"target\":[\"https:\/\/palataumetnostimadlena.rs\/osnnnn\/\"]}]},{\"@type\":\"BreadcrumbList\",\"@id\":\"https:\/\/palataumetnostimadlena.rs\/osnnnn\/#breadcrumb\",\"itemListElement\":[{\"@type\":\"ListItem\",\"position\":1,\"name\":\"\u041f\u043e\u0447\u0435\u0442\u043d\u0430\",\"item\":\"https:\/\/palataumetnostimadlena.rs\/fr\/\"},{\"@type\":\"ListItem\",\"position\":2,\"name\":\"FONDATEUR\"}]},{\"@type\":\"WebSite\",\"@id\":\"https:\/\/palataumetnostimadlena.rs\/#website\",\"url\":\"https:\/\/palataumetnostimadlena.rs\/\",\"name\":\"Palata umetnosti Madlena\",\"description\":\"\",\"potentialAction\":[{\"@type\":\"SearchAction\",\"target\":{\"@type\":\"EntryPoint\",\"urlTemplate\":\"https:\/\/palataumetnostimadlena.rs\/?s={search_term_string}\"},\"query-input\":{\"@type\":\"PropertyValueSpecification\",\"valueRequired\":true,\"valueName\":\"search_term_string\"}}],\"inLanguage\":\"fr-FR\"}]}<\/script>\n<!-- \/ Yoast SEO plugin. -->","yoast_head_json":{"title":"FONDATEUR","robots":{"index":"index","follow":"follow","max-snippet":"max-snippet:-1","max-image-preview":"max-image-preview:large","max-video-preview":"max-video-preview:-1"},"canonical":"https:\/\/palataumetnostimadlena.rs\/osnnnn\/","og_locale":"fr_FR","og_type":"article","og_title":"FONDATEUR","og_description":"[vc_row container=\u00a0\u00bb1&Prime; css=\u00a0\u00bb.vc_custom_1494218396670{padding-top: 40px !important;}\u00a0\u00bb][vc_column el_class=\u00a0\u00bbosnivac\u00a0\u00bb][\/vc_column][\/vc_row][vc_row container=\u00a0\u00bb1&Prime; css=\u00a0\u00bb.vc_custom_1494218396670{padding-top: 40px !important;}\u00a0\u00bb][vc_column width=\u00a0\u00bb5\/6&Prime;][vc_column_text]Cette b\u00e9n\u00e9diction qui nous suit, nous avons d\u00e9cid\u00e9 de la partager avec les \u00a0autres sans le moindre int\u00e9r\u00eat, pour le bien commun. Le Palais des Arts Madlena est la somme des efforts de ma vie, un h\u00e9ritage pour l\u2019avenir avec lequel mon mari et\u00a0 moi","og_url":"https:\/\/palataumetnostimadlena.rs\/osnnnn\/","og_site_name":"Palata umetnosti Madlena","article_publisher":"https:\/\/www.facebook.com\/palataumetnosti","article_modified_time":"2024-10-30T00:24:03+00:00","twitter_card":"summary_large_image","twitter_misc":{"Dur\u00e9e de lecture estim\u00e9e":"5 minutes"},"schema":{"@context":"https:\/\/schema.org","@graph":[{"@type":"WebPage","@id":"https:\/\/palataumetnostimadlena.rs\/osnnnn\/","url":"https:\/\/palataumetnostimadlena.rs\/osnnnn\/","name":"FONDATEUR","isPartOf":{"@id":"https:\/\/palataumetnostimadlena.rs\/#website"},"datePublished":"2023-06-13T09:01:30+00:00","dateModified":"2024-10-30T00:24:03+00:00","breadcrumb":{"@id":"https:\/\/palataumetnostimadlena.rs\/osnnnn\/#breadcrumb"},"inLanguage":"fr-FR","potentialAction":[{"@type":"ReadAction","target":["https:\/\/palataumetnostimadlena.rs\/osnnnn\/"]}]},{"@type":"BreadcrumbList","@id":"https:\/\/palataumetnostimadlena.rs\/osnnnn\/#breadcrumb","itemListElement":[{"@type":"ListItem","position":1,"name":"\u041f\u043e\u0447\u0435\u0442\u043d\u0430","item":"https:\/\/palataumetnostimadlena.rs\/fr\/"},{"@type":"ListItem","position":2,"name":"FONDATEUR"}]},{"@type":"WebSite","@id":"https:\/\/palataumetnostimadlena.rs\/#website","url":"https:\/\/palataumetnostimadlena.rs\/","name":"Palata umetnosti Madlena","description":"","potentialAction":[{"@type":"SearchAction","target":{"@type":"EntryPoint","urlTemplate":"https:\/\/palataumetnostimadlena.rs\/?s={search_term_string}"},"query-input":{"@type":"PropertyValueSpecification","valueRequired":true,"valueName":"search_term_string"}}],"inLanguage":"fr-FR"}]}},"_links":{"self":[{"href":"https:\/\/palataumetnostimadlena.rs\/fr\/wp-json\/wp\/v2\/pages\/8707","targetHints":{"allow":["GET"]}}],"collection":[{"href":"https:\/\/palataumetnostimadlena.rs\/fr\/wp-json\/wp\/v2\/pages"}],"about":[{"href":"https:\/\/palataumetnostimadlena.rs\/fr\/wp-json\/wp\/v2\/types\/page"}],"author":[{"embeddable":true,"href":"https:\/\/palataumetnostimadlena.rs\/fr\/wp-json\/wp\/v2\/users\/1"}],"replies":[{"embeddable":true,"href":"https:\/\/palataumetnostimadlena.rs\/fr\/wp-json\/wp\/v2\/comments?post=8707"}],"version-history":[{"count":2,"href":"https:\/\/palataumetnostimadlena.rs\/fr\/wp-json\/wp\/v2\/pages\/8707\/revisions"}],"predecessor-version":[{"id":8709,"href":"https:\/\/palataumetnostimadlena.rs\/fr\/wp-json\/wp\/v2\/pages\/8707\/revisions\/8709"}],"wp:attachment":[{"href":"https:\/\/palataumetnostimadlena.rs\/fr\/wp-json\/wp\/v2\/media?parent=8707"}],"curies":[{"name":"wp","href":"https:\/\/api.w.org\/{rel}","templated":true}]}}