{"id":8741,"date":"2024-06-04T16:51:17","date_gmt":"2024-06-04T14:51:17","guid":{"rendered":"https:\/\/palataumetnostimadlena.rs\/?page_id=8741"},"modified":"2024-11-01T00:59:10","modified_gmt":"2024-10-31T22:59:10","slug":"palais-des-arts-madlena","status":"publish","type":"page","link":"https:\/\/palataumetnostimadlena.rs\/fr\/palais-des-arts-madlena\/","title":{"rendered":"PALAIS DES ARTS MADLENA"},"content":{"rendered":"<section class=\"wpb-content-wrapper\"><p>[vc_row css=\u00a0\u00bb.vc_custom_1686695677541{padding-top: -100px !important;}\u00a0\u00bb][vc_column width=\u00a0\u00bb1\/2&Prime; css=\u00a0\u00bb.vc_custom_1686695532200{padding-top: -50px !important;}\u00a0\u00bb][vc_column_text]Dans le quartier \u00e9litiste et chic de la capitale, Dedinje \u00e0 Belgrade, 53, Bulevar kneza Aleksandra Kara\u0111or\u0111evi\u0107a, avec les fonds personnels du couple Zepter, on a fait construire un magnifique palais d\u2019une superficie de 7.000 m\u00e8tres carr\u00e9s sur leur propri\u00e9t\u00e9, situ\u00e9 dans un jardin qui est en soi un espace de mus\u00e9e d\u2019art.<\/p>\n<p>Le Palais des Arts <em>Madlena<\/em> n\u2019est pas seulement un simple mausol\u00e9e, un monument, un ch\u00e2teau o\u00f9 r\u00e8gne un silence froid et majestueux\u00a0: il est bien plus encore. Il vibre de vie, d\u2019id\u00e9es, d\u2019ambitions, les cr\u00e9ateurs et de leurs exploits s\u2019y succ\u00e8dent, il est le centre-m\u00eame de l\u2019int\u00e9r\u00eat du public culturel.<\/p>\n<p>La construction du Palais des Arts <em>Madlena<\/em> a dur\u00e9 cinq ans, pour que la c\u00e9r\u00e9monie d\u2019ouverture, c\u2019est-\u00e0-dire sa naissance, soit immortalis\u00e9e le 19 septembre 2022, en pr\u00e9sence d\u2019un grand nombre d\u2019invit\u00e9s, personnages connus de la vie culturelle et publique.<\/p>\n<p>Le Palais des Arts <em>Madlena<\/em> est ouvert sous l\u2019enseigne d\u2019une exposition th\u00e9matique intitul\u00e9e \u00ab\u00a0Chaises\u00a0\u00bb, dont le sous-titre pose une question philosophique\u00a0: Aimerais-tu t\u2019asseoir sur une \u0153uvre d\u2019art\u00a0? L\u2019auteure de l\u2019exposition est l\u2019artiste italienne Carla Tomateo, qui a pr\u00e9sent\u00e9 les fauteuils et les chaises sous la forme de mobilier sculptural et insolite.[\/vc_column_text][\/vc_column][vc_column width=\u00a0\u00bb1\/2&Prime;][vc_gallery type=\u00a0\u00bbflexslider_slide\u00a0\u00bb interval=\u00a0\u00bb3&Prime; images=\u00a0\u00bb1037,912,913,911,872,866,865&Prime; img_size=\u00a0\u00bblarge\u00a0\u00bb][\/vc_column][\/vc_row][vc_row css=\u00a0\u00bb.vc_custom_1686696305180{padding-top: -100px !important;background-color: #ffffff !important;}\u00a0\u00bb][vc_column css=\u00a0\u00bb.vc_custom_1686696279416{padding-top: -50px !important;background-color: #ffffff !important;}\u00a0\u00bb][vc_column_text css=\u00a0\u00bb.vc_custom_1730415495759{background-color: #ffffff !important;}\u00a0\u00bb]<\/p>\n<blockquote>\n<h2 style=\"text-align: left;\"><strong><img loading=\"lazy\" decoding=\"async\" class=\"size-full wp-image-3396 alignleft\" src=\"https:\/\/palataumetnostimadlena.rs\/wp-content\/uploads\/2024\/05\/Palata-Umetnosti-Madlena-.jpg\" alt=\"\" width=\"600\" height=\"400\" srcset=\"https:\/\/palataumetnostimadlena.rs\/wp-content\/uploads\/2024\/05\/Palata-Umetnosti-Madlena-.jpg 600w, https:\/\/palataumetnostimadlena.rs\/wp-content\/uploads\/2024\/05\/Palata-Umetnosti-Madlena--300x200.jpg 300w\" sizes=\"auto, (max-width: 600px) 100vw, 600px\" \/><\/strong><\/h2>\n<h2><strong>Apr\u00e8s l\u2019Op\u00e9ra, le Th\u00e9\u00e2tre <em>Madlenianum<\/em> et le Mus\u00e9e Zepter, le Palais des Arts <em>Madlena<\/em> est con\u00e7u comme une somptueuse maison multiculturelle dont les contenus sont ouverts \u00e0 tous les domaines d\u2019art d\u2019esth\u00e9tique sup\u00e9rieure, de concepts originaux et d\u2019expression raffin\u00e9e, o\u00f9 le savoir-faire et la perfection sont imp\u00e9ratifs.<\/strong><\/h2>\n<h3><\/h3>\n<\/blockquote>\n<p>&nbsp;<\/p>\n<p>Les contenus des programmes du Palais des Arts <em>Madlena<\/em> sont envisag\u00e9s comme un contrepoids, \u00e0 l\u2019oppos\u00e9 de tout ce qui est vulgaire, superficiel, insipide, \u00a0commercial, faux et sans valeur, de tout ce qui contamine l\u2019espace spirituel et le discours public du monde d\u2019aujourd\u2019hui. Les cr\u00e9ateurs des programmes, suivant ce principe, avec une approche stricte et une attitude de discernement envers tout ce qui est propos\u00e9, n\u2019aspirent pas \u00e0 r\u00e9aliser \u00e0 tout prix les quantit\u00e9s, \u00e0 remplir le temps mais \u00e0 cr\u00e9er autant de contenus que possible au cours d\u2019un mois et d\u2019une ann\u00e9e donn\u00e9e, avec l\u2019id\u00e9e que ces contenus soient v\u00e9ritablement \u00e0 la hauteur des objectifs du Palais des Arts <em>Madlena<\/em>.<\/p>\n<p>Les \u00e9v\u00e8nements culturels au Palais des Arts <em>Madlena<\/em> doivent porter un esprit d\u2019avant-garde, mais, \u00e0 la fois, attractif. Tout d\u2019abord, ils soutiennent le potentiel cr\u00e9atif des jeunes et repr\u00e9sentent un pont entre nous, en Serbie, et les courants dominants qui existent dans le monde contemporain international. Le Palais des Arts <em>Madlena<\/em> est sup\u00e9rieur, moderne, mais respectueux des temps classiques et de la tradition. Il est engag\u00e9 plus qu\u2019une institution culturelle ordinaire, il est sans cesse au centre de l\u2019attention du public afin d\u2019assurer la r\u00e9putation d\u2019un lieu exclusif aux crit\u00e8res stricts, et, \u00e0 ce titre, d\u2019\u00eatre un honneur et un privil\u00e8ge pour tous ceux qui prennent part \u00e0 la r\u00e9alisation de ses programmes.<\/p>\n<p>&nbsp;<\/p>\n<p>&nbsp;<\/p>\n<blockquote>\n<h2><img loading=\"lazy\" decoding=\"async\" class=\"size-full wp-image-3394 alignright\" src=\"https:\/\/palataumetnostimadlena.rs\/wp-content\/uploads\/2024\/05\/Madlena-Zepter-.jpg\" alt=\"\" width=\"600\" height=\"400\" srcset=\"https:\/\/palataumetnostimadlena.rs\/wp-content\/uploads\/2024\/05\/Madlena-Zepter-.jpg 600w, https:\/\/palataumetnostimadlena.rs\/wp-content\/uploads\/2024\/05\/Madlena-Zepter--300x200.jpg 300w\" sizes=\"auto, (max-width: 600px) 100vw, 600px\" \/><\/h2>\n<h2><strong>Le contenu des \u00e9v\u00e8nements au sein de cet espace sera une synth\u00e8se, d\u2019une part, d\u2019\u00e9l\u00e9ments originaux, significatifs, provocants, passionnants esth\u00e9tiquement prodigieux, et d\u2019autre part, de caract\u00e9ristiques personnelles, de go\u00fbts et de la mission culturelle g\u00e9n\u00e9rale et du d\u00e9vouement permanent \u00e0 l\u2019art de Mme Madlena Zepter.\u00a0<\/strong><\/h2>\n<\/blockquote>\n<h4><\/h4>\n<h4><\/h4>\n<h4><\/h4>\n<h4><\/h4>\n<h4><strong>Qu\u2019est-ce qui est exclusif, nouveau pour Belgrade, et qu\u2019est-ce qui porte une justification et une valeur\u00a0?\u00a0\u00a0\u00a0<\/strong><\/h4>\n<p>&nbsp;<\/p>\n<p>Une partie du Palais des Arts est enrichie de l\u2019exposition permanente du Mus\u00e9e des Antiquit\u00e9s, qui pr\u00e9sente une collection extr\u00eamement pr\u00e9cieuse de meubles de style, des ensembles mobiliers somptueux et d\u2019autres \u0153uvres d\u2019art. Des objets uniques de diff\u00e9rentes \u00e9poques et civilisations sont arrang\u00e9s en parfaite harmonie, ennoblissent l\u2019ensemble spatial et donnent de l\u2019authenticit\u00e9 \u00e0 tout l\u2019int\u00e9rieur.<\/p>\n<p>Chacun des objets antiques r\u00e9v\u00e8le sa propre histoire, et, toutes ces histoires particuli\u00e8res sont entrelac\u00e9es par des fils magiques, ce qui laisse une trace d\u2019\u00e9ternit\u00e9 dans les locaux du mus\u00e9e. Toutes les cat\u00e9gories esth\u00e9tiques et tous les concepts ont leur place ad\u00e9quate dans des chambres et des salons meubl\u00e9s dans des styles vari\u00e9s. Du coup, on sera \u00e9bloui, par moments, par la splendeur baroque du Roi Soleil Louis XIV, l\u2019\u00e9l\u00e9gance courtoise de Louis XVI ou encourag\u00e9 par l\u2019esprit victorieux de Napol\u00e9on I<sup>er<\/sup> Bonaparte en r\u00e9v\u00e9lant un style empire audacieux. On sera, peut-\u00eatre, attir\u00e9 par le mani\u00e9risme aristocratique de l\u2019\u00e9poque g\u00e9orgienne-victorienne ou \u00e9clair\u00e9 par la philosophie et la sagesse de l\u2019Extr\u00eame-Orient, abrit\u00e9e dans une imposante collection d\u2019art appliqu\u00e9 japonais et chinois.<\/p>\n<p>Le Palais des Arts <em>Madlena<\/em> poss\u00e8de une sc\u00e8ne pour les pi\u00e8ces du genre \u00ab\u00a0th\u00e9\u00e2tre de poche\u00a0\u00bb et une salle de cin\u00e9ma, l\u2019espace destin\u00e9 aux performances musicales sur sc\u00e8ne, aux projections de films, aux pr\u00e9sentations de livres et aux discussions philosophico-artistiques. Dans un bel espace au deuxi\u00e8me \u00e9tage du Palais, sous le d\u00f4me, se trouve une salle de biblioth\u00e8que qui contient plus de 6 000 livres soigneusement s\u00e9lectionn\u00e9s dans les domaines des beaux-arts et du design, de l\u2019architecture, de la musique, du th\u00e9\u00e2tre, de la litt\u00e9rature contemporaine et classique\u2026<\/p>\n<p>En termes de qualit\u00e9 et de quantit\u00e9 d\u2019objets, Le Palais des Arts <em>Madlena<\/em> et la collection d\u2019antiquit\u00e9s du mus\u00e9e sont uniques non seulement sur le territoire de la Serbie, mais aussi dans la r\u00e9gion au sens plus large, en Europe du Sud-Est.\u00a0 Le mus\u00e9e repr\u00e9sente un symbole du testament artistique de Mme Zepter pour l\u2019avenir de la culture serbe et un t\u00e9moignage permanent de la victoire de la beaut\u00e9 et de la spiritualit\u00e9.<\/p>\n<p>[\/vc_column_text][\/vc_column][\/vc_row]<\/p>\n<\/section>","protected":false},"excerpt":{"rendered":"<p>[vc_row css=\u00a0\u00bb.vc_custom_1686695677541{padding-top: -100px !important;}\u00a0\u00bb][vc_column width=\u00a0\u00bb1\/2&Prime; css=\u00a0\u00bb.vc_custom_1686695532200{padding-top: -50px !important;}\u00a0\u00bb][vc_column_text]Dans le quartier \u00e9litiste et chic de la capitale, Dedinje \u00e0 Belgrade, 53, Bulevar kneza Aleksandra Kara\u0111or\u0111evi\u0107a, avec les fonds personnels du couple Zepter, on a fait construire un magnifique palais d\u2019une superficie de 7.000 m\u00e8tres carr\u00e9s sur leur propri\u00e9t\u00e9, situ\u00e9 dans un jardin qui est en soi<\/p>\n","protected":false},"author":1,"featured_media":0,"parent":0,"menu_order":0,"comment_status":"closed","ping_status":"closed","template":"","meta":{"footnotes":""},"class_list":["post-8741","page","type-page","status-publish","hentry"],"yoast_head":"<!-- This site is optimized with the Yoast SEO plugin v23.7 - https:\/\/yoast.com\/wordpress\/plugins\/seo\/ -->\n<title>PALAIS DES ARTS MADLENA<\/title>\n<meta name=\"robots\" content=\"index, follow, max-snippet:-1, max-image-preview:large, max-video-preview:-1\" \/>\n<link rel=\"canonical\" href=\"https:\/\/palataumetnostimadlena.rs\/fr\/palais-des-arts-madlena\/\" \/>\n<meta property=\"og:locale\" content=\"fr_FR\" \/>\n<meta property=\"og:type\" content=\"article\" \/>\n<meta property=\"og:title\" content=\"PALAIS DES ARTS MADLENA\" \/>\n<meta property=\"og:description\" content=\"[vc_row css=\u00a0\u00bb.vc_custom_1686695677541{padding-top: -100px !important;}\u00a0\u00bb][vc_column width=\u00a0\u00bb1\/2&Prime; css=\u00a0\u00bb.vc_custom_1686695532200{padding-top: -50px !important;}\u00a0\u00bb][vc_column_text]Dans le quartier \u00e9litiste et chic de la capitale, Dedinje \u00e0 Belgrade, 53, Bulevar kneza Aleksandra Kara\u0111or\u0111evi\u0107a, avec les fonds personnels du couple Zepter, on a fait construire un magnifique palais d\u2019une superficie de 7.000 m\u00e8tres carr\u00e9s sur leur propri\u00e9t\u00e9, situ\u00e9 dans un jardin qui est en soi\" \/>\n<meta property=\"og:url\" content=\"https:\/\/palataumetnostimadlena.rs\/fr\/palais-des-arts-madlena\/\" \/>\n<meta property=\"og:site_name\" content=\"Palata umetnosti Madlena\" \/>\n<meta property=\"article:publisher\" content=\"https:\/\/www.facebook.com\/palataumetnosti\" \/>\n<meta property=\"article:modified_time\" content=\"2024-10-31T22:59:10+00:00\" \/>\n<meta property=\"og:image\" content=\"https:\/\/palataumetnostimadlena.rs\/wp-content\/uploads\/2024\/05\/Palata-Umetnosti-Madlena-.jpg\" \/>\n\t<meta property=\"og:image:width\" content=\"600\" \/>\n\t<meta property=\"og:image:height\" content=\"400\" \/>\n\t<meta property=\"og:image:type\" content=\"image\/jpeg\" \/>\n<meta name=\"twitter:card\" content=\"summary_large_image\" \/>\n<meta name=\"twitter:label1\" content=\"Dur\u00e9e de lecture estim\u00e9e\" \/>\n\t<meta name=\"twitter:data1\" content=\"5 minutes\" \/>\n<script type=\"application\/ld+json\" class=\"yoast-schema-graph\">{\"@context\":\"https:\/\/schema.org\",\"@graph\":[{\"@type\":\"WebPage\",\"@id\":\"https:\/\/palataumetnostimadlena.rs\/fr\/palais-des-arts-madlena\/\",\"url\":\"https:\/\/palataumetnostimadlena.rs\/fr\/palais-des-arts-madlena\/\",\"name\":\"PALAIS DES ARTS MADLENA\",\"isPartOf\":{\"@id\":\"https:\/\/palataumetnostimadlena.rs\/#website\"},\"primaryImageOfPage\":{\"@id\":\"https:\/\/palataumetnostimadlena.rs\/fr\/palais-des-arts-madlena\/#primaryimage\"},\"image\":{\"@id\":\"https:\/\/palataumetnostimadlena.rs\/fr\/palais-des-arts-madlena\/#primaryimage\"},\"thumbnailUrl\":\"https:\/\/palataumetnostimadlena.rs\/wp-content\/uploads\/2024\/05\/Palata-Umetnosti-Madlena-.jpg\",\"datePublished\":\"2024-06-04T14:51:17+00:00\",\"dateModified\":\"2024-10-31T22:59:10+00:00\",\"breadcrumb\":{\"@id\":\"https:\/\/palataumetnostimadlena.rs\/fr\/palais-des-arts-madlena\/#breadcrumb\"},\"inLanguage\":\"fr-FR\",\"potentialAction\":[{\"@type\":\"ReadAction\",\"target\":[\"https:\/\/palataumetnostimadlena.rs\/fr\/palais-des-arts-madlena\/\"]}]},{\"@type\":\"ImageObject\",\"inLanguage\":\"fr-FR\",\"@id\":\"https:\/\/palataumetnostimadlena.rs\/fr\/palais-des-arts-madlena\/#primaryimage\",\"url\":\"https:\/\/palataumetnostimadlena.rs\/wp-content\/uploads\/2024\/05\/Palata-Umetnosti-Madlena-.jpg\",\"contentUrl\":\"https:\/\/palataumetnostimadlena.rs\/wp-content\/uploads\/2024\/05\/Palata-Umetnosti-Madlena-.jpg\"},{\"@type\":\"BreadcrumbList\",\"@id\":\"https:\/\/palataumetnostimadlena.rs\/fr\/palais-des-arts-madlena\/#breadcrumb\",\"itemListElement\":[{\"@type\":\"ListItem\",\"position\":1,\"name\":\"\u041f\u043e\u0447\u0435\u0442\u043d\u0430\",\"item\":\"https:\/\/palataumetnostimadlena.rs\/fr\/\"},{\"@type\":\"ListItem\",\"position\":2,\"name\":\"PALAIS DES ARTS MADLENA\"}]},{\"@type\":\"WebSite\",\"@id\":\"https:\/\/palataumetnostimadlena.rs\/#website\",\"url\":\"https:\/\/palataumetnostimadlena.rs\/\",\"name\":\"Palata umetnosti Madlena\",\"description\":\"\",\"potentialAction\":[{\"@type\":\"SearchAction\",\"target\":{\"@type\":\"EntryPoint\",\"urlTemplate\":\"https:\/\/palataumetnostimadlena.rs\/?s={search_term_string}\"},\"query-input\":{\"@type\":\"PropertyValueSpecification\",\"valueRequired\":true,\"valueName\":\"search_term_string\"}}],\"inLanguage\":\"fr-FR\"}]}<\/script>\n<!-- \/ Yoast SEO plugin. -->","yoast_head_json":{"title":"PALAIS DES ARTS MADLENA","robots":{"index":"index","follow":"follow","max-snippet":"max-snippet:-1","max-image-preview":"max-image-preview:large","max-video-preview":"max-video-preview:-1"},"canonical":"https:\/\/palataumetnostimadlena.rs\/fr\/palais-des-arts-madlena\/","og_locale":"fr_FR","og_type":"article","og_title":"PALAIS DES ARTS MADLENA","og_description":"[vc_row css=\u00a0\u00bb.vc_custom_1686695677541{padding-top: -100px !important;}\u00a0\u00bb][vc_column width=\u00a0\u00bb1\/2&Prime; css=\u00a0\u00bb.vc_custom_1686695532200{padding-top: -50px !important;}\u00a0\u00bb][vc_column_text]Dans le quartier \u00e9litiste et chic de la capitale, Dedinje \u00e0 Belgrade, 53, Bulevar kneza Aleksandra Kara\u0111or\u0111evi\u0107a, avec les fonds personnels du couple Zepter, on a fait construire un magnifique palais d\u2019une superficie de 7.000 m\u00e8tres carr\u00e9s sur leur propri\u00e9t\u00e9, situ\u00e9 dans un jardin qui est en soi","og_url":"https:\/\/palataumetnostimadlena.rs\/fr\/palais-des-arts-madlena\/","og_site_name":"Palata umetnosti Madlena","article_publisher":"https:\/\/www.facebook.com\/palataumetnosti","article_modified_time":"2024-10-31T22:59:10+00:00","og_image":[{"width":600,"height":400,"url":"https:\/\/palataumetnostimadlena.rs\/wp-content\/uploads\/2024\/05\/Palata-Umetnosti-Madlena-.jpg","type":"image\/jpeg"}],"twitter_card":"summary_large_image","twitter_misc":{"Dur\u00e9e de lecture estim\u00e9e":"5 minutes"},"schema":{"@context":"https:\/\/schema.org","@graph":[{"@type":"WebPage","@id":"https:\/\/palataumetnostimadlena.rs\/fr\/palais-des-arts-madlena\/","url":"https:\/\/palataumetnostimadlena.rs\/fr\/palais-des-arts-madlena\/","name":"PALAIS DES ARTS MADLENA","isPartOf":{"@id":"https:\/\/palataumetnostimadlena.rs\/#website"},"primaryImageOfPage":{"@id":"https:\/\/palataumetnostimadlena.rs\/fr\/palais-des-arts-madlena\/#primaryimage"},"image":{"@id":"https:\/\/palataumetnostimadlena.rs\/fr\/palais-des-arts-madlena\/#primaryimage"},"thumbnailUrl":"https:\/\/palataumetnostimadlena.rs\/wp-content\/uploads\/2024\/05\/Palata-Umetnosti-Madlena-.jpg","datePublished":"2024-06-04T14:51:17+00:00","dateModified":"2024-10-31T22:59:10+00:00","breadcrumb":{"@id":"https:\/\/palataumetnostimadlena.rs\/fr\/palais-des-arts-madlena\/#breadcrumb"},"inLanguage":"fr-FR","potentialAction":[{"@type":"ReadAction","target":["https:\/\/palataumetnostimadlena.rs\/fr\/palais-des-arts-madlena\/"]}]},{"@type":"ImageObject","inLanguage":"fr-FR","@id":"https:\/\/palataumetnostimadlena.rs\/fr\/palais-des-arts-madlena\/#primaryimage","url":"https:\/\/palataumetnostimadlena.rs\/wp-content\/uploads\/2024\/05\/Palata-Umetnosti-Madlena-.jpg","contentUrl":"https:\/\/palataumetnostimadlena.rs\/wp-content\/uploads\/2024\/05\/Palata-Umetnosti-Madlena-.jpg"},{"@type":"BreadcrumbList","@id":"https:\/\/palataumetnostimadlena.rs\/fr\/palais-des-arts-madlena\/#breadcrumb","itemListElement":[{"@type":"ListItem","position":1,"name":"\u041f\u043e\u0447\u0435\u0442\u043d\u0430","item":"https:\/\/palataumetnostimadlena.rs\/fr\/"},{"@type":"ListItem","position":2,"name":"PALAIS DES ARTS MADLENA"}]},{"@type":"WebSite","@id":"https:\/\/palataumetnostimadlena.rs\/#website","url":"https:\/\/palataumetnostimadlena.rs\/","name":"Palata umetnosti Madlena","description":"","potentialAction":[{"@type":"SearchAction","target":{"@type":"EntryPoint","urlTemplate":"https:\/\/palataumetnostimadlena.rs\/?s={search_term_string}"},"query-input":{"@type":"PropertyValueSpecification","valueRequired":true,"valueName":"search_term_string"}}],"inLanguage":"fr-FR"}]}},"_links":{"self":[{"href":"https:\/\/palataumetnostimadlena.rs\/fr\/wp-json\/wp\/v2\/pages\/8741","targetHints":{"allow":["GET"]}}],"collection":[{"href":"https:\/\/palataumetnostimadlena.rs\/fr\/wp-json\/wp\/v2\/pages"}],"about":[{"href":"https:\/\/palataumetnostimadlena.rs\/fr\/wp-json\/wp\/v2\/types\/page"}],"author":[{"embeddable":true,"href":"https:\/\/palataumetnostimadlena.rs\/fr\/wp-json\/wp\/v2\/users\/1"}],"replies":[{"embeddable":true,"href":"https:\/\/palataumetnostimadlena.rs\/fr\/wp-json\/wp\/v2\/comments?post=8741"}],"version-history":[{"count":1,"href":"https:\/\/palataumetnostimadlena.rs\/fr\/wp-json\/wp\/v2\/pages\/8741\/revisions"}],"predecessor-version":[{"id":8742,"href":"https:\/\/palataumetnostimadlena.rs\/fr\/wp-json\/wp\/v2\/pages\/8741\/revisions\/8742"}],"wp:attachment":[{"href":"https:\/\/palataumetnostimadlena.rs\/fr\/wp-json\/wp\/v2\/media?parent=8741"}],"curies":[{"name":"wp","href":"https:\/\/api.w.org\/{rel}","templated":true}]}}