{"id":8751,"date":"2017-05-05T08:30:17","date_gmt":"2017-05-05T06:30:17","guid":{"rendered":"https:\/\/palataumetnostimadlena.rs\/?page_id=8751"},"modified":"2025-03-20T01:25:00","modified_gmt":"2025-03-19T23:25:00","slug":"contact","status":"publish","type":"page","link":"https:\/\/palataumetnostimadlena.rs\/fr\/contact\/","title":{"rendered":"CONTACT"},"content":{"rendered":"<section class=\"wpb-content-wrapper\"><p>[vc_row container=\u00a0\u00bb1&Prime;][vc_column]\t\r\n  <!--Contact Section-->\r\n    <section class=\"contact-info-section\">\r\n    \t<div class=\"auto-container\">\r\n    \t\t<div class=\"row clearfix\">\r\n            \t<!--Contact Info Box-->\r\n            \t\t\r\n\t\t\t\t<div class=\"contact-info-box col-md-4 col-sm-6 col-xs-12\">\r\n                \t<div class=\"inner\">\r\n                    \t<div class=\"icon-box\">\r\n                        \t<span class=\"icon fa fa-map-marker\"><\/span>\r\n                        <\/div>\r\n                        <div class=\"text\">Ustanova kulture <br>\n\nPalata umetnosti Madlena<br>\n\nMuzej antikviteta<br>\n\nUl. Bulevar kneza Aleksandra Kara\u0111or\u0111evi\u0107a 53<br>\n\n11040 Beograd<\/div>\r\n                    <\/div>\r\n                <\/div>\r\n            \t\t\r\n\t\t\t\t<div class=\"contact-info-box col-md-4 col-sm-6 col-xs-12\">\r\n                \t<div class=\"inner\">\r\n                    \t<div class=\"icon-box\">\r\n                        \t<span class=\"icon fa fa-phone\"><\/span>\r\n                        <\/div>\r\n                        <div class=\"text\">Tel. + 381 11 2661 460<\/div>\r\n                    <\/div>\r\n                <\/div>\r\n            \t\t\r\n\t\t\t\t<div class=\"contact-info-box col-md-4 col-sm-6 col-xs-12\">\r\n                \t<div class=\"inner\">\r\n                    \t<div class=\"icon-box\">\r\n                        \t<span class=\"icon fa fa-envelope-o\"><\/span>\r\n                        <\/div>\r\n                        <div class=\"text\"><a class=\"nomargin\" href=\"mailto:office@palataumetnostimadlena.rs\">office@palataumetnostimadlena.rs<\/a>\n<\/div>\r\n                    <\/div>\r\n                <\/div>\r\n                \r\n            \r\n            <\/div>\r\n        <\/div>\r\n    <\/section>\r\n    <!--End Contact Info Section-->\r\n\t\r\n[\/vc_column][\/vc_row][vc_row container=\u00a0\u00bb1&Prime;][vc_column width=\u00a0\u00bb1\/2&Prime;]<!--Contact Form Section-->\r\n    <section class=\"contact-form-section\">\r\n    \t<div class=\"auto-container\">\r\n        \t<h2>\u00c9CRIVEZ-NOUS<\/h2>\r\n        \t<!--Contact Form-->\r\n            <div class=\"contact-form\">\r\n                \n<div class=\"wpcf7 no-js\" id=\"wpcf7-f8754-o1\" lang=\"fr-FR\" dir=\"ltr\">\n<div class=\"screen-reader-response\"><p role=\"status\" aria-live=\"polite\" aria-atomic=\"true\"><\/p> <ul><\/ul><\/div>\n<form action=\"\/fr\/wp-json\/wp\/v2\/pages\/8751#wpcf7-f8754-o1\" method=\"post\" class=\"wpcf7-form init\" aria-label=\"Formulaire de contact\" novalidate=\"novalidate\" data-status=\"init\">\n<div style=\"display: none;\">\n<input type=\"hidden\" name=\"_wpcf7\" value=\"8754\" \/>\n<input type=\"hidden\" name=\"_wpcf7_version\" value=\"5.7.5.1\" \/>\n<input type=\"hidden\" name=\"_wpcf7_locale\" value=\"fr_FR\" \/>\n<input type=\"hidden\" name=\"_wpcf7_unit_tag\" value=\"wpcf7-f8754-o1\" \/>\n<input type=\"hidden\" name=\"_wpcf7_container_post\" value=\"0\" \/>\n<input type=\"hidden\" name=\"_wpcf7_posted_data_hash\" value=\"\" \/>\n<input type=\"hidden\" name=\"_wpcf7_recaptcha_response\" value=\"\" \/>\n<\/div>\n<p><label> Pr\u00e9nom et nom :<br \/>\n<span class=\"wpcf7-form-control-wrap\" data-name=\"your-name\"><input size=\"40\" class=\"wpcf7-form-control wpcf7-text wpcf7-validates-as-required\" autocomplete=\"name\" aria-required=\"true\" aria-invalid=\"false\" value=\"\" type=\"text\" name=\"your-name\" \/><\/span> <\/label>\n<\/p>\n<p><label> Votre m\u00e9l :<br \/>\n<span class=\"wpcf7-form-control-wrap\" data-name=\"your-email\"><input size=\"40\" class=\"wpcf7-form-control wpcf7-text wpcf7-email wpcf7-validates-as-required wpcf7-validates-as-email\" autocomplete=\"email\" aria-required=\"true\" aria-invalid=\"false\" value=\"\" type=\"email\" name=\"your-email\" \/><\/span> <\/label>\n<\/p>\n<p><label> Votre message :<br \/>\n<span class=\"wpcf7-form-control-wrap\" data-name=\"your-message\"><textarea cols=\"40\" rows=\"10\" class=\"wpcf7-form-control wpcf7-textarea\" aria-invalid=\"false\" name=\"your-message\"><\/textarea><\/span> <\/label>\n<\/p>\n<p><input class=\"wpcf7-form-control has-spinner wpcf7-submit\" type=\"submit\" value=\"Envoyer\" \/>\n<\/p><div class=\"wpcf7-response-output\" aria-hidden=\"true\"><\/div>\n<\/form>\n<\/div>\n            <\/div>\r\n            <!--End Contact Form-->\r\n        <\/div>\r\n    <\/section>\r\n\r\n\r\n[\/vc_column][vc_column width=\u00a0\u00bb1\/2&Prime;]<!--Contact Form Section-->\r\n    <section class=\"contact-form-section\">\r\n    \t<div class=\"auto-container\">\r\n        \t<h2>PLANIFIER UNE VISITE<\/h2>\r\n        \t<!--Contact Form-->\r\n            <div class=\"contact-form\">\r\n                \n<div class=\"wpcf7 no-js\" id=\"wpcf7-f9671-o2\" lang=\"sr-RS\" dir=\"ltr\">\n<div class=\"screen-reader-response\"><p role=\"status\" aria-live=\"polite\" aria-atomic=\"true\"><\/p> <ul><\/ul><\/div>\n<form action=\"\/fr\/wp-json\/wp\/v2\/pages\/8751#wpcf7-f9671-o2\" method=\"post\" class=\"wpcf7-form init\" aria-label=\"Contact form\" novalidate=\"novalidate\" data-status=\"init\">\n<div style=\"display: none;\">\n<input type=\"hidden\" name=\"_wpcf7\" value=\"9671\" \/>\n<input type=\"hidden\" name=\"_wpcf7_version\" value=\"5.7.5.1\" \/>\n<input type=\"hidden\" name=\"_wpcf7_locale\" value=\"sr_RS\" \/>\n<input type=\"hidden\" name=\"_wpcf7_unit_tag\" value=\"wpcf7-f9671-o2\" \/>\n<input type=\"hidden\" name=\"_wpcf7_container_post\" value=\"0\" \/>\n<input type=\"hidden\" name=\"_wpcf7_posted_data_hash\" value=\"\" \/>\n<input type=\"hidden\" name=\"_wpcf7_recaptcha_response\" value=\"\" \/>\n<\/div>\n<p><label> Nom et pr\u00e9nom<br \/>\n<span class=\"wpcf7-form-control-wrap\" data-name=\"your-name\"><input size=\"40\" class=\"wpcf7-form-control wpcf7-text wpcf7-validates-as-required\" autocomplete=\"name\" aria-required=\"true\" aria-invalid=\"false\" value=\"\" type=\"text\" name=\"your-name\" \/><\/span> <\/label>\n<\/p>\n<p><label> Votre adresse email<br \/>\n<span class=\"wpcf7-form-control-wrap\" data-name=\"your-email\"><input size=\"40\" class=\"wpcf7-form-control wpcf7-text wpcf7-email wpcf7-validates-as-required wpcf7-validates-as-email\" autocomplete=\"email\" aria-required=\"true\" aria-invalid=\"false\" value=\"\" type=\"email\" name=\"your-email\" \/><\/span> <\/label>\n<\/p>\n<p><label> Date de la visite<br \/>\n<span class=\"wpcf7-form-control-wrap\" data-name=\"datum-posete\"><input class=\"wpcf7-form-control wpcf7-date wpcf7-validates-as-date\" aria-invalid=\"false\" value=\"\" type=\"date\" name=\"datum-posete\" \/><\/span> <\/label>\n<\/p>\n<p><label> Heure de visite <\/label><br \/>\n<span class=\"wpcf7-form-control-wrap\" data-name=\"vreme-posete\"><span class=\"wpcf7-form-control wpcf7-radio\"><span class=\"wpcf7-list-item first\"><label><input type=\"radio\" name=\"vreme-posete\" value=\"12:00\" checked=\"checked\" \/><span class=\"wpcf7-list-item-label\">12:00<\/span><\/label><\/span><span class=\"wpcf7-list-item\"><label><input type=\"radio\" name=\"vreme-posete\" value=\"15:00\" \/><span class=\"wpcf7-list-item-label\">15:00<\/span><\/label><\/span><span class=\"wpcf7-list-item last\"><label><input type=\"radio\" name=\"vreme-posete\" value=\"18:00\" \/><span class=\"wpcf7-list-item-label\">18:00<\/span><\/label><\/span><\/span><\/span>\n<\/p>\n<p><label> Nombre de visiteurs <span class=\"wpcf7-form-control-wrap\" data-name=\"broj-posetilaca\"><input size=\"40\" class=\"wpcf7-form-control wpcf7-text\" aria-invalid=\"false\" value=\"\" type=\"text\" name=\"broj-posetilaca\" \/><\/span><\/label>\n<\/p>\n<p><label> Message<br \/>\n<span class=\"wpcf7-form-control-wrap\" data-name=\"your-message\"><textarea cols=\"40\" rows=\"10\" class=\"wpcf7-form-control wpcf7-textarea\" aria-invalid=\"false\" name=\"your-message\"><\/textarea><\/span> <\/label>\n<\/p>\n<p><label><br \/>\n<input class=\"wpcf7-form-control has-spinner wpcf7-submit\" type=\"submit\" value=\"Soumettre\" \/><\/label>\n<\/p><div class=\"wpcf7-response-output\" aria-hidden=\"true\"><\/div>\n<\/form>\n<\/div>\n            <\/div>\r\n            <!--End Contact Form-->\r\n        <\/div>\r\n    <\/section>\r\n\r\n\r\n[\/vc_column][\/vc_row][vc_row container=\u00a0\u00bb1&Prime;][vc_column][vc_column_text]<\/p>\n<h4><strong>Si vous souhaitez \u00eatre au courant de nos activit\u00e9s, remplissez le formulaire et laissez votre adresse \u00e9lectronique. En soumettant votre formulaire, vous nous donnez l\u2019autorisation de recevoir\u00a0 des\u00a0 notifications.<\/strong><\/h4>\n<p>[\/vc_column_text][vc_empty_space height=\u00a0\u00bb140px\u00a0\u00bb][\/vc_column][\/vc_row][vc_row][vc_column][vc_gmaps link=\u00a0\u00bb#E-8_JTNDaWZyYW1lJTIwc3JjJTNEJTIyaHR0cHMlM0ElMkYlMkZ3d3cuZ29vZ2xlLmNvbSUyRm1hcHMlMkZlbWJlZCUzRnBiJTNEJTIxMW0xNCUyMTFtOCUyMTFtMyUyMTFkMTEzMjkuNDkyMDE4Nzg1NzQ4JTIxMmQyMC40NTUyNzEzJTIxM2Q0NC43NzMyMDA0JTIxM20yJTIxMWkxMDI0JTIxMmk3NjglMjE0ZjEzLjElMjEzbTMlMjExbTIlMjExczB4NDc1YTcxMmI2YmJlNmNkMyUyNTNBMHg2OTczNjdlZDMzMmMwNjNhJTIxMnNQYWxhdGElMjUyMHVtZXRub3N0aSUyNTIwTWFkbGVuYSUyMTVlMCUyMTNtMiUyMTFzc3IlMjEyc3JzJTIxNHYxNjg3NTE4Mjk0ODA1JTIxNW0yJTIxMXNzciUyMTJzcnMlMjIlMjB3aWR0aCUzRCUyMjEwMCUyNSUyMiUyMGhlaWdodCUzRCUyMjQ1MCUyMiUyMHN0eWxlJTNEJTIyYm9yZGVyJTNBMCUzQiUyMiUyMGFsbG93ZnVsbHNjcmVlbiUzRCUyMiUyMiUyMGxvYWRpbmclM0QlMjJsYXp5JTIyJTIwcmVmZXJyZXJwb2xpY3klM0QlMjJuby1yZWZlcnJlci13aGVuLWRvd25ncmFkZSUyMiUzRSUzQyUyRmlmcmFtZSUzRQ==\u00a0\u00bb size=\u00a0\u00bb360&Prime;][\/vc_column][\/vc_row]<\/p>\n<\/section>","protected":false},"excerpt":{"rendered":"<p>[vc_row container=\u00a0\u00bb1&Prime;][vc_column][\/vc_column][\/vc_row][vc_row container=\u00a0\u00bb1&Prime;][vc_column width=\u00a0\u00bb1\/2&Prime;][\/vc_column][vc_column width=\u00a0\u00bb1\/2&Prime;][\/vc_column][\/vc_row][vc_row container=\u00a0\u00bb1&Prime;][vc_column][vc_column_text] Si vous souhaitez \u00eatre au courant de nos activit\u00e9s, remplissez le formulaire et laissez votre adresse \u00e9lectronique. En soumettant votre formulaire, vous nous donnez l\u2019autorisation de recevoir\u00a0 des\u00a0 notifications. [\/vc_column_text][vc_empty_space height=\u00a0\u00bb140px\u00a0\u00bb][\/vc_column][\/vc_row][vc_row][vc_column][vc_gmaps link=\u00a0\u00bb#E-8_JTNDaWZyYW1lJTIwc3JjJTNEJTIyaHR0cHMlM0ElMkYlMkZ3d3cuZ29vZ2xlLmNvbSUyRm1hcHMlMkZlbWJlZCUzRnBiJTNEJTIxMW0xNCUyMTFtOCUyMTFtMyUyMTFkMTEzMjkuNDkyMDE4Nzg1NzQ4JTIxMmQyMC40NTUyNzEzJTIxM2Q0NC43NzMyMDA0JTIxM20yJTIxMWkxMDI0JTIxMmk3NjglMjE0ZjEzLjElMjEzbTMlMjExbTIlMjExczB4NDc1YTcxMmI2YmJlNmNkMyUyNTNBMHg2OTczNjdlZDMzMmMwNjNhJTIxMnNQYWxhdGElMjUyMHVtZXRub3N0aSUyNTIwTWFkbGVuYSUyMTVlMCUyMTNtMiUyMTFzc3IlMjEyc3JzJTIxNHYxNjg3NTE4Mjk0ODA1JTIxNW0yJTIxMXNzciUyMTJzcnMlMjIlMjB3aWR0aCUzRCUyMjEwMCUyNSUyMiUyMGhlaWdodCUzRCUyMjQ1MCUyMiUyMHN0eWxlJTNEJTIyYm9yZGVyJTNBMCUzQiUyMiUyMGFsbG93ZnVsbHNjcmVlbiUzRCUyMiUyMiUyMGxvYWRpbmclM0QlMjJsYXp5JTIyJTIwcmVmZXJyZXJwb2xpY3klM0QlMjJuby1yZWZlcnJlci13aGVuLWRvd25ncmFkZSUyMiUzRSUzQyUyRmlmcmFtZSUzRQ==\u00a0\u00bb size=\u00a0\u00bb360&Prime;][\/vc_column][\/vc_row]<\/p>\n","protected":false},"author":1,"featured_media":0,"parent":0,"menu_order":0,"comment_status":"closed","ping_status":"closed","template":"tpl-visual_composer.php","meta":{"footnotes":""},"class_list":["post-8751","page","type-page","status-publish","hentry"],"yoast_head":"<!-- This site is optimized with the Yoast SEO plugin v23.7 - https:\/\/yoast.com\/wordpress\/plugins\/seo\/ -->\n<title>CONTACT<\/title>\n<meta name=\"robots\" content=\"index, follow, max-snippet:-1, max-image-preview:large, max-video-preview:-1\" \/>\n<link rel=\"canonical\" href=\"https:\/\/palataumetnostimadlena.rs\/fr\/contact\/\" \/>\n<meta property=\"og:locale\" content=\"fr_FR\" \/>\n<meta property=\"og:type\" content=\"article\" \/>\n<meta property=\"og:title\" content=\"CONTACT\" \/>\n<meta property=\"og:description\" content=\"[vc_row container=\u00a0\u00bb1&Prime;][vc_column][\/vc_column][\/vc_row][vc_row container=\u00a0\u00bb1&Prime;][vc_column width=\u00a0\u00bb1\/2&Prime;][\/vc_column][vc_column width=\u00a0\u00bb1\/2&Prime;][\/vc_column][\/vc_row][vc_row container=\u00a0\u00bb1&Prime;][vc_column][vc_column_text] Si vous souhaitez \u00eatre au courant de nos activit\u00e9s, remplissez le formulaire et laissez votre adresse \u00e9lectronique. En soumettant votre formulaire, vous nous donnez l\u2019autorisation de recevoir\u00a0 des\u00a0 notifications. [\/vc_column_text][vc_empty_space height=\u00a0\u00bb140px\u00a0\u00bb][\/vc_column][\/vc_row][vc_row][vc_column][vc_gmaps link=\u00a0\u00bb#E-8_JTNDaWZyYW1lJTIwc3JjJTNEJTIyaHR0cHMlM0ElMkYlMkZ3d3cuZ29vZ2xlLmNvbSUyRm1hcHMlMkZlbWJlZCUzRnBiJTNEJTIxMW0xNCUyMTFtOCUyMTFtMyUyMTFkMTEzMjkuNDkyMDE4Nzg1NzQ4JTIxMmQyMC40NTUyNzEzJTIxM2Q0NC43NzMyMDA0JTIxM20yJTIxMWkxMDI0JTIxMmk3NjglMjE0ZjEzLjElMjEzbTMlMjExbTIlMjExczB4NDc1YTcxMmI2YmJlNmNkMyUyNTNBMHg2OTczNjdlZDMzMmMwNjNhJTIxMnNQYWxhdGElMjUyMHVtZXRub3N0aSUyNTIwTWFkbGVuYSUyMTVlMCUyMTNtMiUyMTFzc3IlMjEyc3JzJTIxNHYxNjg3NTE4Mjk0ODA1JTIxNW0yJTIxMXNzciUyMTJzcnMlMjIlMjB3aWR0aCUzRCUyMjEwMCUyNSUyMiUyMGhlaWdodCUzRCUyMjQ1MCUyMiUyMHN0eWxlJTNEJTIyYm9yZGVyJTNBMCUzQiUyMiUyMGFsbG93ZnVsbHNjcmVlbiUzRCUyMiUyMiUyMGxvYWRpbmclM0QlMjJsYXp5JTIyJTIwcmVmZXJyZXJwb2xpY3klM0QlMjJuby1yZWZlcnJlci13aGVuLWRvd25ncmFkZSUyMiUzRSUzQyUyRmlmcmFtZSUzRQ==\u00a0\u00bb size=\u00a0\u00bb360&Prime;][\/vc_column][\/vc_row]\" \/>\n<meta property=\"og:url\" content=\"https:\/\/palataumetnostimadlena.rs\/fr\/contact\/\" \/>\n<meta property=\"og:site_name\" content=\"Palata umetnosti Madlena\" \/>\n<meta property=\"article:publisher\" content=\"https:\/\/www.facebook.com\/palataumetnosti\" \/>\n<meta property=\"article:modified_time\" content=\"2025-03-19T23:25:00+00:00\" \/>\n<meta name=\"twitter:card\" content=\"summary_large_image\" \/>\n<meta name=\"twitter:label1\" content=\"Dur\u00e9e de lecture estim\u00e9e\" \/>\n\t<meta name=\"twitter:data1\" content=\"1 minute\" \/>\n<script type=\"application\/ld+json\" class=\"yoast-schema-graph\">{\"@context\":\"https:\/\/schema.org\",\"@graph\":[{\"@type\":\"WebPage\",\"@id\":\"https:\/\/palataumetnostimadlena.rs\/fr\/contact\/\",\"url\":\"https:\/\/palataumetnostimadlena.rs\/fr\/contact\/\",\"name\":\"CONTACT\",\"isPartOf\":{\"@id\":\"https:\/\/palataumetnostimadlena.rs\/#website\"},\"datePublished\":\"2017-05-05T06:30:17+00:00\",\"dateModified\":\"2025-03-19T23:25:00+00:00\",\"breadcrumb\":{\"@id\":\"https:\/\/palataumetnostimadlena.rs\/fr\/contact\/#breadcrumb\"},\"inLanguage\":\"fr-FR\",\"potentialAction\":[{\"@type\":\"ReadAction\",\"target\":[\"https:\/\/palataumetnostimadlena.rs\/fr\/contact\/\"]}]},{\"@type\":\"BreadcrumbList\",\"@id\":\"https:\/\/palataumetnostimadlena.rs\/fr\/contact\/#breadcrumb\",\"itemListElement\":[{\"@type\":\"ListItem\",\"position\":1,\"name\":\"\u041f\u043e\u0447\u0435\u0442\u043d\u0430\",\"item\":\"https:\/\/palataumetnostimadlena.rs\/fr\/\"},{\"@type\":\"ListItem\",\"position\":2,\"name\":\"CONTACT\"}]},{\"@type\":\"WebSite\",\"@id\":\"https:\/\/palataumetnostimadlena.rs\/#website\",\"url\":\"https:\/\/palataumetnostimadlena.rs\/\",\"name\":\"Palata umetnosti Madlena\",\"description\":\"\",\"potentialAction\":[{\"@type\":\"SearchAction\",\"target\":{\"@type\":\"EntryPoint\",\"urlTemplate\":\"https:\/\/palataumetnostimadlena.rs\/?s={search_term_string}\"},\"query-input\":{\"@type\":\"PropertyValueSpecification\",\"valueRequired\":true,\"valueName\":\"search_term_string\"}}],\"inLanguage\":\"fr-FR\"}]}<\/script>\n<!-- \/ Yoast SEO plugin. -->","yoast_head_json":{"title":"CONTACT","robots":{"index":"index","follow":"follow","max-snippet":"max-snippet:-1","max-image-preview":"max-image-preview:large","max-video-preview":"max-video-preview:-1"},"canonical":"https:\/\/palataumetnostimadlena.rs\/fr\/contact\/","og_locale":"fr_FR","og_type":"article","og_title":"CONTACT","og_description":"[vc_row container=\u00a0\u00bb1&Prime;][vc_column][\/vc_column][\/vc_row][vc_row container=\u00a0\u00bb1&Prime;][vc_column width=\u00a0\u00bb1\/2&Prime;][\/vc_column][vc_column width=\u00a0\u00bb1\/2&Prime;][\/vc_column][\/vc_row][vc_row container=\u00a0\u00bb1&Prime;][vc_column][vc_column_text] Si vous souhaitez \u00eatre au courant de nos activit\u00e9s, remplissez le formulaire et laissez votre adresse \u00e9lectronique. En soumettant votre formulaire, vous nous donnez l\u2019autorisation de recevoir\u00a0 des\u00a0 notifications. [\/vc_column_text][vc_empty_space height=\u00a0\u00bb140px\u00a0\u00bb][\/vc_column][\/vc_row][vc_row][vc_column][vc_gmaps link=\u00a0\u00bb#E-8_JTNDaWZyYW1lJTIwc3JjJTNEJTIyaHR0cHMlM0ElMkYlMkZ3d3cuZ29vZ2xlLmNvbSUyRm1hcHMlMkZlbWJlZCUzRnBiJTNEJTIxMW0xNCUyMTFtOCUyMTFtMyUyMTFkMTEzMjkuNDkyMDE4Nzg1NzQ4JTIxMmQyMC40NTUyNzEzJTIxM2Q0NC43NzMyMDA0JTIxM20yJTIxMWkxMDI0JTIxMmk3NjglMjE0ZjEzLjElMjEzbTMlMjExbTIlMjExczB4NDc1YTcxMmI2YmJlNmNkMyUyNTNBMHg2OTczNjdlZDMzMmMwNjNhJTIxMnNQYWxhdGElMjUyMHVtZXRub3N0aSUyNTIwTWFkbGVuYSUyMTVlMCUyMTNtMiUyMTFzc3IlMjEyc3JzJTIxNHYxNjg3NTE4Mjk0ODA1JTIxNW0yJTIxMXNzciUyMTJzcnMlMjIlMjB3aWR0aCUzRCUyMjEwMCUyNSUyMiUyMGhlaWdodCUzRCUyMjQ1MCUyMiUyMHN0eWxlJTNEJTIyYm9yZGVyJTNBMCUzQiUyMiUyMGFsbG93ZnVsbHNjcmVlbiUzRCUyMiUyMiUyMGxvYWRpbmclM0QlMjJsYXp5JTIyJTIwcmVmZXJyZXJwb2xpY3klM0QlMjJuby1yZWZlcnJlci13aGVuLWRvd25ncmFkZSUyMiUzRSUzQyUyRmlmcmFtZSUzRQ==\u00a0\u00bb size=\u00a0\u00bb360&Prime;][\/vc_column][\/vc_row]","og_url":"https:\/\/palataumetnostimadlena.rs\/fr\/contact\/","og_site_name":"Palata umetnosti Madlena","article_publisher":"https:\/\/www.facebook.com\/palataumetnosti","article_modified_time":"2025-03-19T23:25:00+00:00","twitter_card":"summary_large_image","twitter_misc":{"Dur\u00e9e de lecture estim\u00e9e":"1 minute"},"schema":{"@context":"https:\/\/schema.org","@graph":[{"@type":"WebPage","@id":"https:\/\/palataumetnostimadlena.rs\/fr\/contact\/","url":"https:\/\/palataumetnostimadlena.rs\/fr\/contact\/","name":"CONTACT","isPartOf":{"@id":"https:\/\/palataumetnostimadlena.rs\/#website"},"datePublished":"2017-05-05T06:30:17+00:00","dateModified":"2025-03-19T23:25:00+00:00","breadcrumb":{"@id":"https:\/\/palataumetnostimadlena.rs\/fr\/contact\/#breadcrumb"},"inLanguage":"fr-FR","potentialAction":[{"@type":"ReadAction","target":["https:\/\/palataumetnostimadlena.rs\/fr\/contact\/"]}]},{"@type":"BreadcrumbList","@id":"https:\/\/palataumetnostimadlena.rs\/fr\/contact\/#breadcrumb","itemListElement":[{"@type":"ListItem","position":1,"name":"\u041f\u043e\u0447\u0435\u0442\u043d\u0430","item":"https:\/\/palataumetnostimadlena.rs\/fr\/"},{"@type":"ListItem","position":2,"name":"CONTACT"}]},{"@type":"WebSite","@id":"https:\/\/palataumetnostimadlena.rs\/#website","url":"https:\/\/palataumetnostimadlena.rs\/","name":"Palata umetnosti Madlena","description":"","potentialAction":[{"@type":"SearchAction","target":{"@type":"EntryPoint","urlTemplate":"https:\/\/palataumetnostimadlena.rs\/?s={search_term_string}"},"query-input":{"@type":"PropertyValueSpecification","valueRequired":true,"valueName":"search_term_string"}}],"inLanguage":"fr-FR"}]}},"_links":{"self":[{"href":"https:\/\/palataumetnostimadlena.rs\/fr\/wp-json\/wp\/v2\/pages\/8751","targetHints":{"allow":["GET"]}}],"collection":[{"href":"https:\/\/palataumetnostimadlena.rs\/fr\/wp-json\/wp\/v2\/pages"}],"about":[{"href":"https:\/\/palataumetnostimadlena.rs\/fr\/wp-json\/wp\/v2\/types\/page"}],"author":[{"embeddable":true,"href":"https:\/\/palataumetnostimadlena.rs\/fr\/wp-json\/wp\/v2\/users\/1"}],"replies":[{"embeddable":true,"href":"https:\/\/palataumetnostimadlena.rs\/fr\/wp-json\/wp\/v2\/comments?post=8751"}],"version-history":[{"count":5,"href":"https:\/\/palataumetnostimadlena.rs\/fr\/wp-json\/wp\/v2\/pages\/8751\/revisions"}],"predecessor-version":[{"id":9674,"href":"https:\/\/palataumetnostimadlena.rs\/fr\/wp-json\/wp\/v2\/pages\/8751\/revisions\/9674"}],"wp:attachment":[{"href":"https:\/\/palataumetnostimadlena.rs\/fr\/wp-json\/wp\/v2\/media?parent=8751"}],"curies":[{"name":"wp","href":"https:\/\/api.w.org\/{rel}","templated":true}]}}