{"id":8758,"date":"2024-06-24T20:24:33","date_gmt":"2024-06-24T18:24:33","guid":{"rendered":"https:\/\/palataumetnostimadlena.rs\/?page_id=8758"},"modified":"2024-11-01T01:33:00","modified_gmt":"2024-10-31T23:33:00","slug":"la-salle-ovale","status":"publish","type":"page","link":"https:\/\/palataumetnostimadlena.rs\/fr\/la-salle-ovale\/","title":{"rendered":"LA SALLE OVALE"},"content":{"rendered":"<section class=\"wpb-content-wrapper\"><p>[vc_row][vc_column width=\u00a0\u00bb4\/6&Prime;][vc_gallery interval=\u00a0\u00bb10&Prime; images=\u00a0\u00bb3952,3951,3950,3949,3948&Prime; img_size=\u00a0\u00bblarge\u00a0\u00bb][\/vc_column][vc_column width=\u00a0\u00bb2\/6&Prime;][vc_column_text]La superficie de cette salle, extr\u00eamement attractive de forme semi-circulaire de 99 m\u00b2 peut accueillir environ 80 personnes. Gr\u00e2ce \u00e0 toutes ses possibilit\u00e9s esth\u00e9tiques et techniques, cet espace permet l\u2019organisation de s\u00e9minaires, conf\u00e9rences, tables rondes, pr\u00e9sentations diverses et autres \u00e9v\u00e8nements, d\u2019autant plus que sa superficie peut \u00eatre augment\u00e9e de 58 m\u00b2 suppl\u00e9mentaire, soit de 20 \u00e0 30 places de plus en la reliant \u00e0 la salle adjacente, l\u00e9g\u00e8rement plus petite.<\/p>\n<p>Cette salle plus petite, d\u2019une superficie de 58 m\u00b2 de 20 \u00e0 30 places, en tant qu\u2019unit\u00e9 s\u00e9par\u00e9e, constitue un espace propice aux r\u00e9unions, ateliers, pr\u00e9sentations, etc. plus intimistes<\/p>\n<p>.[\/vc_column_text][vc_separator css=\u00a0\u00bb.vc_custom_1715901308334{padding-top: 30px !important;padding-bottom: 30px !important;}\u00a0\u00bb][vc_column_text css=\u00a0\u00bb.vc_custom_1730416972365{padding-top: 20px !important;padding-right: 20px !important;padding-bottom: 20px !important;padding-left: 20px !important;background-color: #f2f2f2 !important;}\u00a0\u00bb]Contact:<\/p>\n<p><strong>Zorica Raki\u0107<br \/>\n<\/strong>Directrice<\/p>\n<p>T\u00e9l: 011\/6963 280<br \/>\nPort. +381 (0) 63\/538 417<br \/>\n+381 (0) 64\/13 94 914<\/p>\n<p><a href=\"mailto:zorica.rakic@palataumetnostimadlena.rs\">zorica.rakic@palataumetnostimadlena.rs<\/a><br \/>\n<a href=\"http:\/\/www.palataumetnostimadlena.rs\">www.palataumetnostimadlena.rs<\/a>[\/vc_column_text][\/vc_column][\/vc_row][vc_row][vc_column][\/vc_column][\/vc_row]<\/p>\n<\/section>","protected":false},"excerpt":{"rendered":"<p>[vc_row][vc_column width=\u00a0\u00bb4\/6&Prime;][vc_gallery interval=\u00a0\u00bb10&Prime; images=\u00a0\u00bb3952,3951,3950,3949,3948&Prime; img_size=\u00a0\u00bblarge\u00a0\u00bb][\/vc_column][vc_column width=\u00a0\u00bb2\/6&Prime;][vc_column_text]La superficie de cette salle, extr\u00eamement attractive de forme semi-circulaire de 99 m\u00b2 peut accueillir environ 80 personnes. Gr\u00e2ce \u00e0 toutes ses possibilit\u00e9s esth\u00e9tiques et techniques, cet espace permet l\u2019organisation de s\u00e9minaires, conf\u00e9rences, tables rondes, pr\u00e9sentations diverses et autres \u00e9v\u00e8nements, d\u2019autant plus que sa superficie peut \u00eatre augment\u00e9e de 58<\/p>\n","protected":false},"author":1,"featured_media":0,"parent":0,"menu_order":0,"comment_status":"closed","ping_status":"closed","template":"","meta":{"footnotes":""},"class_list":["post-8758","page","type-page","status-publish","hentry"],"yoast_head":"<!-- This site is optimized with the Yoast SEO plugin v23.7 - https:\/\/yoast.com\/wordpress\/plugins\/seo\/ -->\n<title>LA SALLE OVALE<\/title>\n<meta name=\"robots\" content=\"index, follow, max-snippet:-1, max-image-preview:large, max-video-preview:-1\" \/>\n<link rel=\"canonical\" href=\"https:\/\/palataumetnostimadlena.rs\/fr\/la-salle-ovale\/\" \/>\n<meta property=\"og:locale\" content=\"fr_FR\" \/>\n<meta property=\"og:type\" content=\"article\" \/>\n<meta property=\"og:title\" content=\"LA SALLE OVALE\" \/>\n<meta property=\"og:description\" content=\"[vc_row][vc_column width=\u00a0\u00bb4\/6&Prime;][vc_gallery interval=\u00a0\u00bb10&Prime; images=\u00a0\u00bb3952,3951,3950,3949,3948&Prime; img_size=\u00a0\u00bblarge\u00a0\u00bb][\/vc_column][vc_column width=\u00a0\u00bb2\/6&Prime;][vc_column_text]La superficie de cette salle, extr\u00eamement attractive de forme semi-circulaire de 99 m\u00b2 peut accueillir environ 80 personnes. Gr\u00e2ce \u00e0 toutes ses possibilit\u00e9s esth\u00e9tiques et techniques, cet espace permet l\u2019organisation de s\u00e9minaires, conf\u00e9rences, tables rondes, pr\u00e9sentations diverses et autres \u00e9v\u00e8nements, d\u2019autant plus que sa superficie peut \u00eatre augment\u00e9e de 58\" \/>\n<meta property=\"og:url\" content=\"https:\/\/palataumetnostimadlena.rs\/fr\/la-salle-ovale\/\" \/>\n<meta property=\"og:site_name\" content=\"Palata umetnosti Madlena\" \/>\n<meta property=\"article:publisher\" content=\"https:\/\/www.facebook.com\/palataumetnosti\" \/>\n<meta property=\"article:modified_time\" content=\"2024-10-31T23:33:00+00:00\" \/>\n<meta name=\"twitter:card\" content=\"summary_large_image\" \/>\n<meta name=\"twitter:label1\" content=\"Dur\u00e9e de lecture estim\u00e9e\" \/>\n\t<meta name=\"twitter:data1\" content=\"1 minute\" \/>\n<script type=\"application\/ld+json\" class=\"yoast-schema-graph\">{\"@context\":\"https:\/\/schema.org\",\"@graph\":[{\"@type\":\"WebPage\",\"@id\":\"https:\/\/palataumetnostimadlena.rs\/fr\/la-salle-ovale\/\",\"url\":\"https:\/\/palataumetnostimadlena.rs\/fr\/la-salle-ovale\/\",\"name\":\"LA SALLE OVALE\",\"isPartOf\":{\"@id\":\"https:\/\/palataumetnostimadlena.rs\/#website\"},\"datePublished\":\"2024-06-24T18:24:33+00:00\",\"dateModified\":\"2024-10-31T23:33:00+00:00\",\"breadcrumb\":{\"@id\":\"https:\/\/palataumetnostimadlena.rs\/fr\/la-salle-ovale\/#breadcrumb\"},\"inLanguage\":\"fr-FR\",\"potentialAction\":[{\"@type\":\"ReadAction\",\"target\":[\"https:\/\/palataumetnostimadlena.rs\/fr\/la-salle-ovale\/\"]}]},{\"@type\":\"BreadcrumbList\",\"@id\":\"https:\/\/palataumetnostimadlena.rs\/fr\/la-salle-ovale\/#breadcrumb\",\"itemListElement\":[{\"@type\":\"ListItem\",\"position\":1,\"name\":\"\u041f\u043e\u0447\u0435\u0442\u043d\u0430\",\"item\":\"https:\/\/palataumetnostimadlena.rs\/fr\/\"},{\"@type\":\"ListItem\",\"position\":2,\"name\":\"LA SALLE OVALE\"}]},{\"@type\":\"WebSite\",\"@id\":\"https:\/\/palataumetnostimadlena.rs\/#website\",\"url\":\"https:\/\/palataumetnostimadlena.rs\/\",\"name\":\"Palata umetnosti Madlena\",\"description\":\"\",\"potentialAction\":[{\"@type\":\"SearchAction\",\"target\":{\"@type\":\"EntryPoint\",\"urlTemplate\":\"https:\/\/palataumetnostimadlena.rs\/?s={search_term_string}\"},\"query-input\":{\"@type\":\"PropertyValueSpecification\",\"valueRequired\":true,\"valueName\":\"search_term_string\"}}],\"inLanguage\":\"fr-FR\"}]}<\/script>\n<!-- \/ Yoast SEO plugin. -->","yoast_head_json":{"title":"LA SALLE OVALE","robots":{"index":"index","follow":"follow","max-snippet":"max-snippet:-1","max-image-preview":"max-image-preview:large","max-video-preview":"max-video-preview:-1"},"canonical":"https:\/\/palataumetnostimadlena.rs\/fr\/la-salle-ovale\/","og_locale":"fr_FR","og_type":"article","og_title":"LA SALLE OVALE","og_description":"[vc_row][vc_column width=\u00a0\u00bb4\/6&Prime;][vc_gallery interval=\u00a0\u00bb10&Prime; images=\u00a0\u00bb3952,3951,3950,3949,3948&Prime; img_size=\u00a0\u00bblarge\u00a0\u00bb][\/vc_column][vc_column width=\u00a0\u00bb2\/6&Prime;][vc_column_text]La superficie de cette salle, extr\u00eamement attractive de forme semi-circulaire de 99 m\u00b2 peut accueillir environ 80 personnes. Gr\u00e2ce \u00e0 toutes ses possibilit\u00e9s esth\u00e9tiques et techniques, cet espace permet l\u2019organisation de s\u00e9minaires, conf\u00e9rences, tables rondes, pr\u00e9sentations diverses et autres \u00e9v\u00e8nements, d\u2019autant plus que sa superficie peut \u00eatre augment\u00e9e de 58","og_url":"https:\/\/palataumetnostimadlena.rs\/fr\/la-salle-ovale\/","og_site_name":"Palata umetnosti Madlena","article_publisher":"https:\/\/www.facebook.com\/palataumetnosti","article_modified_time":"2024-10-31T23:33:00+00:00","twitter_card":"summary_large_image","twitter_misc":{"Dur\u00e9e de lecture estim\u00e9e":"1 minute"},"schema":{"@context":"https:\/\/schema.org","@graph":[{"@type":"WebPage","@id":"https:\/\/palataumetnostimadlena.rs\/fr\/la-salle-ovale\/","url":"https:\/\/palataumetnostimadlena.rs\/fr\/la-salle-ovale\/","name":"LA SALLE OVALE","isPartOf":{"@id":"https:\/\/palataumetnostimadlena.rs\/#website"},"datePublished":"2024-06-24T18:24:33+00:00","dateModified":"2024-10-31T23:33:00+00:00","breadcrumb":{"@id":"https:\/\/palataumetnostimadlena.rs\/fr\/la-salle-ovale\/#breadcrumb"},"inLanguage":"fr-FR","potentialAction":[{"@type":"ReadAction","target":["https:\/\/palataumetnostimadlena.rs\/fr\/la-salle-ovale\/"]}]},{"@type":"BreadcrumbList","@id":"https:\/\/palataumetnostimadlena.rs\/fr\/la-salle-ovale\/#breadcrumb","itemListElement":[{"@type":"ListItem","position":1,"name":"\u041f\u043e\u0447\u0435\u0442\u043d\u0430","item":"https:\/\/palataumetnostimadlena.rs\/fr\/"},{"@type":"ListItem","position":2,"name":"LA SALLE OVALE"}]},{"@type":"WebSite","@id":"https:\/\/palataumetnostimadlena.rs\/#website","url":"https:\/\/palataumetnostimadlena.rs\/","name":"Palata umetnosti Madlena","description":"","potentialAction":[{"@type":"SearchAction","target":{"@type":"EntryPoint","urlTemplate":"https:\/\/palataumetnostimadlena.rs\/?s={search_term_string}"},"query-input":{"@type":"PropertyValueSpecification","valueRequired":true,"valueName":"search_term_string"}}],"inLanguage":"fr-FR"}]}},"_links":{"self":[{"href":"https:\/\/palataumetnostimadlena.rs\/fr\/wp-json\/wp\/v2\/pages\/8758","targetHints":{"allow":["GET"]}}],"collection":[{"href":"https:\/\/palataumetnostimadlena.rs\/fr\/wp-json\/wp\/v2\/pages"}],"about":[{"href":"https:\/\/palataumetnostimadlena.rs\/fr\/wp-json\/wp\/v2\/types\/page"}],"author":[{"embeddable":true,"href":"https:\/\/palataumetnostimadlena.rs\/fr\/wp-json\/wp\/v2\/users\/1"}],"replies":[{"embeddable":true,"href":"https:\/\/palataumetnostimadlena.rs\/fr\/wp-json\/wp\/v2\/comments?post=8758"}],"version-history":[{"count":3,"href":"https:\/\/palataumetnostimadlena.rs\/fr\/wp-json\/wp\/v2\/pages\/8758\/revisions"}],"predecessor-version":[{"id":8785,"href":"https:\/\/palataumetnostimadlena.rs\/fr\/wp-json\/wp\/v2\/pages\/8758\/revisions\/8785"}],"wp:attachment":[{"href":"https:\/\/palataumetnostimadlena.rs\/fr\/wp-json\/wp\/v2\/media?parent=8758"}],"curies":[{"name":"wp","href":"https:\/\/api.w.org\/{rel}","templated":true}]}}