{"id":8759,"date":"2024-06-24T20:29:01","date_gmt":"2024-06-24T18:29:01","guid":{"rendered":"https:\/\/palataumetnostimadlena.rs\/?page_id=8759"},"modified":"2024-11-01T01:33:10","modified_gmt":"2024-10-31T23:33:10","slug":"la-salle-de-reunions","status":"publish","type":"page","link":"https:\/\/palataumetnostimadlena.rs\/fr\/la-salle-de-reunions\/","title":{"rendered":"LA SALLE DE R\u00c9UNIONS"},"content":{"rendered":"<section class=\"wpb-content-wrapper\"><p>[vc_row][vc_column width=\u00a0\u00bb4\/6&Prime;][vc_gallery interval=\u00a0\u00bb10&Prime; images=\u00a0\u00bb3956,3957&Prime; img_size=\u00a0\u00bblarge\u00a0\u00bb][\/vc_column][vc_column width=\u00a0\u00bb2\/6&Prime;][vc_column_text]\u00c0 c\u00f4t\u00e9 des nombreux espaces du Palais des Arts <em>Madlena<\/em> pouvant servir de salles de r\u00e9unions de travail, il existe une salle sp\u00e9cialement con\u00e7ue \u00e0 cet objectif : la Salle de R\u00e9unions.<\/p>\n<p>La superficie de cette salle ultramoderne de 94 m\u00b2 est \u00e9quip\u00e9e des derni\u00e8res techniques audio et vid\u00e9o (projecteur et \u00e9cran), et, ce qui est tr\u00e8s important, elle dispose d\u2019une isolation phonique exceptionnelle afin que les r\u00e9unions puissent se d\u00e9rouler absolument sans d\u00e9rangements ext\u00e9rieurs.<\/p>\n<p>Une grande table de conf\u00e9rence au design moderne accompagn\u00e9e de fauteuils recouverts de cuir de la couleur de la table, compl\u00e8tent l\u2019ambiance de travail. De plus, la vue sur le parc du palais apporte la touche d\u2019\u00e9nergie esth\u00e9tique si n\u00e9cessaire au succ\u00e8s des affaires.[\/vc_column_text][vc_separator css=\u00a0\u00bb.vc_custom_1715901308334{padding-top: 30px !important;padding-bottom: 30px !important;}\u00a0\u00bb][vc_column_text css=\u00a0\u00bb.vc_custom_1730416981724{padding-top: 20px !important;padding-right: 20px !important;padding-bottom: 20px !important;padding-left: 20px !important;background-color: #f2f2f2 !important;}\u00a0\u00bb]Contact:<\/p>\n<p><strong>Zorica Raki\u0107<br \/>\n<\/strong>Directrice<\/p>\n<p>T\u00e9l: 011\/6963 280<br \/>\nPort. +381 (0) 63\/538 417<br \/>\n+381 (0) 64\/13 94 914<\/p>\n<p><a href=\"mailto:zorica.rakic@palataumetnostimadlena.rs\">zorica.rakic@palataumetnostimadlena.rs<\/a><br \/>\n<a href=\"http:\/\/www.palataumetnostimadlena.rs\">www.palataumetnostimadlena.rs<\/a>[\/vc_column_text][\/vc_column][\/vc_row][vc_row][vc_column][\/vc_column][\/vc_row]<\/p>\n<\/section>","protected":false},"excerpt":{"rendered":"<p>[vc_row][vc_column width=\u00a0\u00bb4\/6&Prime;][vc_gallery interval=\u00a0\u00bb10&Prime; images=\u00a0\u00bb3956,3957&Prime; img_size=\u00a0\u00bblarge\u00a0\u00bb][\/vc_column][vc_column width=\u00a0\u00bb2\/6&Prime;][vc_column_text]\u00c0 c\u00f4t\u00e9 des nombreux espaces du Palais des Arts Madlena pouvant servir de salles de r\u00e9unions de travail, il existe une salle sp\u00e9cialement con\u00e7ue \u00e0 cet objectif : la Salle de R\u00e9unions. La superficie de cette salle ultramoderne de 94 m\u00b2 est \u00e9quip\u00e9e des derni\u00e8res techniques audio et vid\u00e9o (projecteur<\/p>\n","protected":false},"author":1,"featured_media":0,"parent":0,"menu_order":0,"comment_status":"closed","ping_status":"closed","template":"","meta":{"footnotes":""},"class_list":["post-8759","page","type-page","status-publish","hentry"],"yoast_head":"<!-- This site is optimized with the Yoast SEO plugin v23.7 - https:\/\/yoast.com\/wordpress\/plugins\/seo\/ -->\n<title>LA SALLE DE R\u00c9UNIONS<\/title>\n<meta name=\"robots\" content=\"index, follow, max-snippet:-1, max-image-preview:large, max-video-preview:-1\" \/>\n<link rel=\"canonical\" href=\"https:\/\/palataumetnostimadlena.rs\/fr\/la-salle-de-reunions\/\" \/>\n<meta property=\"og:locale\" content=\"fr_FR\" \/>\n<meta property=\"og:type\" content=\"article\" \/>\n<meta property=\"og:title\" content=\"LA SALLE DE R\u00c9UNIONS\" \/>\n<meta property=\"og:description\" content=\"[vc_row][vc_column width=\u00a0\u00bb4\/6&Prime;][vc_gallery interval=\u00a0\u00bb10&Prime; images=\u00a0\u00bb3956,3957&Prime; img_size=\u00a0\u00bblarge\u00a0\u00bb][\/vc_column][vc_column width=\u00a0\u00bb2\/6&Prime;][vc_column_text]\u00c0 c\u00f4t\u00e9 des nombreux espaces du Palais des Arts Madlena pouvant servir de salles de r\u00e9unions de travail, il existe une salle sp\u00e9cialement con\u00e7ue \u00e0 cet objectif : la Salle de R\u00e9unions. La superficie de cette salle ultramoderne de 94 m\u00b2 est \u00e9quip\u00e9e des derni\u00e8res techniques audio et vid\u00e9o (projecteur\" \/>\n<meta property=\"og:url\" content=\"https:\/\/palataumetnostimadlena.rs\/fr\/la-salle-de-reunions\/\" \/>\n<meta property=\"og:site_name\" content=\"Palata umetnosti Madlena\" \/>\n<meta property=\"article:publisher\" content=\"https:\/\/www.facebook.com\/palataumetnosti\" \/>\n<meta property=\"article:modified_time\" content=\"2024-10-31T23:33:10+00:00\" \/>\n<meta name=\"twitter:card\" content=\"summary_large_image\" \/>\n<meta name=\"twitter:label1\" content=\"Dur\u00e9e de lecture estim\u00e9e\" \/>\n\t<meta name=\"twitter:data1\" content=\"1 minute\" \/>\n<script type=\"application\/ld+json\" class=\"yoast-schema-graph\">{\"@context\":\"https:\/\/schema.org\",\"@graph\":[{\"@type\":\"WebPage\",\"@id\":\"https:\/\/palataumetnostimadlena.rs\/fr\/la-salle-de-reunions\/\",\"url\":\"https:\/\/palataumetnostimadlena.rs\/fr\/la-salle-de-reunions\/\",\"name\":\"LA SALLE DE R\u00c9UNIONS\",\"isPartOf\":{\"@id\":\"https:\/\/palataumetnostimadlena.rs\/#website\"},\"datePublished\":\"2024-06-24T18:29:01+00:00\",\"dateModified\":\"2024-10-31T23:33:10+00:00\",\"breadcrumb\":{\"@id\":\"https:\/\/palataumetnostimadlena.rs\/fr\/la-salle-de-reunions\/#breadcrumb\"},\"inLanguage\":\"fr-FR\",\"potentialAction\":[{\"@type\":\"ReadAction\",\"target\":[\"https:\/\/palataumetnostimadlena.rs\/fr\/la-salle-de-reunions\/\"]}]},{\"@type\":\"BreadcrumbList\",\"@id\":\"https:\/\/palataumetnostimadlena.rs\/fr\/la-salle-de-reunions\/#breadcrumb\",\"itemListElement\":[{\"@type\":\"ListItem\",\"position\":1,\"name\":\"\u041f\u043e\u0447\u0435\u0442\u043d\u0430\",\"item\":\"https:\/\/palataumetnostimadlena.rs\/fr\/\"},{\"@type\":\"ListItem\",\"position\":2,\"name\":\"LA SALLE DE R\u00c9UNIONS\"}]},{\"@type\":\"WebSite\",\"@id\":\"https:\/\/palataumetnostimadlena.rs\/#website\",\"url\":\"https:\/\/palataumetnostimadlena.rs\/\",\"name\":\"Palata umetnosti Madlena\",\"description\":\"\",\"potentialAction\":[{\"@type\":\"SearchAction\",\"target\":{\"@type\":\"EntryPoint\",\"urlTemplate\":\"https:\/\/palataumetnostimadlena.rs\/?s={search_term_string}\"},\"query-input\":{\"@type\":\"PropertyValueSpecification\",\"valueRequired\":true,\"valueName\":\"search_term_string\"}}],\"inLanguage\":\"fr-FR\"}]}<\/script>\n<!-- \/ Yoast SEO plugin. -->","yoast_head_json":{"title":"LA SALLE DE R\u00c9UNIONS","robots":{"index":"index","follow":"follow","max-snippet":"max-snippet:-1","max-image-preview":"max-image-preview:large","max-video-preview":"max-video-preview:-1"},"canonical":"https:\/\/palataumetnostimadlena.rs\/fr\/la-salle-de-reunions\/","og_locale":"fr_FR","og_type":"article","og_title":"LA SALLE DE R\u00c9UNIONS","og_description":"[vc_row][vc_column width=\u00a0\u00bb4\/6&Prime;][vc_gallery interval=\u00a0\u00bb10&Prime; images=\u00a0\u00bb3956,3957&Prime; img_size=\u00a0\u00bblarge\u00a0\u00bb][\/vc_column][vc_column width=\u00a0\u00bb2\/6&Prime;][vc_column_text]\u00c0 c\u00f4t\u00e9 des nombreux espaces du Palais des Arts Madlena pouvant servir de salles de r\u00e9unions de travail, il existe une salle sp\u00e9cialement con\u00e7ue \u00e0 cet objectif : la Salle de R\u00e9unions. La superficie de cette salle ultramoderne de 94 m\u00b2 est \u00e9quip\u00e9e des derni\u00e8res techniques audio et vid\u00e9o (projecteur","og_url":"https:\/\/palataumetnostimadlena.rs\/fr\/la-salle-de-reunions\/","og_site_name":"Palata umetnosti Madlena","article_publisher":"https:\/\/www.facebook.com\/palataumetnosti","article_modified_time":"2024-10-31T23:33:10+00:00","twitter_card":"summary_large_image","twitter_misc":{"Dur\u00e9e de lecture estim\u00e9e":"1 minute"},"schema":{"@context":"https:\/\/schema.org","@graph":[{"@type":"WebPage","@id":"https:\/\/palataumetnostimadlena.rs\/fr\/la-salle-de-reunions\/","url":"https:\/\/palataumetnostimadlena.rs\/fr\/la-salle-de-reunions\/","name":"LA SALLE DE R\u00c9UNIONS","isPartOf":{"@id":"https:\/\/palataumetnostimadlena.rs\/#website"},"datePublished":"2024-06-24T18:29:01+00:00","dateModified":"2024-10-31T23:33:10+00:00","breadcrumb":{"@id":"https:\/\/palataumetnostimadlena.rs\/fr\/la-salle-de-reunions\/#breadcrumb"},"inLanguage":"fr-FR","potentialAction":[{"@type":"ReadAction","target":["https:\/\/palataumetnostimadlena.rs\/fr\/la-salle-de-reunions\/"]}]},{"@type":"BreadcrumbList","@id":"https:\/\/palataumetnostimadlena.rs\/fr\/la-salle-de-reunions\/#breadcrumb","itemListElement":[{"@type":"ListItem","position":1,"name":"\u041f\u043e\u0447\u0435\u0442\u043d\u0430","item":"https:\/\/palataumetnostimadlena.rs\/fr\/"},{"@type":"ListItem","position":2,"name":"LA SALLE DE R\u00c9UNIONS"}]},{"@type":"WebSite","@id":"https:\/\/palataumetnostimadlena.rs\/#website","url":"https:\/\/palataumetnostimadlena.rs\/","name":"Palata umetnosti Madlena","description":"","potentialAction":[{"@type":"SearchAction","target":{"@type":"EntryPoint","urlTemplate":"https:\/\/palataumetnostimadlena.rs\/?s={search_term_string}"},"query-input":{"@type":"PropertyValueSpecification","valueRequired":true,"valueName":"search_term_string"}}],"inLanguage":"fr-FR"}]}},"_links":{"self":[{"href":"https:\/\/palataumetnostimadlena.rs\/fr\/wp-json\/wp\/v2\/pages\/8759","targetHints":{"allow":["GET"]}}],"collection":[{"href":"https:\/\/palataumetnostimadlena.rs\/fr\/wp-json\/wp\/v2\/pages"}],"about":[{"href":"https:\/\/palataumetnostimadlena.rs\/fr\/wp-json\/wp\/v2\/types\/page"}],"author":[{"embeddable":true,"href":"https:\/\/palataumetnostimadlena.rs\/fr\/wp-json\/wp\/v2\/users\/1"}],"replies":[{"embeddable":true,"href":"https:\/\/palataumetnostimadlena.rs\/fr\/wp-json\/wp\/v2\/comments?post=8759"}],"version-history":[{"count":3,"href":"https:\/\/palataumetnostimadlena.rs\/fr\/wp-json\/wp\/v2\/pages\/8759\/revisions"}],"predecessor-version":[{"id":8787,"href":"https:\/\/palataumetnostimadlena.rs\/fr\/wp-json\/wp\/v2\/pages\/8759\/revisions\/8787"}],"wp:attachment":[{"href":"https:\/\/palataumetnostimadlena.rs\/fr\/wp-json\/wp\/v2\/media?parent=8759"}],"curies":[{"name":"wp","href":"https:\/\/api.w.org\/{rel}","templated":true}]}}