{"id":8762,"date":"2024-05-16T23:02:01","date_gmt":"2024-05-16T21:02:01","guid":{"rendered":"https:\/\/palataumetnostimadlena.rs\/?page_id=8762"},"modified":"2024-11-01T01:33:39","modified_gmt":"2024-10-31T23:33:39","slug":"lamphitheatre","status":"publish","type":"page","link":"https:\/\/palataumetnostimadlena.rs\/fr\/lamphitheatre\/","title":{"rendered":"L\u2019AMPHITH\u00c9\u00c2TRE"},"content":{"rendered":"<section class=\"wpb-content-wrapper\"><p>[vc_row][vc_column width=\u00a0\u00bb4\/6&Prime;][vc_gallery interval=\u00a0\u00bb10&Prime; images=\u00a0\u00bb3473,3474,3475,3476&Prime; img_size=\u00a0\u00bblarge\u00a0\u00bb][\/vc_column][vc_column width=\u00a0\u00bb2\/6&Prime;][vc_column_text]C\u2019est un petit th\u00e9\u00e2tre circulaire \u00e0 l\u2019int\u00e9rieur du Palais des Arts, d\u2019une superficie de 160 m\u00b2, avec une trentaine de si\u00e8ges cr\u00e9\u00e9s par la c\u00e9l\u00e8bre artiste italienne Carla Tolomeo. Ces si\u00e8ges uniques et riches en couleurs contribuent en permanence \u00e0 la magie de l\u2019int\u00e9rieur de cet espace car ils sont con\u00e7us comme des \u0153uvres d\u2019art extr\u00eamement attractives, d\u00e9cor\u00e9es d\u2019applications de textiles color\u00e9es.<\/p>\n<p>Cet espace est conforme \u00e0 l\u2019organisation et \u00e0 la repr\u00e9sentation de petites formes th\u00e9\u00e2trales, de concerts de chambre, de conf\u00e9rences, de pr\u00e9sentations, de soir\u00e9es litt\u00e9raires&#8230;[\/vc_column_text][vc_separator css=\u00a0\u00bb.vc_custom_1715901308334{padding-top: 30px !important;padding-bottom: 30px !important;}\u00a0\u00bb][vc_column_text css=\u00a0\u00bb.vc_custom_1730417013429{padding-top: 20px !important;padding-right: 20px !important;padding-bottom: 20px !important;padding-left: 20px !important;background-color: #f2f2f2 !important;}\u00a0\u00bb]Contact:<\/p>\n<p><strong>Zorica Raki\u0107<br \/>\n<\/strong>Directrice<\/p>\n<p>T\u00e9l: 011\/6963 280<br \/>\nPort. +381 (0) 63\/538 417<br \/>\n+381 (0) 64\/13 94 914<\/p>\n<p><a href=\"mailto:zorica.rakic@palataumetnostimadlena.rs\">zorica.rakic@palataumetnostimadlena.rs<\/a><br \/>\n<a href=\"http:\/\/www.palataumetnostimadlena.rs\">www.palataumetnostimadlena.rs<\/a>[\/vc_column_text][\/vc_column][\/vc_row][vc_row][vc_column][\/vc_column][\/vc_row]<\/p>\n<\/section>","protected":false},"excerpt":{"rendered":"<p>[vc_row][vc_column width=\u00a0\u00bb4\/6&Prime;][vc_gallery interval=\u00a0\u00bb10&Prime; images=\u00a0\u00bb3473,3474,3475,3476&Prime; img_size=\u00a0\u00bblarge\u00a0\u00bb][\/vc_column][vc_column width=\u00a0\u00bb2\/6&Prime;][vc_column_text]C\u2019est un petit th\u00e9\u00e2tre circulaire \u00e0 l\u2019int\u00e9rieur du Palais des Arts, d\u2019une superficie de 160 m\u00b2, avec une trentaine de si\u00e8ges cr\u00e9\u00e9s par la c\u00e9l\u00e8bre artiste italienne Carla Tolomeo. Ces si\u00e8ges uniques et riches en couleurs contribuent en permanence \u00e0 la magie de l\u2019int\u00e9rieur de cet espace car ils sont<\/p>\n","protected":false},"author":1,"featured_media":0,"parent":0,"menu_order":0,"comment_status":"closed","ping_status":"closed","template":"","meta":{"footnotes":""},"class_list":["post-8762","page","type-page","status-publish","hentry"],"yoast_head":"<!-- This site is optimized with the Yoast SEO plugin v23.7 - https:\/\/yoast.com\/wordpress\/plugins\/seo\/ -->\n<title>L\u2019AMPHITH\u00c9\u00c2TRE<\/title>\n<meta name=\"robots\" content=\"index, follow, max-snippet:-1, max-image-preview:large, max-video-preview:-1\" \/>\n<link rel=\"canonical\" href=\"https:\/\/palataumetnostimadlena.rs\/fr\/lamphitheatre\/\" \/>\n<meta property=\"og:locale\" content=\"fr_FR\" \/>\n<meta property=\"og:type\" content=\"article\" \/>\n<meta property=\"og:title\" content=\"L\u2019AMPHITH\u00c9\u00c2TRE\" \/>\n<meta property=\"og:description\" content=\"[vc_row][vc_column width=\u00a0\u00bb4\/6&Prime;][vc_gallery interval=\u00a0\u00bb10&Prime; images=\u00a0\u00bb3473,3474,3475,3476&Prime; img_size=\u00a0\u00bblarge\u00a0\u00bb][\/vc_column][vc_column width=\u00a0\u00bb2\/6&Prime;][vc_column_text]C\u2019est un petit th\u00e9\u00e2tre circulaire \u00e0 l\u2019int\u00e9rieur du Palais des Arts, d\u2019une superficie de 160 m\u00b2, avec une trentaine de si\u00e8ges cr\u00e9\u00e9s par la c\u00e9l\u00e8bre artiste italienne Carla Tolomeo. Ces si\u00e8ges uniques et riches en couleurs contribuent en permanence \u00e0 la magie de l\u2019int\u00e9rieur de cet espace car ils sont\" \/>\n<meta property=\"og:url\" content=\"https:\/\/palataumetnostimadlena.rs\/fr\/lamphitheatre\/\" \/>\n<meta property=\"og:site_name\" content=\"Palata umetnosti Madlena\" \/>\n<meta property=\"article:publisher\" content=\"https:\/\/www.facebook.com\/palataumetnosti\" \/>\n<meta property=\"article:modified_time\" content=\"2024-10-31T23:33:39+00:00\" \/>\n<meta name=\"twitter:card\" content=\"summary_large_image\" \/>\n<meta name=\"twitter:label1\" content=\"Dur\u00e9e de lecture estim\u00e9e\" \/>\n\t<meta name=\"twitter:data1\" content=\"1 minute\" \/>\n<script type=\"application\/ld+json\" class=\"yoast-schema-graph\">{\"@context\":\"https:\/\/schema.org\",\"@graph\":[{\"@type\":\"WebPage\",\"@id\":\"https:\/\/palataumetnostimadlena.rs\/fr\/lamphitheatre\/\",\"url\":\"https:\/\/palataumetnostimadlena.rs\/fr\/lamphitheatre\/\",\"name\":\"L\u2019AMPHITH\u00c9\u00c2TRE\",\"isPartOf\":{\"@id\":\"https:\/\/palataumetnostimadlena.rs\/#website\"},\"datePublished\":\"2024-05-16T21:02:01+00:00\",\"dateModified\":\"2024-10-31T23:33:39+00:00\",\"breadcrumb\":{\"@id\":\"https:\/\/palataumetnostimadlena.rs\/fr\/lamphitheatre\/#breadcrumb\"},\"inLanguage\":\"fr-FR\",\"potentialAction\":[{\"@type\":\"ReadAction\",\"target\":[\"https:\/\/palataumetnostimadlena.rs\/fr\/lamphitheatre\/\"]}]},{\"@type\":\"BreadcrumbList\",\"@id\":\"https:\/\/palataumetnostimadlena.rs\/fr\/lamphitheatre\/#breadcrumb\",\"itemListElement\":[{\"@type\":\"ListItem\",\"position\":1,\"name\":\"\u041f\u043e\u0447\u0435\u0442\u043d\u0430\",\"item\":\"https:\/\/palataumetnostimadlena.rs\/fr\/\"},{\"@type\":\"ListItem\",\"position\":2,\"name\":\"L\u2019AMPHITH\u00c9\u00c2TRE\"}]},{\"@type\":\"WebSite\",\"@id\":\"https:\/\/palataumetnostimadlena.rs\/#website\",\"url\":\"https:\/\/palataumetnostimadlena.rs\/\",\"name\":\"Palata umetnosti Madlena\",\"description\":\"\",\"potentialAction\":[{\"@type\":\"SearchAction\",\"target\":{\"@type\":\"EntryPoint\",\"urlTemplate\":\"https:\/\/palataumetnostimadlena.rs\/?s={search_term_string}\"},\"query-input\":{\"@type\":\"PropertyValueSpecification\",\"valueRequired\":true,\"valueName\":\"search_term_string\"}}],\"inLanguage\":\"fr-FR\"}]}<\/script>\n<!-- \/ Yoast SEO plugin. -->","yoast_head_json":{"title":"L\u2019AMPHITH\u00c9\u00c2TRE","robots":{"index":"index","follow":"follow","max-snippet":"max-snippet:-1","max-image-preview":"max-image-preview:large","max-video-preview":"max-video-preview:-1"},"canonical":"https:\/\/palataumetnostimadlena.rs\/fr\/lamphitheatre\/","og_locale":"fr_FR","og_type":"article","og_title":"L\u2019AMPHITH\u00c9\u00c2TRE","og_description":"[vc_row][vc_column width=\u00a0\u00bb4\/6&Prime;][vc_gallery interval=\u00a0\u00bb10&Prime; images=\u00a0\u00bb3473,3474,3475,3476&Prime; img_size=\u00a0\u00bblarge\u00a0\u00bb][\/vc_column][vc_column width=\u00a0\u00bb2\/6&Prime;][vc_column_text]C\u2019est un petit th\u00e9\u00e2tre circulaire \u00e0 l\u2019int\u00e9rieur du Palais des Arts, d\u2019une superficie de 160 m\u00b2, avec une trentaine de si\u00e8ges cr\u00e9\u00e9s par la c\u00e9l\u00e8bre artiste italienne Carla Tolomeo. Ces si\u00e8ges uniques et riches en couleurs contribuent en permanence \u00e0 la magie de l\u2019int\u00e9rieur de cet espace car ils sont","og_url":"https:\/\/palataumetnostimadlena.rs\/fr\/lamphitheatre\/","og_site_name":"Palata umetnosti Madlena","article_publisher":"https:\/\/www.facebook.com\/palataumetnosti","article_modified_time":"2024-10-31T23:33:39+00:00","twitter_card":"summary_large_image","twitter_misc":{"Dur\u00e9e de lecture estim\u00e9e":"1 minute"},"schema":{"@context":"https:\/\/schema.org","@graph":[{"@type":"WebPage","@id":"https:\/\/palataumetnostimadlena.rs\/fr\/lamphitheatre\/","url":"https:\/\/palataumetnostimadlena.rs\/fr\/lamphitheatre\/","name":"L\u2019AMPHITH\u00c9\u00c2TRE","isPartOf":{"@id":"https:\/\/palataumetnostimadlena.rs\/#website"},"datePublished":"2024-05-16T21:02:01+00:00","dateModified":"2024-10-31T23:33:39+00:00","breadcrumb":{"@id":"https:\/\/palataumetnostimadlena.rs\/fr\/lamphitheatre\/#breadcrumb"},"inLanguage":"fr-FR","potentialAction":[{"@type":"ReadAction","target":["https:\/\/palataumetnostimadlena.rs\/fr\/lamphitheatre\/"]}]},{"@type":"BreadcrumbList","@id":"https:\/\/palataumetnostimadlena.rs\/fr\/lamphitheatre\/#breadcrumb","itemListElement":[{"@type":"ListItem","position":1,"name":"\u041f\u043e\u0447\u0435\u0442\u043d\u0430","item":"https:\/\/palataumetnostimadlena.rs\/fr\/"},{"@type":"ListItem","position":2,"name":"L\u2019AMPHITH\u00c9\u00c2TRE"}]},{"@type":"WebSite","@id":"https:\/\/palataumetnostimadlena.rs\/#website","url":"https:\/\/palataumetnostimadlena.rs\/","name":"Palata umetnosti Madlena","description":"","potentialAction":[{"@type":"SearchAction","target":{"@type":"EntryPoint","urlTemplate":"https:\/\/palataumetnostimadlena.rs\/?s={search_term_string}"},"query-input":{"@type":"PropertyValueSpecification","valueRequired":true,"valueName":"search_term_string"}}],"inLanguage":"fr-FR"}]}},"_links":{"self":[{"href":"https:\/\/palataumetnostimadlena.rs\/fr\/wp-json\/wp\/v2\/pages\/8762","targetHints":{"allow":["GET"]}}],"collection":[{"href":"https:\/\/palataumetnostimadlena.rs\/fr\/wp-json\/wp\/v2\/pages"}],"about":[{"href":"https:\/\/palataumetnostimadlena.rs\/fr\/wp-json\/wp\/v2\/types\/page"}],"author":[{"embeddable":true,"href":"https:\/\/palataumetnostimadlena.rs\/fr\/wp-json\/wp\/v2\/users\/1"}],"replies":[{"embeddable":true,"href":"https:\/\/palataumetnostimadlena.rs\/fr\/wp-json\/wp\/v2\/comments?post=8762"}],"version-history":[{"count":3,"href":"https:\/\/palataumetnostimadlena.rs\/fr\/wp-json\/wp\/v2\/pages\/8762\/revisions"}],"predecessor-version":[{"id":8793,"href":"https:\/\/palataumetnostimadlena.rs\/fr\/wp-json\/wp\/v2\/pages\/8762\/revisions\/8793"}],"wp:attachment":[{"href":"https:\/\/palataumetnostimadlena.rs\/fr\/wp-json\/wp\/v2\/media?parent=8762"}],"curies":[{"name":"wp","href":"https:\/\/api.w.org\/{rel}","templated":true}]}}