{"id":8764,"date":"2024-06-24T20:59:23","date_gmt":"2024-06-24T18:59:23","guid":{"rendered":"https:\/\/palataumetnostimadlena.rs\/?page_id=8764"},"modified":"2024-11-01T01:33:58","modified_gmt":"2024-10-31T23:33:58","slug":"la-galerie-en-cascades","status":"publish","type":"page","link":"https:\/\/palataumetnostimadlena.rs\/fr\/la-galerie-en-cascades\/","title":{"rendered":"LA GALERIE EN CASCADES"},"content":{"rendered":"<section class=\"wpb-content-wrapper\"><p>[vc_row][vc_column width=\u00a0\u00bb4\/6&Prime;][vc_gallery interval=\u00a0\u00bb10&Prime; images=\u00a0\u00bb3981,3986,3985,3982,3983,3984&Prime; img_size=\u00a0\u00bblarge\u00a0\u00bb][\/vc_column][vc_column width=\u00a0\u00bb2\/6&Prime;][vc_column_text]Cette galerie au rez-de-chauss\u00e9e du Palais des Arts <em>Madlena<\/em> a une superficie de 216 m \u00b2. Il s\u2019agit d\u2019un espace d\u2019exposition-galerie dans lequel il est possible d\u2019organiser des conf\u00e9rences, des s\u00e9minaires et des \u00a0pr\u00e9sentations pour 120 \u00e0 150 visiteurs, ainsi que des cocktails, c\u00e9l\u00e9brations, banquets avec une capacit\u00e9 allant jusqu\u2019\u00e0 180 convives. Comme toutes les galeries du Palais, elle poss\u00e8de un \u00e9quipement technologique, audio et vid\u00e9o, le plus moderne.[\/vc_column_text][vc_separator css=\u00a0\u00bb.vc_custom_1715901308334{padding-top: 30px !important;padding-bottom: 30px !important;}\u00a0\u00bb][vc_column_text css=\u00a0\u00bb.vc_custom_1730417032839{padding-top: 20px !important;padding-right: 20px !important;padding-bottom: 20px !important;padding-left: 20px !important;background-color: #f2f2f2 !important;}\u00a0\u00bb]Contact:<\/p>\n<p><strong>Zorica Raki\u0107<br \/>\n<\/strong>Directrice<\/p>\n<p>T\u00e9l: 011\/6963 280<br \/>\nPort. +381 (0) 63\/538 417<br \/>\n+381 (0) 64\/13 94 914<\/p>\n<p><a href=\"mailto:zorica.rakic@palataumetnostimadlena.rs\">zorica.rakic@palataumetnostimadlena.rs<\/a><br \/>\n<a href=\"http:\/\/www.palataumetnostimadlena.rs\">www.palataumetnostimadlena.rs<\/a>[\/vc_column_text][\/vc_column][\/vc_row][vc_row][vc_column][\/vc_column][\/vc_row]<\/p>\n<\/section>","protected":false},"excerpt":{"rendered":"<p>[vc_row][vc_column width=\u00a0\u00bb4\/6&Prime;][vc_gallery interval=\u00a0\u00bb10&Prime; images=\u00a0\u00bb3981,3986,3985,3982,3983,3984&Prime; img_size=\u00a0\u00bblarge\u00a0\u00bb][\/vc_column][vc_column width=\u00a0\u00bb2\/6&Prime;][vc_column_text]Cette galerie au rez-de-chauss\u00e9e du Palais des Arts Madlena a une superficie de 216 m \u00b2. Il s\u2019agit d\u2019un espace d\u2019exposition-galerie dans lequel il est possible d\u2019organiser des conf\u00e9rences, des s\u00e9minaires et des \u00a0pr\u00e9sentations pour 120 \u00e0 150 visiteurs, ainsi que des cocktails, c\u00e9l\u00e9brations, banquets avec une capacit\u00e9 allant jusqu\u2019\u00e0<\/p>\n","protected":false},"author":1,"featured_media":0,"parent":0,"menu_order":0,"comment_status":"closed","ping_status":"closed","template":"","meta":{"footnotes":""},"class_list":["post-8764","page","type-page","status-publish","hentry"],"yoast_head":"<!-- This site is optimized with the Yoast SEO plugin v23.7 - https:\/\/yoast.com\/wordpress\/plugins\/seo\/ -->\n<title>LA GALERIE EN CASCADES<\/title>\n<meta name=\"robots\" content=\"index, follow, max-snippet:-1, max-image-preview:large, max-video-preview:-1\" \/>\n<link rel=\"canonical\" href=\"https:\/\/palataumetnostimadlena.rs\/fr\/la-galerie-en-cascades\/\" \/>\n<meta property=\"og:locale\" content=\"fr_FR\" \/>\n<meta property=\"og:type\" content=\"article\" \/>\n<meta property=\"og:title\" content=\"LA GALERIE EN CASCADES\" \/>\n<meta property=\"og:description\" content=\"[vc_row][vc_column width=\u00a0\u00bb4\/6&Prime;][vc_gallery interval=\u00a0\u00bb10&Prime; images=\u00a0\u00bb3981,3986,3985,3982,3983,3984&Prime; img_size=\u00a0\u00bblarge\u00a0\u00bb][\/vc_column][vc_column width=\u00a0\u00bb2\/6&Prime;][vc_column_text]Cette galerie au rez-de-chauss\u00e9e du Palais des Arts Madlena a une superficie de 216 m \u00b2. Il s\u2019agit d\u2019un espace d\u2019exposition-galerie dans lequel il est possible d\u2019organiser des conf\u00e9rences, des s\u00e9minaires et des \u00a0pr\u00e9sentations pour 120 \u00e0 150 visiteurs, ainsi que des cocktails, c\u00e9l\u00e9brations, banquets avec une capacit\u00e9 allant jusqu\u2019\u00e0\" \/>\n<meta property=\"og:url\" content=\"https:\/\/palataumetnostimadlena.rs\/fr\/la-galerie-en-cascades\/\" \/>\n<meta property=\"og:site_name\" content=\"Palata umetnosti Madlena\" \/>\n<meta property=\"article:publisher\" content=\"https:\/\/www.facebook.com\/palataumetnosti\" \/>\n<meta property=\"article:modified_time\" content=\"2024-10-31T23:33:58+00:00\" \/>\n<meta name=\"twitter:card\" content=\"summary_large_image\" \/>\n<meta name=\"twitter:label1\" content=\"Dur\u00e9e de lecture estim\u00e9e\" \/>\n\t<meta name=\"twitter:data1\" content=\"1 minute\" \/>\n<script type=\"application\/ld+json\" class=\"yoast-schema-graph\">{\"@context\":\"https:\/\/schema.org\",\"@graph\":[{\"@type\":\"WebPage\",\"@id\":\"https:\/\/palataumetnostimadlena.rs\/fr\/la-galerie-en-cascades\/\",\"url\":\"https:\/\/palataumetnostimadlena.rs\/fr\/la-galerie-en-cascades\/\",\"name\":\"LA GALERIE EN CASCADES\",\"isPartOf\":{\"@id\":\"https:\/\/palataumetnostimadlena.rs\/#website\"},\"datePublished\":\"2024-06-24T18:59:23+00:00\",\"dateModified\":\"2024-10-31T23:33:58+00:00\",\"breadcrumb\":{\"@id\":\"https:\/\/palataumetnostimadlena.rs\/fr\/la-galerie-en-cascades\/#breadcrumb\"},\"inLanguage\":\"fr-FR\",\"potentialAction\":[{\"@type\":\"ReadAction\",\"target\":[\"https:\/\/palataumetnostimadlena.rs\/fr\/la-galerie-en-cascades\/\"]}]},{\"@type\":\"BreadcrumbList\",\"@id\":\"https:\/\/palataumetnostimadlena.rs\/fr\/la-galerie-en-cascades\/#breadcrumb\",\"itemListElement\":[{\"@type\":\"ListItem\",\"position\":1,\"name\":\"\u041f\u043e\u0447\u0435\u0442\u043d\u0430\",\"item\":\"https:\/\/palataumetnostimadlena.rs\/fr\/\"},{\"@type\":\"ListItem\",\"position\":2,\"name\":\"LA GALERIE EN CASCADES\"}]},{\"@type\":\"WebSite\",\"@id\":\"https:\/\/palataumetnostimadlena.rs\/#website\",\"url\":\"https:\/\/palataumetnostimadlena.rs\/\",\"name\":\"Palata umetnosti Madlena\",\"description\":\"\",\"potentialAction\":[{\"@type\":\"SearchAction\",\"target\":{\"@type\":\"EntryPoint\",\"urlTemplate\":\"https:\/\/palataumetnostimadlena.rs\/?s={search_term_string}\"},\"query-input\":{\"@type\":\"PropertyValueSpecification\",\"valueRequired\":true,\"valueName\":\"search_term_string\"}}],\"inLanguage\":\"fr-FR\"}]}<\/script>\n<!-- \/ Yoast SEO plugin. -->","yoast_head_json":{"title":"LA GALERIE EN CASCADES","robots":{"index":"index","follow":"follow","max-snippet":"max-snippet:-1","max-image-preview":"max-image-preview:large","max-video-preview":"max-video-preview:-1"},"canonical":"https:\/\/palataumetnostimadlena.rs\/fr\/la-galerie-en-cascades\/","og_locale":"fr_FR","og_type":"article","og_title":"LA GALERIE EN CASCADES","og_description":"[vc_row][vc_column width=\u00a0\u00bb4\/6&Prime;][vc_gallery interval=\u00a0\u00bb10&Prime; images=\u00a0\u00bb3981,3986,3985,3982,3983,3984&Prime; img_size=\u00a0\u00bblarge\u00a0\u00bb][\/vc_column][vc_column width=\u00a0\u00bb2\/6&Prime;][vc_column_text]Cette galerie au rez-de-chauss\u00e9e du Palais des Arts Madlena a une superficie de 216 m \u00b2. Il s\u2019agit d\u2019un espace d\u2019exposition-galerie dans lequel il est possible d\u2019organiser des conf\u00e9rences, des s\u00e9minaires et des \u00a0pr\u00e9sentations pour 120 \u00e0 150 visiteurs, ainsi que des cocktails, c\u00e9l\u00e9brations, banquets avec une capacit\u00e9 allant jusqu\u2019\u00e0","og_url":"https:\/\/palataumetnostimadlena.rs\/fr\/la-galerie-en-cascades\/","og_site_name":"Palata umetnosti Madlena","article_publisher":"https:\/\/www.facebook.com\/palataumetnosti","article_modified_time":"2024-10-31T23:33:58+00:00","twitter_card":"summary_large_image","twitter_misc":{"Dur\u00e9e de lecture estim\u00e9e":"1 minute"},"schema":{"@context":"https:\/\/schema.org","@graph":[{"@type":"WebPage","@id":"https:\/\/palataumetnostimadlena.rs\/fr\/la-galerie-en-cascades\/","url":"https:\/\/palataumetnostimadlena.rs\/fr\/la-galerie-en-cascades\/","name":"LA GALERIE EN CASCADES","isPartOf":{"@id":"https:\/\/palataumetnostimadlena.rs\/#website"},"datePublished":"2024-06-24T18:59:23+00:00","dateModified":"2024-10-31T23:33:58+00:00","breadcrumb":{"@id":"https:\/\/palataumetnostimadlena.rs\/fr\/la-galerie-en-cascades\/#breadcrumb"},"inLanguage":"fr-FR","potentialAction":[{"@type":"ReadAction","target":["https:\/\/palataumetnostimadlena.rs\/fr\/la-galerie-en-cascades\/"]}]},{"@type":"BreadcrumbList","@id":"https:\/\/palataumetnostimadlena.rs\/fr\/la-galerie-en-cascades\/#breadcrumb","itemListElement":[{"@type":"ListItem","position":1,"name":"\u041f\u043e\u0447\u0435\u0442\u043d\u0430","item":"https:\/\/palataumetnostimadlena.rs\/fr\/"},{"@type":"ListItem","position":2,"name":"LA GALERIE EN CASCADES"}]},{"@type":"WebSite","@id":"https:\/\/palataumetnostimadlena.rs\/#website","url":"https:\/\/palataumetnostimadlena.rs\/","name":"Palata umetnosti Madlena","description":"","potentialAction":[{"@type":"SearchAction","target":{"@type":"EntryPoint","urlTemplate":"https:\/\/palataumetnostimadlena.rs\/?s={search_term_string}"},"query-input":{"@type":"PropertyValueSpecification","valueRequired":true,"valueName":"search_term_string"}}],"inLanguage":"fr-FR"}]}},"_links":{"self":[{"href":"https:\/\/palataumetnostimadlena.rs\/fr\/wp-json\/wp\/v2\/pages\/8764","targetHints":{"allow":["GET"]}}],"collection":[{"href":"https:\/\/palataumetnostimadlena.rs\/fr\/wp-json\/wp\/v2\/pages"}],"about":[{"href":"https:\/\/palataumetnostimadlena.rs\/fr\/wp-json\/wp\/v2\/types\/page"}],"author":[{"embeddable":true,"href":"https:\/\/palataumetnostimadlena.rs\/fr\/wp-json\/wp\/v2\/users\/1"}],"replies":[{"embeddable":true,"href":"https:\/\/palataumetnostimadlena.rs\/fr\/wp-json\/wp\/v2\/comments?post=8764"}],"version-history":[{"count":3,"href":"https:\/\/palataumetnostimadlena.rs\/fr\/wp-json\/wp\/v2\/pages\/8764\/revisions"}],"predecessor-version":[{"id":8797,"href":"https:\/\/palataumetnostimadlena.rs\/fr\/wp-json\/wp\/v2\/pages\/8764\/revisions\/8797"}],"wp:attachment":[{"href":"https:\/\/palataumetnostimadlena.rs\/fr\/wp-json\/wp\/v2\/media?parent=8764"}],"curies":[{"name":"wp","href":"https:\/\/api.w.org\/{rel}","templated":true}]}}