{"id":8805,"date":"2024-06-24T23:11:57","date_gmt":"2024-06-24T21:11:57","guid":{"rendered":"https:\/\/palataumetnostimadlena.rs\/?page_id=8805"},"modified":"2024-11-02T00:34:33","modified_gmt":"2024-11-01T22:34:33","slug":"japon","status":"publish","type":"page","link":"https:\/\/palataumetnostimadlena.rs\/fr\/japon\/","title":{"rendered":"JAPON"},"content":{"rendered":"<section class=\"wpb-content-wrapper\"><p>[vc_row css=\u00a0\u00bb.vc_custom_1719268835394{margin-top: -50px !important;padding-top: -100px !important;}\u00a0\u00bb][vc_column css=\u00a0\u00bb.vc_custom_1686695532200{padding-top: -50px !important;}\u00a0\u00bb][vc_column_text]<\/p>\n<blockquote>\n<h3><em><strong>L\u2019\u00e9poque Edo et l\u2019\u00e9poque de l\u2019empereur Meiji<\/strong><\/em><\/h3>\n<\/blockquote>\n<p>[\/vc_column_text][vc_empty_space][vc_single_image image=\u00a0\u00bb3458&Prime; img_size=\u00a0\u00bbfull\u00a0\u00bb alignment=\u00a0\u00bbcenter\u00a0\u00bb][vc_empty_space][\/vc_column][\/vc_row][vc_row css=\u00a0\u00bb.vc_custom_1719268835394{margin-top: -50px !important;padding-top: -100px !important;}\u00a0\u00bb][vc_column css=\u00a0\u00bb.vc_custom_1686695532200{padding-top: -50px !important;}\u00a0\u00bb][vc_column_text]<\/p>\n<p style=\"text-align: left;\" data-wp-editing=\"1\"><strong><a href=\"https:\/\/palataumetnostimadlena.rs\/wp-content\/uploads\/2024\/06\/japan-vase-9-1.png\"><img loading=\"lazy\" decoding=\"async\" class=\"alignleft wp-image-4102\" src=\"https:\/\/palataumetnostimadlena.rs\/wp-content\/uploads\/2024\/06\/japan-vase-9-1.png\" alt=\"\" width=\"600\" height=\"555\" srcset=\"https:\/\/palataumetnostimadlena.rs\/wp-content\/uploads\/2024\/06\/japan-vase-9-1.png 1400w, https:\/\/palataumetnostimadlena.rs\/wp-content\/uploads\/2024\/06\/japan-vase-9-1-300x277.png 300w, https:\/\/palataumetnostimadlena.rs\/wp-content\/uploads\/2024\/06\/japan-vase-9-1-1024x946.png 1024w, https:\/\/palataumetnostimadlena.rs\/wp-content\/uploads\/2024\/06\/japan-vase-9-1-768x710.png 768w\" sizes=\"auto, (max-width: 600px) 100vw, 600px\" \/><\/a><\/strong><\/p>\n<p>L\u2019\u00e8re Meiji repr\u00e9sente la c\u00e9l\u00e8bre \u00e9poque japonaise o\u00f9, apr\u00e8s 300 ans d\u2019isolement presque complet du reste du monde, le commerce du Japon avec l\u2019Europe et l\u2019Occident commence \u00e0 s\u2019ouvrir. De ce fait, le Japon conna\u00eet un nouvel essor dans le domaine des arts, gr\u00e2ce \u00e0 la forte demande pour ses produits d\u2019art et d\u2019artisanat \u00e0 l\u2019\u00e9tranger. Cela conduit \u00e0 l\u2019expansion de la production et au d\u00e9veloppement d\u2019un nouveau style national.<\/p>\n<p>L\u2019\u00e9poque de l\u2019empereur Meiji est une p\u00e9riode de red\u00e9couverte et de raffinement des arts populaires o\u00f9 le contraste entre la puret\u00e9 des lignes et la sublimit\u00e9 de la ma\u00eetrise technique atteint son apog\u00e9e. Chacune des pi\u00e8ces de la collection de ce mus\u00e9e de l\u2019\u00e8re Meiji en t\u00e9moigne : de grands vases japonais en bronze, un <em>butsudan<\/em> \u00a0(maison de Bouddha) destin\u00e9 \u00e0 la religion et aux rites, une \u00e9l\u00e9gante coiffeuse en laque rouge aux d\u00e9tails noirs, des laitons aux riches gravures, un coffre en bois noir d\u00e9cor\u00e9 d\u2019ornements m\u00e9talliques, un grand vase en ivoire, une tapisserie, une cruche en bronze, de la porcelaine Satsuma&#8230;<\/p>\n<p>La culture japonaise nouvellement ouverte a fascin\u00e9 de nombreux marchands \u00a0europ\u00e9ens et mondiaux ; on ne mentionnera les impressions que d\u2019un seul d\u2019entre eux: \u201eKyoto est un grand d\u00e9p\u00f4t de tous les produits et marchandises japonais, et la principale ville commerciale de l\u2019empire. Ici on travaille le cuivre, frappe la monnaie, imprime des livres, fabrique les tissus les plus luxueux avec des fleurs d\u2019or et d\u2019argent&#8230;\u201c<\/p>\n<p>Kyoto \u00e9tait un centre tr\u00e8s d\u00e9velopp\u00e9 dans l\u2019\u00e8re avant-moderne de l\u2019histoire japonaise (plus de 90% de la broderie produite pendant l\u2019\u00e8re Meiji \u00e9tait r\u00e9alis\u00e9e \u00e0 Kyoto). Pourtant, durant la p\u00e9riode Meiji, cet artisanat traditionnel tombe dans une crise majeure\u00a0: les artisans perdent leurs m\u00e9c\u00e8nes en raison de l\u2019abolition du syst\u00e8me f\u00e9odal. L\u2019industrie de la broderie au Japon se tourne vers le commerce avec l\u2019\u00e9tranger. Le design des peintures d\u00e9coratives brod\u00e9es, r\u00e9alis\u00e9e selon une technique particuli\u00e8re de broderie en relief avec des fils de coton et de soie extr\u00eamement fins, caract\u00e9rise l\u2019artisanat textile japonais qui produit \u00e9galement d\u2019autres objets d\u00e9coratifs\u00a0: des paravents, des rideaux, des tapisseries\u2026 Les cr\u00e9ations des plus grands artistes de la seconde moiti\u00e9 du 19<sup>e<\/sup> si\u00e8cle combinent le savoir-faire des ma\u00eetres en broderie \u00e9tabli depuis la p\u00e9riode Edo et des m\u00e9thodes plus modernes. C\u2019est ainsi que la broderie japonaise, avant-moderne au design magistral, est \u00a0n\u00e9e.[\/vc_column_text][vc_empty_space][vc_single_image image=\u00a0\u00bb3458&Prime; img_size=\u00a0\u00bbfull\u00a0\u00bb alignment=\u00a0\u00bbcenter\u00a0\u00bb][vc_empty_space][\/vc_column][\/vc_row][vc_row][vc_column width=\u00a0\u00bb1\/4&Prime;][vc_custom_heading text=\u00a0\u00bbCHINE\u00a0\u00bb font_container=\u00a0\u00bbtag:div|font_size:24px|text_align:center|color:%23ffffff|line_height:270px\u00a0\u00bb google_fonts=\u00a0\u00bbfont_family:Playfair%20Display%3Aregular%2Citalic%2C700%2C700italic%2C900%2C900italic|font_style:700%20bold%20regular%3A700%3Anormal\u00a0\u00bb css_animation=\u00a0\u00bbzoomIn\u00a0\u00bb link=\u00a0\u00bburl:https%3A%2F%2Fpalataumetnostimadlena.rs%2Ffr%2Fchine%2F|title:KINA\u00a0\u00bb el_class=\u00a0\u00bbantikviteti\u00a0\u00bb css=\u00a0\u00bb.vc_custom_1730499441848{background-image: url(https:\/\/palataumetnostimadlena.rs\/wp-content\/uploads\/2024\/06\/kina-2.jpg?id=3836) !important;}\u00a0\u00bb][\/vc_column][vc_column width=\u00a0\u00bb1\/4&Prime;][vc_custom_heading text=\u00a0\u00bbJAPON\u00a0\u00bb font_container=\u00a0\u00bbtag:div|font_size:24px|text_align:center|color:%23ffffff|line_height:270px\u00a0\u00bb google_fonts=\u00a0\u00bbfont_family:Playfair%20Display%3Aregular%2Citalic%2C700%2C700italic%2C900%2C900italic|font_style:700%20bold%20regular%3A700%3Anormal\u00a0\u00bb css_animation=\u00a0\u00bbzoomIn\u00a0\u00bb link=\u00a0\u00bburl:https%3A%2F%2Fpalataumetnostimadlena.rs%2Ffr%2Fjapon%2F|title:JAPAN\u00a0\u00bb el_class=\u00a0\u00bbantikviteti\u00a0\u00bb css=\u00a0\u00bb.vc_custom_1730499464829{background-image: url(https:\/\/palataumetnostimadlena.rs\/wp-content\/uploads\/2024\/06\/japan.jpg?id=3835) !important;}\u00a0\u00bb][\/vc_column][vc_column width=\u00a0\u00bb1\/4&Prime;][vc_custom_heading text=\u00a0\u00bbFRANCE\u00a0\u00bb font_container=\u00a0\u00bbtag:div|font_size:24px|text_align:center|color:%23ffffff|line_height:270px\u00a0\u00bb google_fonts=\u00a0\u00bbfont_family:Playfair%20Display%3Aregular%2Citalic%2C700%2C700italic%2C900%2C900italic|font_style:700%20bold%20regular%3A700%3Anormal\u00a0\u00bb css_animation=\u00a0\u00bbzoomIn\u00a0\u00bb link=\u00a0\u00bburl:https%3A%2F%2Fpalataumetnostimadlena.rs%2Ffr%2Ffrance%2F|title:FRANCUSKA\u00a0\u00bb el_class=\u00a0\u00bbantikviteti\u00a0\u00bb css=\u00a0\u00bb.vc_custom_1730499506143{background-image: url(https:\/\/palataumetnostimadlena.rs\/wp-content\/uploads\/2024\/06\/francuska.jpg?id=3834) !important;}\u00a0\u00bb][\/vc_column][vc_column width=\u00a0\u00bb1\/4&Prime;][vc_custom_heading text=\u00a0\u00bbANGLETERRE\u00a0\u00bb font_container=\u00a0\u00bbtag:div|font_size:24px|text_align:center|color:%23ffffff|line_height:270px\u00a0\u00bb google_fonts=\u00a0\u00bbfont_family:Playfair%20Display%3Aregular%2Citalic%2C700%2C700italic%2C900%2C900italic|font_style:700%20bold%20regular%3A700%3Anormal\u00a0\u00bb css_animation=\u00a0\u00bbzoomIn\u00a0\u00bb link=\u00a0\u00bburl:https%3A%2F%2Fpalataumetnostimadlena.rs%2Ffr%2Fangleterre%2F|title:ENGLESKA\u00a0\u00bb el_class=\u00a0\u00bbantikviteti\u00a0\u00bb css=\u00a0\u00bb.vc_custom_1730499535891{background-image: url(https:\/\/palataumetnostimadlena.rs\/wp-content\/uploads\/2024\/06\/engleska-1.jpg?id=3870) !important;}\u00a0\u00bb][\/vc_column][\/vc_row][vc_row css_animation=\u00a0\u00bbfadeInUp\u00a0\u00bb css=\u00a0\u00bb.vc_custom_1715951015811{padding-top: -100px !important;background-color: #ffffff !important;}\u00a0\u00bb][vc_column width=\u00a0\u00bb1\/4&Prime; css=\u00a0\u00bb.vc_custom_1686696279416{padding-top: -50px !important;background-color: #ffffff !important;}\u00a0\u00bb][vc_custom_heading text=\u00a0\u00bbITALIE\u00a0\u00bb font_container=\u00a0\u00bbtag:div|font_size:24px|text_align:center|color:%23ffffff|line_height:270px\u00a0\u00bb google_fonts=\u00a0\u00bbfont_family:Playfair%20Display%3Aregular%2Citalic%2C700%2C700italic%2C900%2C900italic|font_style:700%20bold%20regular%3A700%3Anormal\u00a0\u00bb css_animation=\u00a0\u00bbzoomIn\u00a0\u00bb link=\u00a0\u00bburl:https%3A%2F%2Fpalataumetnostimadlena.rs%2Ffr%2Fitalie%2F|title:ITALIJA\u00a0\u00bb el_class=\u00a0\u00bbantikviteti\u00a0\u00bb css=\u00a0\u00bb.vc_custom_1730499587167{background-image: url(https:\/\/palataumetnostimadlena.rs\/wp-content\/uploads\/2024\/06\/italija2-1.jpg?id=4216) !important;}\u00a0\u00bb][\/vc_column][vc_column width=\u00a0\u00bb1\/4&Prime;][vc_custom_heading text=\u00a0\u00bbAUTRICHE\u00a0\u00bb font_container=\u00a0\u00bbtag:div|font_size:24px|text_align:center|color:%23ffffff|line_height:270px\u00a0\u00bb google_fonts=\u00a0\u00bbfont_family:Playfair%20Display%3Aregular%2Citalic%2C700%2C700italic%2C900%2C900italic|font_style:700%20bold%20regular%3A700%3Anormal\u00a0\u00bb css_animation=\u00a0\u00bbzoomIn\u00a0\u00bb link=\u00a0\u00bburl:https%3A%2F%2Fpalataumetnostimadlena.rs%2Ffr%2Fautriche%2F|title:AUSTRIJA\u00a0\u00bb el_class=\u00a0\u00bbantikviteti\u00a0\u00bb css=\u00a0\u00bb.vc_custom_1730499604769{background-image: url(https:\/\/palataumetnostimadlena.rs\/wp-content\/uploads\/2024\/06\/austrija-1.jpg?id=3831) !important;}\u00a0\u00bb][\/vc_column][vc_column width=\u00a0\u00bb1\/4&Prime;][vc_custom_heading text=\u00a0\u00bbALLEMAGNE\u00a0\u00bb font_container=\u00a0\u00bbtag:div|font_size:24px|text_align:center|color:%23ffffff|line_height:270px\u00a0\u00bb google_fonts=\u00a0\u00bbfont_family:Playfair%20Display%3Aregular%2Citalic%2C700%2C700italic%2C900%2C900italic|font_style:700%20bold%20regular%3A700%3Anormal\u00a0\u00bb css_animation=\u00a0\u00bbzoomIn\u00a0\u00bb link=\u00a0\u00bburl:https%3A%2F%2Fpalataumetnostimadlena.rs%2Ffr%2Fallemagne-haute-saxe%2F|title:NEMA%C4%8CKA\u00a0\u00bb el_class=\u00a0\u00bbantikviteti\u00a0\u00bb css=\u00a0\u00bb.vc_custom_1730499959970{background-image: url(https:\/\/palataumetnostimadlena.rs\/wp-content\/uploads\/2024\/06\/nemacka.jpg?id=3843) !important;}\u00a0\u00bb][\/vc_column][vc_column width=\u00a0\u00bb1\/4&Prime;][vc_custom_heading text=\u00a0\u00bbESPAGNE\u00a0\u00bb font_container=\u00a0\u00bbtag:div|font_size:24px|text_align:center|color:%23ffffff|line_height:270px\u00a0\u00bb google_fonts=\u00a0\u00bbfont_family:Playfair%20Display%3Aregular%2Citalic%2C700%2C700italic%2C900%2C900italic|font_style:700%20bold%20regular%3A700%3Anormal\u00a0\u00bb css_animation=\u00a0\u00bbzoomIn\u00a0\u00bb link=\u00a0\u00bburl:https%3A%2F%2Fpalataumetnostimadlena.rs%2Ffr%2Fespagne%2F|title:%C5%A0PANIJA\u00a0\u00bb el_class=\u00a0\u00bbantikviteti\u00a0\u00bb css=\u00a0\u00bb.vc_custom_1730499766033{background-image: url(https:\/\/palataumetnostimadlena.rs\/wp-content\/uploads\/2024\/06\/spanija.jpg?id=3842) !important;}\u00a0\u00bb][\/vc_column][\/vc_row][vc_row css_animation=\u00a0\u00bbfadeInUp\u00a0\u00bb css=\u00a0\u00bb.vc_custom_1715951030726{padding-top: -100px !important;background-color: #ffffff !important;}\u00a0\u00bb][vc_column width=\u00a0\u00bb1\/4&Prime; css=\u00a0\u00bb.vc_custom_1686696279416{padding-top: -50px !important;background-color: #ffffff !important;}\u00a0\u00bb][vc_custom_heading text=\u00a0\u00bbPORTUGALIJA\u00a0\u00bb font_container=\u00a0\u00bbtag:div|font_size:24px|text_align:center|color:%23ffffff|line_height:270px\u00a0\u00bb google_fonts=\u00a0\u00bbfont_family:Playfair%20Display%3Aregular%2Citalic%2C700%2C700italic%2C900%2C900italic|font_style:700%20bold%20regular%3A700%3Anormal\u00a0\u00bb css_animation=\u00a0\u00bbzoomIn\u00a0\u00bb link=\u00a0\u00bburl:https%3A%2F%2Fpalataumetnostimadlena.rs%2Fportugalija%2F|title:POTUGALIJA\u00a0\u00bb el_class=\u00a0\u00bbantikviteti\u00a0\u00bb css=\u00a0\u00bb.vc_custom_1718925401060{background-image: url(https:\/\/palataumetnostimadlena.rs\/wp-content\/uploads\/2024\/06\/potyugalija.jpg?id=3841) !important;}\u00a0\u00bb][\/vc_column][vc_column width=\u00a0\u00bb1\/4&Prime;][vc_custom_heading text=\u00a0\u00bbHOLLANDE\u00a0\u00bb font_container=\u00a0\u00bbtag:div|font_size:24px|text_align:center|color:%23ffffff|line_height:270px\u00a0\u00bb google_fonts=\u00a0\u00bbfont_family:Playfair%20Display%3Aregular%2Citalic%2C700%2C700italic%2C900%2C900italic|font_style:700%20bold%20regular%3A700%3Anormal\u00a0\u00bb css_animation=\u00a0\u00bbzoomIn\u00a0\u00bb link=\u00a0\u00bburl:https%3A%2F%2Fpalataumetnostimadlena.rs%2Ffr%2Fhollande%2F|title:HOLANDIJA\u00a0\u00bb el_class=\u00a0\u00bbantikviteti\u00a0\u00bb css=\u00a0\u00bb.vc_custom_1730499904050{background-image: url(https:\/\/palataumetnostimadlena.rs\/wp-content\/uploads\/2024\/06\/holandija2.jpg?id=4213) !important;}\u00a0\u00bb][\/vc_column][vc_column width=\u00a0\u00bb1\/4&Prime;][vc_custom_heading text=\u00a0\u00bbSU\u00c8DE\u00a0\u00bb font_container=\u00a0\u00bbtag:div|font_size:24px|text_align:center|color:%23ffffff|line_height:270px\u00a0\u00bb google_fonts=\u00a0\u00bbfont_family:Playfair%20Display%3Aregular%2Citalic%2C700%2C700italic%2C900%2C900italic|font_style:700%20bold%20regular%3A700%3Anormal\u00a0\u00bb css_animation=\u00a0\u00bbzoomIn\u00a0\u00bb link=\u00a0\u00bburl:https%3A%2F%2Fpalataumetnostimadlena.rs%2Ffr%2Fserbie%2F|title:%C5%A0VEDSKA\u00a0\u00bb el_class=\u00a0\u00bbantikviteti\u00a0\u00bb css=\u00a0\u00bb.vc_custom_1730499795386{background-image: url(https:\/\/palataumetnostimadlena.rs\/wp-content\/uploads\/2024\/06\/svedska3-1.jpg?id=3926) !important;}\u00a0\u00bb][\/vc_column][vc_column width=\u00a0\u00bb1\/4&Prime;][vc_custom_heading text=\u00a0\u00bbRUSSIE\u00a0\u00bb font_container=\u00a0\u00bbtag:div|font_size:24px|text_align:center|color:%23ffffff|line_height:270px\u00a0\u00bb google_fonts=\u00a0\u00bbfont_family:Playfair%20Display%3Aregular%2Citalic%2C700%2C700italic%2C900%2C900italic|font_style:700%20bold%20regular%3A700%3Anormal\u00a0\u00bb css_animation=\u00a0\u00bbzoomIn\u00a0\u00bb link=\u00a0\u00bburl:https%3A%2F%2Fpalataumetnostimadlena.rs%2Ffr%2Frussie%2F|title:RUSIJA\u00a0\u00bb el_class=\u00a0\u00bbantikviteti\u00a0\u00bb css=\u00a0\u00bb.vc_custom_1730499841343{background-image: url(https:\/\/palataumetnostimadlena.rs\/wp-content\/uploads\/2024\/06\/rusija3-1.jpg?id=3927) !important;}\u00a0\u00bb][\/vc_column][\/vc_row][vc_row css_animation=\u00a0\u00bbfadeInUp\u00a0\u00bb css=\u00a0\u00bb.vc_custom_1715951040779{padding-top: -100px !important;background-color: #ffffff !important;}\u00a0\u00bb][vc_column width=\u00a0\u00bb1\/4&Prime; css=\u00a0\u00bb.vc_custom_1686696279416{padding-top: -50px !important;background-color: #ffffff !important;}\u00a0\u00bb][\/vc_column][vc_column width=\u00a0\u00bb1\/4&Prime;][vc_custom_heading text=\u00a0\u00bbSERBIE\u00a0\u00bb font_container=\u00a0\u00bbtag:div|font_size:24px|text_align:center|color:%23ffffff|line_height:270px\u00a0\u00bb google_fonts=\u00a0\u00bbfont_family:Playfair%20Display%3Aregular%2Citalic%2C700%2C700italic%2C900%2C900italic|font_style:700%20bold%20regular%3A700%3Anormal\u00a0\u00bb css_animation=\u00a0\u00bbzoomIn\u00a0\u00bb link=\u00a0\u00bburl:https%3A%2F%2Fpalataumetnostimadlena.rs%2Ffr%2Fserbie%2F|title:SRBIJA\u00a0\u00bb el_class=\u00a0\u00bbantikviteti\u00a0\u00bb css=\u00a0\u00bb.vc_custom_1730499863770{background-image: url(https:\/\/palataumetnostimadlena.rs\/wp-content\/uploads\/2024\/06\/srbija-1.jpg?id=3871) !important;}\u00a0\u00bb][\/vc_column][vc_column width=\u00a0\u00bb1\/4&Prime;][vc_custom_heading text=\u00a0\u00bbAM\u00c9RIQUE\u00a0\u00bb font_container=\u00a0\u00bbtag:div|font_size:24px|text_align:center|color:%23ffffff|line_height:270px\u00a0\u00bb google_fonts=\u00a0\u00bbfont_family:Playfair%20Display%3Aregular%2Citalic%2C700%2C700italic%2C900%2C900italic|font_style:700%20bold%20regular%3A700%3Anormal\u00a0\u00bb css_animation=\u00a0\u00bbzoomIn\u00a0\u00bb link=\u00a0\u00bburl:https%3A%2F%2Fpalataumetnostimadlena.rs%2Ffr%2Famerique%2F|title:AMERIKA\u00a0\u00bb el_class=\u00a0\u00bbantikviteti\u00a0\u00bb css=\u00a0\u00bb.vc_custom_1730499882160{background-image: url(https:\/\/palataumetnostimadlena.rs\/wp-content\/uploads\/2024\/06\/amerika-3.jpg?id=3874) !important;}\u00a0\u00bb][\/vc_column][vc_column width=\u00a0\u00bb1\/4&Prime;][\/vc_column][\/vc_row][vc_row][vc_column][\/vc_column][\/vc_row]<\/p>\n<\/section>","protected":false},"excerpt":{"rendered":"<p>[vc_row css=\u00a0\u00bb.vc_custom_1719268835394{margin-top: -50px !important;padding-top: -100px !important;}\u00a0\u00bb][vc_column css=\u00a0\u00bb.vc_custom_1686695532200{padding-top: -50px !important;}\u00a0\u00bb][vc_column_text] L\u2019\u00e9poque Edo et l\u2019\u00e9poque de l\u2019empereur Meiji [\/vc_column_text][vc_empty_space][vc_single_image image=\u00a0\u00bb3458&Prime; img_size=\u00a0\u00bbfull\u00a0\u00bb alignment=\u00a0\u00bbcenter\u00a0\u00bb][vc_empty_space][\/vc_column][\/vc_row][vc_row css=\u00a0\u00bb.vc_custom_1719268835394{margin-top: -50px !important;padding-top: -100px !important;}\u00a0\u00bb][vc_column css=\u00a0\u00bb.vc_custom_1686695532200{padding-top: -50px !important;}\u00a0\u00bb][vc_column_text] L\u2019\u00e8re Meiji repr\u00e9sente la c\u00e9l\u00e8bre \u00e9poque japonaise o\u00f9, apr\u00e8s 300 ans d\u2019isolement presque complet du reste du monde, le commerce du Japon avec l\u2019Europe et l\u2019Occident commence<\/p>\n","protected":false},"author":1,"featured_media":0,"parent":0,"menu_order":0,"comment_status":"closed","ping_status":"closed","template":"","meta":{"footnotes":""},"class_list":["post-8805","page","type-page","status-publish","hentry"],"yoast_head":"<!-- This site is optimized with the Yoast SEO plugin v23.7 - https:\/\/yoast.com\/wordpress\/plugins\/seo\/ -->\n<title>JAPON<\/title>\n<meta name=\"robots\" content=\"index, follow, max-snippet:-1, max-image-preview:large, max-video-preview:-1\" \/>\n<link rel=\"canonical\" href=\"https:\/\/palataumetnostimadlena.rs\/fr\/japon\/\" \/>\n<meta property=\"og:locale\" content=\"fr_FR\" \/>\n<meta property=\"og:type\" content=\"article\" \/>\n<meta property=\"og:title\" content=\"JAPON\" \/>\n<meta property=\"og:description\" content=\"[vc_row css=\u00a0\u00bb.vc_custom_1719268835394{margin-top: -50px !important;padding-top: -100px !important;}\u00a0\u00bb][vc_column css=\u00a0\u00bb.vc_custom_1686695532200{padding-top: -50px !important;}\u00a0\u00bb][vc_column_text] L\u2019\u00e9poque Edo et l\u2019\u00e9poque de l\u2019empereur Meiji [\/vc_column_text][vc_empty_space][vc_single_image image=\u00a0\u00bb3458&Prime; img_size=\u00a0\u00bbfull\u00a0\u00bb alignment=\u00a0\u00bbcenter\u00a0\u00bb][vc_empty_space][\/vc_column][\/vc_row][vc_row css=\u00a0\u00bb.vc_custom_1719268835394{margin-top: -50px !important;padding-top: -100px !important;}\u00a0\u00bb][vc_column css=\u00a0\u00bb.vc_custom_1686695532200{padding-top: -50px !important;}\u00a0\u00bb][vc_column_text] L\u2019\u00e8re Meiji repr\u00e9sente la c\u00e9l\u00e8bre \u00e9poque japonaise o\u00f9, apr\u00e8s 300 ans d\u2019isolement presque complet du reste du monde, le commerce du Japon avec l\u2019Europe et l\u2019Occident commence\" \/>\n<meta property=\"og:url\" content=\"https:\/\/palataumetnostimadlena.rs\/fr\/japon\/\" \/>\n<meta property=\"og:site_name\" content=\"Palata umetnosti Madlena\" \/>\n<meta property=\"article:publisher\" content=\"https:\/\/www.facebook.com\/palataumetnosti\" \/>\n<meta property=\"article:modified_time\" content=\"2024-11-01T22:34:33+00:00\" \/>\n<meta property=\"og:image\" content=\"https:\/\/palataumetnostimadlena.rs\/wp-content\/uploads\/2024\/06\/japan-vase-9-1.png\" \/>\n<meta name=\"twitter:card\" content=\"summary_large_image\" \/>\n<meta name=\"twitter:label1\" content=\"Dur\u00e9e de lecture estim\u00e9e\" \/>\n\t<meta name=\"twitter:data1\" content=\"4 minutes\" \/>\n<script type=\"application\/ld+json\" class=\"yoast-schema-graph\">{\"@context\":\"https:\/\/schema.org\",\"@graph\":[{\"@type\":\"WebPage\",\"@id\":\"https:\/\/palataumetnostimadlena.rs\/fr\/japon\/\",\"url\":\"https:\/\/palataumetnostimadlena.rs\/fr\/japon\/\",\"name\":\"JAPON\",\"isPartOf\":{\"@id\":\"https:\/\/palataumetnostimadlena.rs\/#website\"},\"primaryImageOfPage\":{\"@id\":\"https:\/\/palataumetnostimadlena.rs\/fr\/japon\/#primaryimage\"},\"image\":{\"@id\":\"https:\/\/palataumetnostimadlena.rs\/fr\/japon\/#primaryimage\"},\"thumbnailUrl\":\"https:\/\/palataumetnostimadlena.rs\/wp-content\/uploads\/2024\/06\/japan-vase-9-1.png\",\"datePublished\":\"2024-06-24T21:11:57+00:00\",\"dateModified\":\"2024-11-01T22:34:33+00:00\",\"breadcrumb\":{\"@id\":\"https:\/\/palataumetnostimadlena.rs\/fr\/japon\/#breadcrumb\"},\"inLanguage\":\"fr-FR\",\"potentialAction\":[{\"@type\":\"ReadAction\",\"target\":[\"https:\/\/palataumetnostimadlena.rs\/fr\/japon\/\"]}]},{\"@type\":\"ImageObject\",\"inLanguage\":\"fr-FR\",\"@id\":\"https:\/\/palataumetnostimadlena.rs\/fr\/japon\/#primaryimage\",\"url\":\"https:\/\/palataumetnostimadlena.rs\/wp-content\/uploads\/2024\/06\/japan-vase-9-1.png\",\"contentUrl\":\"https:\/\/palataumetnostimadlena.rs\/wp-content\/uploads\/2024\/06\/japan-vase-9-1.png\"},{\"@type\":\"BreadcrumbList\",\"@id\":\"https:\/\/palataumetnostimadlena.rs\/fr\/japon\/#breadcrumb\",\"itemListElement\":[{\"@type\":\"ListItem\",\"position\":1,\"name\":\"\u041f\u043e\u0447\u0435\u0442\u043d\u0430\",\"item\":\"https:\/\/palataumetnostimadlena.rs\/fr\/\"},{\"@type\":\"ListItem\",\"position\":2,\"name\":\"JAPON\"}]},{\"@type\":\"WebSite\",\"@id\":\"https:\/\/palataumetnostimadlena.rs\/#website\",\"url\":\"https:\/\/palataumetnostimadlena.rs\/\",\"name\":\"Palata umetnosti Madlena\",\"description\":\"\",\"potentialAction\":[{\"@type\":\"SearchAction\",\"target\":{\"@type\":\"EntryPoint\",\"urlTemplate\":\"https:\/\/palataumetnostimadlena.rs\/?s={search_term_string}\"},\"query-input\":{\"@type\":\"PropertyValueSpecification\",\"valueRequired\":true,\"valueName\":\"search_term_string\"}}],\"inLanguage\":\"fr-FR\"}]}<\/script>\n<!-- \/ Yoast SEO plugin. -->","yoast_head_json":{"title":"JAPON","robots":{"index":"index","follow":"follow","max-snippet":"max-snippet:-1","max-image-preview":"max-image-preview:large","max-video-preview":"max-video-preview:-1"},"canonical":"https:\/\/palataumetnostimadlena.rs\/fr\/japon\/","og_locale":"fr_FR","og_type":"article","og_title":"JAPON","og_description":"[vc_row css=\u00a0\u00bb.vc_custom_1719268835394{margin-top: -50px !important;padding-top: -100px !important;}\u00a0\u00bb][vc_column css=\u00a0\u00bb.vc_custom_1686695532200{padding-top: -50px !important;}\u00a0\u00bb][vc_column_text] L\u2019\u00e9poque Edo et l\u2019\u00e9poque de l\u2019empereur Meiji [\/vc_column_text][vc_empty_space][vc_single_image image=\u00a0\u00bb3458&Prime; img_size=\u00a0\u00bbfull\u00a0\u00bb alignment=\u00a0\u00bbcenter\u00a0\u00bb][vc_empty_space][\/vc_column][\/vc_row][vc_row css=\u00a0\u00bb.vc_custom_1719268835394{margin-top: -50px !important;padding-top: -100px !important;}\u00a0\u00bb][vc_column css=\u00a0\u00bb.vc_custom_1686695532200{padding-top: -50px !important;}\u00a0\u00bb][vc_column_text] L\u2019\u00e8re Meiji repr\u00e9sente la c\u00e9l\u00e8bre \u00e9poque japonaise o\u00f9, apr\u00e8s 300 ans d\u2019isolement presque complet du reste du monde, le commerce du Japon avec l\u2019Europe et l\u2019Occident commence","og_url":"https:\/\/palataumetnostimadlena.rs\/fr\/japon\/","og_site_name":"Palata umetnosti Madlena","article_publisher":"https:\/\/www.facebook.com\/palataumetnosti","article_modified_time":"2024-11-01T22:34:33+00:00","og_image":[{"url":"https:\/\/palataumetnostimadlena.rs\/wp-content\/uploads\/2024\/06\/japan-vase-9-1.png"}],"twitter_card":"summary_large_image","twitter_misc":{"Dur\u00e9e de lecture estim\u00e9e":"4 minutes"},"schema":{"@context":"https:\/\/schema.org","@graph":[{"@type":"WebPage","@id":"https:\/\/palataumetnostimadlena.rs\/fr\/japon\/","url":"https:\/\/palataumetnostimadlena.rs\/fr\/japon\/","name":"JAPON","isPartOf":{"@id":"https:\/\/palataumetnostimadlena.rs\/#website"},"primaryImageOfPage":{"@id":"https:\/\/palataumetnostimadlena.rs\/fr\/japon\/#primaryimage"},"image":{"@id":"https:\/\/palataumetnostimadlena.rs\/fr\/japon\/#primaryimage"},"thumbnailUrl":"https:\/\/palataumetnostimadlena.rs\/wp-content\/uploads\/2024\/06\/japan-vase-9-1.png","datePublished":"2024-06-24T21:11:57+00:00","dateModified":"2024-11-01T22:34:33+00:00","breadcrumb":{"@id":"https:\/\/palataumetnostimadlena.rs\/fr\/japon\/#breadcrumb"},"inLanguage":"fr-FR","potentialAction":[{"@type":"ReadAction","target":["https:\/\/palataumetnostimadlena.rs\/fr\/japon\/"]}]},{"@type":"ImageObject","inLanguage":"fr-FR","@id":"https:\/\/palataumetnostimadlena.rs\/fr\/japon\/#primaryimage","url":"https:\/\/palataumetnostimadlena.rs\/wp-content\/uploads\/2024\/06\/japan-vase-9-1.png","contentUrl":"https:\/\/palataumetnostimadlena.rs\/wp-content\/uploads\/2024\/06\/japan-vase-9-1.png"},{"@type":"BreadcrumbList","@id":"https:\/\/palataumetnostimadlena.rs\/fr\/japon\/#breadcrumb","itemListElement":[{"@type":"ListItem","position":1,"name":"\u041f\u043e\u0447\u0435\u0442\u043d\u0430","item":"https:\/\/palataumetnostimadlena.rs\/fr\/"},{"@type":"ListItem","position":2,"name":"JAPON"}]},{"@type":"WebSite","@id":"https:\/\/palataumetnostimadlena.rs\/#website","url":"https:\/\/palataumetnostimadlena.rs\/","name":"Palata umetnosti Madlena","description":"","potentialAction":[{"@type":"SearchAction","target":{"@type":"EntryPoint","urlTemplate":"https:\/\/palataumetnostimadlena.rs\/?s={search_term_string}"},"query-input":{"@type":"PropertyValueSpecification","valueRequired":true,"valueName":"search_term_string"}}],"inLanguage":"fr-FR"}]}},"_links":{"self":[{"href":"https:\/\/palataumetnostimadlena.rs\/fr\/wp-json\/wp\/v2\/pages\/8805","targetHints":{"allow":["GET"]}}],"collection":[{"href":"https:\/\/palataumetnostimadlena.rs\/fr\/wp-json\/wp\/v2\/pages"}],"about":[{"href":"https:\/\/palataumetnostimadlena.rs\/fr\/wp-json\/wp\/v2\/types\/page"}],"author":[{"embeddable":true,"href":"https:\/\/palataumetnostimadlena.rs\/fr\/wp-json\/wp\/v2\/users\/1"}],"replies":[{"embeddable":true,"href":"https:\/\/palataumetnostimadlena.rs\/fr\/wp-json\/wp\/v2\/comments?post=8805"}],"version-history":[{"count":4,"href":"https:\/\/palataumetnostimadlena.rs\/fr\/wp-json\/wp\/v2\/pages\/8805\/revisions"}],"predecessor-version":[{"id":8862,"href":"https:\/\/palataumetnostimadlena.rs\/fr\/wp-json\/wp\/v2\/pages\/8805\/revisions\/8862"}],"wp:attachment":[{"href":"https:\/\/palataumetnostimadlena.rs\/fr\/wp-json\/wp\/v2\/media?parent=8805"}],"curies":[{"name":"wp","href":"https:\/\/api.w.org\/{rel}","templated":true}]}}