{"id":8810,"date":"2024-06-25T06:01:58","date_gmt":"2024-06-25T04:01:58","guid":{"rendered":"https:\/\/palataumetnostimadlena.rs\/?page_id=8810"},"modified":"2024-11-02T00:46:04","modified_gmt":"2024-11-01T22:46:04","slug":"allemagne-haute-saxe","status":"publish","type":"page","link":"https:\/\/palataumetnostimadlena.rs\/fr\/allemagne-haute-saxe\/","title":{"rendered":"ALLEMAGNE (HAUTE SAXE)"},"content":{"rendered":"<section class=\"wpb-content-wrapper\"><p>[vc_row css=\u00a0\u00bb.vc_custom_1719268835394{margin-top: -50px !important;padding-top: -100px !important;}\u00a0\u00bb][vc_column css=\u00a0\u00bb.vc_custom_1686695532200{padding-top: -50px !important;}\u00a0\u00bb][vc_column_text]<\/p>\n<blockquote>\n<h3><strong>Le 17<sup>e<\/sup>\u00a0 si\u00e8cle<\/strong><\/h3>\n<\/blockquote>\n<p>[\/vc_column_text][\/vc_column][\/vc_row][vc_row css=\u00a0\u00bb.vc_custom_1719268835394{margin-top: -50px !important;padding-top: -100px !important;}\u00a0\u00bb][vc_column css=\u00a0\u00bb.vc_custom_1686695532200{padding-top: -50px !important;}\u00a0\u00bb][vc_column_text]<\/p>\n<h3 style=\"text-align: left;\" data-wp-editing=\"1\"><strong> <a href=\"https:\/\/palataumetnostimadlena.rs\/wp-content\/uploads\/2024\/06\/nemacka1.png\"><img loading=\"lazy\" decoding=\"async\" class=\"alignleft wp-image-4167\" src=\"https:\/\/palataumetnostimadlena.rs\/wp-content\/uploads\/2024\/06\/nemacka1.png\" alt=\"\" width=\"600\" height=\"502\" srcset=\"https:\/\/palataumetnostimadlena.rs\/wp-content\/uploads\/2024\/06\/nemacka1.png 1000w, https:\/\/palataumetnostimadlena.rs\/wp-content\/uploads\/2024\/06\/nemacka1-300x251.png 300w, https:\/\/palataumetnostimadlena.rs\/wp-content\/uploads\/2024\/06\/nemacka1-768x643.png 768w\" sizes=\"auto, (max-width: 600px) 100vw, 600px\" \/><\/a><\/strong><\/h3>\n<p>&nbsp;<\/p>\n<p>&nbsp;<\/p>\n<p>Sous le r\u00e8gne de Fr\u00e9d\u00e9ric Auguste I<sup>er <\/sup>et de son fils Fr\u00e9d\u00e9ric Auguste II, la Saxe au 17<sup>e<\/sup>\u00a0 si\u00e8cle vit pleinement son \u00ab\u00a0\u00e2ge d\u2019or augustinien\u00a0\u00bb. Sous l\u2019influence des villes italiennes de Florence et de Venise, ces dirigeants donnent le nouveau visage \u00e0 l\u2019environnement de la capitale Dresde, o\u00f9 prosp\u00e8rent la cr\u00e9ativit\u00e9, l\u2019artisanat et l\u2019apprentissage. Le palais royal de Dresde devient l\u2019un des plus beaux palais d\u2019Europe, sans autres rivaux que Versailles. Auguste I<sup>er<\/sup> organise souvent de magnifiques festivals et \u00e9v\u00e8nements \u00e0 la cour pour mettre en valeur la magnificence culturelle et la puissance militaire de la Saxe. En plus, ils ouvrent au public leurs collections d\u2019art priv\u00e9es, leur biblioth\u00e8que publique et leur op\u00e9ra. Dresde, en tant que ville de la vie culturelle et intellectuelle, devient un centre cosmopolite qui attire des scientifiques et des artistes de toute l\u2019Europe.[\/vc_column_text][\/vc_column][\/vc_row][vc_row css=\u00a0\u00bb.vc_custom_1719268835394{margin-top: -50px !important;padding-top: -100px !important;}\u00a0\u00bb][vc_column css=\u00a0\u00bb.vc_custom_1686695532200{padding-top: -50px !important;}\u00a0\u00bb][vc_empty_space][vc_single_image image=\u00a0\u00bb3458&Prime; img_size=\u00a0\u00bbfull\u00a0\u00bb alignment=\u00a0\u00bbcenter\u00a0\u00bb][vc_empty_space][\/vc_column][\/vc_row][vc_row][vc_column width=\u00a0\u00bb1\/4&Prime;][vc_custom_heading text=\u00a0\u00bbCHINE\u00a0\u00bb font_container=\u00a0\u00bbtag:div|font_size:24px|text_align:center|color:%23ffffff|line_height:270px\u00a0\u00bb google_fonts=\u00a0\u00bbfont_family:Playfair%20Display%3Aregular%2Citalic%2C700%2C700italic%2C900%2C900italic|font_style:700%20bold%20regular%3A700%3Anormal\u00a0\u00bb css_animation=\u00a0\u00bbzoomIn\u00a0\u00bb link=\u00a0\u00bburl:https%3A%2F%2Fpalataumetnostimadlena.rs%2Ffr%2Fchine%2F|title:KINA\u00a0\u00bb el_class=\u00a0\u00bbantikviteti\u00a0\u00bb css=\u00a0\u00bb.vc_custom_1730499441848{background-image: url(https:\/\/palataumetnostimadlena.rs\/wp-content\/uploads\/2024\/06\/kina-2.jpg?id=3836) !important;}\u00a0\u00bb][\/vc_column][vc_column width=\u00a0\u00bb1\/4&Prime;][vc_custom_heading text=\u00a0\u00bbJAPON\u00a0\u00bb font_container=\u00a0\u00bbtag:div|font_size:24px|text_align:center|color:%23ffffff|line_height:270px\u00a0\u00bb google_fonts=\u00a0\u00bbfont_family:Playfair%20Display%3Aregular%2Citalic%2C700%2C700italic%2C900%2C900italic|font_style:700%20bold%20regular%3A700%3Anormal\u00a0\u00bb css_animation=\u00a0\u00bbzoomIn\u00a0\u00bb link=\u00a0\u00bburl:https%3A%2F%2Fpalataumetnostimadlena.rs%2Ffr%2Fjapon%2F|title:JAPAN\u00a0\u00bb el_class=\u00a0\u00bbantikviteti\u00a0\u00bb css=\u00a0\u00bb.vc_custom_1730499464829{background-image: url(https:\/\/palataumetnostimadlena.rs\/wp-content\/uploads\/2024\/06\/japan.jpg?id=3835) !important;}\u00a0\u00bb][\/vc_column][vc_column width=\u00a0\u00bb1\/4&Prime;][vc_custom_heading text=\u00a0\u00bbFRANCE\u00a0\u00bb font_container=\u00a0\u00bbtag:div|font_size:24px|text_align:center|color:%23ffffff|line_height:270px\u00a0\u00bb google_fonts=\u00a0\u00bbfont_family:Playfair%20Display%3Aregular%2Citalic%2C700%2C700italic%2C900%2C900italic|font_style:700%20bold%20regular%3A700%3Anormal\u00a0\u00bb css_animation=\u00a0\u00bbzoomIn\u00a0\u00bb link=\u00a0\u00bburl:https%3A%2F%2Fpalataumetnostimadlena.rs%2Ffr%2Ffrance%2F|title:FRANCUSKA\u00a0\u00bb el_class=\u00a0\u00bbantikviteti\u00a0\u00bb css=\u00a0\u00bb.vc_custom_1730499506143{background-image: url(https:\/\/palataumetnostimadlena.rs\/wp-content\/uploads\/2024\/06\/francuska.jpg?id=3834) !important;}\u00a0\u00bb][\/vc_column][vc_column width=\u00a0\u00bb1\/4&Prime;][vc_custom_heading text=\u00a0\u00bbANGLETERRE\u00a0\u00bb font_container=\u00a0\u00bbtag:div|font_size:24px|text_align:center|color:%23ffffff|line_height:270px\u00a0\u00bb google_fonts=\u00a0\u00bbfont_family:Playfair%20Display%3Aregular%2Citalic%2C700%2C700italic%2C900%2C900italic|font_style:700%20bold%20regular%3A700%3Anormal\u00a0\u00bb css_animation=\u00a0\u00bbzoomIn\u00a0\u00bb link=\u00a0\u00bburl:https%3A%2F%2Fpalataumetnostimadlena.rs%2Ffr%2Fangleterre%2F|title:ENGLESKA\u00a0\u00bb el_class=\u00a0\u00bbantikviteti\u00a0\u00bb css=\u00a0\u00bb.vc_custom_1730499535891{background-image: url(https:\/\/palataumetnostimadlena.rs\/wp-content\/uploads\/2024\/06\/engleska-1.jpg?id=3870) !important;}\u00a0\u00bb][\/vc_column][\/vc_row][vc_row css_animation=\u00a0\u00bbfadeInUp\u00a0\u00bb css=\u00a0\u00bb.vc_custom_1715951015811{padding-top: -100px !important;background-color: #ffffff !important;}\u00a0\u00bb][vc_column width=\u00a0\u00bb1\/4&Prime; css=\u00a0\u00bb.vc_custom_1686696279416{padding-top: -50px !important;background-color: #ffffff !important;}\u00a0\u00bb][vc_custom_heading text=\u00a0\u00bbITALIE\u00a0\u00bb font_container=\u00a0\u00bbtag:div|font_size:24px|text_align:center|color:%23ffffff|line_height:270px\u00a0\u00bb google_fonts=\u00a0\u00bbfont_family:Playfair%20Display%3Aregular%2Citalic%2C700%2C700italic%2C900%2C900italic|font_style:700%20bold%20regular%3A700%3Anormal\u00a0\u00bb css_animation=\u00a0\u00bbzoomIn\u00a0\u00bb link=\u00a0\u00bburl:https%3A%2F%2Fpalataumetnostimadlena.rs%2Ffr%2Fitalie%2F|title:ITALIJA\u00a0\u00bb el_class=\u00a0\u00bbantikviteti\u00a0\u00bb css=\u00a0\u00bb.vc_custom_1730499587167{background-image: url(https:\/\/palataumetnostimadlena.rs\/wp-content\/uploads\/2024\/06\/italija2-1.jpg?id=4216) !important;}\u00a0\u00bb][\/vc_column][vc_column width=\u00a0\u00bb1\/4&Prime;][vc_custom_heading text=\u00a0\u00bbAUTRICHE\u00a0\u00bb font_container=\u00a0\u00bbtag:div|font_size:24px|text_align:center|color:%23ffffff|line_height:270px\u00a0\u00bb google_fonts=\u00a0\u00bbfont_family:Playfair%20Display%3Aregular%2Citalic%2C700%2C700italic%2C900%2C900italic|font_style:700%20bold%20regular%3A700%3Anormal\u00a0\u00bb css_animation=\u00a0\u00bbzoomIn\u00a0\u00bb link=\u00a0\u00bburl:https%3A%2F%2Fpalataumetnostimadlena.rs%2Ffr%2Fautriche%2F|title:AUSTRIJA\u00a0\u00bb el_class=\u00a0\u00bbantikviteti\u00a0\u00bb css=\u00a0\u00bb.vc_custom_1730499604769{background-image: url(https:\/\/palataumetnostimadlena.rs\/wp-content\/uploads\/2024\/06\/austrija-1.jpg?id=3831) !important;}\u00a0\u00bb][\/vc_column][vc_column width=\u00a0\u00bb1\/4&Prime;][vc_custom_heading text=\u00a0\u00bbALLEMAGNE\u00a0\u00bb font_container=\u00a0\u00bbtag:div|font_size:24px|text_align:center|color:%23ffffff|line_height:270px\u00a0\u00bb google_fonts=\u00a0\u00bbfont_family:Playfair%20Display%3Aregular%2Citalic%2C700%2C700italic%2C900%2C900italic|font_style:700%20bold%20regular%3A700%3Anormal\u00a0\u00bb css_animation=\u00a0\u00bbzoomIn\u00a0\u00bb link=\u00a0\u00bburl:https%3A%2F%2Fpalataumetnostimadlena.rs%2Ffr%2Fallemagne-haute-saxe%2F|title:NEMA%C4%8CKA\u00a0\u00bb el_class=\u00a0\u00bbantikviteti\u00a0\u00bb css=\u00a0\u00bb.vc_custom_1730499959970{background-image: url(https:\/\/palataumetnostimadlena.rs\/wp-content\/uploads\/2024\/06\/nemacka.jpg?id=3843) !important;}\u00a0\u00bb][\/vc_column][vc_column width=\u00a0\u00bb1\/4&Prime;][vc_custom_heading text=\u00a0\u00bbESPAGNE\u00a0\u00bb font_container=\u00a0\u00bbtag:div|font_size:24px|text_align:center|color:%23ffffff|line_height:270px\u00a0\u00bb google_fonts=\u00a0\u00bbfont_family:Playfair%20Display%3Aregular%2Citalic%2C700%2C700italic%2C900%2C900italic|font_style:700%20bold%20regular%3A700%3Anormal\u00a0\u00bb css_animation=\u00a0\u00bbzoomIn\u00a0\u00bb link=\u00a0\u00bburl:https%3A%2F%2Fpalataumetnostimadlena.rs%2Ffr%2Fespagne%2F|title:%C5%A0PANIJA\u00a0\u00bb el_class=\u00a0\u00bbantikviteti\u00a0\u00bb css=\u00a0\u00bb.vc_custom_1730499766033{background-image: url(https:\/\/palataumetnostimadlena.rs\/wp-content\/uploads\/2024\/06\/spanija.jpg?id=3842) !important;}\u00a0\u00bb][\/vc_column][\/vc_row][vc_row css_animation=\u00a0\u00bbfadeInUp\u00a0\u00bb css=\u00a0\u00bb.vc_custom_1715951030726{padding-top: -100px !important;background-color: #ffffff !important;}\u00a0\u00bb][vc_column width=\u00a0\u00bb1\/4&Prime; css=\u00a0\u00bb.vc_custom_1686696279416{padding-top: -50px !important;background-color: #ffffff !important;}\u00a0\u00bb][vc_custom_heading text=\u00a0\u00bbPORTUGALIJA\u00a0\u00bb font_container=\u00a0\u00bbtag:div|font_size:24px|text_align:center|color:%23ffffff|line_height:270px\u00a0\u00bb google_fonts=\u00a0\u00bbfont_family:Playfair%20Display%3Aregular%2Citalic%2C700%2C700italic%2C900%2C900italic|font_style:700%20bold%20regular%3A700%3Anormal\u00a0\u00bb css_animation=\u00a0\u00bbzoomIn\u00a0\u00bb link=\u00a0\u00bburl:https%3A%2F%2Fpalataumetnostimadlena.rs%2Fportugalija%2F|title:POTUGALIJA\u00a0\u00bb el_class=\u00a0\u00bbantikviteti\u00a0\u00bb css=\u00a0\u00bb.vc_custom_1718925401060{background-image: url(https:\/\/palataumetnostimadlena.rs\/wp-content\/uploads\/2024\/06\/potyugalija.jpg?id=3841) !important;}\u00a0\u00bb][\/vc_column][vc_column width=\u00a0\u00bb1\/4&Prime;][vc_custom_heading text=\u00a0\u00bbHOLLANDE\u00a0\u00bb font_container=\u00a0\u00bbtag:div|font_size:24px|text_align:center|color:%23ffffff|line_height:270px\u00a0\u00bb google_fonts=\u00a0\u00bbfont_family:Playfair%20Display%3Aregular%2Citalic%2C700%2C700italic%2C900%2C900italic|font_style:700%20bold%20regular%3A700%3Anormal\u00a0\u00bb css_animation=\u00a0\u00bbzoomIn\u00a0\u00bb link=\u00a0\u00bburl:https%3A%2F%2Fpalataumetnostimadlena.rs%2Ffr%2Fhollande%2F|title:HOLANDIJA\u00a0\u00bb el_class=\u00a0\u00bbantikviteti\u00a0\u00bb css=\u00a0\u00bb.vc_custom_1730499904050{background-image: url(https:\/\/palataumetnostimadlena.rs\/wp-content\/uploads\/2024\/06\/holandija2.jpg?id=4213) !important;}\u00a0\u00bb][\/vc_column][vc_column width=\u00a0\u00bb1\/4&Prime;][vc_custom_heading text=\u00a0\u00bbSU\u00c8DE\u00a0\u00bb font_container=\u00a0\u00bbtag:div|font_size:24px|text_align:center|color:%23ffffff|line_height:270px\u00a0\u00bb google_fonts=\u00a0\u00bbfont_family:Playfair%20Display%3Aregular%2Citalic%2C700%2C700italic%2C900%2C900italic|font_style:700%20bold%20regular%3A700%3Anormal\u00a0\u00bb css_animation=\u00a0\u00bbzoomIn\u00a0\u00bb link=\u00a0\u00bburl:https%3A%2F%2Fpalataumetnostimadlena.rs%2Ffr%2Fserbie%2F|title:%C5%A0VEDSKA\u00a0\u00bb el_class=\u00a0\u00bbantikviteti\u00a0\u00bb css=\u00a0\u00bb.vc_custom_1730499795386{background-image: url(https:\/\/palataumetnostimadlena.rs\/wp-content\/uploads\/2024\/06\/svedska3-1.jpg?id=3926) !important;}\u00a0\u00bb][\/vc_column][vc_column width=\u00a0\u00bb1\/4&Prime;][vc_custom_heading text=\u00a0\u00bbRUSSIE\u00a0\u00bb font_container=\u00a0\u00bbtag:div|font_size:24px|text_align:center|color:%23ffffff|line_height:270px\u00a0\u00bb google_fonts=\u00a0\u00bbfont_family:Playfair%20Display%3Aregular%2Citalic%2C700%2C700italic%2C900%2C900italic|font_style:700%20bold%20regular%3A700%3Anormal\u00a0\u00bb css_animation=\u00a0\u00bbzoomIn\u00a0\u00bb link=\u00a0\u00bburl:https%3A%2F%2Fpalataumetnostimadlena.rs%2Ffr%2Frussie%2F|title:RUSIJA\u00a0\u00bb el_class=\u00a0\u00bbantikviteti\u00a0\u00bb css=\u00a0\u00bb.vc_custom_1730499841343{background-image: url(https:\/\/palataumetnostimadlena.rs\/wp-content\/uploads\/2024\/06\/rusija3-1.jpg?id=3927) !important;}\u00a0\u00bb][\/vc_column][\/vc_row][vc_row css_animation=\u00a0\u00bbfadeInUp\u00a0\u00bb css=\u00a0\u00bb.vc_custom_1715951040779{padding-top: -100px !important;background-color: #ffffff !important;}\u00a0\u00bb][vc_column width=\u00a0\u00bb1\/4&Prime; css=\u00a0\u00bb.vc_custom_1686696279416{padding-top: -50px !important;background-color: #ffffff !important;}\u00a0\u00bb][\/vc_column][vc_column width=\u00a0\u00bb1\/4&Prime;][vc_custom_heading text=\u00a0\u00bbSERBIE\u00a0\u00bb font_container=\u00a0\u00bbtag:div|font_size:24px|text_align:center|color:%23ffffff|line_height:270px\u00a0\u00bb google_fonts=\u00a0\u00bbfont_family:Playfair%20Display%3Aregular%2Citalic%2C700%2C700italic%2C900%2C900italic|font_style:700%20bold%20regular%3A700%3Anormal\u00a0\u00bb css_animation=\u00a0\u00bbzoomIn\u00a0\u00bb link=\u00a0\u00bburl:https%3A%2F%2Fpalataumetnostimadlena.rs%2Ffr%2Fserbie%2F|title:SRBIJA\u00a0\u00bb el_class=\u00a0\u00bbantikviteti\u00a0\u00bb css=\u00a0\u00bb.vc_custom_1730499863770{background-image: url(https:\/\/palataumetnostimadlena.rs\/wp-content\/uploads\/2024\/06\/srbija-1.jpg?id=3871) !important;}\u00a0\u00bb][\/vc_column][vc_column width=\u00a0\u00bb1\/4&Prime;][vc_custom_heading text=\u00a0\u00bbAM\u00c9RIQUE\u00a0\u00bb font_container=\u00a0\u00bbtag:div|font_size:24px|text_align:center|color:%23ffffff|line_height:270px\u00a0\u00bb google_fonts=\u00a0\u00bbfont_family:Playfair%20Display%3Aregular%2Citalic%2C700%2C700italic%2C900%2C900italic|font_style:700%20bold%20regular%3A700%3Anormal\u00a0\u00bb css_animation=\u00a0\u00bbzoomIn\u00a0\u00bb link=\u00a0\u00bburl:https%3A%2F%2Fpalataumetnostimadlena.rs%2Ffr%2Famerique%2F|title:AMERIKA\u00a0\u00bb el_class=\u00a0\u00bbantikviteti\u00a0\u00bb css=\u00a0\u00bb.vc_custom_1730499882160{background-image: url(https:\/\/palataumetnostimadlena.rs\/wp-content\/uploads\/2024\/06\/amerika-3.jpg?id=3874) !important;}\u00a0\u00bb][\/vc_column][vc_column width=\u00a0\u00bb1\/4&Prime;][\/vc_column][\/vc_row][vc_row][vc_column][\/vc_column][\/vc_row]<\/p>\n<\/section>","protected":false},"excerpt":{"rendered":"<p>[vc_row css=\u00a0\u00bb.vc_custom_1719268835394{margin-top: -50px !important;padding-top: -100px !important;}\u00a0\u00bb][vc_column css=\u00a0\u00bb.vc_custom_1686695532200{padding-top: -50px !important;}\u00a0\u00bb][vc_column_text] Le 17e\u00a0 si\u00e8cle [\/vc_column_text][\/vc_column][\/vc_row][vc_row css=\u00a0\u00bb.vc_custom_1719268835394{margin-top: -50px !important;padding-top: -100px !important;}\u00a0\u00bb][vc_column css=\u00a0\u00bb.vc_custom_1686695532200{padding-top: -50px !important;}\u00a0\u00bb][vc_column_text] &nbsp; &nbsp; Sous le r\u00e8gne de Fr\u00e9d\u00e9ric Auguste Ier et de son fils Fr\u00e9d\u00e9ric Auguste II, la Saxe au 17e\u00a0 si\u00e8cle vit pleinement son \u00ab\u00a0\u00e2ge d\u2019or augustinien\u00a0\u00bb. Sous l\u2019influence des villes italiennes de Florence<\/p>\n","protected":false},"author":1,"featured_media":0,"parent":0,"menu_order":0,"comment_status":"closed","ping_status":"closed","template":"","meta":{"footnotes":""},"class_list":["post-8810","page","type-page","status-publish","hentry"],"yoast_head":"<!-- This site is optimized with the Yoast SEO plugin v23.7 - https:\/\/yoast.com\/wordpress\/plugins\/seo\/ -->\n<title>ALLEMAGNE (HAUTE SAXE)<\/title>\n<meta name=\"robots\" content=\"index, follow, max-snippet:-1, max-image-preview:large, max-video-preview:-1\" \/>\n<link rel=\"canonical\" href=\"https:\/\/palataumetnostimadlena.rs\/fr\/allemagne-haute-saxe\/\" \/>\n<meta property=\"og:locale\" content=\"fr_FR\" \/>\n<meta property=\"og:type\" content=\"article\" \/>\n<meta property=\"og:title\" content=\"ALLEMAGNE (HAUTE SAXE)\" \/>\n<meta property=\"og:description\" content=\"[vc_row css=\u00a0\u00bb.vc_custom_1719268835394{margin-top: -50px !important;padding-top: -100px !important;}\u00a0\u00bb][vc_column css=\u00a0\u00bb.vc_custom_1686695532200{padding-top: -50px !important;}\u00a0\u00bb][vc_column_text] Le 17e\u00a0 si\u00e8cle [\/vc_column_text][\/vc_column][\/vc_row][vc_row css=\u00a0\u00bb.vc_custom_1719268835394{margin-top: -50px !important;padding-top: -100px !important;}\u00a0\u00bb][vc_column css=\u00a0\u00bb.vc_custom_1686695532200{padding-top: -50px !important;}\u00a0\u00bb][vc_column_text] &nbsp; &nbsp; Sous le r\u00e8gne de Fr\u00e9d\u00e9ric Auguste Ier et de son fils Fr\u00e9d\u00e9ric Auguste II, la Saxe au 17e\u00a0 si\u00e8cle vit pleinement son \u00ab\u00a0\u00e2ge d\u2019or augustinien\u00a0\u00bb. Sous l\u2019influence des villes italiennes de Florence\" \/>\n<meta property=\"og:url\" content=\"https:\/\/palataumetnostimadlena.rs\/fr\/allemagne-haute-saxe\/\" \/>\n<meta property=\"og:site_name\" content=\"Palata umetnosti Madlena\" \/>\n<meta property=\"article:publisher\" content=\"https:\/\/www.facebook.com\/palataumetnosti\" \/>\n<meta property=\"article:modified_time\" content=\"2024-11-01T22:46:04+00:00\" \/>\n<meta property=\"og:image\" content=\"https:\/\/palataumetnostimadlena.rs\/wp-content\/uploads\/2024\/06\/nemacka1.png\" \/>\n\t<meta property=\"og:image:width\" content=\"1000\" \/>\n\t<meta property=\"og:image:height\" content=\"837\" \/>\n\t<meta property=\"og:image:type\" content=\"image\/png\" \/>\n<meta name=\"twitter:card\" content=\"summary_large_image\" \/>\n<meta name=\"twitter:label1\" content=\"Dur\u00e9e de lecture estim\u00e9e\" \/>\n\t<meta name=\"twitter:data1\" content=\"3 minutes\" \/>\n<script type=\"application\/ld+json\" class=\"yoast-schema-graph\">{\"@context\":\"https:\/\/schema.org\",\"@graph\":[{\"@type\":\"WebPage\",\"@id\":\"https:\/\/palataumetnostimadlena.rs\/fr\/allemagne-haute-saxe\/\",\"url\":\"https:\/\/palataumetnostimadlena.rs\/fr\/allemagne-haute-saxe\/\",\"name\":\"ALLEMAGNE (HAUTE SAXE)\",\"isPartOf\":{\"@id\":\"https:\/\/palataumetnostimadlena.rs\/#website\"},\"primaryImageOfPage\":{\"@id\":\"https:\/\/palataumetnostimadlena.rs\/fr\/allemagne-haute-saxe\/#primaryimage\"},\"image\":{\"@id\":\"https:\/\/palataumetnostimadlena.rs\/fr\/allemagne-haute-saxe\/#primaryimage\"},\"thumbnailUrl\":\"https:\/\/palataumetnostimadlena.rs\/wp-content\/uploads\/2024\/06\/nemacka1.png\",\"datePublished\":\"2024-06-25T04:01:58+00:00\",\"dateModified\":\"2024-11-01T22:46:04+00:00\",\"breadcrumb\":{\"@id\":\"https:\/\/palataumetnostimadlena.rs\/fr\/allemagne-haute-saxe\/#breadcrumb\"},\"inLanguage\":\"fr-FR\",\"potentialAction\":[{\"@type\":\"ReadAction\",\"target\":[\"https:\/\/palataumetnostimadlena.rs\/fr\/allemagne-haute-saxe\/\"]}]},{\"@type\":\"ImageObject\",\"inLanguage\":\"fr-FR\",\"@id\":\"https:\/\/palataumetnostimadlena.rs\/fr\/allemagne-haute-saxe\/#primaryimage\",\"url\":\"https:\/\/palataumetnostimadlena.rs\/wp-content\/uploads\/2024\/06\/nemacka1.png\",\"contentUrl\":\"https:\/\/palataumetnostimadlena.rs\/wp-content\/uploads\/2024\/06\/nemacka1.png\"},{\"@type\":\"BreadcrumbList\",\"@id\":\"https:\/\/palataumetnostimadlena.rs\/fr\/allemagne-haute-saxe\/#breadcrumb\",\"itemListElement\":[{\"@type\":\"ListItem\",\"position\":1,\"name\":\"\u041f\u043e\u0447\u0435\u0442\u043d\u0430\",\"item\":\"https:\/\/palataumetnostimadlena.rs\/fr\/\"},{\"@type\":\"ListItem\",\"position\":2,\"name\":\"ALLEMAGNE (HAUTE SAXE)\"}]},{\"@type\":\"WebSite\",\"@id\":\"https:\/\/palataumetnostimadlena.rs\/#website\",\"url\":\"https:\/\/palataumetnostimadlena.rs\/\",\"name\":\"Palata umetnosti Madlena\",\"description\":\"\",\"potentialAction\":[{\"@type\":\"SearchAction\",\"target\":{\"@type\":\"EntryPoint\",\"urlTemplate\":\"https:\/\/palataumetnostimadlena.rs\/?s={search_term_string}\"},\"query-input\":{\"@type\":\"PropertyValueSpecification\",\"valueRequired\":true,\"valueName\":\"search_term_string\"}}],\"inLanguage\":\"fr-FR\"}]}<\/script>\n<!-- \/ Yoast SEO plugin. -->","yoast_head_json":{"title":"ALLEMAGNE (HAUTE SAXE)","robots":{"index":"index","follow":"follow","max-snippet":"max-snippet:-1","max-image-preview":"max-image-preview:large","max-video-preview":"max-video-preview:-1"},"canonical":"https:\/\/palataumetnostimadlena.rs\/fr\/allemagne-haute-saxe\/","og_locale":"fr_FR","og_type":"article","og_title":"ALLEMAGNE (HAUTE SAXE)","og_description":"[vc_row css=\u00a0\u00bb.vc_custom_1719268835394{margin-top: -50px !important;padding-top: -100px !important;}\u00a0\u00bb][vc_column css=\u00a0\u00bb.vc_custom_1686695532200{padding-top: -50px !important;}\u00a0\u00bb][vc_column_text] Le 17e\u00a0 si\u00e8cle [\/vc_column_text][\/vc_column][\/vc_row][vc_row css=\u00a0\u00bb.vc_custom_1719268835394{margin-top: -50px !important;padding-top: -100px !important;}\u00a0\u00bb][vc_column css=\u00a0\u00bb.vc_custom_1686695532200{padding-top: -50px !important;}\u00a0\u00bb][vc_column_text] &nbsp; &nbsp; Sous le r\u00e8gne de Fr\u00e9d\u00e9ric Auguste Ier et de son fils Fr\u00e9d\u00e9ric Auguste II, la Saxe au 17e\u00a0 si\u00e8cle vit pleinement son \u00ab\u00a0\u00e2ge d\u2019or augustinien\u00a0\u00bb. Sous l\u2019influence des villes italiennes de Florence","og_url":"https:\/\/palataumetnostimadlena.rs\/fr\/allemagne-haute-saxe\/","og_site_name":"Palata umetnosti Madlena","article_publisher":"https:\/\/www.facebook.com\/palataumetnosti","article_modified_time":"2024-11-01T22:46:04+00:00","og_image":[{"width":1000,"height":837,"url":"https:\/\/palataumetnostimadlena.rs\/wp-content\/uploads\/2024\/06\/nemacka1.png","type":"image\/png"}],"twitter_card":"summary_large_image","twitter_misc":{"Dur\u00e9e de lecture estim\u00e9e":"3 minutes"},"schema":{"@context":"https:\/\/schema.org","@graph":[{"@type":"WebPage","@id":"https:\/\/palataumetnostimadlena.rs\/fr\/allemagne-haute-saxe\/","url":"https:\/\/palataumetnostimadlena.rs\/fr\/allemagne-haute-saxe\/","name":"ALLEMAGNE (HAUTE SAXE)","isPartOf":{"@id":"https:\/\/palataumetnostimadlena.rs\/#website"},"primaryImageOfPage":{"@id":"https:\/\/palataumetnostimadlena.rs\/fr\/allemagne-haute-saxe\/#primaryimage"},"image":{"@id":"https:\/\/palataumetnostimadlena.rs\/fr\/allemagne-haute-saxe\/#primaryimage"},"thumbnailUrl":"https:\/\/palataumetnostimadlena.rs\/wp-content\/uploads\/2024\/06\/nemacka1.png","datePublished":"2024-06-25T04:01:58+00:00","dateModified":"2024-11-01T22:46:04+00:00","breadcrumb":{"@id":"https:\/\/palataumetnostimadlena.rs\/fr\/allemagne-haute-saxe\/#breadcrumb"},"inLanguage":"fr-FR","potentialAction":[{"@type":"ReadAction","target":["https:\/\/palataumetnostimadlena.rs\/fr\/allemagne-haute-saxe\/"]}]},{"@type":"ImageObject","inLanguage":"fr-FR","@id":"https:\/\/palataumetnostimadlena.rs\/fr\/allemagne-haute-saxe\/#primaryimage","url":"https:\/\/palataumetnostimadlena.rs\/wp-content\/uploads\/2024\/06\/nemacka1.png","contentUrl":"https:\/\/palataumetnostimadlena.rs\/wp-content\/uploads\/2024\/06\/nemacka1.png"},{"@type":"BreadcrumbList","@id":"https:\/\/palataumetnostimadlena.rs\/fr\/allemagne-haute-saxe\/#breadcrumb","itemListElement":[{"@type":"ListItem","position":1,"name":"\u041f\u043e\u0447\u0435\u0442\u043d\u0430","item":"https:\/\/palataumetnostimadlena.rs\/fr\/"},{"@type":"ListItem","position":2,"name":"ALLEMAGNE (HAUTE SAXE)"}]},{"@type":"WebSite","@id":"https:\/\/palataumetnostimadlena.rs\/#website","url":"https:\/\/palataumetnostimadlena.rs\/","name":"Palata umetnosti Madlena","description":"","potentialAction":[{"@type":"SearchAction","target":{"@type":"EntryPoint","urlTemplate":"https:\/\/palataumetnostimadlena.rs\/?s={search_term_string}"},"query-input":{"@type":"PropertyValueSpecification","valueRequired":true,"valueName":"search_term_string"}}],"inLanguage":"fr-FR"}]}},"_links":{"self":[{"href":"https:\/\/palataumetnostimadlena.rs\/fr\/wp-json\/wp\/v2\/pages\/8810","targetHints":{"allow":["GET"]}}],"collection":[{"href":"https:\/\/palataumetnostimadlena.rs\/fr\/wp-json\/wp\/v2\/pages"}],"about":[{"href":"https:\/\/palataumetnostimadlena.rs\/fr\/wp-json\/wp\/v2\/types\/page"}],"author":[{"embeddable":true,"href":"https:\/\/palataumetnostimadlena.rs\/fr\/wp-json\/wp\/v2\/users\/1"}],"replies":[{"embeddable":true,"href":"https:\/\/palataumetnostimadlena.rs\/fr\/wp-json\/wp\/v2\/comments?post=8810"}],"version-history":[{"count":3,"href":"https:\/\/palataumetnostimadlena.rs\/fr\/wp-json\/wp\/v2\/pages\/8810\/revisions"}],"predecessor-version":[{"id":8873,"href":"https:\/\/palataumetnostimadlena.rs\/fr\/wp-json\/wp\/v2\/pages\/8810\/revisions\/8873"}],"wp:attachment":[{"href":"https:\/\/palataumetnostimadlena.rs\/fr\/wp-json\/wp\/v2\/media?parent=8810"}],"curies":[{"name":"wp","href":"https:\/\/api.w.org\/{rel}","templated":true}]}}