{"id":8814,"date":"2024-06-25T06:38:41","date_gmt":"2024-06-25T04:38:41","guid":{"rendered":"https:\/\/palataumetnostimadlena.rs\/?page_id=8814"},"modified":"2024-11-01T02:31:34","modified_gmt":"2024-11-01T00:31:34","slug":"suede","status":"publish","type":"page","link":"https:\/\/palataumetnostimadlena.rs\/fr\/suede\/","title":{"rendered":"SU\u00c8DE"},"content":{"rendered":"<section class=\"wpb-content-wrapper\"><p>[vc_row css=\u00a0\u00bb.vc_custom_1719268835394{margin-top: -50px !important;padding-top: -100px !important;}\u00a0\u00bb][vc_column css=\u00a0\u00bb.vc_custom_1686695532200{padding-top: -50px !important;}\u00a0\u00bb][vc_column_text]<\/p>\n<blockquote>\n<h3><strong>Le 19<\/strong><strong><sup>e<\/sup><\/strong> <strong>\u00a0si\u00e8cle<\/strong><\/h3>\n<\/blockquote>\n<p>[\/vc_column_text][vc_column_text]<a href=\"https:\/\/palataumetnostimadlena.rs\/wp-content\/uploads\/2024\/06\/svedska1.jpg\"><img loading=\"lazy\" decoding=\"async\" class=\"alignleft wp-image-4192\" src=\"https:\/\/palataumetnostimadlena.rs\/wp-content\/uploads\/2024\/06\/svedska1.jpg\" alt=\"\" width=\"700\" height=\"558\" srcset=\"https:\/\/palataumetnostimadlena.rs\/wp-content\/uploads\/2024\/06\/svedska1.jpg 1400w, https:\/\/palataumetnostimadlena.rs\/wp-content\/uploads\/2024\/06\/svedska1-300x239.jpg 300w, https:\/\/palataumetnostimadlena.rs\/wp-content\/uploads\/2024\/06\/svedska1-1024x816.jpg 1024w, https:\/\/palataumetnostimadlena.rs\/wp-content\/uploads\/2024\/06\/svedska1-768x612.jpg 768w\" sizes=\"auto, (max-width: 700px) 100vw, 700px\" \/><\/a><\/p>\n<p>Au cours du 19<sup>e<\/sup> \u00a0si\u00e8cle diff\u00e9rents styles se superposent et se remplacent. Quant \u00e0 la Su\u00e8de, au d\u00e9but du 19<sup>e<\/sup> \u00a0si\u00e8cle, elle incline vers l\u2019h\u00e9ritage nordique, ce qui s\u2019exprime \u00e0 travers le romantisme national. Les caract\u00e9ristiques typiques du romantisme national comprennent des mat\u00e9riaux naturels authentiques, le ch\u00eane et le granit. Les manufactures artisanales produisent des meubles de style rustique, et les \u00e9l\u00e9ments d\u00e9coratifs sont inspir\u00e9s par les Vikings.<\/p>\n<p>Except\u00e9 ce style national-rustique, il existe des meubles su\u00e9dois connus sous le nom de style \u201egustavien\u201c, originaire du nom des rois Gustav III et Gustav IV. Les meubles de ce style portent de nombreux \u00e9l\u00e9ments d\u00e9coratifs issus de l\u2019esth\u00e9tique classique grecque et romaine,\u00a0 qui se d\u00e9veloppent ensuite dans le style n\u00e9oclassique. La couleur blanche, ces nuances p\u00e2les de gris et de bleu clair, les surfaces \u00e9l\u00e9gamment patin\u00e9es donnent \u00e0 ces meubles scandinaves un aspect classique, et la gamme de couleurs froides refl\u00e8te l\u2019h\u00e9ritage de la culture nordique. Le n\u00e9oclassicisme scandinave-su\u00e9dois rel\u00e8ve la simplicit\u00e9 des formes aux lignes \u00e9pur\u00e9es.[\/vc_column_text][\/vc_column][\/vc_row][vc_row css=\u00a0\u00bb.vc_custom_1719268835394{margin-top: -50px !important;padding-top: -100px !important;}\u00a0\u00bb][vc_column css=\u00a0\u00bb.vc_custom_1686695532200{padding-top: -50px !important;}\u00a0\u00bb][vc_empty_space][vc_single_image image=\u00a0\u00bb3458&Prime; img_size=\u00a0\u00bbfull\u00a0\u00bb alignment=\u00a0\u00bbcenter\u00a0\u00bb][vc_empty_space][\/vc_column][\/vc_row][vc_row css_animation=\u00a0\u00bbfadeInUp\u00a0\u00bb css=\u00a0\u00bb.vc_custom_1715951004743{background-color: #ffffff !important;}\u00a0\u00bb][vc_column width=\u00a0\u00bb1\/4&Prime; css=\u00a0\u00bb.vc_custom_1686696279416{padding-top: -50px !important;background-color: #ffffff !important;}\u00a0\u00bb][vc_custom_heading text=\u00a0\u00bbKINA\u00a0\u00bb font_container=\u00a0\u00bbtag:div|font_size:24px|text_align:center|color:%23ffffff|line_height:270px\u00a0\u00bb google_fonts=\u00a0\u00bbfont_family:Playfair%20Display%3Aregular%2Citalic%2C700%2C700italic%2C900%2C900italic|font_style:700%20bold%20regular%3A700%3Anormal\u00a0\u00bb css_animation=\u00a0\u00bbzoomIn\u00a0\u00bb link=\u00a0\u00bburl:https%3A%2F%2Fpalataumetnostimadlena.rs%2Fkina-2%2F|title:KINA\u00a0\u00bb el_class=\u00a0\u00bbantikviteti\u00a0\u00bb css=\u00a0\u00bb.vc_custom_1719269558731{background-image: url(https:\/\/palataumetnostimadlena.rs\/wp-content\/uploads\/2024\/06\/kina-2.jpg?id=3836) !important;}\u00a0\u00bb][\/vc_column][vc_column width=\u00a0\u00bb1\/4&Prime;][vc_custom_heading text=\u00a0\u00bbJAPAN\u00a0\u00bb font_container=\u00a0\u00bbtag:div|font_size:24px|text_align:center|color:%23ffffff|line_height:270px\u00a0\u00bb google_fonts=\u00a0\u00bbfont_family:Playfair%20Display%3Aregular%2Citalic%2C700%2C700italic%2C900%2C900italic|font_style:700%20bold%20regular%3A700%3Anormal\u00a0\u00bb css_animation=\u00a0\u00bbzoomIn\u00a0\u00bb link=\u00a0\u00bburl:https%3A%2F%2Fpalataumetnostimadlena.rs%2Fjapan%2F|title:JAPAN\u00a0\u00bb el_class=\u00a0\u00bbantikviteti\u00a0\u00bb css=\u00a0\u00bb.vc_custom_1718925256408{background-image: url(https:\/\/palataumetnostimadlena.rs\/wp-content\/uploads\/2024\/06\/japan.jpg?id=3835) !important;}\u00a0\u00bb][\/vc_column][vc_column width=\u00a0\u00bb1\/4&Prime;][vc_custom_heading text=\u00a0\u00bbFRANCUSKA\u00a0\u00bb font_container=\u00a0\u00bbtag:div|font_size:24px|text_align:center|color:%23ffffff|line_height:270px\u00a0\u00bb google_fonts=\u00a0\u00bbfont_family:Playfair%20Display%3Aregular%2Citalic%2C700%2C700italic%2C900%2C900italic|font_style:700%20bold%20regular%3A700%3Anormal\u00a0\u00bb css_animation=\u00a0\u00bbzoomIn\u00a0\u00bb link=\u00a0\u00bburl:https%3A%2F%2Fpalataumetnostimadlena.rs%2Ffrancuska-2%2F|title:FRANCUSKA\u00a0\u00bb el_class=\u00a0\u00bbantikviteti\u00a0\u00bb css=\u00a0\u00bb.vc_custom_1719268904626{background-image: url(https:\/\/palataumetnostimadlena.rs\/wp-content\/uploads\/2024\/06\/francuska.jpg?id=3834) !important;}\u00a0\u00bb][\/vc_column][vc_column width=\u00a0\u00bb1\/4&Prime;][vc_custom_heading text=\u00a0\u00bbENGLESKA\u00a0\u00bb font_container=\u00a0\u00bbtag:div|font_size:24px|text_align:center|color:%23ffffff|line_height:270px\u00a0\u00bb google_fonts=\u00a0\u00bbfont_family:Playfair%20Display%3Aregular%2Citalic%2C700%2C700italic%2C900%2C900italic|font_style:700%20bold%20regular%3A700%3Anormal\u00a0\u00bb css_animation=\u00a0\u00bbzoomIn\u00a0\u00bb link=\u00a0\u00bburl:https%3A%2F%2Fpalataumetnostimadlena.rs%2Fengleska%2F|title:ENGLESKA\u00a0\u00bb el_class=\u00a0\u00bbantikviteti\u00a0\u00bb css=\u00a0\u00bb.vc_custom_1719258007602{background-image: url(https:\/\/palataumetnostimadlena.rs\/wp-content\/uploads\/2024\/06\/engleska-1.jpg?id=3870) !important;}\u00a0\u00bb][\/vc_column][\/vc_row][vc_row css_animation=\u00a0\u00bbfadeInUp\u00a0\u00bb css=\u00a0\u00bb.vc_custom_1715951015811{padding-top: -100px !important;background-color: #ffffff !important;}\u00a0\u00bb][vc_column width=\u00a0\u00bb1\/4&Prime; css=\u00a0\u00bb.vc_custom_1686696279416{padding-top: -50px !important;background-color: #ffffff !important;}\u00a0\u00bb][vc_custom_heading text=\u00a0\u00bbITALIJA\u00a0\u00bb font_container=\u00a0\u00bbtag:div|font_size:24px|text_align:center|color:%23ffffff|line_height:270px\u00a0\u00bb google_fonts=\u00a0\u00bbfont_family:Playfair%20Display%3Aregular%2Citalic%2C700%2C700italic%2C900%2C900italic|font_style:700%20bold%20regular%3A700%3Anormal\u00a0\u00bb css_animation=\u00a0\u00bbzoomIn\u00a0\u00bb link=\u00a0\u00bburl:https%3A%2F%2Fpalataumetnostimadlena.rs%2Fitalija%2F|title:ITALIJA\u00a0\u00bb el_class=\u00a0\u00bbantikviteti\u00a0\u00bb css=\u00a0\u00bb.vc_custom_1719301461326{background-image: url(https:\/\/palataumetnostimadlena.rs\/wp-content\/uploads\/2024\/06\/italija2-1.jpg?id=4216) !important;}\u00a0\u00bb][\/vc_column][vc_column width=\u00a0\u00bb1\/4&Prime;][vc_custom_heading text=\u00a0\u00bbAUSTRIJA\u00a0\u00bb font_container=\u00a0\u00bbtag:div|font_size:24px|text_align:center|color:%23ffffff|line_height:270px\u00a0\u00bb google_fonts=\u00a0\u00bbfont_family:Playfair%20Display%3Aregular%2Citalic%2C700%2C700italic%2C900%2C900italic|font_style:700%20bold%20regular%3A700%3Anormal\u00a0\u00bb css_animation=\u00a0\u00bbzoomIn\u00a0\u00bb link=\u00a0\u00bburl:https%3A%2F%2Fpalataumetnostimadlena.rs%2Faustrija%2F|title:AUSTRIJA\u00a0\u00bb el_class=\u00a0\u00bbantikviteti\u00a0\u00bb css=\u00a0\u00bb.vc_custom_1718924627176{background-image: url(https:\/\/palataumetnostimadlena.rs\/wp-content\/uploads\/2024\/06\/austrija-1.jpg?id=3831) !important;}\u00a0\u00bb][\/vc_column][vc_column width=\u00a0\u00bb1\/4&Prime;][vc_custom_heading text=\u00a0\u00bbNEMA\u010cKA\u00a0\u00bb font_container=\u00a0\u00bbtag:div|font_size:24px|text_align:center|color:%23ffffff|line_height:270px\u00a0\u00bb google_fonts=\u00a0\u00bbfont_family:Playfair%20Display%3Aregular%2Citalic%2C700%2C700italic%2C900%2C900italic|font_style:700%20bold%20regular%3A700%3Anormal\u00a0\u00bb css_animation=\u00a0\u00bbzoomIn\u00a0\u00bb link=\u00a0\u00bburl:https%3A%2F%2Fpalataumetnostimadlena.rs%2Fnemacka%2F|title:NEMA%C4%8CKA\u00a0\u00bb el_class=\u00a0\u00bbantikviteti\u00a0\u00bb css=\u00a0\u00bb.vc_custom_1718925378170{background-image: url(https:\/\/palataumetnostimadlena.rs\/wp-content\/uploads\/2024\/06\/nemacka.jpg?id=3843) !important;}\u00a0\u00bb][\/vc_column][vc_column width=\u00a0\u00bb1\/4&Prime;][vc_custom_heading text=\u00a0\u00bb\u0160PANIJA\u00a0\u00bb font_container=\u00a0\u00bbtag:div|font_size:24px|text_align:center|color:%23ffffff|line_height:270px\u00a0\u00bb google_fonts=\u00a0\u00bbfont_family:Playfair%20Display%3Aregular%2Citalic%2C700%2C700italic%2C900%2C900italic|font_style:700%20bold%20regular%3A700%3Anormal\u00a0\u00bb css_animation=\u00a0\u00bbzoomIn\u00a0\u00bb link=\u00a0\u00bburl:https%3A%2F%2Fpalataumetnostimadlena.rs%2Fspanija%2F|title:%C5%A0PANIJA\u00a0\u00bb el_class=\u00a0\u00bbantikviteti\u00a0\u00bb css=\u00a0\u00bb.vc_custom_1718925389236{background-image: url(https:\/\/palataumetnostimadlena.rs\/wp-content\/uploads\/2024\/06\/spanija.jpg?id=3842) !important;}\u00a0\u00bb][\/vc_column][\/vc_row][vc_row css_animation=\u00a0\u00bbfadeInUp\u00a0\u00bb css=\u00a0\u00bb.vc_custom_1715951030726{padding-top: -100px !important;background-color: #ffffff !important;}\u00a0\u00bb][vc_column width=\u00a0\u00bb1\/4&Prime; css=\u00a0\u00bb.vc_custom_1686696279416{padding-top: -50px !important;background-color: #ffffff !important;}\u00a0\u00bb][vc_custom_heading text=\u00a0\u00bbPORTUGALIJA\u00a0\u00bb font_container=\u00a0\u00bbtag:div|font_size:24px|text_align:center|color:%23ffffff|line_height:270px\u00a0\u00bb google_fonts=\u00a0\u00bbfont_family:Playfair%20Display%3Aregular%2Citalic%2C700%2C700italic%2C900%2C900italic|font_style:700%20bold%20regular%3A700%3Anormal\u00a0\u00bb css_animation=\u00a0\u00bbzoomIn\u00a0\u00bb link=\u00a0\u00bburl:https%3A%2F%2Fpalataumetnostimadlena.rs%2Fportugalija%2F|title:POTUGALIJA\u00a0\u00bb el_class=\u00a0\u00bbantikviteti\u00a0\u00bb css=\u00a0\u00bb.vc_custom_1718925401060{background-image: url(https:\/\/palataumetnostimadlena.rs\/wp-content\/uploads\/2024\/06\/potyugalija.jpg?id=3841) !important;}\u00a0\u00bb][\/vc_column][vc_column width=\u00a0\u00bb1\/4&Prime;][vc_custom_heading text=\u00a0\u00bbHOLANDIJA\u00a0\u00bb font_container=\u00a0\u00bbtag:div|font_size:24px|text_align:center|color:%23ffffff|line_height:270px\u00a0\u00bb google_fonts=\u00a0\u00bbfont_family:Playfair%20Display%3Aregular%2Citalic%2C700%2C700italic%2C900%2C900italic|font_style:700%20bold%20regular%3A700%3Anormal\u00a0\u00bb css_animation=\u00a0\u00bbzoomIn\u00a0\u00bb link=\u00a0\u00bburl:https%3A%2F%2Fpalataumetnostimadlena.rs%2Fholandija%2F|title:HOLANDIJA\u00a0\u00bb el_class=\u00a0\u00bbantikviteti\u00a0\u00bb css=\u00a0\u00bb.vc_custom_1719301402858{background-image: url(https:\/\/palataumetnostimadlena.rs\/wp-content\/uploads\/2024\/06\/holandija2.jpg?id=4213) !important;}\u00a0\u00bb][\/vc_column][vc_column width=\u00a0\u00bb1\/4&Prime;][vc_custom_heading text=\u00a0\u00bb\u0160VEDSKA\u00a0\u00bb font_container=\u00a0\u00bbtag:div|font_size:24px|text_align:center|color:%23ffffff|line_height:270px\u00a0\u00bb google_fonts=\u00a0\u00bbfont_family:Playfair%20Display%3Aregular%2Citalic%2C700%2C700italic%2C900%2C900italic|font_style:700%20bold%20regular%3A700%3Anormal\u00a0\u00bb css_animation=\u00a0\u00bbzoomIn\u00a0\u00bb link=\u00a0\u00bburl:https%3A%2F%2Fpalataumetnostimadlena.rs%2Fsvedska%2F|title:%C5%A0VEDSKA\u00a0\u00bb el_class=\u00a0\u00bbantikviteti\u00a0\u00bb css=\u00a0\u00bb.vc_custom_1719258470359{background-image: url(https:\/\/palataumetnostimadlena.rs\/wp-content\/uploads\/2024\/06\/svedska3-1.jpg?id=3926) !important;}\u00a0\u00bb][\/vc_column][vc_column width=\u00a0\u00bb1\/4&Prime;][vc_custom_heading text=\u00a0\u00bbRUSIJA\u00a0\u00bb font_container=\u00a0\u00bbtag:div|font_size:24px|text_align:center|color:%23ffffff|line_height:270px\u00a0\u00bb google_fonts=\u00a0\u00bbfont_family:Playfair%20Display%3Aregular%2Citalic%2C700%2C700italic%2C900%2C900italic|font_style:700%20bold%20regular%3A700%3Anormal\u00a0\u00bb css_animation=\u00a0\u00bbzoomIn\u00a0\u00bb link=\u00a0\u00bburl:https%3A%2F%2Fpalataumetnostimadlena.rs%2Frusija%2F|title:RUSIJA\u00a0\u00bb el_class=\u00a0\u00bbantikviteti\u00a0\u00bb css=\u00a0\u00bb.vc_custom_1719258481815{background-image: url(https:\/\/palataumetnostimadlena.rs\/wp-content\/uploads\/2024\/06\/rusija3-1.jpg?id=3927) !important;}\u00a0\u00bb][\/vc_column][\/vc_row][vc_row css_animation=\u00a0\u00bbfadeInUp\u00a0\u00bb css=\u00a0\u00bb.vc_custom_1715951040779{padding-top: -100px !important;background-color: #ffffff !important;}\u00a0\u00bb][vc_column width=\u00a0\u00bb1\/4&Prime; css=\u00a0\u00bb.vc_custom_1686696279416{padding-top: -50px !important;background-color: #ffffff !important;}\u00a0\u00bb][\/vc_column][vc_column width=\u00a0\u00bb1\/4&Prime;][vc_custom_heading text=\u00a0\u00bbSRBIJA\u00a0\u00bb font_container=\u00a0\u00bbtag:div|font_size:24px|text_align:center|color:%23ffffff|line_height:270px\u00a0\u00bb google_fonts=\u00a0\u00bbfont_family:Playfair%20Display%3Aregular%2Citalic%2C700%2C700italic%2C900%2C900italic|font_style:700%20bold%20regular%3A700%3Anormal\u00a0\u00bb css_animation=\u00a0\u00bbzoomIn\u00a0\u00bb link=\u00a0\u00bburl:https%3A%2F%2Fpalataumetnostimadlena.rs%2Fsrbija%2F|title:SRBIJA\u00a0\u00bb el_class=\u00a0\u00bbantikviteti\u00a0\u00bb css=\u00a0\u00bb.vc_custom_1719258556014{background-image: url(https:\/\/palataumetnostimadlena.rs\/wp-content\/uploads\/2024\/06\/srbija-1.jpg?id=3871) !important;}\u00a0\u00bb][\/vc_column][vc_column width=\u00a0\u00bb1\/4&Prime;][vc_custom_heading text=\u00a0\u00bbAMERIKA\u00a0\u00bb font_container=\u00a0\u00bbtag:div|font_size:24px|text_align:center|color:%23ffffff|line_height:270px\u00a0\u00bb google_fonts=\u00a0\u00bbfont_family:Playfair%20Display%3Aregular%2Citalic%2C700%2C700italic%2C900%2C900italic|font_style:700%20bold%20regular%3A700%3Anormal\u00a0\u00bb css_animation=\u00a0\u00bbzoomIn\u00a0\u00bb link=\u00a0\u00bburl:https%3A%2F%2Fpalataumetnostimadlena.rs%2Famerika%2F|title:AMERIKA\u00a0\u00bb el_class=\u00a0\u00bbantikviteti\u00a0\u00bb css=\u00a0\u00bb.vc_custom_1719258522886{background-image: url(https:\/\/palataumetnostimadlena.rs\/wp-content\/uploads\/2024\/06\/amerika-3.jpg?id=3874) !important;}\u00a0\u00bb][\/vc_column][vc_column width=\u00a0\u00bb1\/4&Prime;][\/vc_column][\/vc_row][vc_row][vc_column][\/vc_column][\/vc_row]<\/p>\n<\/section>","protected":false},"excerpt":{"rendered":"<p>[vc_row css=\u00a0\u00bb.vc_custom_1719268835394{margin-top: -50px !important;padding-top: -100px !important;}\u00a0\u00bb][vc_column css=\u00a0\u00bb.vc_custom_1686695532200{padding-top: -50px !important;}\u00a0\u00bb][vc_column_text] Le 19e \u00a0si\u00e8cle [\/vc_column_text][vc_column_text] Au cours du 19e \u00a0si\u00e8cle diff\u00e9rents styles se superposent et se remplacent. Quant \u00e0 la Su\u00e8de, au d\u00e9but du 19e \u00a0si\u00e8cle, elle incline vers l\u2019h\u00e9ritage nordique, ce qui s\u2019exprime \u00e0 travers le romantisme national. Les caract\u00e9ristiques typiques du romantisme national comprennent des<\/p>\n","protected":false},"author":1,"featured_media":0,"parent":0,"menu_order":0,"comment_status":"closed","ping_status":"closed","template":"","meta":{"footnotes":""},"class_list":["post-8814","page","type-page","status-publish","hentry"],"yoast_head":"<!-- This site is optimized with the Yoast SEO plugin v23.7 - https:\/\/yoast.com\/wordpress\/plugins\/seo\/ -->\n<title>SU\u00c8DE<\/title>\n<meta name=\"robots\" content=\"index, follow, max-snippet:-1, max-image-preview:large, max-video-preview:-1\" \/>\n<link rel=\"canonical\" href=\"https:\/\/palataumetnostimadlena.rs\/fr\/suede\/\" \/>\n<meta property=\"og:locale\" content=\"fr_FR\" \/>\n<meta property=\"og:type\" content=\"article\" \/>\n<meta property=\"og:title\" content=\"SU\u00c8DE\" \/>\n<meta property=\"og:description\" content=\"[vc_row css=\u00a0\u00bb.vc_custom_1719268835394{margin-top: -50px !important;padding-top: -100px !important;}\u00a0\u00bb][vc_column css=\u00a0\u00bb.vc_custom_1686695532200{padding-top: -50px !important;}\u00a0\u00bb][vc_column_text] Le 19e \u00a0si\u00e8cle [\/vc_column_text][vc_column_text] Au cours du 19e \u00a0si\u00e8cle diff\u00e9rents styles se superposent et se remplacent. Quant \u00e0 la Su\u00e8de, au d\u00e9but du 19e \u00a0si\u00e8cle, elle incline vers l\u2019h\u00e9ritage nordique, ce qui s\u2019exprime \u00e0 travers le romantisme national. Les caract\u00e9ristiques typiques du romantisme national comprennent des\" \/>\n<meta property=\"og:url\" content=\"https:\/\/palataumetnostimadlena.rs\/fr\/suede\/\" \/>\n<meta property=\"og:site_name\" content=\"Palata umetnosti Madlena\" \/>\n<meta property=\"article:publisher\" content=\"https:\/\/www.facebook.com\/palataumetnosti\" \/>\n<meta property=\"article:modified_time\" content=\"2024-11-01T00:31:34+00:00\" \/>\n<meta property=\"og:image\" content=\"https:\/\/palataumetnostimadlena.rs\/wp-content\/uploads\/2024\/06\/svedska1.jpg\" \/>\n\t<meta property=\"og:image:width\" content=\"1400\" \/>\n\t<meta property=\"og:image:height\" content=\"1116\" \/>\n\t<meta property=\"og:image:type\" content=\"image\/jpeg\" \/>\n<meta name=\"twitter:card\" content=\"summary_large_image\" \/>\n<meta name=\"twitter:label1\" content=\"Dur\u00e9e de lecture estim\u00e9e\" \/>\n\t<meta name=\"twitter:data1\" content=\"7 minutes\" \/>\n<script type=\"application\/ld+json\" class=\"yoast-schema-graph\">{\"@context\":\"https:\/\/schema.org\",\"@graph\":[{\"@type\":\"WebPage\",\"@id\":\"https:\/\/palataumetnostimadlena.rs\/fr\/suede\/\",\"url\":\"https:\/\/palataumetnostimadlena.rs\/fr\/suede\/\",\"name\":\"SU\u00c8DE\",\"isPartOf\":{\"@id\":\"https:\/\/palataumetnostimadlena.rs\/#website\"},\"primaryImageOfPage\":{\"@id\":\"https:\/\/palataumetnostimadlena.rs\/fr\/suede\/#primaryimage\"},\"image\":{\"@id\":\"https:\/\/palataumetnostimadlena.rs\/fr\/suede\/#primaryimage\"},\"thumbnailUrl\":\"https:\/\/palataumetnostimadlena.rs\/wp-content\/uploads\/2024\/06\/svedska1.jpg\",\"datePublished\":\"2024-06-25T04:38:41+00:00\",\"dateModified\":\"2024-11-01T00:31:34+00:00\",\"breadcrumb\":{\"@id\":\"https:\/\/palataumetnostimadlena.rs\/fr\/suede\/#breadcrumb\"},\"inLanguage\":\"fr-FR\",\"potentialAction\":[{\"@type\":\"ReadAction\",\"target\":[\"https:\/\/palataumetnostimadlena.rs\/fr\/suede\/\"]}]},{\"@type\":\"ImageObject\",\"inLanguage\":\"fr-FR\",\"@id\":\"https:\/\/palataumetnostimadlena.rs\/fr\/suede\/#primaryimage\",\"url\":\"https:\/\/palataumetnostimadlena.rs\/wp-content\/uploads\/2024\/06\/svedska1.jpg\",\"contentUrl\":\"https:\/\/palataumetnostimadlena.rs\/wp-content\/uploads\/2024\/06\/svedska1.jpg\"},{\"@type\":\"BreadcrumbList\",\"@id\":\"https:\/\/palataumetnostimadlena.rs\/fr\/suede\/#breadcrumb\",\"itemListElement\":[{\"@type\":\"ListItem\",\"position\":1,\"name\":\"\u041f\u043e\u0447\u0435\u0442\u043d\u0430\",\"item\":\"https:\/\/palataumetnostimadlena.rs\/fr\/\"},{\"@type\":\"ListItem\",\"position\":2,\"name\":\"SU\u00c8DE\"}]},{\"@type\":\"WebSite\",\"@id\":\"https:\/\/palataumetnostimadlena.rs\/#website\",\"url\":\"https:\/\/palataumetnostimadlena.rs\/\",\"name\":\"Palata umetnosti Madlena\",\"description\":\"\",\"potentialAction\":[{\"@type\":\"SearchAction\",\"target\":{\"@type\":\"EntryPoint\",\"urlTemplate\":\"https:\/\/palataumetnostimadlena.rs\/?s={search_term_string}\"},\"query-input\":{\"@type\":\"PropertyValueSpecification\",\"valueRequired\":true,\"valueName\":\"search_term_string\"}}],\"inLanguage\":\"fr-FR\"}]}<\/script>\n<!-- \/ Yoast SEO plugin. -->","yoast_head_json":{"title":"SU\u00c8DE","robots":{"index":"index","follow":"follow","max-snippet":"max-snippet:-1","max-image-preview":"max-image-preview:large","max-video-preview":"max-video-preview:-1"},"canonical":"https:\/\/palataumetnostimadlena.rs\/fr\/suede\/","og_locale":"fr_FR","og_type":"article","og_title":"SU\u00c8DE","og_description":"[vc_row css=\u00a0\u00bb.vc_custom_1719268835394{margin-top: -50px !important;padding-top: -100px !important;}\u00a0\u00bb][vc_column css=\u00a0\u00bb.vc_custom_1686695532200{padding-top: -50px !important;}\u00a0\u00bb][vc_column_text] Le 19e \u00a0si\u00e8cle [\/vc_column_text][vc_column_text] Au cours du 19e \u00a0si\u00e8cle diff\u00e9rents styles se superposent et se remplacent. Quant \u00e0 la Su\u00e8de, au d\u00e9but du 19e \u00a0si\u00e8cle, elle incline vers l\u2019h\u00e9ritage nordique, ce qui s\u2019exprime \u00e0 travers le romantisme national. Les caract\u00e9ristiques typiques du romantisme national comprennent des","og_url":"https:\/\/palataumetnostimadlena.rs\/fr\/suede\/","og_site_name":"Palata umetnosti Madlena","article_publisher":"https:\/\/www.facebook.com\/palataumetnosti","article_modified_time":"2024-11-01T00:31:34+00:00","og_image":[{"width":1400,"height":1116,"url":"https:\/\/palataumetnostimadlena.rs\/wp-content\/uploads\/2024\/06\/svedska1.jpg","type":"image\/jpeg"}],"twitter_card":"summary_large_image","twitter_misc":{"Dur\u00e9e de lecture estim\u00e9e":"7 minutes"},"schema":{"@context":"https:\/\/schema.org","@graph":[{"@type":"WebPage","@id":"https:\/\/palataumetnostimadlena.rs\/fr\/suede\/","url":"https:\/\/palataumetnostimadlena.rs\/fr\/suede\/","name":"SU\u00c8DE","isPartOf":{"@id":"https:\/\/palataumetnostimadlena.rs\/#website"},"primaryImageOfPage":{"@id":"https:\/\/palataumetnostimadlena.rs\/fr\/suede\/#primaryimage"},"image":{"@id":"https:\/\/palataumetnostimadlena.rs\/fr\/suede\/#primaryimage"},"thumbnailUrl":"https:\/\/palataumetnostimadlena.rs\/wp-content\/uploads\/2024\/06\/svedska1.jpg","datePublished":"2024-06-25T04:38:41+00:00","dateModified":"2024-11-01T00:31:34+00:00","breadcrumb":{"@id":"https:\/\/palataumetnostimadlena.rs\/fr\/suede\/#breadcrumb"},"inLanguage":"fr-FR","potentialAction":[{"@type":"ReadAction","target":["https:\/\/palataumetnostimadlena.rs\/fr\/suede\/"]}]},{"@type":"ImageObject","inLanguage":"fr-FR","@id":"https:\/\/palataumetnostimadlena.rs\/fr\/suede\/#primaryimage","url":"https:\/\/palataumetnostimadlena.rs\/wp-content\/uploads\/2024\/06\/svedska1.jpg","contentUrl":"https:\/\/palataumetnostimadlena.rs\/wp-content\/uploads\/2024\/06\/svedska1.jpg"},{"@type":"BreadcrumbList","@id":"https:\/\/palataumetnostimadlena.rs\/fr\/suede\/#breadcrumb","itemListElement":[{"@type":"ListItem","position":1,"name":"\u041f\u043e\u0447\u0435\u0442\u043d\u0430","item":"https:\/\/palataumetnostimadlena.rs\/fr\/"},{"@type":"ListItem","position":2,"name":"SU\u00c8DE"}]},{"@type":"WebSite","@id":"https:\/\/palataumetnostimadlena.rs\/#website","url":"https:\/\/palataumetnostimadlena.rs\/","name":"Palata umetnosti Madlena","description":"","potentialAction":[{"@type":"SearchAction","target":{"@type":"EntryPoint","urlTemplate":"https:\/\/palataumetnostimadlena.rs\/?s={search_term_string}"},"query-input":{"@type":"PropertyValueSpecification","valueRequired":true,"valueName":"search_term_string"}}],"inLanguage":"fr-FR"}]}},"_links":{"self":[{"href":"https:\/\/palataumetnostimadlena.rs\/fr\/wp-json\/wp\/v2\/pages\/8814","targetHints":{"allow":["GET"]}}],"collection":[{"href":"https:\/\/palataumetnostimadlena.rs\/fr\/wp-json\/wp\/v2\/pages"}],"about":[{"href":"https:\/\/palataumetnostimadlena.rs\/fr\/wp-json\/wp\/v2\/types\/page"}],"author":[{"embeddable":true,"href":"https:\/\/palataumetnostimadlena.rs\/fr\/wp-json\/wp\/v2\/users\/1"}],"replies":[{"embeddable":true,"href":"https:\/\/palataumetnostimadlena.rs\/fr\/wp-json\/wp\/v2\/comments?post=8814"}],"version-history":[{"count":3,"href":"https:\/\/palataumetnostimadlena.rs\/fr\/wp-json\/wp\/v2\/pages\/8814\/revisions"}],"predecessor-version":[{"id":8845,"href":"https:\/\/palataumetnostimadlena.rs\/fr\/wp-json\/wp\/v2\/pages\/8814\/revisions\/8845"}],"wp:attachment":[{"href":"https:\/\/palataumetnostimadlena.rs\/fr\/wp-json\/wp\/v2\/media?parent=8814"}],"curies":[{"name":"wp","href":"https:\/\/api.w.org\/{rel}","templated":true}]}}