{"id":8816,"date":"2024-06-25T06:51:53","date_gmt":"2024-06-25T04:51:53","guid":{"rendered":"https:\/\/palataumetnostimadlena.rs\/?page_id=8816"},"modified":"2024-11-02T00:52:16","modified_gmt":"2024-11-01T22:52:16","slug":"serbie","status":"publish","type":"page","link":"https:\/\/palataumetnostimadlena.rs\/fr\/serbie\/","title":{"rendered":"SERBIE"},"content":{"rendered":"<section class=\"wpb-content-wrapper\"><p>[vc_row css=\u00a0\u00bb.vc_custom_1719268835394{margin-top: -50px !important;padding-top: -100px !important;}\u00a0\u00bb][vc_column css=\u00a0\u00bb.vc_custom_1686695532200{padding-top: -50px !important;}\u00a0\u00bb][vc_column_text]<\/p>\n<blockquote>\n<h3><strong>Le <\/strong><strong>20<\/strong><strong><sup>e<\/sup><\/strong> <strong>et le 21<\/strong><strong><sup>e<\/sup><\/strong> <strong>\u00a0si\u00e8cle<\/strong><\/h3>\n<\/blockquote>\n<p>[\/vc_column_text][vc_empty_space][vc_column_text]<\/p>\n<h3 style=\"text-align: left;\" data-wp-editing=\"1\"><strong><a href=\"https:\/\/palataumetnostimadlena.rs\/wp-content\/uploads\/2024\/06\/srbija1.png\"><img loading=\"lazy\" decoding=\"async\" class=\"alignleft wp-image-4200\" src=\"https:\/\/palataumetnostimadlena.rs\/wp-content\/uploads\/2024\/06\/srbija1.png\" alt=\"\" width=\"500\" height=\"334\" srcset=\"https:\/\/palataumetnostimadlena.rs\/wp-content\/uploads\/2024\/06\/srbija1.png 1000w, https:\/\/palataumetnostimadlena.rs\/wp-content\/uploads\/2024\/06\/srbija1-300x200.png 300w, https:\/\/palataumetnostimadlena.rs\/wp-content\/uploads\/2024\/06\/srbija1-768x512.png 768w\" sizes=\"auto, (max-width: 500px) 100vw, 500px\" \/><\/a><\/strong><\/h3>\n<p>\u00c0 l\u2019horizon de l\u2019\u00e9poque du modernisme serbe, on peut distinguer plusieurs artistes de grand format qui repr\u00e9sentent des tendances diff\u00e9rentes, souvent m\u00eame oppos\u00e9es, et qui, par leurs actions, dans des cercles artistiques, ont acquis de l\u2019importance en tant que porteurs des traits de caract\u00e8re de cette \u00e9poque qui enrichissent en permanence la culture serbe. Mis les uns \u00e0 c\u00f4t\u00e9 des autres, ils \u00e9clairent les courants id\u00e9oligiques de la modernisation de l\u2019art serbe. Un grand nombre de peintres serbes vivent en France, \u00e0 Paris qui, au\u00a0 20<sup>e<\/sup> \u00a0si\u00e8cle a le statut, pour les artistes du monde entier, du point d\u2019apui principal dans tous les domaines artistiques.<\/p>\n<p>Un nombre impressionnants de peintures repr\u00e9sente l\u2019art serbe du 20<sup>e<\/sup> \u00a0si\u00e8cle au Mus\u00e9e des Antiquit\u00e9s, en premier lieu, l\u2019\u0153uvre du peintre Mladen Josi\u0107, mais aussi d\u2019autres grands peintres, dont les ouvrages compl\u00e8tent la collection de peinture moderne serbe, parmi lesquels: Beta Vukanovi\u0107, Milo Milunovi\u0107, Petar Lubarda, Marko \u010celebonovi\u0107\u2026<\/p>\n<p>Outre les peintures, la cr\u00e9ation artistique est exprim\u00e9e aussi \u00e0 travers l\u2019art du design contemporain avec des tables en fer forg\u00e9 de l\u2019artiste Jelena Milo\u0161evi\u0107 et des sculptures de dragons en ma\u00efolique de la sculptrice Jelena Mileti\u0107.<\/p>\n<p>[\/vc_column_text][vc_empty_space][vc_single_image image=\u00a0\u00bb4203&Prime; img_size=\u00a0\u00bbfull\u00a0\u00bb alignment=\u00a0\u00bbcenter\u00a0\u00bb][vc_empty_space][vc_single_image image=\u00a0\u00bb3458&Prime; img_size=\u00a0\u00bbfull\u00a0\u00bb alignment=\u00a0\u00bbcenter\u00a0\u00bb][vc_empty_space][\/vc_column][\/vc_row][vc_row][vc_column width=\u00a0\u00bb1\/4&Prime;][vc_custom_heading text=\u00a0\u00bbCHINE\u00a0\u00bb font_container=\u00a0\u00bbtag:div|font_size:24px|text_align:center|color:%23ffffff|line_height:270px\u00a0\u00bb google_fonts=\u00a0\u00bbfont_family:Playfair%20Display%3Aregular%2Citalic%2C700%2C700italic%2C900%2C900italic|font_style:700%20bold%20regular%3A700%3Anormal\u00a0\u00bb css_animation=\u00a0\u00bbzoomIn\u00a0\u00bb link=\u00a0\u00bburl:https%3A%2F%2Fpalataumetnostimadlena.rs%2Ffr%2Fchine%2F|title:KINA\u00a0\u00bb el_class=\u00a0\u00bbantikviteti\u00a0\u00bb css=\u00a0\u00bb.vc_custom_1730499441848{background-image: url(https:\/\/palataumetnostimadlena.rs\/wp-content\/uploads\/2024\/06\/kina-2.jpg?id=3836) !important;}\u00a0\u00bb][\/vc_column][vc_column width=\u00a0\u00bb1\/4&Prime;][vc_custom_heading text=\u00a0\u00bbJAPON\u00a0\u00bb font_container=\u00a0\u00bbtag:div|font_size:24px|text_align:center|color:%23ffffff|line_height:270px\u00a0\u00bb google_fonts=\u00a0\u00bbfont_family:Playfair%20Display%3Aregular%2Citalic%2C700%2C700italic%2C900%2C900italic|font_style:700%20bold%20regular%3A700%3Anormal\u00a0\u00bb css_animation=\u00a0\u00bbzoomIn\u00a0\u00bb link=\u00a0\u00bburl:https%3A%2F%2Fpalataumetnostimadlena.rs%2Ffr%2Fjapon%2F|title:JAPAN\u00a0\u00bb el_class=\u00a0\u00bbantikviteti\u00a0\u00bb css=\u00a0\u00bb.vc_custom_1730499464829{background-image: url(https:\/\/palataumetnostimadlena.rs\/wp-content\/uploads\/2024\/06\/japan.jpg?id=3835) !important;}\u00a0\u00bb][\/vc_column][vc_column width=\u00a0\u00bb1\/4&Prime;][vc_custom_heading text=\u00a0\u00bbFRANCE\u00a0\u00bb font_container=\u00a0\u00bbtag:div|font_size:24px|text_align:center|color:%23ffffff|line_height:270px\u00a0\u00bb google_fonts=\u00a0\u00bbfont_family:Playfair%20Display%3Aregular%2Citalic%2C700%2C700italic%2C900%2C900italic|font_style:700%20bold%20regular%3A700%3Anormal\u00a0\u00bb css_animation=\u00a0\u00bbzoomIn\u00a0\u00bb link=\u00a0\u00bburl:https%3A%2F%2Fpalataumetnostimadlena.rs%2Ffr%2Ffrance%2F|title:FRANCUSKA\u00a0\u00bb el_class=\u00a0\u00bbantikviteti\u00a0\u00bb css=\u00a0\u00bb.vc_custom_1730499506143{background-image: url(https:\/\/palataumetnostimadlena.rs\/wp-content\/uploads\/2024\/06\/francuska.jpg?id=3834) !important;}\u00a0\u00bb][\/vc_column][vc_column width=\u00a0\u00bb1\/4&Prime;][vc_custom_heading text=\u00a0\u00bbANGLETERRE\u00a0\u00bb font_container=\u00a0\u00bbtag:div|font_size:24px|text_align:center|color:%23ffffff|line_height:270px\u00a0\u00bb google_fonts=\u00a0\u00bbfont_family:Playfair%20Display%3Aregular%2Citalic%2C700%2C700italic%2C900%2C900italic|font_style:700%20bold%20regular%3A700%3Anormal\u00a0\u00bb css_animation=\u00a0\u00bbzoomIn\u00a0\u00bb link=\u00a0\u00bburl:https%3A%2F%2Fpalataumetnostimadlena.rs%2Ffr%2Fangleterre%2F|title:ENGLESKA\u00a0\u00bb el_class=\u00a0\u00bbantikviteti\u00a0\u00bb css=\u00a0\u00bb.vc_custom_1730499535891{background-image: url(https:\/\/palataumetnostimadlena.rs\/wp-content\/uploads\/2024\/06\/engleska-1.jpg?id=3870) !important;}\u00a0\u00bb][\/vc_column][\/vc_row][vc_row css_animation=\u00a0\u00bbfadeInUp\u00a0\u00bb css=\u00a0\u00bb.vc_custom_1715951015811{padding-top: -100px !important;background-color: #ffffff !important;}\u00a0\u00bb][vc_column width=\u00a0\u00bb1\/4&Prime; css=\u00a0\u00bb.vc_custom_1686696279416{padding-top: -50px !important;background-color: #ffffff !important;}\u00a0\u00bb][vc_custom_heading text=\u00a0\u00bbITALIE\u00a0\u00bb font_container=\u00a0\u00bbtag:div|font_size:24px|text_align:center|color:%23ffffff|line_height:270px\u00a0\u00bb google_fonts=\u00a0\u00bbfont_family:Playfair%20Display%3Aregular%2Citalic%2C700%2C700italic%2C900%2C900italic|font_style:700%20bold%20regular%3A700%3Anormal\u00a0\u00bb css_animation=\u00a0\u00bbzoomIn\u00a0\u00bb link=\u00a0\u00bburl:https%3A%2F%2Fpalataumetnostimadlena.rs%2Ffr%2Fitalie%2F|title:ITALIJA\u00a0\u00bb el_class=\u00a0\u00bbantikviteti\u00a0\u00bb css=\u00a0\u00bb.vc_custom_1730499587167{background-image: url(https:\/\/palataumetnostimadlena.rs\/wp-content\/uploads\/2024\/06\/italija2-1.jpg?id=4216) !important;}\u00a0\u00bb][\/vc_column][vc_column width=\u00a0\u00bb1\/4&Prime;][vc_custom_heading text=\u00a0\u00bbAUTRICHE\u00a0\u00bb font_container=\u00a0\u00bbtag:div|font_size:24px|text_align:center|color:%23ffffff|line_height:270px\u00a0\u00bb google_fonts=\u00a0\u00bbfont_family:Playfair%20Display%3Aregular%2Citalic%2C700%2C700italic%2C900%2C900italic|font_style:700%20bold%20regular%3A700%3Anormal\u00a0\u00bb css_animation=\u00a0\u00bbzoomIn\u00a0\u00bb link=\u00a0\u00bburl:https%3A%2F%2Fpalataumetnostimadlena.rs%2Ffr%2Fautriche%2F|title:AUSTRIJA\u00a0\u00bb el_class=\u00a0\u00bbantikviteti\u00a0\u00bb css=\u00a0\u00bb.vc_custom_1730499604769{background-image: url(https:\/\/palataumetnostimadlena.rs\/wp-content\/uploads\/2024\/06\/austrija-1.jpg?id=3831) !important;}\u00a0\u00bb][\/vc_column][vc_column width=\u00a0\u00bb1\/4&Prime;][vc_custom_heading text=\u00a0\u00bbALLEMAGNE\u00a0\u00bb font_container=\u00a0\u00bbtag:div|font_size:24px|text_align:center|color:%23ffffff|line_height:270px\u00a0\u00bb google_fonts=\u00a0\u00bbfont_family:Playfair%20Display%3Aregular%2Citalic%2C700%2C700italic%2C900%2C900italic|font_style:700%20bold%20regular%3A700%3Anormal\u00a0\u00bb css_animation=\u00a0\u00bbzoomIn\u00a0\u00bb link=\u00a0\u00bburl:https%3A%2F%2Fpalataumetnostimadlena.rs%2Ffr%2Fallemagne-haute-saxe%2F|title:NEMA%C4%8CKA\u00a0\u00bb el_class=\u00a0\u00bbantikviteti\u00a0\u00bb css=\u00a0\u00bb.vc_custom_1730499959970{background-image: url(https:\/\/palataumetnostimadlena.rs\/wp-content\/uploads\/2024\/06\/nemacka.jpg?id=3843) !important;}\u00a0\u00bb][\/vc_column][vc_column width=\u00a0\u00bb1\/4&Prime;][vc_custom_heading text=\u00a0\u00bbESPAGNE\u00a0\u00bb font_container=\u00a0\u00bbtag:div|font_size:24px|text_align:center|color:%23ffffff|line_height:270px\u00a0\u00bb google_fonts=\u00a0\u00bbfont_family:Playfair%20Display%3Aregular%2Citalic%2C700%2C700italic%2C900%2C900italic|font_style:700%20bold%20regular%3A700%3Anormal\u00a0\u00bb css_animation=\u00a0\u00bbzoomIn\u00a0\u00bb link=\u00a0\u00bburl:https%3A%2F%2Fpalataumetnostimadlena.rs%2Ffr%2Fespagne%2F|title:%C5%A0PANIJA\u00a0\u00bb el_class=\u00a0\u00bbantikviteti\u00a0\u00bb css=\u00a0\u00bb.vc_custom_1730499766033{background-image: url(https:\/\/palataumetnostimadlena.rs\/wp-content\/uploads\/2024\/06\/spanija.jpg?id=3842) !important;}\u00a0\u00bb][\/vc_column][\/vc_row][vc_row css_animation=\u00a0\u00bbfadeInUp\u00a0\u00bb css=\u00a0\u00bb.vc_custom_1715951030726{padding-top: -100px !important;background-color: #ffffff !important;}\u00a0\u00bb][vc_column width=\u00a0\u00bb1\/4&Prime; css=\u00a0\u00bb.vc_custom_1686696279416{padding-top: -50px !important;background-color: #ffffff !important;}\u00a0\u00bb][vc_custom_heading text=\u00a0\u00bbPORTUGALIJA\u00a0\u00bb font_container=\u00a0\u00bbtag:div|font_size:24px|text_align:center|color:%23ffffff|line_height:270px\u00a0\u00bb google_fonts=\u00a0\u00bbfont_family:Playfair%20Display%3Aregular%2Citalic%2C700%2C700italic%2C900%2C900italic|font_style:700%20bold%20regular%3A700%3Anormal\u00a0\u00bb css_animation=\u00a0\u00bbzoomIn\u00a0\u00bb link=\u00a0\u00bburl:https%3A%2F%2Fpalataumetnostimadlena.rs%2Fportugalija%2F|title:POTUGALIJA\u00a0\u00bb el_class=\u00a0\u00bbantikviteti\u00a0\u00bb css=\u00a0\u00bb.vc_custom_1718925401060{background-image: url(https:\/\/palataumetnostimadlena.rs\/wp-content\/uploads\/2024\/06\/potyugalija.jpg?id=3841) !important;}\u00a0\u00bb][\/vc_column][vc_column width=\u00a0\u00bb1\/4&Prime;][vc_custom_heading text=\u00a0\u00bbHOLLANDE\u00a0\u00bb font_container=\u00a0\u00bbtag:div|font_size:24px|text_align:center|color:%23ffffff|line_height:270px\u00a0\u00bb google_fonts=\u00a0\u00bbfont_family:Playfair%20Display%3Aregular%2Citalic%2C700%2C700italic%2C900%2C900italic|font_style:700%20bold%20regular%3A700%3Anormal\u00a0\u00bb css_animation=\u00a0\u00bbzoomIn\u00a0\u00bb link=\u00a0\u00bburl:https%3A%2F%2Fpalataumetnostimadlena.rs%2Ffr%2Fhollande%2F|title:HOLANDIJA\u00a0\u00bb el_class=\u00a0\u00bbantikviteti\u00a0\u00bb css=\u00a0\u00bb.vc_custom_1730499904050{background-image: url(https:\/\/palataumetnostimadlena.rs\/wp-content\/uploads\/2024\/06\/holandija2.jpg?id=4213) !important;}\u00a0\u00bb][\/vc_column][vc_column width=\u00a0\u00bb1\/4&Prime;][vc_custom_heading text=\u00a0\u00bbSU\u00c8DE\u00a0\u00bb font_container=\u00a0\u00bbtag:div|font_size:24px|text_align:center|color:%23ffffff|line_height:270px\u00a0\u00bb google_fonts=\u00a0\u00bbfont_family:Playfair%20Display%3Aregular%2Citalic%2C700%2C700italic%2C900%2C900italic|font_style:700%20bold%20regular%3A700%3Anormal\u00a0\u00bb css_animation=\u00a0\u00bbzoomIn\u00a0\u00bb link=\u00a0\u00bburl:https%3A%2F%2Fpalataumetnostimadlena.rs%2Ffr%2Fserbie%2F|title:%C5%A0VEDSKA\u00a0\u00bb el_class=\u00a0\u00bbantikviteti\u00a0\u00bb css=\u00a0\u00bb.vc_custom_1730499795386{background-image: url(https:\/\/palataumetnostimadlena.rs\/wp-content\/uploads\/2024\/06\/svedska3-1.jpg?id=3926) !important;}\u00a0\u00bb][\/vc_column][vc_column width=\u00a0\u00bb1\/4&Prime;][vc_custom_heading text=\u00a0\u00bbRUSSIE\u00a0\u00bb font_container=\u00a0\u00bbtag:div|font_size:24px|text_align:center|color:%23ffffff|line_height:270px\u00a0\u00bb google_fonts=\u00a0\u00bbfont_family:Playfair%20Display%3Aregular%2Citalic%2C700%2C700italic%2C900%2C900italic|font_style:700%20bold%20regular%3A700%3Anormal\u00a0\u00bb css_animation=\u00a0\u00bbzoomIn\u00a0\u00bb link=\u00a0\u00bburl:https%3A%2F%2Fpalataumetnostimadlena.rs%2Ffr%2Frussie%2F|title:RUSIJA\u00a0\u00bb el_class=\u00a0\u00bbantikviteti\u00a0\u00bb css=\u00a0\u00bb.vc_custom_1730499841343{background-image: url(https:\/\/palataumetnostimadlena.rs\/wp-content\/uploads\/2024\/06\/rusija3-1.jpg?id=3927) !important;}\u00a0\u00bb][\/vc_column][\/vc_row][vc_row css_animation=\u00a0\u00bbfadeInUp\u00a0\u00bb css=\u00a0\u00bb.vc_custom_1715951040779{padding-top: -100px !important;background-color: #ffffff !important;}\u00a0\u00bb][vc_column width=\u00a0\u00bb1\/4&Prime; css=\u00a0\u00bb.vc_custom_1686696279416{padding-top: -50px !important;background-color: #ffffff !important;}\u00a0\u00bb][\/vc_column][vc_column width=\u00a0\u00bb1\/4&Prime;][vc_custom_heading text=\u00a0\u00bbSERBIE\u00a0\u00bb font_container=\u00a0\u00bbtag:div|font_size:24px|text_align:center|color:%23ffffff|line_height:270px\u00a0\u00bb google_fonts=\u00a0\u00bbfont_family:Playfair%20Display%3Aregular%2Citalic%2C700%2C700italic%2C900%2C900italic|font_style:700%20bold%20regular%3A700%3Anormal\u00a0\u00bb css_animation=\u00a0\u00bbzoomIn\u00a0\u00bb link=\u00a0\u00bburl:https%3A%2F%2Fpalataumetnostimadlena.rs%2Ffr%2Fserbie%2F|title:SRBIJA\u00a0\u00bb el_class=\u00a0\u00bbantikviteti\u00a0\u00bb css=\u00a0\u00bb.vc_custom_1730499863770{background-image: url(https:\/\/palataumetnostimadlena.rs\/wp-content\/uploads\/2024\/06\/srbija-1.jpg?id=3871) !important;}\u00a0\u00bb][\/vc_column][vc_column width=\u00a0\u00bb1\/4&Prime;][vc_custom_heading text=\u00a0\u00bbAM\u00c9RIQUE\u00a0\u00bb font_container=\u00a0\u00bbtag:div|font_size:24px|text_align:center|color:%23ffffff|line_height:270px\u00a0\u00bb google_fonts=\u00a0\u00bbfont_family:Playfair%20Display%3Aregular%2Citalic%2C700%2C700italic%2C900%2C900italic|font_style:700%20bold%20regular%3A700%3Anormal\u00a0\u00bb css_animation=\u00a0\u00bbzoomIn\u00a0\u00bb link=\u00a0\u00bburl:https%3A%2F%2Fpalataumetnostimadlena.rs%2Ffr%2Famerique%2F|title:AMERIKA\u00a0\u00bb el_class=\u00a0\u00bbantikviteti\u00a0\u00bb css=\u00a0\u00bb.vc_custom_1730499882160{background-image: url(https:\/\/palataumetnostimadlena.rs\/wp-content\/uploads\/2024\/06\/amerika-3.jpg?id=3874) !important;}\u00a0\u00bb][\/vc_column][vc_column width=\u00a0\u00bb1\/4&Prime;][\/vc_column][\/vc_row][vc_row][vc_column][\/vc_column][\/vc_row]<\/p>\n<\/section>","protected":false},"excerpt":{"rendered":"<p>[vc_row css=\u00a0\u00bb.vc_custom_1719268835394{margin-top: -50px !important;padding-top: -100px !important;}\u00a0\u00bb][vc_column css=\u00a0\u00bb.vc_custom_1686695532200{padding-top: -50px !important;}\u00a0\u00bb][vc_column_text] Le 20e et le 21e \u00a0si\u00e8cle [\/vc_column_text][vc_empty_space][vc_column_text] \u00c0 l\u2019horizon de l\u2019\u00e9poque du modernisme serbe, on peut distinguer plusieurs artistes de grand format qui repr\u00e9sentent des tendances diff\u00e9rentes, souvent m\u00eame oppos\u00e9es, et qui, par leurs actions, dans des cercles artistiques, ont acquis de l\u2019importance en tant que<\/p>\n","protected":false},"author":1,"featured_media":0,"parent":0,"menu_order":0,"comment_status":"closed","ping_status":"closed","template":"","meta":{"footnotes":""},"class_list":["post-8816","page","type-page","status-publish","hentry"],"yoast_head":"<!-- This site is optimized with the Yoast SEO plugin v23.7 - https:\/\/yoast.com\/wordpress\/plugins\/seo\/ -->\n<title>SERBIE<\/title>\n<meta name=\"robots\" content=\"index, follow, max-snippet:-1, max-image-preview:large, max-video-preview:-1\" \/>\n<link rel=\"canonical\" href=\"https:\/\/palataumetnostimadlena.rs\/fr\/serbie\/\" \/>\n<meta property=\"og:locale\" content=\"fr_FR\" \/>\n<meta property=\"og:type\" content=\"article\" \/>\n<meta property=\"og:title\" content=\"SERBIE\" \/>\n<meta property=\"og:description\" content=\"[vc_row css=\u00a0\u00bb.vc_custom_1719268835394{margin-top: -50px !important;padding-top: -100px !important;}\u00a0\u00bb][vc_column css=\u00a0\u00bb.vc_custom_1686695532200{padding-top: -50px !important;}\u00a0\u00bb][vc_column_text] Le 20e et le 21e \u00a0si\u00e8cle [\/vc_column_text][vc_empty_space][vc_column_text] \u00c0 l\u2019horizon de l\u2019\u00e9poque du modernisme serbe, on peut distinguer plusieurs artistes de grand format qui repr\u00e9sentent des tendances diff\u00e9rentes, souvent m\u00eame oppos\u00e9es, et qui, par leurs actions, dans des cercles artistiques, ont acquis de l\u2019importance en tant que\" \/>\n<meta property=\"og:url\" content=\"https:\/\/palataumetnostimadlena.rs\/fr\/serbie\/\" \/>\n<meta property=\"og:site_name\" content=\"Palata umetnosti Madlena\" \/>\n<meta property=\"article:publisher\" content=\"https:\/\/www.facebook.com\/palataumetnosti\" \/>\n<meta property=\"article:modified_time\" content=\"2024-11-01T22:52:16+00:00\" \/>\n<meta property=\"og:image\" content=\"https:\/\/palataumetnostimadlena.rs\/wp-content\/uploads\/2024\/06\/srbija1.png\" \/>\n\t<meta property=\"og:image:width\" content=\"1000\" \/>\n\t<meta property=\"og:image:height\" content=\"667\" \/>\n\t<meta property=\"og:image:type\" content=\"image\/png\" \/>\n<meta name=\"twitter:card\" content=\"summary_large_image\" \/>\n<meta name=\"twitter:label1\" content=\"Dur\u00e9e de lecture estim\u00e9e\" \/>\n\t<meta name=\"twitter:data1\" content=\"3 minutes\" \/>\n<script type=\"application\/ld+json\" class=\"yoast-schema-graph\">{\"@context\":\"https:\/\/schema.org\",\"@graph\":[{\"@type\":\"WebPage\",\"@id\":\"https:\/\/palataumetnostimadlena.rs\/fr\/serbie\/\",\"url\":\"https:\/\/palataumetnostimadlena.rs\/fr\/serbie\/\",\"name\":\"SERBIE\",\"isPartOf\":{\"@id\":\"https:\/\/palataumetnostimadlena.rs\/#website\"},\"primaryImageOfPage\":{\"@id\":\"https:\/\/palataumetnostimadlena.rs\/fr\/serbie\/#primaryimage\"},\"image\":{\"@id\":\"https:\/\/palataumetnostimadlena.rs\/fr\/serbie\/#primaryimage\"},\"thumbnailUrl\":\"https:\/\/palataumetnostimadlena.rs\/wp-content\/uploads\/2024\/06\/srbija1.png\",\"datePublished\":\"2024-06-25T04:51:53+00:00\",\"dateModified\":\"2024-11-01T22:52:16+00:00\",\"breadcrumb\":{\"@id\":\"https:\/\/palataumetnostimadlena.rs\/fr\/serbie\/#breadcrumb\"},\"inLanguage\":\"fr-FR\",\"potentialAction\":[{\"@type\":\"ReadAction\",\"target\":[\"https:\/\/palataumetnostimadlena.rs\/fr\/serbie\/\"]}]},{\"@type\":\"ImageObject\",\"inLanguage\":\"fr-FR\",\"@id\":\"https:\/\/palataumetnostimadlena.rs\/fr\/serbie\/#primaryimage\",\"url\":\"https:\/\/palataumetnostimadlena.rs\/wp-content\/uploads\/2024\/06\/srbija1.png\",\"contentUrl\":\"https:\/\/palataumetnostimadlena.rs\/wp-content\/uploads\/2024\/06\/srbija1.png\"},{\"@type\":\"BreadcrumbList\",\"@id\":\"https:\/\/palataumetnostimadlena.rs\/fr\/serbie\/#breadcrumb\",\"itemListElement\":[{\"@type\":\"ListItem\",\"position\":1,\"name\":\"\u041f\u043e\u0447\u0435\u0442\u043d\u0430\",\"item\":\"https:\/\/palataumetnostimadlena.rs\/fr\/\"},{\"@type\":\"ListItem\",\"position\":2,\"name\":\"SERBIE\"}]},{\"@type\":\"WebSite\",\"@id\":\"https:\/\/palataumetnostimadlena.rs\/#website\",\"url\":\"https:\/\/palataumetnostimadlena.rs\/\",\"name\":\"Palata umetnosti Madlena\",\"description\":\"\",\"potentialAction\":[{\"@type\":\"SearchAction\",\"target\":{\"@type\":\"EntryPoint\",\"urlTemplate\":\"https:\/\/palataumetnostimadlena.rs\/?s={search_term_string}\"},\"query-input\":{\"@type\":\"PropertyValueSpecification\",\"valueRequired\":true,\"valueName\":\"search_term_string\"}}],\"inLanguage\":\"fr-FR\"}]}<\/script>\n<!-- \/ Yoast SEO plugin. -->","yoast_head_json":{"title":"SERBIE","robots":{"index":"index","follow":"follow","max-snippet":"max-snippet:-1","max-image-preview":"max-image-preview:large","max-video-preview":"max-video-preview:-1"},"canonical":"https:\/\/palataumetnostimadlena.rs\/fr\/serbie\/","og_locale":"fr_FR","og_type":"article","og_title":"SERBIE","og_description":"[vc_row css=\u00a0\u00bb.vc_custom_1719268835394{margin-top: -50px !important;padding-top: -100px !important;}\u00a0\u00bb][vc_column css=\u00a0\u00bb.vc_custom_1686695532200{padding-top: -50px !important;}\u00a0\u00bb][vc_column_text] Le 20e et le 21e \u00a0si\u00e8cle [\/vc_column_text][vc_empty_space][vc_column_text] \u00c0 l\u2019horizon de l\u2019\u00e9poque du modernisme serbe, on peut distinguer plusieurs artistes de grand format qui repr\u00e9sentent des tendances diff\u00e9rentes, souvent m\u00eame oppos\u00e9es, et qui, par leurs actions, dans des cercles artistiques, ont acquis de l\u2019importance en tant que","og_url":"https:\/\/palataumetnostimadlena.rs\/fr\/serbie\/","og_site_name":"Palata umetnosti Madlena","article_publisher":"https:\/\/www.facebook.com\/palataumetnosti","article_modified_time":"2024-11-01T22:52:16+00:00","og_image":[{"width":1000,"height":667,"url":"https:\/\/palataumetnostimadlena.rs\/wp-content\/uploads\/2024\/06\/srbija1.png","type":"image\/png"}],"twitter_card":"summary_large_image","twitter_misc":{"Dur\u00e9e de lecture estim\u00e9e":"3 minutes"},"schema":{"@context":"https:\/\/schema.org","@graph":[{"@type":"WebPage","@id":"https:\/\/palataumetnostimadlena.rs\/fr\/serbie\/","url":"https:\/\/palataumetnostimadlena.rs\/fr\/serbie\/","name":"SERBIE","isPartOf":{"@id":"https:\/\/palataumetnostimadlena.rs\/#website"},"primaryImageOfPage":{"@id":"https:\/\/palataumetnostimadlena.rs\/fr\/serbie\/#primaryimage"},"image":{"@id":"https:\/\/palataumetnostimadlena.rs\/fr\/serbie\/#primaryimage"},"thumbnailUrl":"https:\/\/palataumetnostimadlena.rs\/wp-content\/uploads\/2024\/06\/srbija1.png","datePublished":"2024-06-25T04:51:53+00:00","dateModified":"2024-11-01T22:52:16+00:00","breadcrumb":{"@id":"https:\/\/palataumetnostimadlena.rs\/fr\/serbie\/#breadcrumb"},"inLanguage":"fr-FR","potentialAction":[{"@type":"ReadAction","target":["https:\/\/palataumetnostimadlena.rs\/fr\/serbie\/"]}]},{"@type":"ImageObject","inLanguage":"fr-FR","@id":"https:\/\/palataumetnostimadlena.rs\/fr\/serbie\/#primaryimage","url":"https:\/\/palataumetnostimadlena.rs\/wp-content\/uploads\/2024\/06\/srbija1.png","contentUrl":"https:\/\/palataumetnostimadlena.rs\/wp-content\/uploads\/2024\/06\/srbija1.png"},{"@type":"BreadcrumbList","@id":"https:\/\/palataumetnostimadlena.rs\/fr\/serbie\/#breadcrumb","itemListElement":[{"@type":"ListItem","position":1,"name":"\u041f\u043e\u0447\u0435\u0442\u043d\u0430","item":"https:\/\/palataumetnostimadlena.rs\/fr\/"},{"@type":"ListItem","position":2,"name":"SERBIE"}]},{"@type":"WebSite","@id":"https:\/\/palataumetnostimadlena.rs\/#website","url":"https:\/\/palataumetnostimadlena.rs\/","name":"Palata umetnosti Madlena","description":"","potentialAction":[{"@type":"SearchAction","target":{"@type":"EntryPoint","urlTemplate":"https:\/\/palataumetnostimadlena.rs\/?s={search_term_string}"},"query-input":{"@type":"PropertyValueSpecification","valueRequired":true,"valueName":"search_term_string"}}],"inLanguage":"fr-FR"}]}},"_links":{"self":[{"href":"https:\/\/palataumetnostimadlena.rs\/fr\/wp-json\/wp\/v2\/pages\/8816","targetHints":{"allow":["GET"]}}],"collection":[{"href":"https:\/\/palataumetnostimadlena.rs\/fr\/wp-json\/wp\/v2\/pages"}],"about":[{"href":"https:\/\/palataumetnostimadlena.rs\/fr\/wp-json\/wp\/v2\/types\/page"}],"author":[{"embeddable":true,"href":"https:\/\/palataumetnostimadlena.rs\/fr\/wp-json\/wp\/v2\/users\/1"}],"replies":[{"embeddable":true,"href":"https:\/\/palataumetnostimadlena.rs\/fr\/wp-json\/wp\/v2\/comments?post=8816"}],"version-history":[{"count":4,"href":"https:\/\/palataumetnostimadlena.rs\/fr\/wp-json\/wp\/v2\/pages\/8816\/revisions"}],"predecessor-version":[{"id":8888,"href":"https:\/\/palataumetnostimadlena.rs\/fr\/wp-json\/wp\/v2\/pages\/8816\/revisions\/8888"}],"wp:attachment":[{"href":"https:\/\/palataumetnostimadlena.rs\/fr\/wp-json\/wp\/v2\/media?parent=8816"}],"curies":[{"name":"wp","href":"https:\/\/api.w.org\/{rel}","templated":true}]}}